{"id":545,"date":"2017-03-28T15:43:58","date_gmt":"2017-03-28T13:43:58","guid":{"rendered":"http:\/\/blocs.xtec.cat\/ebmgegantdelpi\/?page_id=140"},"modified":"2024-03-08T13:58:20","modified_gmt":"2024-03-08T12:58:20","slug":"quotes","status":"publish","type":"page","link":"https:\/\/agora.xtec.cat\/ebmgegantdelpi-caldes\/informem\/quotes\/","title":{"rendered":"Quotes"},"content":{"rendered":"<p style=\"text-align: justify;\">Hi ha tres quotes establertes per als diferents serveis que s&#8217;ofereixen a l&#8217;escola: escolaritat, acollida i menjador.<\/p>\n<p style=\"text-align: justify;\">La quota escolar es liquida a dos mesos ven\u00e7uts, i les quotes d&#8217;acollida i de menjador es cobren a tres mesos ven\u00e7uts, d&#8217;acord amb els preus p\u00fablics establerts a les ordenances fiscals que s&#8217;aproven cada curs escolar.<\/p>\n<p style=\"text-align: justify;\">El funcionament del cobrament dels rebuts els tramita l&#8217;Ajuntament de Caldes de Montbui a trav\u00e9s de l&#8217;Organisme de Recaptaci\u00f3 i Gesti\u00f3 Tribut\u00e0ria.<\/p>\n<table style=\"height: 496px; width: 688px;\">\n<tbody>\n<tr>\n<td style=\"width: 682px; text-align: center;\" colspan=\"3\">\u00a0<strong>Quotes Curs 2023\/2024<\/strong><\/td>\n<\/tr>\n<tr>\n<td style=\"width: 106.55px;\"><\/td>\n<td style=\"width: 301.65px; text-align: center;\"><strong>Horari<\/strong><\/td>\n<td style=\"width: 269.8px; text-align: center;\"><strong>Quota<\/strong><\/td>\n<\/tr>\n<tr>\n<td style=\"text-align: left; width: 106.55px;\"><strong>Acollida<\/strong><\/td>\n<td style=\"text-align: left; width: 301.65px;\">7:45h a 9:00h<\/td>\n<td style=\"width: 269.8px;\">1,83 \u20ac\/dia (acollida fixa)<\/p>\n<p>2,44 \u20ac\/dia (acollida eventual)<\/td>\n<\/tr>\n<tr>\n<td style=\"width: 106.55px;\"><strong>Horari Escolar<\/strong><\/td>\n<td style=\"width: 301.65px;\">9:00h a 12:00h i de 15:00 h a 17:00h<\/td>\n<td style=\"width: 269.8px;\">190,00 \u20ac\/mes<\/p>\n<p>Quota escolar mes de juliol: 1\/2 quota<\/td>\n<\/tr>\n<tr>\n<td style=\"width: 106.55px;\"><strong>Menjador<\/strong><\/td>\n<td style=\"width: 301.65px;\">12:00 h a 15:00 h<\/td>\n<td style=\"width: 269.8px;\">8,80 \u20ac\/dia (menjador fix)<\/p>\n<p>9,72\u20ac\/dia (menjador eventual)<\/td>\n<\/tr>\n<\/tbody>\n<\/table>\n<p style=\"text-align: justify;\"><strong>Ajuts i bonificacions a les quotes:<\/strong><\/p>\n<p style=\"text-align: justify;\">L&#8217;Ajuntament de Caldes de Montbui atorga ajuts per a l&#8217;escolaritzaci\u00f3 (beques) i ajuts de menjador a les fam\u00edlies amb infants de 0 a 3 anys, matriculats a les escoles bressol municipals, que tinguin una situaci\u00f3 econ\u00f2mica desfavorida. Les bases reguladores i el model de sol\u00b7licitud es faciliten a les escoles bressol i a l&#8217;Ajuntament. La sol\u00b7licitud s&#8217;ha de presentar a l&#8217;Oficina d&#8217;Atenci\u00f3 al Ciutad\u00e0 de l&#8217;Ajuntament en horari d&#8217;atenci\u00f3 al p\u00fablic, en el per\u00edode establert a la convocat\u00f2ria.<\/p>\n<p style=\"text-align: justify;\">En cas de fam\u00edlia nombrosa o monoparental i de fam\u00edlia que tingui m\u00e9s d&#8217;un fill\/a matriculat a l&#8217;escola, s&#8217;aplicaran els descomptes corresponents sobre la quota escolar, d&#8217;acord amb les ordenances fiscals. El model de sol\u00b7licitud es facilitar\u00e0 a les escoles bressol i es presentar\u00e0 cada inici de curs a l&#8217;Oficina d&#8217;Atenci\u00f3 al Ciutad\u00e0 de l&#8217;Ajuntament.<\/p>\n<p><b><span lang=\"CA\">En virtut de l\u2019Acord marc per finan\u00e7ar el cost que t\u00e9 per a les fam\u00edlies l\u2019escolaritzaci\u00f3 d\u2019infants a i2 a les escoles bressol i llars d\u2019infants de titularitat municipal, i tamb\u00e9 per avan\u00e7ar cap a la incorporaci\u00f3 del finan\u00e7ament del primer i segon curs del primer cicle d\u2019educaci\u00f3 infantil (i0 i i1). El Departament d&#8217;Educaci\u00f3 finan\u00e7ar\u00e0 un import de 1.600\u20ac per pla\u00e7a i curs per fer front a l&#8217;aportaci\u00f3 de les fam\u00edlies amb infants nascuts el 2020. Les quotes s&#8217;ajustaran en funci\u00f3 d&#8217;aquesta bonificaci\u00f3.<\/span><\/b><\/p>\n","protected":false},"excerpt":{"rendered":"<p>Hi ha tres quotes establertes per als diferents serveis que s&#8217;ofereixen a l&#8217;escola: escolaritat, acollida i menjador.<br \/>\nLa quota escolar es liquida a dos mesos ven\u00e7uts, i les quotes d&#8217;acollida i de menjador es cobren a tres mesos ven\u00e7uts, d&#8217;acord amb els preus p\u00fablics establerts a&hellip;  <a href=\"https:\/\/agora.xtec.cat\/ebmgegantdelpi-caldes\/informem\/quotes\/\" title=\"Read Quotes\">Llegeix m\u00e9s\u00bb<\/a><\/p>\n","protected":false},"author":1,"featured_media":0,"parent":104,"menu_order":4,"comment_status":"closed","ping_status":"closed","template":"page-templates\/side-menu.php","meta":{"_bbp_topic_count":0,"_bbp_reply_count":0,"_bbp_total_topic_count":0,"_bbp_total_reply_count":0,"_bbp_voice_count":0,"_bbp_anonymous_reply_count":0,"_bbp_topic_count_hidden":0,"_bbp_reply_count_hidden":0,"_bbp_forum_subforum_count":0,"footnotes":""},"class_list":["post-545","page","type-page","status-publish","hentry"],"post_mailing_queue_ids":[],"_links":{"self":[{"href":"https:\/\/agora.xtec.cat\/ebmgegantdelpi-caldes\/wp-json\/wp\/v2\/pages\/545","targetHints":{"allow":["GET"]}}],"collection":[{"href":"https:\/\/agora.xtec.cat\/ebmgegantdelpi-caldes\/wp-json\/wp\/v2\/pages"}],"about":[{"href":"https:\/\/agora.xtec.cat\/ebmgegantdelpi-caldes\/wp-json\/wp\/v2\/types\/page"}],"author":[{"embeddable":true,"href":"https:\/\/agora.xtec.cat\/ebmgegantdelpi-caldes\/wp-json\/wp\/v2\/users\/1"}],"replies":[{"embeddable":true,"href":"https:\/\/agora.xtec.cat\/ebmgegantdelpi-caldes\/wp-json\/wp\/v2\/comments?post=545"}],"version-history":[{"count":5,"href":"https:\/\/agora.xtec.cat\/ebmgegantdelpi-caldes\/wp-json\/wp\/v2\/pages\/545\/revisions"}],"predecessor-version":[{"id":5118,"href":"https:\/\/agora.xtec.cat\/ebmgegantdelpi-caldes\/wp-json\/wp\/v2\/pages\/545\/revisions\/5118"}],"up":[{"embeddable":true,"href":"https:\/\/agora.xtec.cat\/ebmgegantdelpi-caldes\/wp-json\/wp\/v2\/pages\/104"}],"wp:attachment":[{"href":"https:\/\/agora.xtec.cat\/ebmgegantdelpi-caldes\/wp-json\/wp\/v2\/media?parent=545"}],"curies":[{"name":"wp","href":"https:\/\/api.w.org\/{rel}","templated":true}]}}