{"id":529,"date":"2016-09-22T15:33:11","date_gmt":"2016-09-22T13:33:11","guid":{"rendered":"http:\/\/blocs.xtec.cat\/ebmgegantdelpi\/?page_id=11"},"modified":"2025-09-22T12:45:52","modified_gmt":"2025-09-22T10:45:52","slug":"grup0-1","status":"publish","type":"page","link":"https:\/\/agora.xtec.cat\/ebmgegantdelpi-caldes\/espais\/grup0-1\/","title":{"rendered":"Grup 0-1 any"},"content":{"rendered":"<p style=\"text-align: justify;\">S\u00f3n els m\u00e9s petits de l\u2019escola, que quan comencen al setembre tenen entre 4 i 8 mesos. A l&#8217;espai hi ha 8 infants.<\/p>\n<p style=\"text-align: justify;\">Com en tota l\u2019etapa del 0-3 i, especialment en aquest grup, el m\u00e9s important \u00e9s el benestar de l\u2019infant i aix\u00f2 s\u2019aconsegueix cobrint les seves necessitats b\u00e0siques: l\u2019alimentaci\u00f3, el descans i la higiene.<\/p>\n<p style=\"text-align: justify;\">Per aix\u00f2, es t\u00e9 una cura especial de tots aquests moments, respectant el ritme individual de cadasc\u00fa i dedicant-li tot el temps necessari.<\/p>\n<p style=\"text-align: justify;\">L\u2019espai disposa d\u2019una habitaci\u00f3 al costat on hi tenim el dormitori. Cada infant t\u00e9 el seu bressol on t\u00e9 la possibilitat de descansar quan ho necessiti i el temps que li calgui.<\/p>\n<p style=\"text-align: justify;\">El vostre fill o filla necessitar\u00e0 sentir-se com a casa, mantenir el vincle i, perqu\u00e8 hi hagin els m\u00ednims canvis possibles, us demanem a les fam\u00edlies que porteu les seves farinetes, la seva llet, els llen\u00e7ols que mantindran l\u2019olor de casa vostra, i altres objectes personals.<\/p>\n<p style=\"text-align: justify;\">Els altres moments del dia vetllem per oferir als nadons el temps i l\u2019espai on poder-se moure en llibertat.<\/p>\n<p style=\"text-align: justify;\">Els deixem a terra, panxa enlaire i ells mateixos, quan estan preparats, s\u2019inicien en el moviment. Les educadores no ens anticipem i respectem cada etapa d\u2019aquesta evoluci\u00f3, estem al seu costat per donar-los confian\u00e7a i seguretat.<\/p>\n<p style=\"text-align: justify;\">Preparem el seu entorn amb objectes i materials agradables i adequats a les seves possibilitats, sense sobreestimular.<\/p>\n<p style=\"text-align: justify;\"><a href=\"https:\/\/agora.xtec.cat\/ebmgegantdelpi-caldes\/wp-content\/uploads\/usu1540\/2020\/04\/IMG_0338_opt.jpg\"><img loading=\"lazy\" decoding=\"async\" class=\"alignnone wp-image-1906\" src=\"https:\/\/agora.xtec.cat\/ebmgegantdelpi-caldes\/wp-content\/uploads\/usu1540\/2020\/04\/IMG_0338_opt.jpg\" sizes=\"auto, (max-width: 385px) 100vw, 385px\" srcset=\"https:\/\/agora.xtec.cat\/ebmgegantdelpi-caldes\/wp-content\/uploads\/usu1540\/2020\/04\/IMG_0338_opt.jpg 533w, https:\/\/agora.xtec.cat\/ebmgegantdelpi-caldes\/wp-content\/uploads\/usu1540\/2020\/04\/IMG_0338_opt-300x225.jpg 300w, https:\/\/agora.xtec.cat\/ebmgegantdelpi-caldes\/wp-content\/uploads\/usu1540\/2020\/04\/IMG_0338_opt-200x150.jpg 200w\" alt=\"\" width=\"385\" height=\"289\" \/><\/a>\u00a0<a href=\"https:\/\/agora.xtec.cat\/ebmgegantdelpi-caldes\/wp-content\/uploads\/usu1540\/2020\/04\/IMG_0326_opt.jpg\"><img loading=\"lazy\" decoding=\"async\" class=\"alignnone wp-image-1905\" src=\"https:\/\/agora.xtec.cat\/ebmgegantdelpi-caldes\/wp-content\/uploads\/usu1540\/2020\/04\/IMG_0326_opt.jpg\" sizes=\"auto, (max-width: 385px) 100vw, 385px\" srcset=\"https:\/\/agora.xtec.cat\/ebmgegantdelpi-caldes\/wp-content\/uploads\/usu1540\/2020\/04\/IMG_0326_opt.jpg 533w, https:\/\/agora.xtec.cat\/ebmgegantdelpi-caldes\/wp-content\/uploads\/usu1540\/2020\/04\/IMG_0326_opt-300x225.jpg 300w, https:\/\/agora.xtec.cat\/ebmgegantdelpi-caldes\/wp-content\/uploads\/usu1540\/2020\/04\/IMG_0326_opt-200x150.jpg 200w\" alt=\"\" width=\"385\" height=\"288\" \/><\/a><\/p>\n<p style=\"text-align: justify;\">Gr\u00e0cies a aquesta llibertat de moviments van agafant autonomia, van descobrint el seu cos, el company\u00a0 i l\u2019entorn, i ho fan utilitzant tots els sentits, especialment la boca. Per aquest motiu la higiene es primordial.<\/p>\n<p style=\"text-align: justify;\">Fins als 7 mesos del nad\u00f3 hi ha flexibilitat hor\u00e0ria, \u00e9s a dir, que podeu fer l\u2019horari que m\u00e9s necessiteu, doncs prioritzem que pogueu estar el m\u00e0xim d\u2019hores amb el vostre fill o filla. Despr\u00e9s es va unificant progressivament fins que es fa l\u2019horari habitual establert a l\u2019escola.<\/p>\n<p style=\"text-align: justify;\">\u00c9s el grup que, al llarg de \u00a0l&#8217;any, fa els canvis m\u00e9s espectaculars.<\/p>\n<p style=\"text-align: center;\"><strong>Aquest \u00e9s l&#8217;espai Enxanetes<\/strong><\/p>\n<table style=\"height: 742px; width: 992px;\">\n<tbody>\n<tr style=\"height: 374px;\">\n<td style=\"height: 374px; width: 489px;\"><img loading=\"lazy\" decoding=\"async\" class=\"alignnone wp-image-251\" src=\"http:\/\/blocs.xtec.cat\/ebmgegantdelpi\/files\/2017\/07\/aula-marietes-2-1024x683.jpg\" alt=\"aula marietes-2\" width=\"473\" height=\"315\" \/><\/td>\n<td style=\"height: 374px; width: 495px;\"><img loading=\"lazy\" decoding=\"async\" class=\"wp-image-267\" src=\"http:\/\/blocs.xtec.cat\/ebmgegantdelpi\/files\/2017\/07\/dormitori-marietes-1024x683.jpg\" alt=\"dormitori marietes\" width=\"472\" height=\"315\" \/><\/td>\n<\/tr>\n<tr style=\"height: 368px;\">\n<td style=\"height: 368px; width: 489px;\"><img loading=\"lazy\" decoding=\"async\" class=\"alignnone wp-image-253\" src=\"http:\/\/blocs.xtec.cat\/ebmgegantdelpi\/files\/2017\/07\/aula-marietes_3-1024x683.jpg\" alt=\"aula marietes_3\" width=\"472\" height=\"315\" \/><\/td>\n<td style=\"height: 368px; width: 495px;\"><img loading=\"lazy\" decoding=\"async\" class=\"alignnone wp-image-252\" src=\"http:\/\/blocs.xtec.cat\/ebmgegantdelpi\/files\/2017\/07\/aula-marietes_1-1024x683.jpg\" alt=\"aula marietes_1\" width=\"473\" height=\"315\" \/><\/td>\n<\/tr>\n<\/tbody>\n<\/table>\n<p>&nbsp;<\/p>\n<figure class=\"figure wp-caption alignnone\"><img loading=\"lazy\" decoding=\"async\" class=\"wp-image-289\" src=\"http:\/\/blocs.xtec.cat\/ebmgegantdelpi\/files\/2017\/07\/pati-marietes_1-1024x683.jpg\" alt=\"\" width=\"473\" height=\"315\" \/><figcaption class=\"wp-caption-text\">Pati Espai Enxanetes<\/figcaption><\/figure>\n<p>&nbsp;<\/p>\n","protected":false},"excerpt":{"rendered":"<p>S\u00f3n els m\u00e9s petits de l\u2019escola, que quan comencen al setembre tenen entre 4 i 8 mesos. A l&#8217;espai hi ha 8 infants.<br \/>\nCom en tota l\u2019etapa del 0-3 i, especialment en aquest grup, el m\u00e9s important \u00e9s el benestar de l\u2019infant i aix\u00f2 s\u2019aconsegueix cobrint&hellip;  <a href=\"https:\/\/agora.xtec.cat\/ebmgegantdelpi-caldes\/espais\/grup0-1\/\" title=\"Read Grup 0-1 any\">Llegeix m\u00e9s\u00bb<\/a><\/p>\n","protected":false},"author":1,"featured_media":0,"parent":530,"menu_order":10,"comment_status":"closed","ping_status":"closed","template":"page-templates\/side-menu.php","meta":{"_bbp_topic_count":0,"_bbp_reply_count":0,"_bbp_total_topic_count":0,"_bbp_total_reply_count":0,"_bbp_voice_count":0,"_bbp_anonymous_reply_count":0,"_bbp_topic_count_hidden":0,"_bbp_reply_count_hidden":0,"_bbp_forum_subforum_count":0,"footnotes":""},"class_list":["post-529","page","type-page","status-publish","hentry"],"post_mailing_queue_ids":[],"_links":{"self":[{"href":"https:\/\/agora.xtec.cat\/ebmgegantdelpi-caldes\/wp-json\/wp\/v2\/pages\/529","targetHints":{"allow":["GET"]}}],"collection":[{"href":"https:\/\/agora.xtec.cat\/ebmgegantdelpi-caldes\/wp-json\/wp\/v2\/pages"}],"about":[{"href":"https:\/\/agora.xtec.cat\/ebmgegantdelpi-caldes\/wp-json\/wp\/v2\/types\/page"}],"author":[{"embeddable":true,"href":"https:\/\/agora.xtec.cat\/ebmgegantdelpi-caldes\/wp-json\/wp\/v2\/users\/1"}],"replies":[{"embeddable":true,"href":"https:\/\/agora.xtec.cat\/ebmgegantdelpi-caldes\/wp-json\/wp\/v2\/comments?post=529"}],"version-history":[{"count":7,"href":"https:\/\/agora.xtec.cat\/ebmgegantdelpi-caldes\/wp-json\/wp\/v2\/pages\/529\/revisions"}],"predecessor-version":[{"id":5775,"href":"https:\/\/agora.xtec.cat\/ebmgegantdelpi-caldes\/wp-json\/wp\/v2\/pages\/529\/revisions\/5775"}],"up":[{"embeddable":true,"href":"https:\/\/agora.xtec.cat\/ebmgegantdelpi-caldes\/wp-json\/wp\/v2\/pages\/530"}],"wp:attachment":[{"href":"https:\/\/agora.xtec.cat\/ebmgegantdelpi-caldes\/wp-json\/wp\/v2\/media?parent=529"}],"curies":[{"name":"wp","href":"https:\/\/api.w.org\/{rel}","templated":true}]}}