{"id":2157,"date":"2020-04-27T12:44:26","date_gmt":"2020-04-27T10:44:26","guid":{"rendered":"https:\/\/agora.xtec.cat\/ebmgegantdelpi-caldes\/?page_id=2157"},"modified":"2020-09-26T16:00:38","modified_gmt":"2020-09-26T14:00:38","slug":"la-familia","status":"publish","type":"page","link":"https:\/\/agora.xtec.cat\/ebmgegantdelpi-caldes\/familia-escola\/la-familia\/","title":{"rendered":"La Fam\u00edlia"},"content":{"rendered":"<p style=\"text-align: justify;\">La fam\u00edlia sou el m\u00e9s important per als infants i, per tant, des de l\u2019escola ens agrada poder-nos vincular a vosaltres oferint diferents canals de comunicaci\u00f3 per garantir el di\u00e0leg i la comunicaci\u00f3 entre tots respecte a l&#8217;educaci\u00f3 dels vostres infants.<\/p>\n<p style=\"text-align: justify;\">Procurem que hi sigueu presents de diverses maneres: mantenint una comunicaci\u00f3 di\u00e0ria, a trav\u00e9s de les entrevistes, jornades familiars, festes i, tamb\u00e9, formant part de l\u2019AMPA de l&#8217;escola. Volem que al llarg de la jornada i del curs tothom se senti acollit.<\/p>\n<p style=\"text-align: justify;\"><a href=\"https:\/\/agora.xtec.cat\/ebmgegantdelpi-caldes\/wp-content\/uploads\/usu1540\/2020\/04\/Mi1Fam_opt.jpg\"><img loading=\"lazy\" decoding=\"async\" class=\"wp-image-1844 aligncenter\" src=\"https:\/\/agora.xtec.cat\/ebmgegantdelpi-caldes\/wp-content\/uploads\/usu1540\/2020\/04\/Mi1Fam_opt.jpg\" alt=\"\" width=\"335\" height=\"251\" srcset=\"https:\/\/agora.xtec.cat\/ebmgegantdelpi-caldes\/wp-content\/uploads\/usu1540\/2020\/04\/Mi1Fam_opt.jpg 400w, https:\/\/agora.xtec.cat\/ebmgegantdelpi-caldes\/wp-content\/uploads\/usu1540\/2020\/04\/Mi1Fam_opt-300x225.jpg 300w, https:\/\/agora.xtec.cat\/ebmgegantdelpi-caldes\/wp-content\/uploads\/usu1540\/2020\/04\/Mi1Fam_opt-200x150.jpg 200w\" sizes=\"auto, (max-width: 335px) 100vw, 335px\" \/><\/a><\/p>\n<p style=\"text-align: justify;\">Som conscients que les fam\u00edlies teniu necessitat de confiar en l&#8217;escola i el contacte regular i, el fet de\u00a0 veure l&#8217;infant en el seu entorn escolar, ajuda molt. Al mateix temps, aquest intercanvi ens d\u00f3na tamb\u00e9 informaci\u00f3 a les educadores per poder entendre i atendre al vostre infant i les seves necessitats de la manera m\u00e9s \u00f2ptima i efica\u00e7.<\/p>\n<p style=\"text-align: justify;\">A vegades no \u00e9s suficient amb nom\u00e9s acompanyar l&#8217;infant fins a l&#8217;espai de refer\u00e8ncia, hi ha infants que necessiten un temps per estar segurs. Per aix\u00f2 us convidem a totes les fam\u00edlies que entreu a l&#8217;escola, que no us quedeu a la porta sin\u00f3 que arribeu fins a l&#8217;espai i all\u00e0, podreu veure altres fam\u00edlies, altres infants i, les educadores de refer\u00e8ncia amb les que, d&#8217;una manera natural, podreu parlar cada dia per explicar-nos m\u00fatuament canvis, novetats, etc.<\/p>\n<p style=\"text-align: justify;\">Creiem molt necess\u00e0ria la comunicaci\u00f3 amb la fam\u00edlia per entendre millor el vostre fill\/a i, per aix\u00f2, li donem molta import\u00e0ncia a que s\u2019esdevingui per diferents vies:<\/p>\n<ul>\n<li style=\"text-align: justify;\"><strong>Comunicaci\u00f3 di\u00e0ria<\/strong>: podeu entrar a l\u2019espai de refer\u00e8ncia, parlar amb l\u2019educadora, deixar el vostre fill\/a amb tranquil\u00b7litat, donar-nos informaci\u00f3\u2026. i a l\u2019hora de venir-los a buscar, es torna a fer un intercanvi\u2026<\/li>\n<li style=\"text-align: justify;\"><strong>\u00c0lbum Fotos<\/strong>: \u00e9s un \u00e0lbum que elaboreu les fam\u00edlies, a principi de curs, amb fotografies de l\u2019infant i dels seus familiars i amics propers. El tenim a l\u2019abast dels infants i \u00e9s una eina molt \u00fatil pel vincle amb la fam\u00edlia, per la comunicaci\u00f3 amb l\u2019infant, etc.<\/li>\n<li style=\"text-align: justify;\"><strong>Blog<\/strong>: des del 2017 que tenim un blog on podeu anar consultant articles sobre l\u2019etapa del 0-3 i altres informacions relacionades amb l\u2019escola.<\/li>\n<li style=\"text-align: justify;\"><strong>Entrevistes i Reunions peri\u00f2diques amb les fam\u00edlies<\/strong>: cada curs fem dues reunions pedag\u00f2giques amb totes les families i, una entrevista a principi i a final de curs\u00a0 amb cada fam\u00edlia (i totes les que puguin necessitar). \u00c9s molt important que hi hagi un di\u00e0leg entre fam\u00edlia i escola per afavorir al m\u00e0xim a l\u2019Infant.<\/li>\n<li><strong>Documentaci\u00f3<\/strong>: ens agrada documentar la vida a l\u2019escola i les fotografies esdevenen part important per a poder transmetre-ho<\/li>\n<\/ul>\n<p><a href=\"https:\/\/agora.xtec.cat\/ebmgegantdelpi-caldes\/wp-content\/uploads\/usu1540\/2020\/04\/Mi2Fam_opt.jpg\"><img loading=\"lazy\" decoding=\"async\" class=\"wp-image-1842 aligncenter\" src=\"https:\/\/agora.xtec.cat\/ebmgegantdelpi-caldes\/wp-content\/uploads\/usu1540\/2020\/04\/Mi2Fam_opt.jpg\" alt=\"\" width=\"364\" height=\"273\" srcset=\"https:\/\/agora.xtec.cat\/ebmgegantdelpi-caldes\/wp-content\/uploads\/usu1540\/2020\/04\/Mi2Fam_opt.jpg 400w, https:\/\/agora.xtec.cat\/ebmgegantdelpi-caldes\/wp-content\/uploads\/usu1540\/2020\/04\/Mi2Fam_opt-300x225.jpg 300w, https:\/\/agora.xtec.cat\/ebmgegantdelpi-caldes\/wp-content\/uploads\/usu1540\/2020\/04\/Mi2Fam_opt-200x150.jpg 200w\" sizes=\"auto, (max-width: 364px) 100vw, 364px\" \/> \u00a0 <\/a><a href=\"https:\/\/agora.xtec.cat\/ebmgegantdelpi-caldes\/wp-content\/uploads\/usu1540\/2020\/04\/CIMG2354_opt.jpg\"><img loading=\"lazy\" decoding=\"async\" class=\"wp-image-1957 aligncenter\" src=\"https:\/\/agora.xtec.cat\/ebmgegantdelpi-caldes\/wp-content\/uploads\/usu1540\/2020\/04\/CIMG2354_opt.jpg\" alt=\"\" width=\"364\" height=\"273\" srcset=\"https:\/\/agora.xtec.cat\/ebmgegantdelpi-caldes\/wp-content\/uploads\/usu1540\/2020\/04\/CIMG2354_opt.jpg 400w, https:\/\/agora.xtec.cat\/ebmgegantdelpi-caldes\/wp-content\/uploads\/usu1540\/2020\/04\/CIMG2354_opt-300x225.jpg 300w, https:\/\/agora.xtec.cat\/ebmgegantdelpi-caldes\/wp-content\/uploads\/usu1540\/2020\/04\/CIMG2354_opt-200x150.jpg 200w\" sizes=\"auto, (max-width: 364px) 100vw, 364px\" \/><\/a><\/p>\n<p style=\"text-align: justify;\">Deixar la fam\u00edlia al marge no seria coherent amb el nostre projecte educatiu que aposta per un desenvolupament sa i harm\u00f2nic dels infants. I \u00e9s que, la fam\u00edlia \u00e9s tamb\u00e9 protagonista: infant i fam\u00edlia formen un sistema inseparable que l&#8217;escola acompanya i cuida.<\/p>\n<p>&nbsp;<\/p>\n","protected":false},"excerpt":{"rendered":"<p>La fam\u00edlia sou el m\u00e9s important per als infants i, per tant, des de l\u2019escola ens agrada poder-nos vincular a vosaltres oferint diferents canals de comunicaci\u00f3 per garantir el di\u00e0leg i la comunicaci\u00f3 entre tots respecte a l&#8217;educaci\u00f3 dels vostres infants.<br \/>\nProcurem que hi sigueu presents&hellip;  <a href=\"https:\/\/agora.xtec.cat\/ebmgegantdelpi-caldes\/familia-escola\/la-familia\/\" title=\"Read La Fam\u00edlia\">Llegeix m\u00e9s\u00bb<\/a><\/p>\n","protected":false},"author":1,"featured_media":0,"parent":1299,"menu_order":0,"comment_status":"closed","ping_status":"closed","template":"page-templates\/side-menu.php","meta":{"_bbp_topic_count":0,"_bbp_reply_count":0,"_bbp_total_topic_count":0,"_bbp_total_reply_count":0,"_bbp_voice_count":0,"_bbp_anonymous_reply_count":0,"_bbp_topic_count_hidden":0,"_bbp_reply_count_hidden":0,"_bbp_forum_subforum_count":0,"footnotes":""},"class_list":["post-2157","page","type-page","status-publish","hentry"],"post_mailing_queue_ids":[],"_links":{"self":[{"href":"https:\/\/agora.xtec.cat\/ebmgegantdelpi-caldes\/wp-json\/wp\/v2\/pages\/2157","targetHints":{"allow":["GET"]}}],"collection":[{"href":"https:\/\/agora.xtec.cat\/ebmgegantdelpi-caldes\/wp-json\/wp\/v2\/pages"}],"about":[{"href":"https:\/\/agora.xtec.cat\/ebmgegantdelpi-caldes\/wp-json\/wp\/v2\/types\/page"}],"author":[{"embeddable":true,"href":"https:\/\/agora.xtec.cat\/ebmgegantdelpi-caldes\/wp-json\/wp\/v2\/users\/1"}],"replies":[{"embeddable":true,"href":"https:\/\/agora.xtec.cat\/ebmgegantdelpi-caldes\/wp-json\/wp\/v2\/comments?post=2157"}],"version-history":[{"count":3,"href":"https:\/\/agora.xtec.cat\/ebmgegantdelpi-caldes\/wp-json\/wp\/v2\/pages\/2157\/revisions"}],"predecessor-version":[{"id":2726,"href":"https:\/\/agora.xtec.cat\/ebmgegantdelpi-caldes\/wp-json\/wp\/v2\/pages\/2157\/revisions\/2726"}],"up":[{"embeddable":true,"href":"https:\/\/agora.xtec.cat\/ebmgegantdelpi-caldes\/wp-json\/wp\/v2\/pages\/1299"}],"wp:attachment":[{"href":"https:\/\/agora.xtec.cat\/ebmgegantdelpi-caldes\/wp-json\/wp\/v2\/media?parent=2157"}],"curies":[{"name":"wp","href":"https:\/\/api.w.org\/{rel}","templated":true}]}}