{"id":2130,"date":"2020-04-27T11:58:42","date_gmt":"2020-04-27T09:58:42","guid":{"rendered":"https:\/\/agora.xtec.cat\/ebmgegantdelpi-caldes\/?page_id=2130"},"modified":"2020-09-25T15:58:49","modified_gmt":"2020-09-25T13:58:49","slug":"el-canvi-de-bolquers","status":"publish","type":"page","link":"https:\/\/agora.xtec.cat\/ebmgegantdelpi-caldes\/eduquem\/habits-i-rutines\/el-canvi-de-bolquers\/","title":{"rendered":"El Canvi de Bolquers"},"content":{"rendered":"<p style=\"text-align: justify;\"><span style=\"font-weight: 400;\">En el moment del canvi de bolquer \u00e9s quan es crea un gran vincle entre l\u2019educadora i l\u2019infant. <\/span><span style=\"font-weight: 400;\">Els oferim una atenci\u00f3 individualitzada i de qualitat, creant una relaci\u00f3 m\u00e9s intima i personal.\u00a0<\/span><\/p>\n<p style=\"text-align: justify;\">Esdev\u00e9 un moment educatiu en qu\u00e8 l&#8217;educadora sol\u00b7licita el di\u00e0leg i la participaci\u00f3 conscient de l&#8217;infant procurant que sigui un moment privilegiat de relaci\u00f3 afectiva entre els dos, amb un clima tranquil i relaxat.<\/p>\n<p style=\"text-align: justify;\">Es procura en tot moment intercanviar la mirada amb l&#8217;infant i comunicar-se amb ell a trav\u00e9s del gest, la paraula i el to adquat, per tal d&#8217;acompanyar-lo en el desenvolupament de la seva autonomia, llenguatge i autoestima.<\/p>\n<p style=\"text-align: justify;\">El canvi de bolquers es realitza en els canviadors dels diferents espais de refer\u00e8ncia, que van evolucionant d&#8217;acord a les necessitats dels infants i en funci\u00f3 del moment evolutiu de cada grup d&#8217;edat.<\/p>\n<p style=\"text-align: justify;\"><a href=\"https:\/\/agora.xtec.cat\/ebmgegantdelpi-caldes\/wp-content\/uploads\/usu1540\/2020\/04\/IMG_0295_opt.jpg\"><img loading=\"lazy\" decoding=\"async\" class=\" wp-image-2187 aligncenter\" src=\"https:\/\/agora.xtec.cat\/ebmgegantdelpi-caldes\/wp-content\/uploads\/usu1540\/2020\/04\/IMG_0295_opt-225x300.jpg\" alt=\"\" width=\"189\" height=\"252\" srcset=\"https:\/\/agora.xtec.cat\/ebmgegantdelpi-caldes\/wp-content\/uploads\/usu1540\/2020\/04\/IMG_0295_opt-225x300.jpg 225w, https:\/\/agora.xtec.cat\/ebmgegantdelpi-caldes\/wp-content\/uploads\/usu1540\/2020\/04\/IMG_0295_opt.jpg 400w\" sizes=\"auto, (max-width: 189px) 100vw, 189px\" \/><\/a><\/p>\n<div class=\"t pg-1m0 pg-1x0 pg-1h4 pg-1y8 pg-1ff2 pg-1fs1 pg-1fc1 pg-1sc0 pg-1ls0 pg-1ws0\" style=\"text-align: justify;\"><\/div>\n<p style=\"text-align: justify;\">A mesura que l&#8217;infant va adquirint un domini de la marxa i el moviment, per tant pot aguantar-se dempeus i aixecar les cames, \u00e9s en aquest moment quan li oferim fer el canvi de bolquers dret a terra sobre una estora. L&#8217;educadora se situa davant seu, asseguda i a la seva al\u00e7ada per una millor comunicaci\u00f3.<\/p>\n<p style=\"text-align: justify;\"><span style=\"font-weight: 400;\">Arribar\u00e0 un moment en que l\u2019infant ser\u00e0 capa\u00e7 de controlar els seus esf\u00ednters. Ho aconseguir\u00e0 de forma natural, ja que est\u00e0 preparat gen\u00e8ticament per fer-ho, igual que caminar o parlar.<\/span><\/p>\n<p style=\"text-align: justify;\"><span style=\"font-weight: 400;\">El control dels esf\u00ednters no \u00e9s un fet que s\u2019aprengui, sin\u00f3 que es tracta d\u2019una capacitat que l\u2019infant adquireix quan t\u00e9 la maduresa necess\u00e0ria. L\u2019infant ser\u00e0 capa\u00e7 de manera conscient de controlar la musculatura per tal d\u2019obrir o tancar l\u2019esfinter quan noti la sensaci\u00f3 que t\u00e9 pipi; A m\u00e9s, l&#8217;infant no nom\u00e9s ha d\u2019estar preparat fisiol\u00f2gicament, tamb\u00e9 ha d\u2019estar preparat emocional i psicol\u00f2gicament.<\/span><\/p>\n<p style=\"text-align: justify;\"><span style=\"font-weight: 400;\">Les educadores l\u2019acompanyem en aquest aprenentatge, deixant-los a ells la iniciativa i permetent-los l\u2019exploraci\u00f3 de les seves pr\u00f2pies capacitats. <\/span><\/p>\n","protected":false},"excerpt":{"rendered":"<p>En el moment del canvi de bolquer \u00e9s quan es crea un gran vincle entre l\u2019educadora i l\u2019infant. Els oferim una atenci\u00f3 individualitzada i de qualitat, creant una relaci\u00f3 m\u00e9s intima i personal.\u00a0<br \/>\nEsdev\u00e9 un moment educatiu en qu\u00e8 l&#8217;educadora sol\u00b7licita el di\u00e0leg i la participaci\u00f3&hellip;  <a href=\"https:\/\/agora.xtec.cat\/ebmgegantdelpi-caldes\/eduquem\/habits-i-rutines\/el-canvi-de-bolquers\/\" title=\"Read El Canvi de Bolquers\">Llegeix m\u00e9s\u00bb<\/a><\/p>\n","protected":false},"author":1,"featured_media":0,"parent":134,"menu_order":0,"comment_status":"closed","ping_status":"closed","template":"page-templates\/side-menu.php","meta":{"_bbp_topic_count":0,"_bbp_reply_count":0,"_bbp_total_topic_count":0,"_bbp_total_reply_count":0,"_bbp_voice_count":0,"_bbp_anonymous_reply_count":0,"_bbp_topic_count_hidden":0,"_bbp_reply_count_hidden":0,"_bbp_forum_subforum_count":0,"footnotes":""},"class_list":["post-2130","page","type-page","status-publish","hentry"],"post_mailing_queue_ids":[],"_links":{"self":[{"href":"https:\/\/agora.xtec.cat\/ebmgegantdelpi-caldes\/wp-json\/wp\/v2\/pages\/2130","targetHints":{"allow":["GET"]}}],"collection":[{"href":"https:\/\/agora.xtec.cat\/ebmgegantdelpi-caldes\/wp-json\/wp\/v2\/pages"}],"about":[{"href":"https:\/\/agora.xtec.cat\/ebmgegantdelpi-caldes\/wp-json\/wp\/v2\/types\/page"}],"author":[{"embeddable":true,"href":"https:\/\/agora.xtec.cat\/ebmgegantdelpi-caldes\/wp-json\/wp\/v2\/users\/1"}],"replies":[{"embeddable":true,"href":"https:\/\/agora.xtec.cat\/ebmgegantdelpi-caldes\/wp-json\/wp\/v2\/comments?post=2130"}],"version-history":[{"count":4,"href":"https:\/\/agora.xtec.cat\/ebmgegantdelpi-caldes\/wp-json\/wp\/v2\/pages\/2130\/revisions"}],"predecessor-version":[{"id":2691,"href":"https:\/\/agora.xtec.cat\/ebmgegantdelpi-caldes\/wp-json\/wp\/v2\/pages\/2130\/revisions\/2691"}],"up":[{"embeddable":true,"href":"https:\/\/agora.xtec.cat\/ebmgegantdelpi-caldes\/wp-json\/wp\/v2\/pages\/134"}],"wp:attachment":[{"href":"https:\/\/agora.xtec.cat\/ebmgegantdelpi-caldes\/wp-json\/wp\/v2\/media?parent=2130"}],"curies":[{"name":"wp","href":"https:\/\/api.w.org\/{rel}","templated":true}]}}