{"id":2128,"date":"2020-04-27T11:58:14","date_gmt":"2020-04-27T09:58:14","guid":{"rendered":"https:\/\/agora.xtec.cat\/ebmgegantdelpi-caldes\/?page_id=2128"},"modified":"2020-09-25T15:57:12","modified_gmt":"2020-09-25T13:57:12","slug":"lestona-del-migdia","status":"publish","type":"page","link":"https:\/\/agora.xtec.cat\/ebmgegantdelpi-caldes\/eduquem\/habits-i-rutines\/lestona-del-migdia\/","title":{"rendered":"L&#8217;Estona del Migdia"},"content":{"rendered":"<p style=\"text-align: justify;\">L\u2019estona de dinar \u00e9s un moment que forma part de les rutines que es desenvolupen durant la jornada a l&#8217;escola.<\/p>\n<p style=\"text-align: justify;\">Per a l&#8217;infant \u00e9s una necessitat b\u00e0sica. Per a nosaltres, aquesta estona \u00e9s molt m\u00e9s que alimentar-se, per aix\u00f2 procurem que esdevingui una estona tranquil\u00b7la i agradable per a tots, intentant evitar el conflicte i les presses. Respectar el ritme de cada infant, la seva sensaci\u00f3 de gana, la curiositat per tastar aliments nous, etc. donar\u00e0 qualitat a aquest moment.<\/p>\n<p style=\"text-align: justify;\">L\u2019estona del migdia no \u00e9s nom\u00e9s el moment de dinar sin\u00f3 que ja s\u2019inicia abans amb la preparaci\u00f3 de l\u2019espai.<br \/>\nComparteixen l\u2019estona els dos grups paral-lels, dinant a un dels dos espais de joc i refer\u00e8ncia (l\u2019espai de l\u2019altre grup esdevindr\u00e0 despr\u00e9s el dormitori), havent-lo adequat, amb les taules i cadires, les estovalles i el carro que ve preparat de cuina amb tots els estris necessaris.<\/p>\n<p style=\"text-align: justify;\">Disposem les taules amb un m\u00e0xim de 3 o 4 infants per adult en els grups de 1-2 anys, i de 5 o 6 infants per adult en els grups de 2-3 anys. Propiciem que els infants participin de manera activa i siguin els protagonistes, oferint-los que puguin tocar i manipular els aliments, deixant temps perqu\u00e8 vagin tastant nous sabors i textures, i respectant el seu ritme.<\/p>\n<p style=\"text-align: justify;\">Amb els nadons el proc\u00e9s \u00e9s completament individual, sent la seva participaci\u00f3 clarament una altra donat el moment evolutiu. \u00c9s per aix\u00f2 que sovint el moment del \u00e0pat \u00e9s a la mateixa falda de l\u2019educadora.<\/p>\n<p style=\"text-align: center;\"><a href=\"https:\/\/agora.xtec.cat\/ebmgegantdelpi-caldes\/wp-content\/uploads\/usu1540\/2020\/04\/DORMINT1791_opt.jpg\"><img loading=\"lazy\" decoding=\"async\" class=\"alignnone wp-image-1886\" src=\"https:\/\/agora.xtec.cat\/ebmgegantdelpi-caldes\/wp-content\/uploads\/usu1540\/2020\/04\/DORMINT1791_opt.jpg\" alt=\"\" width=\"329\" height=\"247\" srcset=\"https:\/\/agora.xtec.cat\/ebmgegantdelpi-caldes\/wp-content\/uploads\/usu1540\/2020\/04\/DORMINT1791_opt.jpg 400w, https:\/\/agora.xtec.cat\/ebmgegantdelpi-caldes\/wp-content\/uploads\/usu1540\/2020\/04\/DORMINT1791_opt-300x225.jpg 300w, https:\/\/agora.xtec.cat\/ebmgegantdelpi-caldes\/wp-content\/uploads\/usu1540\/2020\/04\/DORMINT1791_opt-200x150.jpg 200w\" sizes=\"auto, (max-width: 329px) 100vw, 329px\" \/> <\/a><a href=\"https:\/\/agora.xtec.cat\/ebmgegantdelpi-caldes\/wp-content\/uploads\/usu1540\/2020\/04\/LHoradelMigdia-58_opt.jpg\"><img loading=\"lazy\" decoding=\"async\" class=\"alignnone wp-image-1883\" src=\"https:\/\/agora.xtec.cat\/ebmgegantdelpi-caldes\/wp-content\/uploads\/usu1540\/2020\/04\/LHoradelMigdia-58_opt.jpg\" alt=\"\" width=\"185\" height=\"247\" srcset=\"https:\/\/agora.xtec.cat\/ebmgegantdelpi-caldes\/wp-content\/uploads\/usu1540\/2020\/04\/LHoradelMigdia-58_opt.jpg 300w, https:\/\/agora.xtec.cat\/ebmgegantdelpi-caldes\/wp-content\/uploads\/usu1540\/2020\/04\/LHoradelMigdia-58_opt-225x300.jpg 225w\" sizes=\"auto, (max-width: 185px) 100vw, 185px\" \/><\/a><\/p>\n<p style=\"text-align: justify;\"><span style=\"font-weight: 400;\">Pel que fa al menjar, l\u2019escola t\u00e9 cuina pr\u00f2pia on la cuinera cada dia elabora el dinar dels infants. Es respecten les individualitats disposant de diversos men\u00fas adaptats a les edats, intoler\u00e0ncies, al\u00b7l\u00e8rgies, creences religioses, etc.\u00a0<\/span><\/p>\n<p style=\"text-align: justify;\"><span style=\"font-weight: 400;\">Despr\u00e9s de treure\u2019s el pitet i rentar-se, ajudem als infants a treure\u2019s la roba (sabates i pantalons) per descansar m\u00e9s c\u00f2modament. Alhora es fa un treball d\u2019autonomia, de confian\u00e7a en les seves capacitats, de reconeixement d\u2019un mateix.<\/span><\/p>\n<p style=\"text-align: center;\"><a href=\"https:\/\/agora.xtec.cat\/ebmgegantdelpi-caldes\/wp-content\/uploads\/usu1540\/2020\/04\/LHoradelMigdia-70_opt.jpg\"><img loading=\"lazy\" decoding=\"async\" class=\"alignnone wp-image-1884\" src=\"https:\/\/agora.xtec.cat\/ebmgegantdelpi-caldes\/wp-content\/uploads\/usu1540\/2020\/04\/LHoradelMigdia-70_opt.jpg\" alt=\"\" width=\"364\" height=\"273\" srcset=\"https:\/\/agora.xtec.cat\/ebmgegantdelpi-caldes\/wp-content\/uploads\/usu1540\/2020\/04\/LHoradelMigdia-70_opt.jpg 400w, https:\/\/agora.xtec.cat\/ebmgegantdelpi-caldes\/wp-content\/uploads\/usu1540\/2020\/04\/LHoradelMigdia-70_opt-300x225.jpg 300w, https:\/\/agora.xtec.cat\/ebmgegantdelpi-caldes\/wp-content\/uploads\/usu1540\/2020\/04\/LHoradelMigdia-70_opt-200x150.jpg 200w\" sizes=\"auto, (max-width: 364px) 100vw, 364px\" \/> \u00a0 <\/a><a href=\"https:\/\/agora.xtec.cat\/ebmgegantdelpi-caldes\/wp-content\/uploads\/usu1540\/2020\/04\/LHoradelMigdia-4_opt.jpg\"><img loading=\"lazy\" decoding=\"async\" class=\"wp-image-1885 alignnone\" src=\"https:\/\/agora.xtec.cat\/ebmgegantdelpi-caldes\/wp-content\/uploads\/usu1540\/2020\/04\/LHoradelMigdia-4_opt.jpg\" alt=\"\" width=\"364\" height=\"273\" srcset=\"https:\/\/agora.xtec.cat\/ebmgegantdelpi-caldes\/wp-content\/uploads\/usu1540\/2020\/04\/LHoradelMigdia-4_opt.jpg 400w, https:\/\/agora.xtec.cat\/ebmgegantdelpi-caldes\/wp-content\/uploads\/usu1540\/2020\/04\/LHoradelMigdia-4_opt-300x225.jpg 300w, https:\/\/agora.xtec.cat\/ebmgegantdelpi-caldes\/wp-content\/uploads\/usu1540\/2020\/04\/LHoradelMigdia-4_opt-200x150.jpg 200w\" sizes=\"auto, (max-width: 364px) 100vw, 364px\" \/><\/a><\/p>\n<p style=\"text-align: justify;\"><span style=\"font-family: inherit; font-size: 1em;\">L\u2019espai de dormitori es prepara al mateix espai de refer\u00e8ncia o a l&#8217;espai paral\u00b7lel, on comparteixen l\u2019estona els dos grups, com han fet dinant. Cadasc\u00fa t\u00e9 el seu matal\u00e0s, amb els llen\u00e7ols de casa i les educadores els acompanyem fins que s\u2019adormen.<\/span><\/p>\n<p style=\"text-align: justify;\"><span style=\"font-weight: 400;\">El descans \u00e9s de gran import\u00e0ncia en aquestes edats. Respectem la\u00a0 individualitat i intentem que esdevingui un moment agradable i relaxat en el que l\u2019infant\u00a0 pugui descansar per si sol amb tranquil\u00b7litat.\u00a0<\/span><\/p>\n<p style=\"text-align: justify;\"><span style=\"font-weight: 400;\">Es respecta el temps que necessita cada infant per descansar i, a mesura que es van despertant, anem canviant bolquers i ajudant-los a vestir-se. \u00c9s una estona de retrobament i de joc entre els infants que es van despertant.<\/span><\/p>\n<p style=\"text-align: justify;\">\n","protected":false},"excerpt":{"rendered":"<p>L\u2019estona de dinar \u00e9s un moment que forma part de les rutines que es desenvolupen durant la jornada a l&#8217;escola.<br \/>\nPer a l&#8217;infant \u00e9s una necessitat b\u00e0sica. Per a nosaltres, aquesta estona \u00e9s molt m\u00e9s que alimentar-se, per aix\u00f2 procurem que esdevingui una estona tranquil\u00b7la i&hellip;  <a href=\"https:\/\/agora.xtec.cat\/ebmgegantdelpi-caldes\/eduquem\/habits-i-rutines\/lestona-del-migdia\/\" title=\"Read L&#8217;Estona del Migdia\">Llegeix m\u00e9s\u00bb<\/a><\/p>\n","protected":false},"author":1,"featured_media":0,"parent":134,"menu_order":0,"comment_status":"closed","ping_status":"closed","template":"page-templates\/side-menu.php","meta":{"_bbp_topic_count":0,"_bbp_reply_count":0,"_bbp_total_topic_count":0,"_bbp_total_reply_count":0,"_bbp_voice_count":0,"_bbp_anonymous_reply_count":0,"_bbp_topic_count_hidden":0,"_bbp_reply_count_hidden":0,"_bbp_forum_subforum_count":0,"footnotes":""},"class_list":["post-2128","page","type-page","status-publish","hentry"],"post_mailing_queue_ids":[],"_links":{"self":[{"href":"https:\/\/agora.xtec.cat\/ebmgegantdelpi-caldes\/wp-json\/wp\/v2\/pages\/2128","targetHints":{"allow":["GET"]}}],"collection":[{"href":"https:\/\/agora.xtec.cat\/ebmgegantdelpi-caldes\/wp-json\/wp\/v2\/pages"}],"about":[{"href":"https:\/\/agora.xtec.cat\/ebmgegantdelpi-caldes\/wp-json\/wp\/v2\/types\/page"}],"author":[{"embeddable":true,"href":"https:\/\/agora.xtec.cat\/ebmgegantdelpi-caldes\/wp-json\/wp\/v2\/users\/1"}],"replies":[{"embeddable":true,"href":"https:\/\/agora.xtec.cat\/ebmgegantdelpi-caldes\/wp-json\/wp\/v2\/comments?post=2128"}],"version-history":[{"count":3,"href":"https:\/\/agora.xtec.cat\/ebmgegantdelpi-caldes\/wp-json\/wp\/v2\/pages\/2128\/revisions"}],"predecessor-version":[{"id":2690,"href":"https:\/\/agora.xtec.cat\/ebmgegantdelpi-caldes\/wp-json\/wp\/v2\/pages\/2128\/revisions\/2690"}],"up":[{"embeddable":true,"href":"https:\/\/agora.xtec.cat\/ebmgegantdelpi-caldes\/wp-json\/wp\/v2\/pages\/134"}],"wp:attachment":[{"href":"https:\/\/agora.xtec.cat\/ebmgegantdelpi-caldes\/wp-json\/wp\/v2\/media?parent=2128"}],"curies":[{"name":"wp","href":"https:\/\/api.w.org\/{rel}","templated":true}]}}