{"id":1983,"date":"2020-04-23T12:40:27","date_gmt":"2020-04-23T10:40:27","guid":{"rendered":"https:\/\/agora.xtec.cat\/ebmgegantdelpi-caldes\/?page_id=1983"},"modified":"2020-09-25T15:45:47","modified_gmt":"2020-09-25T13:45:47","slug":"altres-espais","status":"publish","type":"page","link":"https:\/\/agora.xtec.cat\/ebmgegantdelpi-caldes\/espais\/altres-espais\/","title":{"rendered":"Altres Espais"},"content":{"rendered":"<p style=\"text-align: justify;\">\u00abL\u2019<strong>espai<\/strong> \u00e9s un agent que <strong>estructura les relacions personals<\/strong>, per tant, l\u2019equipament dels espais s\u2019ha de fer de tal manera que tothom trobi el seu lloc, infants, pares i mestres. Cal dissenyar l\u2019ambient perqu\u00e8 faciliti i promogui les relacions, buscant estrat\u00e8gies per habilitar espais i temps de trobada i aix\u00ed estructurar les relacions espont\u00e0nies que es donen di\u00e0riament a la llar d\u2019infants.&#8221;<\/p>\n<p style=\"text-align: justify;\">(Curr\u00edculum i Orientacions . Educaci\u00f3 Infantil. Primer Cicle.Departament d\u2019Ensenyament)<\/p>\n<p><a href=\"https:\/\/agora.xtec.cat\/ebmgegantdelpi-caldes\/wp-content\/uploads\/usu1540\/2019\/10\/C\u00f2pia-de-pati-hort_.jpg\"><img loading=\"lazy\" decoding=\"async\" class=\"wp-image-1191 aligncenter\" src=\"https:\/\/agora.xtec.cat\/ebmgegantdelpi-caldes\/wp-content\/uploads\/usu1540\/2019\/10\/C\u00f2pia-de-pati-hort_.jpg\" alt=\"\" width=\"750\" height=\"500\" srcset=\"https:\/\/agora.xtec.cat\/ebmgegantdelpi-caldes\/wp-content\/uploads\/usu1540\/2019\/10\/C\u00f2pia-de-pati-hort_.jpg 1920w, https:\/\/agora.xtec.cat\/ebmgegantdelpi-caldes\/wp-content\/uploads\/usu1540\/2019\/10\/C\u00f2pia-de-pati-hort_-300x200.jpg 300w, https:\/\/agora.xtec.cat\/ebmgegantdelpi-caldes\/wp-content\/uploads\/usu1540\/2019\/10\/C\u00f2pia-de-pati-hort_-768x512.jpg 768w, https:\/\/agora.xtec.cat\/ebmgegantdelpi-caldes\/wp-content\/uploads\/usu1540\/2019\/10\/C\u00f2pia-de-pati-hort_-1024x683.jpg 1024w\" sizes=\"auto, (max-width: 750px) 100vw, 750px\" \/><\/a><\/p>\n<p><a href=\"https:\/\/agora.xtec.cat\/ebmgegantdelpi-caldes\/wp-content\/uploads\/usu1540\/2019\/10\/C\u00f2pia-de-entrada.jpg\"><img loading=\"lazy\" decoding=\"async\" class=\"wp-image-1196 aligncenter\" src=\"https:\/\/agora.xtec.cat\/ebmgegantdelpi-caldes\/wp-content\/uploads\/usu1540\/2019\/10\/C\u00f2pia-de-entrada.jpg\" alt=\"\" width=\"750\" height=\"500\" srcset=\"https:\/\/agora.xtec.cat\/ebmgegantdelpi-caldes\/wp-content\/uploads\/usu1540\/2019\/10\/C\u00f2pia-de-entrada.jpg 1920w, https:\/\/agora.xtec.cat\/ebmgegantdelpi-caldes\/wp-content\/uploads\/usu1540\/2019\/10\/C\u00f2pia-de-entrada-300x200.jpg 300w, https:\/\/agora.xtec.cat\/ebmgegantdelpi-caldes\/wp-content\/uploads\/usu1540\/2019\/10\/C\u00f2pia-de-entrada-768x512.jpg 768w, https:\/\/agora.xtec.cat\/ebmgegantdelpi-caldes\/wp-content\/uploads\/usu1540\/2019\/10\/C\u00f2pia-de-entrada-1024x683.jpg 1024w\" sizes=\"auto, (max-width: 750px) 100vw, 750px\" \/><\/a><\/p>\n<p><a href=\"https:\/\/agora.xtec.cat\/ebmgegantdelpi-caldes\/wp-content\/uploads\/usu1540\/2020\/04\/escala.jpg\"><img loading=\"lazy\" decoding=\"async\" class=\"wp-image-2075 aligncenter\" src=\"https:\/\/agora.xtec.cat\/ebmgegantdelpi-caldes\/wp-content\/uploads\/usu1540\/2020\/04\/escala.jpg\" alt=\"\" width=\"750\" height=\"500\" srcset=\"https:\/\/agora.xtec.cat\/ebmgegantdelpi-caldes\/wp-content\/uploads\/usu1540\/2020\/04\/escala.jpg 1920w, https:\/\/agora.xtec.cat\/ebmgegantdelpi-caldes\/wp-content\/uploads\/usu1540\/2020\/04\/escala-300x200.jpg 300w, https:\/\/agora.xtec.cat\/ebmgegantdelpi-caldes\/wp-content\/uploads\/usu1540\/2020\/04\/escala-768x512.jpg 768w, https:\/\/agora.xtec.cat\/ebmgegantdelpi-caldes\/wp-content\/uploads\/usu1540\/2020\/04\/escala-1024x683.jpg 1024w\" sizes=\"auto, (max-width: 750px) 100vw, 750px\" \/><\/a><\/p>\n<p><a href=\"https:\/\/agora.xtec.cat\/ebmgegantdelpi-caldes\/wp-content\/uploads\/usu1540\/2020\/04\/passadi\u0301s-cuina.jpg\"><img loading=\"lazy\" decoding=\"async\" class=\"wp-image-2056 aligncenter\" src=\"https:\/\/agora.xtec.cat\/ebmgegantdelpi-caldes\/wp-content\/uploads\/usu1540\/2020\/04\/passadi\u0301s-cuina.jpg\" alt=\"\" width=\"750\" height=\"500\" srcset=\"https:\/\/agora.xtec.cat\/ebmgegantdelpi-caldes\/wp-content\/uploads\/usu1540\/2020\/04\/passadi\u0301s-cuina.jpg 1920w, https:\/\/agora.xtec.cat\/ebmgegantdelpi-caldes\/wp-content\/uploads\/usu1540\/2020\/04\/passadi\u0301s-cuina-300x200.jpg 300w, https:\/\/agora.xtec.cat\/ebmgegantdelpi-caldes\/wp-content\/uploads\/usu1540\/2020\/04\/passadi\u0301s-cuina-768x512.jpg 768w, https:\/\/agora.xtec.cat\/ebmgegantdelpi-caldes\/wp-content\/uploads\/usu1540\/2020\/04\/passadi\u0301s-cuina-1024x683.jpg 1024w\" sizes=\"auto, (max-width: 750px) 100vw, 750px\" \/><\/a><\/p>\n<p><a href=\"https:\/\/agora.xtec.cat\/ebmgegantdelpi-caldes\/wp-content\/uploads\/usu1540\/2019\/10\/C\u00f2pia-de-cuina.jpg\"><img loading=\"lazy\" decoding=\"async\" class=\"wp-image-1197 aligncenter\" src=\"https:\/\/agora.xtec.cat\/ebmgegantdelpi-caldes\/wp-content\/uploads\/usu1540\/2019\/10\/C\u00f2pia-de-cuina.jpg\" alt=\"\" width=\"750\" height=\"500\" srcset=\"https:\/\/agora.xtec.cat\/ebmgegantdelpi-caldes\/wp-content\/uploads\/usu1540\/2019\/10\/C\u00f2pia-de-cuina.jpg 1920w, https:\/\/agora.xtec.cat\/ebmgegantdelpi-caldes\/wp-content\/uploads\/usu1540\/2019\/10\/C\u00f2pia-de-cuina-300x200.jpg 300w, https:\/\/agora.xtec.cat\/ebmgegantdelpi-caldes\/wp-content\/uploads\/usu1540\/2019\/10\/C\u00f2pia-de-cuina-768x512.jpg 768w, https:\/\/agora.xtec.cat\/ebmgegantdelpi-caldes\/wp-content\/uploads\/usu1540\/2019\/10\/C\u00f2pia-de-cuina-1024x683.jpg 1024w\" sizes=\"auto, (max-width: 750px) 100vw, 750px\" \/><\/a><\/p>\n<p><a href=\"https:\/\/agora.xtec.cat\/ebmgegantdelpi-caldes\/wp-content\/uploads\/usu1540\/2020\/04\/escala_2.jpg\"><img loading=\"lazy\" decoding=\"async\" class=\"wp-image-2074 aligncenter\" src=\"https:\/\/agora.xtec.cat\/ebmgegantdelpi-caldes\/wp-content\/uploads\/usu1540\/2020\/04\/escala_2.jpg\" alt=\"\" width=\"333\" height=\"500\" srcset=\"https:\/\/agora.xtec.cat\/ebmgegantdelpi-caldes\/wp-content\/uploads\/usu1540\/2020\/04\/escala_2.jpg 1280w, https:\/\/agora.xtec.cat\/ebmgegantdelpi-caldes\/wp-content\/uploads\/usu1540\/2020\/04\/escala_2-200x300.jpg 200w, https:\/\/agora.xtec.cat\/ebmgegantdelpi-caldes\/wp-content\/uploads\/usu1540\/2020\/04\/escala_2-768x1152.jpg 768w, https:\/\/agora.xtec.cat\/ebmgegantdelpi-caldes\/wp-content\/uploads\/usu1540\/2020\/04\/escala_2-683x1024.jpg 683w\" sizes=\"auto, (max-width: 333px) 100vw, 333px\" \/><\/a><\/p>\n<p><a href=\"https:\/\/agora.xtec.cat\/ebmgegantdelpi-caldes\/wp-content\/uploads\/usu1540\/2020\/04\/passadis-escala.jpg\"><img loading=\"lazy\" decoding=\"async\" class=\" wp-image-2055 aligncenter\" src=\"https:\/\/agora.xtec.cat\/ebmgegantdelpi-caldes\/wp-content\/uploads\/usu1540\/2020\/04\/passadis-escala.jpg\" alt=\"\" width=\"750\" height=\"500\" srcset=\"https:\/\/agora.xtec.cat\/ebmgegantdelpi-caldes\/wp-content\/uploads\/usu1540\/2020\/04\/passadis-escala.jpg 1920w, https:\/\/agora.xtec.cat\/ebmgegantdelpi-caldes\/wp-content\/uploads\/usu1540\/2020\/04\/passadis-escala-300x200.jpg 300w, https:\/\/agora.xtec.cat\/ebmgegantdelpi-caldes\/wp-content\/uploads\/usu1540\/2020\/04\/passadis-escala-768x512.jpg 768w, https:\/\/agora.xtec.cat\/ebmgegantdelpi-caldes\/wp-content\/uploads\/usu1540\/2020\/04\/passadis-escala-1024x683.jpg 1024w\" sizes=\"auto, (max-width: 750px) 100vw, 750px\" \/><\/a><\/p>\n<p><img loading=\"lazy\" decoding=\"async\" class=\"wp-image-2057 aligncenter\" src=\"https:\/\/agora.xtec.cat\/ebmgegantdelpi-caldes\/wp-content\/uploads\/usu1540\/2020\/04\/passadis-cavalls.jpg\" alt=\"\" width=\"500\" height=\"750\" srcset=\"https:\/\/agora.xtec.cat\/ebmgegantdelpi-caldes\/wp-content\/uploads\/usu1540\/2020\/04\/passadis-cavalls.jpg 1172w, https:\/\/agora.xtec.cat\/ebmgegantdelpi-caldes\/wp-content\/uploads\/usu1540\/2020\/04\/passadis-cavalls-200x300.jpg 200w, https:\/\/agora.xtec.cat\/ebmgegantdelpi-caldes\/wp-content\/uploads\/usu1540\/2020\/04\/passadis-cavalls-768x1151.jpg 768w, https:\/\/agora.xtec.cat\/ebmgegantdelpi-caldes\/wp-content\/uploads\/usu1540\/2020\/04\/passadis-cavalls-683x1024.jpg 683w\" sizes=\"auto, (max-width: 500px) 100vw, 500px\" \/><\/p>\n<p style=\"text-align: center;\"><strong>Si voleu veure tots els espais de l&#8217;escola cliqueu<a href=\"https:\/\/drive.google.com\/open?id=1QYb5JxbC-LOyDC1GYDKX-WrRqRzsMTBI\" target=\"_blank\" rel=\"noopener noreferrer\"> aqu\u00ed<\/a><\/strong><\/p>\n","protected":false},"excerpt":{"rendered":"<p>\u00abL\u2019espai \u00e9s un agent que estructura les relacions personals, per tant, l\u2019equipament dels espais s\u2019ha de fer de tal manera que tothom trobi el seu lloc, infants, pares i mestres. Cal dissenyar l\u2019ambient perqu\u00e8 faciliti i promogui les relacions, buscant estrat\u00e8gies per habilitar espais i&hellip;  <a href=\"https:\/\/agora.xtec.cat\/ebmgegantdelpi-caldes\/espais\/altres-espais\/\" title=\"Read Altres Espais\">Llegeix m\u00e9s\u00bb<\/a><\/p>\n","protected":false},"author":1,"featured_media":0,"parent":530,"menu_order":70,"comment_status":"closed","ping_status":"closed","template":"page-templates\/side-menu.php","meta":{"_bbp_topic_count":0,"_bbp_reply_count":0,"_bbp_total_topic_count":0,"_bbp_total_reply_count":0,"_bbp_voice_count":0,"_bbp_anonymous_reply_count":0,"_bbp_topic_count_hidden":0,"_bbp_reply_count_hidden":0,"_bbp_forum_subforum_count":0,"footnotes":""},"class_list":["post-1983","page","type-page","status-publish","hentry"],"post_mailing_queue_ids":[],"_links":{"self":[{"href":"https:\/\/agora.xtec.cat\/ebmgegantdelpi-caldes\/wp-json\/wp\/v2\/pages\/1983","targetHints":{"allow":["GET"]}}],"collection":[{"href":"https:\/\/agora.xtec.cat\/ebmgegantdelpi-caldes\/wp-json\/wp\/v2\/pages"}],"about":[{"href":"https:\/\/agora.xtec.cat\/ebmgegantdelpi-caldes\/wp-json\/wp\/v2\/types\/page"}],"author":[{"embeddable":true,"href":"https:\/\/agora.xtec.cat\/ebmgegantdelpi-caldes\/wp-json\/wp\/v2\/users\/1"}],"replies":[{"embeddable":true,"href":"https:\/\/agora.xtec.cat\/ebmgegantdelpi-caldes\/wp-json\/wp\/v2\/comments?post=1983"}],"version-history":[{"count":4,"href":"https:\/\/agora.xtec.cat\/ebmgegantdelpi-caldes\/wp-json\/wp\/v2\/pages\/1983\/revisions"}],"predecessor-version":[{"id":2688,"href":"https:\/\/agora.xtec.cat\/ebmgegantdelpi-caldes\/wp-json\/wp\/v2\/pages\/1983\/revisions\/2688"}],"up":[{"embeddable":true,"href":"https:\/\/agora.xtec.cat\/ebmgegantdelpi-caldes\/wp-json\/wp\/v2\/pages\/530"}],"wp:attachment":[{"href":"https:\/\/agora.xtec.cat\/ebmgegantdelpi-caldes\/wp-json\/wp\/v2\/media?parent=1983"}],"curies":[{"name":"wp","href":"https:\/\/api.w.org\/{rel}","templated":true}]}}