{"id":1981,"date":"2020-04-23T12:39:58","date_gmt":"2020-04-23T10:39:58","guid":{"rendered":"https:\/\/agora.xtec.cat\/ebmgegantdelpi-caldes\/?page_id=1981"},"modified":"2020-09-25T15:32:51","modified_gmt":"2020-09-25T13:32:51","slug":"espais-exteriors","status":"publish","type":"page","link":"https:\/\/agora.xtec.cat\/ebmgegantdelpi-caldes\/espais\/espais-exteriors\/","title":{"rendered":"Espais Exteriors"},"content":{"rendered":"<p style=\"text-align: justify;\"><span style=\"font-weight: 400;\">L\u2019escola disposa de cinc espais exteriors al voltant de la casa amb propostes pensades pels diferents moments evolutius pels que van passant els infants. Cada infant ho fa en el moment en qu\u00e8 es veu capa\u00e7. <\/span>Tots els infants de l\u2019escola gaudeix<span style=\"font-family: inherit; font-size: 1em;\">en dels diferents espais, doncs est\u00e0 organitzat i planificat de ma<\/span><span style=\"font-family: inherit; font-size: 1em;\">nera que tots els grups puguin passar durant la setmana pels diferents espais.<\/span><\/p>\n<p style=\"text-align: justify;\"><span style=\"font-weight: 400;\">Jugar a l\u2019aire lliure \u00e9s una de les activitats m\u00e9s completes que podem oferir als infants, ja que els proporciona un important benefici a nivell f\u00edsic, per\u00f2 tamb\u00e9 social i emocional. <\/span><span style=\"font-weight: 400;\">Valorem tamb\u00e9 la import\u00e0ncia de viure en contacte amb la natura. A l\u2019aire lliure, i durant tot l\u2019any podem viure i sentir els canvis de les estacions, de temperatura, els fen\u00f2mens atmosf\u00e8rics com la pluja i el vent, gaudir i contemplar les tonalitats dels verds, l\u2019aire, l\u2019aigua, la sorra, i tot all\u00f2 que ens brinda la natura: pedres, insectes, forats amagats&#8230;\u00a0<\/span><\/p>\n<p style=\"text-align: justify;\">Per les educadores, aquest espai t\u00e9 una continuitat educativa amb els espais interiors i per tant anem mirant d&#8217;oferir propostes, crear ambients &#8230; que propic\u00efin el joc lliure.<\/p>\n<p style=\"text-align: justify;\"><span style=\"font-weight: 400;\">Estem immerses en el <a href=\"https:\/\/agora.xtec.cat\/ebmgegantdelpi-caldes\/categoria\/projecte-despais-exteriors\/\">projecte de millora dels espais exteriors.<\/a><\/span><\/p>\n<p><a href=\"https:\/\/agora.xtec.cat\/ebmgegantdelpi-caldes\/wp-content\/uploads\/usu1540\/2019\/10\/C\u00f2pia-de-pati-caseta_1.jpg\"><img loading=\"lazy\" decoding=\"async\" class=\" wp-image-1193 aligncenter\" src=\"https:\/\/agora.xtec.cat\/ebmgegantdelpi-caldes\/wp-content\/uploads\/usu1540\/2019\/10\/C\u00f2pia-de-pati-caseta_1.jpg\" alt=\"\" width=\"900\" height=\"600\" srcset=\"https:\/\/agora.xtec.cat\/ebmgegantdelpi-caldes\/wp-content\/uploads\/usu1540\/2019\/10\/C\u00f2pia-de-pati-caseta_1.jpg 1920w, https:\/\/agora.xtec.cat\/ebmgegantdelpi-caldes\/wp-content\/uploads\/usu1540\/2019\/10\/C\u00f2pia-de-pati-caseta_1-300x200.jpg 300w, https:\/\/agora.xtec.cat\/ebmgegantdelpi-caldes\/wp-content\/uploads\/usu1540\/2019\/10\/C\u00f2pia-de-pati-caseta_1-768x512.jpg 768w, https:\/\/agora.xtec.cat\/ebmgegantdelpi-caldes\/wp-content\/uploads\/usu1540\/2019\/10\/C\u00f2pia-de-pati-caseta_1-1024x683.jpg 1024w\" sizes=\"auto, (max-width: 900px) 100vw, 900px\" \/><\/a><\/p>\n<p><a href=\"https:\/\/agora.xtec.cat\/ebmgegantdelpi-caldes\/wp-content\/uploads\/usu1540\/2019\/10\/C\u00f2pia-de-pati-gran_1.jpg\"><img loading=\"lazy\" decoding=\"async\" class=\"wp-image-1192 aligncenter\" src=\"https:\/\/agora.xtec.cat\/ebmgegantdelpi-caldes\/wp-content\/uploads\/usu1540\/2019\/10\/C\u00f2pia-de-pati-gran_1.jpg\" alt=\"\" width=\"900\" height=\"600\" srcset=\"https:\/\/agora.xtec.cat\/ebmgegantdelpi-caldes\/wp-content\/uploads\/usu1540\/2019\/10\/C\u00f2pia-de-pati-gran_1.jpg 1920w, https:\/\/agora.xtec.cat\/ebmgegantdelpi-caldes\/wp-content\/uploads\/usu1540\/2019\/10\/C\u00f2pia-de-pati-gran_1-300x200.jpg 300w, https:\/\/agora.xtec.cat\/ebmgegantdelpi-caldes\/wp-content\/uploads\/usu1540\/2019\/10\/C\u00f2pia-de-pati-gran_1-768x512.jpg 768w, https:\/\/agora.xtec.cat\/ebmgegantdelpi-caldes\/wp-content\/uploads\/usu1540\/2019\/10\/C\u00f2pia-de-pati-gran_1-1024x683.jpg 1024w\" sizes=\"auto, (max-width: 900px) 100vw, 900px\" \/><\/a><\/p>\n<p><a href=\"https:\/\/agora.xtec.cat\/ebmgegantdelpi-caldes\/wp-content\/uploads\/usu1540\/2020\/04\/pati-alzina.jpg\"><img loading=\"lazy\" decoding=\"async\" class=\"wp-image-2059 aligncenter\" src=\"https:\/\/agora.xtec.cat\/ebmgegantdelpi-caldes\/wp-content\/uploads\/usu1540\/2020\/04\/pati-alzina.jpg\" alt=\"\" width=\"900\" height=\"600\" srcset=\"https:\/\/agora.xtec.cat\/ebmgegantdelpi-caldes\/wp-content\/uploads\/usu1540\/2020\/04\/pati-alzina.jpg 1757w, https:\/\/agora.xtec.cat\/ebmgegantdelpi-caldes\/wp-content\/uploads\/usu1540\/2020\/04\/pati-alzina-300x200.jpg 300w, https:\/\/agora.xtec.cat\/ebmgegantdelpi-caldes\/wp-content\/uploads\/usu1540\/2020\/04\/pati-alzina-768x512.jpg 768w, https:\/\/agora.xtec.cat\/ebmgegantdelpi-caldes\/wp-content\/uploads\/usu1540\/2020\/04\/pati-alzina-1024x683.jpg 1024w\" sizes=\"auto, (max-width: 900px) 100vw, 900px\" \/><\/a><\/p>\n<p><a href=\"https:\/\/agora.xtec.cat\/ebmgegantdelpi-caldes\/wp-content\/uploads\/usu1540\/2020\/04\/pati-de-lolivera_5.jpg\"><img loading=\"lazy\" decoding=\"async\" class=\" wp-image-2060 aligncenter\" src=\"https:\/\/agora.xtec.cat\/ebmgegantdelpi-caldes\/wp-content\/uploads\/usu1540\/2020\/04\/pati-de-lolivera_5.jpg\" alt=\"\" width=\"899\" height=\"600\" srcset=\"https:\/\/agora.xtec.cat\/ebmgegantdelpi-caldes\/wp-content\/uploads\/usu1540\/2020\/04\/pati-de-lolivera_5.jpg 1920w, https:\/\/agora.xtec.cat\/ebmgegantdelpi-caldes\/wp-content\/uploads\/usu1540\/2020\/04\/pati-de-lolivera_5-300x200.jpg 300w, https:\/\/agora.xtec.cat\/ebmgegantdelpi-caldes\/wp-content\/uploads\/usu1540\/2020\/04\/pati-de-lolivera_5-768x512.jpg 768w, https:\/\/agora.xtec.cat\/ebmgegantdelpi-caldes\/wp-content\/uploads\/usu1540\/2020\/04\/pati-de-lolivera_5-1024x683.jpg 1024w\" sizes=\"auto, (max-width: 899px) 100vw, 899px\" \/><\/a><\/p>\n<p><a href=\"https:\/\/agora.xtec.cat\/ebmgegantdelpi-caldes\/wp-content\/uploads\/usu1540\/2020\/04\/pati-de-lolivera_2.jpg\"><img loading=\"lazy\" decoding=\"async\" class=\" wp-image-2062 aligncenter\" src=\"https:\/\/agora.xtec.cat\/ebmgegantdelpi-caldes\/wp-content\/uploads\/usu1540\/2020\/04\/pati-de-lolivera_2.jpg\" alt=\"\" width=\"900\" height=\"600\" srcset=\"https:\/\/agora.xtec.cat\/ebmgegantdelpi-caldes\/wp-content\/uploads\/usu1540\/2020\/04\/pati-de-lolivera_2.jpg 1920w, https:\/\/agora.xtec.cat\/ebmgegantdelpi-caldes\/wp-content\/uploads\/usu1540\/2020\/04\/pati-de-lolivera_2-300x200.jpg 300w, https:\/\/agora.xtec.cat\/ebmgegantdelpi-caldes\/wp-content\/uploads\/usu1540\/2020\/04\/pati-de-lolivera_2-768x512.jpg 768w, https:\/\/agora.xtec.cat\/ebmgegantdelpi-caldes\/wp-content\/uploads\/usu1540\/2020\/04\/pati-de-lolivera_2-1024x683.jpg 1024w\" sizes=\"auto, (max-width: 900px) 100vw, 900px\" \/><\/a><\/p>\n<p>&nbsp;<\/p>\n<p>&nbsp;<\/p>\n<p>&nbsp;<\/p>\n","protected":false},"excerpt":{"rendered":"<p>L\u2019escola disposa de cinc espais exteriors al voltant de la casa amb propostes pensades pels diferents moments evolutius pels que van passant els infants. Cada infant ho fa en el moment en qu\u00e8 es veu capa\u00e7. Tots els infants de l\u2019escola gaudeixen dels diferents espais,&hellip;  <a href=\"https:\/\/agora.xtec.cat\/ebmgegantdelpi-caldes\/espais\/espais-exteriors\/\" title=\"Read Espais Exteriors\">Llegeix m\u00e9s\u00bb<\/a><\/p>\n","protected":false},"author":1,"featured_media":0,"parent":530,"menu_order":60,"comment_status":"closed","ping_status":"closed","template":"page-templates\/side-menu.php","meta":{"_bbp_topic_count":0,"_bbp_reply_count":0,"_bbp_total_topic_count":0,"_bbp_total_reply_count":0,"_bbp_voice_count":0,"_bbp_anonymous_reply_count":0,"_bbp_topic_count_hidden":0,"_bbp_reply_count_hidden":0,"_bbp_forum_subforum_count":0,"footnotes":""},"class_list":["post-1981","page","type-page","status-publish","hentry"],"post_mailing_queue_ids":[],"_links":{"self":[{"href":"https:\/\/agora.xtec.cat\/ebmgegantdelpi-caldes\/wp-json\/wp\/v2\/pages\/1981","targetHints":{"allow":["GET"]}}],"collection":[{"href":"https:\/\/agora.xtec.cat\/ebmgegantdelpi-caldes\/wp-json\/wp\/v2\/pages"}],"about":[{"href":"https:\/\/agora.xtec.cat\/ebmgegantdelpi-caldes\/wp-json\/wp\/v2\/types\/page"}],"author":[{"embeddable":true,"href":"https:\/\/agora.xtec.cat\/ebmgegantdelpi-caldes\/wp-json\/wp\/v2\/users\/1"}],"replies":[{"embeddable":true,"href":"https:\/\/agora.xtec.cat\/ebmgegantdelpi-caldes\/wp-json\/wp\/v2\/comments?post=1981"}],"version-history":[{"count":4,"href":"https:\/\/agora.xtec.cat\/ebmgegantdelpi-caldes\/wp-json\/wp\/v2\/pages\/1981\/revisions"}],"predecessor-version":[{"id":2687,"href":"https:\/\/agora.xtec.cat\/ebmgegantdelpi-caldes\/wp-json\/wp\/v2\/pages\/1981\/revisions\/2687"}],"up":[{"embeddable":true,"href":"https:\/\/agora.xtec.cat\/ebmgegantdelpi-caldes\/wp-json\/wp\/v2\/pages\/530"}],"wp:attachment":[{"href":"https:\/\/agora.xtec.cat\/ebmgegantdelpi-caldes\/wp-json\/wp\/v2\/media?parent=1981"}],"curies":[{"name":"wp","href":"https:\/\/api.w.org\/{rel}","templated":true}]}}