{"id":1977,"date":"2020-04-23T12:38:26","date_gmt":"2020-04-23T10:38:26","guid":{"rendered":"https:\/\/agora.xtec.cat\/ebmgegantdelpi-caldes\/?page_id=1977"},"modified":"2020-04-23T17:58:27","modified_gmt":"2020-04-23T15:58:27","slug":"sala-farellas","status":"publish","type":"page","link":"https:\/\/agora.xtec.cat\/ebmgegantdelpi-caldes\/espais\/sala-farellas\/","title":{"rendered":"Sala Farell\u00e0s"},"content":{"rendered":"<p style=\"text-align: justify;\">Es tracta d\u2019un espai polivalent per a diferents propostes de tot tipus: caixes de cartr\u00f3, llums, m\u00f2duls de psicomotricitat, robes&#8230; Es fan diferents propostes per tal de provocar l&#8217;acci\u00f3 en els infants, tot i que els infants s\u00f3n acci\u00f3 per ells mateixos&#8230;tenen l&#8217;espai, els vincles entre ells i la seva infinita imaginaci\u00f3! E<span style=\"font-weight: 400;\">s mouen amb llibertat, actuen, experimenten, repeteixen, proven, i realitzen tot un proc\u00e9s d\u2019aprenentatge que propicia la creaci\u00f3 de nous reptes, modificant alhora la seva interacci\u00f3 amb els objectes, els adults i la resta d\u2019infants. <\/span>Quan utilitzem aquesta sala dividim el grup i\u00a0 hi anem amb\u00a0 5 o 6 infants com a m\u00e0xim.<\/p>\n<p>&nbsp;<\/p>\n<p><a href=\"https:\/\/agora.xtec.cat\/ebmgegantdelpi-caldes\/wp-content\/uploads\/usu1540\/2019\/10\/C\u00f2pia-de-psico_2.jpg\"><br \/>\n<img loading=\"lazy\" decoding=\"async\" class=\"wp-image-1189 aligncenter\" src=\"https:\/\/agora.xtec.cat\/ebmgegantdelpi-caldes\/wp-content\/uploads\/usu1540\/2019\/10\/C\u00f2pia-de-psico_2.jpg\" alt=\"\" width=\"750\" height=\"500\" srcset=\"https:\/\/agora.xtec.cat\/ebmgegantdelpi-caldes\/wp-content\/uploads\/usu1540\/2019\/10\/C\u00f2pia-de-psico_2.jpg 1920w, https:\/\/agora.xtec.cat\/ebmgegantdelpi-caldes\/wp-content\/uploads\/usu1540\/2019\/10\/C\u00f2pia-de-psico_2-300x200.jpg 300w, https:\/\/agora.xtec.cat\/ebmgegantdelpi-caldes\/wp-content\/uploads\/usu1540\/2019\/10\/C\u00f2pia-de-psico_2-768x512.jpg 768w, https:\/\/agora.xtec.cat\/ebmgegantdelpi-caldes\/wp-content\/uploads\/usu1540\/2019\/10\/C\u00f2pia-de-psico_2-1024x683.jpg 1024w\" sizes=\"auto, (max-width: 750px) 100vw, 750px\" \/><\/a><\/p>\n<p><a href=\"https:\/\/agora.xtec.cat\/ebmgegantdelpi-caldes\/wp-content\/uploads\/usu1540\/2020\/04\/Sala-Farella\u0300s.jpg\"><img loading=\"lazy\" decoding=\"async\" class=\" wp-image-2051 aligncenter\" src=\"https:\/\/agora.xtec.cat\/ebmgegantdelpi-caldes\/wp-content\/uploads\/usu1540\/2020\/04\/Sala-Farella\u0300s.jpg\" alt=\"\" width=\"750\" height=\"500\" srcset=\"https:\/\/agora.xtec.cat\/ebmgegantdelpi-caldes\/wp-content\/uploads\/usu1540\/2020\/04\/Sala-Farella\u0300s.jpg 1920w, https:\/\/agora.xtec.cat\/ebmgegantdelpi-caldes\/wp-content\/uploads\/usu1540\/2020\/04\/Sala-Farella\u0300s-300x200.jpg 300w, https:\/\/agora.xtec.cat\/ebmgegantdelpi-caldes\/wp-content\/uploads\/usu1540\/2020\/04\/Sala-Farella\u0300s-768x512.jpg 768w, https:\/\/agora.xtec.cat\/ebmgegantdelpi-caldes\/wp-content\/uploads\/usu1540\/2020\/04\/Sala-Farella\u0300s-1024x683.jpg 1024w\" sizes=\"auto, (max-width: 750px) 100vw, 750px\" \/><\/a><\/p>\n","protected":false},"excerpt":{"rendered":"<p>Es tracta d\u2019un espai polivalent per a diferents propostes de tot tipus: caixes de cartr\u00f3, llums, m\u00f2duls de psicomotricitat, robes&#8230; Es fan diferents propostes per tal de provocar l&#8217;acci\u00f3 en els infants, tot i que els infants s\u00f3n acci\u00f3 per ells mateixos&#8230;tenen l&#8217;espai, els vincles&hellip;  <a href=\"https:\/\/agora.xtec.cat\/ebmgegantdelpi-caldes\/espais\/sala-farellas\/\" title=\"Read Sala Farell\u00e0s\">Llegeix m\u00e9s\u00bb<\/a><\/p>\n","protected":false},"author":1,"featured_media":0,"parent":530,"menu_order":40,"comment_status":"closed","ping_status":"closed","template":"page-templates\/side-menu.php","meta":{"_bbp_topic_count":0,"_bbp_reply_count":0,"_bbp_total_topic_count":0,"_bbp_total_reply_count":0,"_bbp_voice_count":0,"_bbp_anonymous_reply_count":0,"_bbp_topic_count_hidden":0,"_bbp_reply_count_hidden":0,"_bbp_forum_subforum_count":0,"footnotes":""},"class_list":["post-1977","page","type-page","status-publish","hentry"],"post_mailing_queue_ids":[],"_links":{"self":[{"href":"https:\/\/agora.xtec.cat\/ebmgegantdelpi-caldes\/wp-json\/wp\/v2\/pages\/1977","targetHints":{"allow":["GET"]}}],"collection":[{"href":"https:\/\/agora.xtec.cat\/ebmgegantdelpi-caldes\/wp-json\/wp\/v2\/pages"}],"about":[{"href":"https:\/\/agora.xtec.cat\/ebmgegantdelpi-caldes\/wp-json\/wp\/v2\/types\/page"}],"author":[{"embeddable":true,"href":"https:\/\/agora.xtec.cat\/ebmgegantdelpi-caldes\/wp-json\/wp\/v2\/users\/1"}],"replies":[{"embeddable":true,"href":"https:\/\/agora.xtec.cat\/ebmgegantdelpi-caldes\/wp-json\/wp\/v2\/comments?post=1977"}],"version-history":[{"count":3,"href":"https:\/\/agora.xtec.cat\/ebmgegantdelpi-caldes\/wp-json\/wp\/v2\/pages\/1977\/revisions"}],"predecessor-version":[{"id":2053,"href":"https:\/\/agora.xtec.cat\/ebmgegantdelpi-caldes\/wp-json\/wp\/v2\/pages\/1977\/revisions\/2053"}],"up":[{"embeddable":true,"href":"https:\/\/agora.xtec.cat\/ebmgegantdelpi-caldes\/wp-json\/wp\/v2\/pages\/530"}],"wp:attachment":[{"href":"https:\/\/agora.xtec.cat\/ebmgegantdelpi-caldes\/wp-json\/wp\/v2\/media?parent=1977"}],"curies":[{"name":"wp","href":"https:\/\/api.w.org\/{rel}","templated":true}]}}