{"id":1975,"date":"2020-04-23T12:37:22","date_gmt":"2020-04-23T10:37:22","guid":{"rendered":"https:\/\/agora.xtec.cat\/ebmgegantdelpi-caldes\/?page_id=1975"},"modified":"2020-10-05T16:11:26","modified_gmt":"2020-10-05T14:11:26","slug":"grup-2-3-anys","status":"publish","type":"page","link":"https:\/\/agora.xtec.cat\/ebmgegantdelpi-caldes\/espais\/grup-2-3-anys\/","title":{"rendered":"Grup 2-3 anys"},"content":{"rendered":"<p style=\"text-align: justify;\">A l\u2019escola hi ha tres grups que acullen infants de 2 a 3 anys.<\/p>\n<p style=\"text-align: justify;\">En aquesta etapa ja tenen un bon control del seu cos i la seva motricitat. Desenvolupen inter\u00e8s cap als seus companys, volen imitar-se, s\u2019observen entre ells, comparteixen petites estones de joc, etc.<\/p>\n<p><a href=\"https:\/\/agora.xtec.cat\/ebmgegantdelpi-caldes\/wp-content\/uploads\/usu1540\/2020\/04\/joc-aula-_opt.jpg\"><img loading=\"lazy\" decoding=\"async\" class=\"size-full wp-image-1874 aligncenter\" src=\"https:\/\/agora.xtec.cat\/ebmgegantdelpi-caldes\/wp-content\/uploads\/usu1540\/2020\/04\/joc-aula-_opt.jpg\" alt=\"\" width=\"400\" height=\"194\" srcset=\"https:\/\/agora.xtec.cat\/ebmgegantdelpi-caldes\/wp-content\/uploads\/usu1540\/2020\/04\/joc-aula-_opt.jpg 400w, https:\/\/agora.xtec.cat\/ebmgegantdelpi-caldes\/wp-content\/uploads\/usu1540\/2020\/04\/joc-aula-_opt-300x146.jpg 300w\" sizes=\"auto, (max-width: 400px) 100vw, 400px\" \/><\/a><\/p>\n<p style=\"text-align: justify;\">La distribuci\u00f3 dels espais de refer\u00e8ncia es fa segons els interessos i necessitats de cada grup. Es preparen uns espais de joc m\u00e9s delimitats perqu\u00e8 els infants estan evolucionant cap al joc simb\u00f2lic i imaginatiu. En aquesta edat tenen molt d\u2019inter\u00e8s en imitar i reproduir tot el que fem els adults. Per aix\u00f2, procurem que els materials que els hi oferim siguin el m\u00e9s reals possibles (metges, cuina, perruqueria, eines&#8230;)<\/p>\n<p>\u00a0 \u00a0 <a href=\"https:\/\/agora.xtec.cat\/ebmgegantdelpi-caldes\/wp-content\/uploads\/usu1540\/2020\/04\/joc-aula524_opt.jpg\"><img loading=\"lazy\" decoding=\"async\" class=\"alignnone wp-image-1894\" src=\"https:\/\/agora.xtec.cat\/ebmgegantdelpi-caldes\/wp-content\/uploads\/usu1540\/2020\/04\/joc-aula524_opt.jpg\" alt=\"\" width=\"332\" height=\"249\" srcset=\"https:\/\/agora.xtec.cat\/ebmgegantdelpi-caldes\/wp-content\/uploads\/usu1540\/2020\/04\/joc-aula524_opt.jpg 533w, https:\/\/agora.xtec.cat\/ebmgegantdelpi-caldes\/wp-content\/uploads\/usu1540\/2020\/04\/joc-aula524_opt-300x225.jpg 300w, https:\/\/agora.xtec.cat\/ebmgegantdelpi-caldes\/wp-content\/uploads\/usu1540\/2020\/04\/joc-aula524_opt-200x150.jpg 200w\" sizes=\"auto, (max-width: 332px) 100vw, 332px\" \/><\/a> <a href=\"https:\/\/agora.xtec.cat\/ebmgegantdelpi-caldes\/wp-content\/uploads\/usu1540\/2020\/04\/joc-aula978_opt.jpg\"><img loading=\"lazy\" decoding=\"async\" class=\"alignnone wp-image-1895\" src=\"https:\/\/agora.xtec.cat\/ebmgegantdelpi-caldes\/wp-content\/uploads\/usu1540\/2020\/04\/joc-aula978_opt.jpg\" alt=\"\" width=\"333\" height=\"250\" srcset=\"https:\/\/agora.xtec.cat\/ebmgegantdelpi-caldes\/wp-content\/uploads\/usu1540\/2020\/04\/joc-aula978_opt.jpg 533w, https:\/\/agora.xtec.cat\/ebmgegantdelpi-caldes\/wp-content\/uploads\/usu1540\/2020\/04\/joc-aula978_opt-300x225.jpg 300w, https:\/\/agora.xtec.cat\/ebmgegantdelpi-caldes\/wp-content\/uploads\/usu1540\/2020\/04\/joc-aula978_opt-200x150.jpg 200w\" sizes=\"auto, (max-width: 333px) 100vw, 333px\" \/><\/a> <a href=\"https:\/\/agora.xtec.cat\/ebmgegantdelpi-caldes\/wp-content\/uploads\/usu1540\/2020\/05\/20180312-joc-aula_345_opt.jpg\"><img loading=\"lazy\" decoding=\"async\" class=\"alignnone wp-image-2286\" src=\"https:\/\/agora.xtec.cat\/ebmgegantdelpi-caldes\/wp-content\/uploads\/usu1540\/2020\/05\/20180312-joc-aula_345_opt-225x300.jpg\" alt=\"\" width=\"187\" height=\"250\" srcset=\"https:\/\/agora.xtec.cat\/ebmgegantdelpi-caldes\/wp-content\/uploads\/usu1540\/2020\/05\/20180312-joc-aula_345_opt-225x300.jpg 225w, https:\/\/agora.xtec.cat\/ebmgegantdelpi-caldes\/wp-content\/uploads\/usu1540\/2020\/05\/20180312-joc-aula_345_opt.jpg 300w\" sizes=\"auto, (max-width: 187px) 100vw, 187px\" \/><\/a><\/p>\n<p style=\"text-align: justify;\">Tamb\u00e9 mostren inter\u00e8s pel joc d\u2019investigaci\u00f3 i experimentaci\u00f3, tenen m\u00e9s capacitat de concentraci\u00f3 i m\u00e9s habilitat amb el propi cos. Per aix\u00f2 tamb\u00e9 se\u2019ls hi ofereix material reciclat, inespec\u00edfic i natural, per potenciar la seva capacitat imaginativa i creativa. En funci\u00f3 del moment maduratiu dels infants en fan un \u00fas m\u00e9s evolucionat, \u00e9s a dir, que li donen una utilitat o una altra.\u2026<\/p>\n<p style=\"text-align: justify;\">Durant aquest any es d\u00f3na una gran explosi\u00f3 del llenguatge i la capacitat comunicativa. La nostra actitud \u00e9s la d\u2019acompanyar en tot moment als infants, observant-los i identificant qu\u00e8 necessiten per poder oferir-los-hi en diferents racons dels espais de refer\u00e8ncia.<\/p>\n<p style=\"text-align: center;\"><strong>Cliqueu les imatges per veure tots els espais de 2-3 anys:<\/strong><\/p>\n<figure class=\"figure wp-caption alignleft\"><a href=\"granotes\"><img loading=\"lazy\" decoding=\"async\" src=\"http:\/\/blocs.xtec.cat\/ebmgegantdelpi\/files\/2017\/07\/aula-granotes_1-1024x683.jpg\" alt=\"\" width=\"300\" height=\"200\" \/><\/a><figcaption class=\"wp-caption-text\">Espai Diables<\/figcaption><\/figure>\n<figure class=\"figure wp-caption alignleft\"><a href=\"cavalls\"><img loading=\"lazy\" decoding=\"async\" src=\"http:\/\/blocs.xtec.cat\/ebmgegantdelpi\/files\/2017\/07\/aula-cavalls_4-1024x683.jpg\" alt=\"\" width=\"300\" height=\"200\" \/><\/a><figcaption class=\"wp-caption-text\">Espai Capgrossos<\/figcaption><\/figure>\n<figure class=\"figure wp-caption alignleft\"><a href=\"elefants\"><img loading=\"lazy\" decoding=\"async\" src=\"http:\/\/blocs.xtec.cat\/ebmgegantdelpi\/files\/2017\/07\/aula-elefants_3-1024x683.jpg\" alt=\"\" width=\"300\" height=\"200\" \/><\/a><figcaption class=\"wp-caption-text\">Espai Castellers<\/figcaption><\/figure>\n","protected":false},"excerpt":{"rendered":"<p>A l\u2019escola hi ha tres grups que acullen infants de 2 a 3 anys.<br \/>\nEn aquesta etapa ja tenen un bon control del seu cos i la seva motricitat. Desenvolupen inter\u00e8s cap als seus companys, volen imitar-se, s\u2019observen entre ells, comparteixen petites estones de joc, etc.<br \/>\n<a&hellip;  <a href=\"https:\/\/agora.xtec.cat\/ebmgegantdelpi-caldes\/espais\/grup-2-3-anys\/\" title=\"Read Grup 2-3 anys\">Llegeix m\u00e9s\u00bb<\/a><\/p>\n","protected":false},"author":1,"featured_media":0,"parent":530,"menu_order":30,"comment_status":"closed","ping_status":"closed","template":"page-templates\/side-menu.php","meta":{"_bbp_topic_count":0,"_bbp_reply_count":0,"_bbp_total_topic_count":0,"_bbp_total_reply_count":0,"_bbp_voice_count":0,"_bbp_anonymous_reply_count":0,"_bbp_topic_count_hidden":0,"_bbp_reply_count_hidden":0,"_bbp_forum_subforum_count":0,"footnotes":""},"class_list":["post-1975","page","type-page","status-publish","hentry"],"post_mailing_queue_ids":[],"_links":{"self":[{"href":"https:\/\/agora.xtec.cat\/ebmgegantdelpi-caldes\/wp-json\/wp\/v2\/pages\/1975","targetHints":{"allow":["GET"]}}],"collection":[{"href":"https:\/\/agora.xtec.cat\/ebmgegantdelpi-caldes\/wp-json\/wp\/v2\/pages"}],"about":[{"href":"https:\/\/agora.xtec.cat\/ebmgegantdelpi-caldes\/wp-json\/wp\/v2\/types\/page"}],"author":[{"embeddable":true,"href":"https:\/\/agora.xtec.cat\/ebmgegantdelpi-caldes\/wp-json\/wp\/v2\/users\/1"}],"replies":[{"embeddable":true,"href":"https:\/\/agora.xtec.cat\/ebmgegantdelpi-caldes\/wp-json\/wp\/v2\/comments?post=1975"}],"version-history":[{"count":4,"href":"https:\/\/agora.xtec.cat\/ebmgegantdelpi-caldes\/wp-json\/wp\/v2\/pages\/1975\/revisions"}],"predecessor-version":[{"id":2752,"href":"https:\/\/agora.xtec.cat\/ebmgegantdelpi-caldes\/wp-json\/wp\/v2\/pages\/1975\/revisions\/2752"}],"up":[{"embeddable":true,"href":"https:\/\/agora.xtec.cat\/ebmgegantdelpi-caldes\/wp-json\/wp\/v2\/pages\/530"}],"wp:attachment":[{"href":"https:\/\/agora.xtec.cat\/ebmgegantdelpi-caldes\/wp-json\/wp\/v2\/media?parent=1975"}],"curies":[{"name":"wp","href":"https:\/\/api.w.org\/{rel}","templated":true}]}}