{"id":1972,"date":"2020-04-23T12:34:36","date_gmt":"2020-04-23T10:34:36","guid":{"rendered":"https:\/\/agora.xtec.cat\/ebmgegantdelpi-caldes\/?page_id=1972"},"modified":"2025-04-07T13:23:24","modified_gmt":"2025-04-07T11:23:24","slug":"grup-1-2-anys","status":"publish","type":"page","link":"https:\/\/agora.xtec.cat\/ebmgegantdelpi-caldes\/espais\/grup-1-2-anys\/","title":{"rendered":"Grup 1-2 anys"},"content":{"rendered":"<p style=\"text-align: justify;\">A l\u2019escola hi ha dos grups que acullen infants d\u20191 a 2 anys.<\/p>\n<p style=\"text-align: justify;\">En aquesta etapa hi ha infants que a principi de curs no caminen i es desplacen gatejant i d\u2019altres que estan consolidant la marxa. Aquesta franja d\u2019edat es caracteritza per l\u2019activitat incansable del nen i de la nena, deguda al seu creixent control motriu.<\/p>\n<p style=\"text-align: justify;\">\u00c9s per aix\u00f2 que creem espais amb diferents elements i materials on els infants poden exercitar tota aquesta necessitat (baranes per aixecar-se, tarimes on seure, enfilar-se, saltar, etc., zona tova per estirar-se o fer jocs de falda, espai lliure per despla\u00e7ar-se).<\/p>\n<p><a href=\"https:\/\/agora.xtec.cat\/ebmgegantdelpi-caldes\/wp-content\/uploads\/usu1540\/2020\/04\/Mi2Mat_opt-1.jpg\"><img loading=\"lazy\" decoding=\"async\" class=\" wp-image-1870 alignleft\" src=\"https:\/\/agora.xtec.cat\/ebmgegantdelpi-caldes\/wp-content\/uploads\/usu1540\/2020\/04\/Mi2Mat_opt-1.jpg\" sizes=\"auto, (max-width: 400px) 100vw, 400px\" srcset=\"https:\/\/agora.xtec.cat\/ebmgegantdelpi-caldes\/wp-content\/uploads\/usu1540\/2020\/04\/Mi2Mat_opt-1.jpg 400w, https:\/\/agora.xtec.cat\/ebmgegantdelpi-caldes\/wp-content\/uploads\/usu1540\/2020\/04\/Mi2Mat_opt-1-300x225.jpg 300w, https:\/\/agora.xtec.cat\/ebmgegantdelpi-caldes\/wp-content\/uploads\/usu1540\/2020\/04\/Mi2Mat_opt-1-200x150.jpg 200w\" alt=\"\" width=\"391\" height=\"293\" \/><\/a><\/p>\n<p><a href=\"https:\/\/agora.xtec.cat\/ebmgegantdelpi-caldes\/wp-content\/uploads\/usu1540\/2020\/04\/ratolins.jpg\"><img loading=\"lazy\" decoding=\"async\" class=\"wp-image-2082 alignleft\" src=\"https:\/\/agora.xtec.cat\/ebmgegantdelpi-caldes\/wp-content\/uploads\/usu1540\/2020\/04\/ratolins-300x225.jpg\" alt=\"\" width=\"391\" height=\"293\" srcset=\"https:\/\/agora.xtec.cat\/ebmgegantdelpi-caldes\/wp-content\/uploads\/usu1540\/2020\/04\/ratolins-300x225.jpg 300w, https:\/\/agora.xtec.cat\/ebmgegantdelpi-caldes\/wp-content\/uploads\/usu1540\/2020\/04\/ratolins-200x150.jpg 200w, https:\/\/agora.xtec.cat\/ebmgegantdelpi-caldes\/wp-content\/uploads\/usu1540\/2020\/04\/ratolins.jpg 400w\" sizes=\"auto, (max-width: 391px) 100vw, 391px\" \/><\/a><\/p>\n<p>&nbsp;<\/p>\n<p>&nbsp;<\/p>\n<p>&nbsp;<\/p>\n<p>&nbsp;<\/p>\n<p>&nbsp;<\/p>\n<p>&nbsp;<\/p>\n<p>&nbsp;<\/p>\n<p style=\"text-align: justify;\">El joc en aquest moment \u00e9s majorit\u00e0riament individual i poc a poc inicien les relacions de petit grup per proximitat. El seu joc de descoberta \u00e9s a partir de la manipulaci\u00f3 i l\u2019experimentaci\u00f3 de materials diversos i la boca encara \u00e9s una gran font d\u2019informaci\u00f3. Procurem que siguin materials naturals, inespec\u00edfics ja que els aporten diferents sensacions.<\/p>\n<p><a href=\"https:\/\/agora.xtec.cat\/ebmgegantdelpi-caldes\/wp-content\/uploads\/usu1540\/2020\/04\/joc-aula_opt.jpg\"><img loading=\"lazy\" decoding=\"async\" class=\"alignnone size-full wp-image-1868\" src=\"https:\/\/agora.xtec.cat\/ebmgegantdelpi-caldes\/wp-content\/uploads\/usu1540\/2020\/04\/joc-aula_opt.jpg\" sizes=\"auto, (max-width: 400px) 100vw, 400px\" srcset=\"https:\/\/agora.xtec.cat\/ebmgegantdelpi-caldes\/wp-content\/uploads\/usu1540\/2020\/04\/joc-aula_opt.jpg 400w, https:\/\/agora.xtec.cat\/ebmgegantdelpi-caldes\/wp-content\/uploads\/usu1540\/2020\/04\/joc-aula_opt-300x225.jpg 300w, https:\/\/agora.xtec.cat\/ebmgegantdelpi-caldes\/wp-content\/uploads\/usu1540\/2020\/04\/joc-aula_opt-200x150.jpg 200w\" alt=\"\" width=\"400\" height=\"300\" \/><\/a>\u00a0<a href=\"https:\/\/agora.xtec.cat\/ebmgegantdelpi-caldes\/wp-content\/uploads\/usu1540\/2020\/04\/joc-material-divers_opt.jpg\"><img loading=\"lazy\" decoding=\"async\" class=\"alignnone size-full wp-image-1869\" src=\"https:\/\/agora.xtec.cat\/ebmgegantdelpi-caldes\/wp-content\/uploads\/usu1540\/2020\/04\/joc-material-divers_opt.jpg\" sizes=\"auto, (max-width: 400px) 100vw, 400px\" srcset=\"https:\/\/agora.xtec.cat\/ebmgegantdelpi-caldes\/wp-content\/uploads\/usu1540\/2020\/04\/joc-material-divers_opt.jpg 400w, https:\/\/agora.xtec.cat\/ebmgegantdelpi-caldes\/wp-content\/uploads\/usu1540\/2020\/04\/joc-material-divers_opt-300x225.jpg 300w, https:\/\/agora.xtec.cat\/ebmgegantdelpi-caldes\/wp-content\/uploads\/usu1540\/2020\/04\/joc-material-divers_opt-200x150.jpg 200w\" alt=\"\" width=\"400\" height=\"300\" \/><\/a><\/p>\n<p style=\"text-align: justify;\">A mesura que es van fent grans apareix el joc imitatiu en qu\u00e8 l\u2019infant dedica moltes estones a reproduir el que veu. Fa grans progressos en l\u2019adquisici\u00f3 d\u2019autonomia, el desenvolupament del pensament i del llenguatge. Aix\u00ed que les propostes que els oferim les anem adaptant a la seva evoluci\u00f3.<\/p>\n<p style=\"text-align: justify;\">Donat que els infants d\u2019aquesta edat encara tenen ritmes diferents, sobretot a principi de curs, es respecta si han de fer una dormida a mig mat\u00ed o abans de dinar.<\/p>\n<p style=\"text-align: center;\"><strong>Cliqueu a les imatges per veure els espais dels grups 1-2 anys:<\/strong><\/p>\n<div class=\"mceTemp\"><\/div>\n<figure class=\"figure wp-caption alignleft\"><a href=\"oques\"><img loading=\"lazy\" decoding=\"async\" src=\"http:\/\/blocs.xtec.cat\/ebmgegantdelpi\/files\/2017\/07\/aula-oques_3-1024x683.jpg\" alt=\"aula oques_3\" width=\"255\" height=\"170\" \/><\/a><figcaption class=\"wp-caption-text\">Espai Grallers<\/figcaption><\/figure>\n<figure class=\"figure wp-caption alignleft\"><a href=\"tortugues\"><img loading=\"lazy\" decoding=\"async\" src=\"http:\/\/blocs.xtec.cat\/ebmgegantdelpi\/files\/2017\/07\/aula-tortugues_2-1024x683.jpg\" alt=\"\" width=\"255\" height=\"170\" \/><\/a><figcaption class=\"wp-caption-text\">Espai Bastoners<\/figcaption><\/figure>\n<p>&nbsp;<\/p>\n<p>&nbsp;<\/p>\n<p>&nbsp;<\/p>\n<p>&nbsp;<\/p>\n<p>&nbsp;<\/p>\n<p>&nbsp;<\/p>\n<p>&nbsp;<\/p>\n<p>&nbsp;<\/p>\n<p>&nbsp;<\/p>\n<p>&nbsp;<\/p>\n<p>&nbsp;<\/p>\n","protected":false},"excerpt":{"rendered":"<p>A l\u2019escola hi ha dos grups que acullen infants d\u20191 a 2 anys.<br \/>\nEn aquesta etapa hi ha infants que a principi de curs no caminen i es desplacen gatejant i d\u2019altres que estan consolidant la marxa. Aquesta franja d\u2019edat es caracteritza per l\u2019activitat incansable del&hellip;  <a href=\"https:\/\/agora.xtec.cat\/ebmgegantdelpi-caldes\/espais\/grup-1-2-anys\/\" title=\"Read Grup 1-2 anys\">Llegeix m\u00e9s\u00bb<\/a><\/p>\n","protected":false},"author":1,"featured_media":0,"parent":530,"menu_order":20,"comment_status":"closed","ping_status":"closed","template":"page-templates\/side-menu.php","meta":{"_bbp_topic_count":0,"_bbp_reply_count":0,"_bbp_total_topic_count":0,"_bbp_total_reply_count":0,"_bbp_voice_count":0,"_bbp_anonymous_reply_count":0,"_bbp_topic_count_hidden":0,"_bbp_reply_count_hidden":0,"_bbp_forum_subforum_count":0,"footnotes":""},"class_list":["post-1972","page","type-page","status-publish","hentry"],"post_mailing_queue_ids":[],"_links":{"self":[{"href":"https:\/\/agora.xtec.cat\/ebmgegantdelpi-caldes\/wp-json\/wp\/v2\/pages\/1972","targetHints":{"allow":["GET"]}}],"collection":[{"href":"https:\/\/agora.xtec.cat\/ebmgegantdelpi-caldes\/wp-json\/wp\/v2\/pages"}],"about":[{"href":"https:\/\/agora.xtec.cat\/ebmgegantdelpi-caldes\/wp-json\/wp\/v2\/types\/page"}],"author":[{"embeddable":true,"href":"https:\/\/agora.xtec.cat\/ebmgegantdelpi-caldes\/wp-json\/wp\/v2\/users\/1"}],"replies":[{"embeddable":true,"href":"https:\/\/agora.xtec.cat\/ebmgegantdelpi-caldes\/wp-json\/wp\/v2\/comments?post=1972"}],"version-history":[{"count":4,"href":"https:\/\/agora.xtec.cat\/ebmgegantdelpi-caldes\/wp-json\/wp\/v2\/pages\/1972\/revisions"}],"predecessor-version":[{"id":5595,"href":"https:\/\/agora.xtec.cat\/ebmgegantdelpi-caldes\/wp-json\/wp\/v2\/pages\/1972\/revisions\/5595"}],"up":[{"embeddable":true,"href":"https:\/\/agora.xtec.cat\/ebmgegantdelpi-caldes\/wp-json\/wp\/v2\/pages\/530"}],"wp:attachment":[{"href":"https:\/\/agora.xtec.cat\/ebmgegantdelpi-caldes\/wp-json\/wp\/v2\/media?parent=1972"}],"curies":[{"name":"wp","href":"https:\/\/api.w.org\/{rel}","templated":true}]}}