{"id":161,"date":"2017-03-28T16:09:44","date_gmt":"2017-03-28T14:09:44","guid":{"rendered":"http:\/\/blocs.xtec.cat\/ebmgegantdelpi\/?page_id=161"},"modified":"2021-10-25T14:08:53","modified_gmt":"2021-10-25T12:08:53","slug":"qui-acompanya","status":"publish","type":"page","link":"https:\/\/agora.xtec.cat\/ebmgegantdelpi-caldes\/qui-som\/qui-acompanya\/","title":{"rendered":"Qui acompanya?"},"content":{"rendered":"<p style=\"text-align: justify;\">L&#8217;escola la formem un equip de persones molt consolidat i estable que vetlla per aconseguir el nostre objectiu primordial: <strong>el benestar dels infants. <\/strong><\/p>\n<p style=\"text-align: justify;\">En aquests moments comptem amb 14 educadores, de les quals una n&#8217;\u00e9s la coordinadora. Tamb\u00e9 formen part del nostre equip la psic\u00f2loga municipal, el bidell, la cuinera i les tres persones de la neteja.<\/p>\n<p><img loading=\"lazy\" decoding=\"async\" class=\"wp-image-3822 alignleft\" src=\"https:\/\/agora.xtec.cat\/ebmgegantdelpi-caldes\/wp-content\/uploads\/usu1540\/2021\/10\/FotoJet-1.jpg\" alt=\"\" width=\"511\" height=\"511\" srcset=\"https:\/\/agora.xtec.cat\/ebmgegantdelpi-caldes\/wp-content\/uploads\/usu1540\/2021\/10\/FotoJet-1.jpg 1200w, https:\/\/agora.xtec.cat\/ebmgegantdelpi-caldes\/wp-content\/uploads\/usu1540\/2021\/10\/FotoJet-1-300x300.jpg 300w, https:\/\/agora.xtec.cat\/ebmgegantdelpi-caldes\/wp-content\/uploads\/usu1540\/2021\/10\/FotoJet-1-1024x1024.jpg 1024w, https:\/\/agora.xtec.cat\/ebmgegantdelpi-caldes\/wp-content\/uploads\/usu1540\/2021\/10\/FotoJet-1-150x150.jpg 150w, https:\/\/agora.xtec.cat\/ebmgegantdelpi-caldes\/wp-content\/uploads\/usu1540\/2021\/10\/FotoJet-1-768x768.jpg 768w\" sizes=\"auto, (max-width: 511px) 100vw, 511px\" \/><\/p>\n<p><img loading=\"lazy\" decoding=\"async\" class=\"wp-image-3746 alignnone\" src=\"https:\/\/agora.xtec.cat\/ebmgegantdelpi-caldes\/wp-content\/uploads\/usu1540\/2021\/09\/FotoJet.jpg\" alt=\"\" width=\"274\" height=\"274\" srcset=\"https:\/\/agora.xtec.cat\/ebmgegantdelpi-caldes\/wp-content\/uploads\/usu1540\/2021\/09\/FotoJet.jpg 1200w, https:\/\/agora.xtec.cat\/ebmgegantdelpi-caldes\/wp-content\/uploads\/usu1540\/2021\/09\/FotoJet-300x300.jpg 300w, https:\/\/agora.xtec.cat\/ebmgegantdelpi-caldes\/wp-content\/uploads\/usu1540\/2021\/09\/FotoJet-1024x1024.jpg 1024w, https:\/\/agora.xtec.cat\/ebmgegantdelpi-caldes\/wp-content\/uploads\/usu1540\/2021\/09\/FotoJet-150x150.jpg 150w, https:\/\/agora.xtec.cat\/ebmgegantdelpi-caldes\/wp-content\/uploads\/usu1540\/2021\/09\/FotoJet-768x768.jpg 768w\" sizes=\"auto, (max-width: 274px) 100vw, 274px\" \/><\/p>\n<p style=\"text-align: justify;\">L&#8217;equip docent estem en constant reciclatge. El nostre fer no s&#8217;encasella a una corrent pedag\u00f2gica espec\u00edfica, sin\u00f3 que es fonamenta en conceptes de diverses experi\u00e8ncies i referents com Pickler, Montessori, les escoles infantils de Reggio Emilia, el treball en educaci\u00f3 emocional, la llibertat de moviment, etc. que, dia rere dia, ens fan q\u00fcestionar la pr\u00e0ctica educativa, posar en debat i actuar.<\/p>\n<p>&nbsp;<\/p>\n<p style=\"text-align: justify;\">Gr\u00e0cies a la confian\u00e7a de les fam\u00edlies i als i les professionals que hi treballem, aquest projecte \u00e9s viu i per aix\u00f2 mirem el present per anar cap al futur. Sentim el comprom\u00eds d&#8217;anar-nos construint cont\u00ednuament, a favor de la petita inf\u00e0ncia.<\/p>\n<p style=\"text-align: justify;\">Com a educadores i professionals sabem que la nostra manera de mirar l&#8217;infant, la manera com ens adrecem a ell, \u00e9s molt important. Entenem que amb una bona relaci\u00f3 se sent estimat, valorat i apr\u00e8n a confiar en nosaltres i tamb\u00e9 en ell mateix. La pres\u00e8ncia de l&#8217;adult d\u00f3na confian\u00e7a a l&#8217;infant perqu\u00e8 se senti progressivament m\u00e9s aut\u00f2nom. Una mirada amable i una actitud molt present i de disponibilitat convida a l&#8217;infant a expressar les seves emocions i s\u00f3n garantia d&#8217;anar assolint els reptes de cada etapa evolutiva.<\/p>\n<p style=\"text-align: justify;\">Acompanyem aquest desenvolupament sense for\u00e7ar, per tal que cada infant pugui anar-se construint com a persona, amb el seu propi ritme i segons els seus interessos. El nostre objectiu principal \u00e9s, per tant, vetllar pel seu benestar.<\/p>\n","protected":false},"excerpt":{"rendered":"<p>L&#8217;escola la formem un equip de persones molt consolidat i estable que vetlla per aconseguir el nostre objectiu primordial: el benestar dels infants.<br \/>\nEn aquests moments comptem amb 14 educadores, de les quals una n&#8217;\u00e9s la coordinadora. Tamb\u00e9 formen part del nostre equip la psic\u00f2loga&hellip;  <a href=\"https:\/\/agora.xtec.cat\/ebmgegantdelpi-caldes\/qui-som\/qui-acompanya\/\" title=\"Read Qui acompanya?\">Llegeix m\u00e9s\u00bb<\/a><\/p>\n","protected":false},"author":1,"featured_media":0,"parent":543,"menu_order":1,"comment_status":"closed","ping_status":"closed","template":"page-templates\/side-menu.php","meta":{"_bbp_topic_count":0,"_bbp_reply_count":0,"_bbp_total_topic_count":0,"_bbp_total_reply_count":0,"_bbp_voice_count":0,"_bbp_anonymous_reply_count":0,"_bbp_topic_count_hidden":0,"_bbp_reply_count_hidden":0,"_bbp_forum_subforum_count":0,"footnotes":""},"class_list":["post-161","page","type-page","status-publish","hentry"],"post_mailing_queue_ids":[],"_links":{"self":[{"href":"https:\/\/agora.xtec.cat\/ebmgegantdelpi-caldes\/wp-json\/wp\/v2\/pages\/161","targetHints":{"allow":["GET"]}}],"collection":[{"href":"https:\/\/agora.xtec.cat\/ebmgegantdelpi-caldes\/wp-json\/wp\/v2\/pages"}],"about":[{"href":"https:\/\/agora.xtec.cat\/ebmgegantdelpi-caldes\/wp-json\/wp\/v2\/types\/page"}],"author":[{"embeddable":true,"href":"https:\/\/agora.xtec.cat\/ebmgegantdelpi-caldes\/wp-json\/wp\/v2\/users\/1"}],"replies":[{"embeddable":true,"href":"https:\/\/agora.xtec.cat\/ebmgegantdelpi-caldes\/wp-json\/wp\/v2\/comments?post=161"}],"version-history":[{"count":3,"href":"https:\/\/agora.xtec.cat\/ebmgegantdelpi-caldes\/wp-json\/wp\/v2\/pages\/161\/revisions"}],"predecessor-version":[{"id":3824,"href":"https:\/\/agora.xtec.cat\/ebmgegantdelpi-caldes\/wp-json\/wp\/v2\/pages\/161\/revisions\/3824"}],"up":[{"embeddable":true,"href":"https:\/\/agora.xtec.cat\/ebmgegantdelpi-caldes\/wp-json\/wp\/v2\/pages\/543"}],"wp:attachment":[{"href":"https:\/\/agora.xtec.cat\/ebmgegantdelpi-caldes\/wp-json\/wp\/v2\/media?parent=161"}],"curies":[{"name":"wp","href":"https:\/\/api.w.org\/{rel}","templated":true}]}}