{"id":148,"date":"2017-03-28T15:46:48","date_gmt":"2017-03-28T13:46:48","guid":{"rendered":"http:\/\/blocs.xtec.cat\/ebmgegantdelpi\/?page_id=148"},"modified":"2021-04-28T22:37:16","modified_gmt":"2021-04-28T20:37:16","slug":"servei-dacollida","status":"publish","type":"page","link":"https:\/\/agora.xtec.cat\/ebmgegantdelpi-caldes\/informem\/servei-dacollida\/","title":{"rendered":"Servei d&#8217;acollida"},"content":{"rendered":"<p style=\"text-align: justify;\">Per facilitar la conciliaci\u00f3 de la vida laboral amb els horaris escolars, l&#8217;escola\u00a0posa a la vostra disposici\u00f3 un servei d&#8217;acollida matinal previ a l&#8217;inici de l&#8217;horari escolar. Aquest servei est\u00e0 destinat a alumnes fixos i espor\u00e0dics.<\/p>\n<p style=\"text-align: justify;\">L&#8217;horari del servei d&#8217;acollida matinal \u00e9s de 7:45h a 9:00h. Els infants poden portar l&#8217;esmorzar a l&#8217;escola sempre que arribin abans de les 8:30h, doncs a partir d&#8217;aquest moment cada educadora els passar\u00e0 a buscar per anar als respectius espais.<\/p>\n<p>&nbsp;<\/p>\n","protected":false},"excerpt":{"rendered":"<p>Per facilitar la conciliaci\u00f3 de la vida laboral amb els horaris escolars, l&#8217;escola\u00a0posa a la vostra disposici\u00f3 un servei d&#8217;acollida matinal previ a l&#8217;inici de l&#8217;horari escolar. Aquest servei est\u00e0 destinat a alumnes fixos i espor\u00e0dics.<br \/>\nL&#8217;horari del servei d&#8217;acollida matinal \u00e9s de 7:45h a 9:00h.&hellip;  <a href=\"https:\/\/agora.xtec.cat\/ebmgegantdelpi-caldes\/informem\/servei-dacollida\/\" title=\"Read Servei d&#8217;acollida\">Llegeix m\u00e9s\u00bb<\/a><\/p>\n","protected":false},"author":1,"featured_media":0,"parent":104,"menu_order":2,"comment_status":"closed","ping_status":"closed","template":"page-templates\/side-menu.php","meta":{"_bbp_topic_count":0,"_bbp_reply_count":0,"_bbp_total_topic_count":0,"_bbp_total_reply_count":0,"_bbp_voice_count":0,"_bbp_anonymous_reply_count":0,"_bbp_topic_count_hidden":0,"_bbp_reply_count_hidden":0,"_bbp_forum_subforum_count":0,"footnotes":""},"class_list":["post-148","page","type-page","status-publish","hentry"],"post_mailing_queue_ids":[],"_links":{"self":[{"href":"https:\/\/agora.xtec.cat\/ebmgegantdelpi-caldes\/wp-json\/wp\/v2\/pages\/148","targetHints":{"allow":["GET"]}}],"collection":[{"href":"https:\/\/agora.xtec.cat\/ebmgegantdelpi-caldes\/wp-json\/wp\/v2\/pages"}],"about":[{"href":"https:\/\/agora.xtec.cat\/ebmgegantdelpi-caldes\/wp-json\/wp\/v2\/types\/page"}],"author":[{"embeddable":true,"href":"https:\/\/agora.xtec.cat\/ebmgegantdelpi-caldes\/wp-json\/wp\/v2\/users\/1"}],"replies":[{"embeddable":true,"href":"https:\/\/agora.xtec.cat\/ebmgegantdelpi-caldes\/wp-json\/wp\/v2\/comments?post=148"}],"version-history":[{"count":3,"href":"https:\/\/agora.xtec.cat\/ebmgegantdelpi-caldes\/wp-json\/wp\/v2\/pages\/148\/revisions"}],"predecessor-version":[{"id":3329,"href":"https:\/\/agora.xtec.cat\/ebmgegantdelpi-caldes\/wp-json\/wp\/v2\/pages\/148\/revisions\/3329"}],"up":[{"embeddable":true,"href":"https:\/\/agora.xtec.cat\/ebmgegantdelpi-caldes\/wp-json\/wp\/v2\/pages\/104"}],"wp:attachment":[{"href":"https:\/\/agora.xtec.cat\/ebmgegantdelpi-caldes\/wp-json\/wp\/v2\/media?parent=148"}],"curies":[{"name":"wp","href":"https:\/\/api.w.org\/{rel}","templated":true}]}}