{"id":146,"date":"2017-03-28T15:46:15","date_gmt":"2017-03-28T13:46:15","guid":{"rendered":"http:\/\/blocs.xtec.cat\/ebmgegantdelpi\/?page_id=146"},"modified":"2020-09-27T17:59:56","modified_gmt":"2020-09-27T15:59:56","slug":"menjador","status":"publish","type":"page","link":"https:\/\/agora.xtec.cat\/ebmgegantdelpi-caldes\/informem\/menjador\/","title":{"rendered":"Menjador"},"content":{"rendered":"<p style=\"text-align: left;\"><strong>VEURE MEN\u00daS DE MENJADOR\u00a0<\/strong><\/p>\n<p style=\"text-align: center;\"><iframe loading=\"lazy\" src=\"https:\/\/drive.google.com\/embeddedfolderview?id=0B3X9YDafIIMWOXZmcENNSUNQb2M#grid\" width=\"700\" height=\"250\" frameborder=\"0\"><\/iframe><\/p>\n<p><strong>L&#8217;ESTONA DEL MIGDIA<\/strong><\/p>\n<p style=\"text-align: justify;\">Entenem que l&#8217;estona del migdia \u00e9s educativa i, per tant, continuem treballant per fer avan\u00e7ar l&#8217;infant cap al desenvolupament de les seves capacitats i de la seva autonomia personal, fomentant-li una actitud activa en el moment de satisfer-li les seves necessitats biol\u00f2giques (menjar, dormir i control d&#8217;esf\u00ednters) i quan realitza activitats de cura personal (neteja, canvi de bolquer, vestir i desvestir).<\/p>\n<p style=\"text-align: justify;\">L&#8217;escola t\u00e9 una cuina pr\u00f2pia on s&#8217;elaboren els dinars per als infants que utilitzen el servei de menjador. S&#8217;aposta per oferir una cuina saludable, equilibrada i mediterr\u00e0nia amb la incorporaci\u00f3 de nous aliments. Per aix\u00f2 esdev\u00e9 primordial que els aliments siguin de proximitat i tamb\u00e9 de temporada.<\/p>\n<p><a href=\"https:\/\/agora.xtec.cat\/ebmgegantdelpi-caldes\/wp-content\/uploads\/usu1540\/2019\/10\/C\u00f2pia-de-cuina.jpg\"><img loading=\"lazy\" decoding=\"async\" class=\"size-medium wp-image-1197 aligncenter\" src=\"https:\/\/agora.xtec.cat\/ebmgegantdelpi-caldes\/wp-content\/uploads\/usu1540\/2019\/10\/C\u00f2pia-de-cuina-300x200.jpg\" alt=\"\" width=\"300\" height=\"200\" srcset=\"https:\/\/agora.xtec.cat\/ebmgegantdelpi-caldes\/wp-content\/uploads\/usu1540\/2019\/10\/C\u00f2pia-de-cuina-300x200.jpg 300w, https:\/\/agora.xtec.cat\/ebmgegantdelpi-caldes\/wp-content\/uploads\/usu1540\/2019\/10\/C\u00f2pia-de-cuina-768x512.jpg 768w, https:\/\/agora.xtec.cat\/ebmgegantdelpi-caldes\/wp-content\/uploads\/usu1540\/2019\/10\/C\u00f2pia-de-cuina-1024x683.jpg 1024w, https:\/\/agora.xtec.cat\/ebmgegantdelpi-caldes\/wp-content\/uploads\/usu1540\/2019\/10\/C\u00f2pia-de-cuina.jpg 1920w\" sizes=\"auto, (max-width: 300px) 100vw, 300px\" \/><\/a><\/p>\n<p style=\"text-align: justify;\">Els men\u00fas estan fets per una dietista col\u00b7legiada i seguint la normativa que marca la Generalitat. S\u00f3n variats i adaptats a les edats i a les necessitats de cada infant. Aix\u00ed, hi ha la possibilitat d&#8217;oferir men\u00fas adaptats a aquelles dietes que hagi de seguir l&#8217;infant, ja sigui per prescripci\u00f3 m\u00e8dica (cel\u00edac, intoler\u00e0ncia a la lactosa, a l&#8217;ou, o a qualsevol altre aliment), o b\u00e9 per motius culturals o religiosos.<\/p>\n<p style=\"text-align: justify;\">A l&#8217;espai Enxanetes es t\u00e9 en compte que s\u00f3n beb\u00e8s entre 4 i 9 mesos i que cada un d&#8217;ells t\u00e9 un ritme diferent tant d&#8217;alimentaci\u00f3 com de son, d&#8217;acord amb el seu proc\u00e9s evolutiu.<\/p>\n<p style=\"text-align: justify;\">La incorporaci\u00f3 de nous aliments es fa de manera progressiva i d&#8217;acord amb la fam\u00edlia. Per aix\u00f2, es recomana incorporar nous aliments primer a casa de manera progressiva, lenta i en petites quantitats, respectant un interval d&#8217;alguns dies (4 o 5) per a cada nou aliment, tot respectant el ritme de l&#8217;infant.<\/p>\n<p><a href=\"https:\/\/agora.xtec.cat\/ebmgegantdelpi-caldes\/eduquem\/habits-i-rutines\/lestona-del-migdia\/\">Cliqueu aqu\u00ed<\/a> i us expliquem amb m\u00e9s detall com ho fem!<\/p>\n<p style=\"text-align: justify;\">\n","protected":false},"excerpt":{"rendered":"<p>VEURE MEN\u00daS DE MENJADOR\u00a0<\/p>\n<p>L&#8217;ESTONA DEL MIGDIA<br \/>\nEntenem que l&#8217;estona del migdia \u00e9s educativa i, per tant, continuem treballant per fer avan\u00e7ar l&#8217;infant cap al desenvolupament de les seves capacitats i de la seva autonomia personal, fomentant-li una actitud activa en el moment de satisfer-li les seves&hellip;  <a href=\"https:\/\/agora.xtec.cat\/ebmgegantdelpi-caldes\/informem\/menjador\/\" title=\"Read Menjador\">Llegeix m\u00e9s\u00bb<\/a><\/p>\n","protected":false},"author":1,"featured_media":0,"parent":104,"menu_order":3,"comment_status":"closed","ping_status":"closed","template":"page-templates\/side-menu.php","meta":{"_bbp_topic_count":0,"_bbp_reply_count":0,"_bbp_total_topic_count":0,"_bbp_total_reply_count":0,"_bbp_voice_count":0,"_bbp_anonymous_reply_count":0,"_bbp_topic_count_hidden":0,"_bbp_reply_count_hidden":0,"_bbp_forum_subforum_count":0,"footnotes":""},"class_list":["post-146","page","type-page","status-publish","hentry"],"post_mailing_queue_ids":[],"_links":{"self":[{"href":"https:\/\/agora.xtec.cat\/ebmgegantdelpi-caldes\/wp-json\/wp\/v2\/pages\/146","targetHints":{"allow":["GET"]}}],"collection":[{"href":"https:\/\/agora.xtec.cat\/ebmgegantdelpi-caldes\/wp-json\/wp\/v2\/pages"}],"about":[{"href":"https:\/\/agora.xtec.cat\/ebmgegantdelpi-caldes\/wp-json\/wp\/v2\/types\/page"}],"author":[{"embeddable":true,"href":"https:\/\/agora.xtec.cat\/ebmgegantdelpi-caldes\/wp-json\/wp\/v2\/users\/1"}],"replies":[{"embeddable":true,"href":"https:\/\/agora.xtec.cat\/ebmgegantdelpi-caldes\/wp-json\/wp\/v2\/comments?post=146"}],"version-history":[{"count":3,"href":"https:\/\/agora.xtec.cat\/ebmgegantdelpi-caldes\/wp-json\/wp\/v2\/pages\/146\/revisions"}],"predecessor-version":[{"id":2741,"href":"https:\/\/agora.xtec.cat\/ebmgegantdelpi-caldes\/wp-json\/wp\/v2\/pages\/146\/revisions\/2741"}],"up":[{"embeddable":true,"href":"https:\/\/agora.xtec.cat\/ebmgegantdelpi-caldes\/wp-json\/wp\/v2\/pages\/104"}],"wp:attachment":[{"href":"https:\/\/agora.xtec.cat\/ebmgegantdelpi-caldes\/wp-json\/wp\/v2\/media?parent=146"}],"curies":[{"name":"wp","href":"https:\/\/api.w.org\/{rel}","templated":true}]}}