{"id":138,"date":"2017-03-28T15:43:35","date_gmt":"2017-03-28T13:43:35","guid":{"rendered":"http:\/\/blocs.xtec.cat\/ebmgegantdelpi\/?page_id=138"},"modified":"2022-11-16T13:58:55","modified_gmt":"2022-11-16T12:58:55","slug":"horaris","status":"publish","type":"page","link":"https:\/\/agora.xtec.cat\/ebmgegantdelpi-caldes\/informem\/horaris\/","title":{"rendered":"Horaris"},"content":{"rendered":"<p style=\"text-align: justify;\">La nostra escola est\u00e0 oberta de 7:45h a 17:00h. Les franges hor\u00e0ries que oferim s\u00f3n:<\/p>\n<p style=\"text-align: justify;\"><strong>De 7:45h a 9:00h:<\/strong> servei d&#8217;acollida, en qu\u00e8 els infants poden esmorzar.<\/p>\n<p style=\"text-align: justify;\"><strong>De 9:00h a 12:00h i de 15:00h a 17:00h:<\/strong> horari escolar en qu\u00e8 l&#8217;infant est\u00e0 en companyia de la resta d&#8217;infants del grup.<\/p>\n<p style=\"text-align: justify;\"><strong>De 12:00 h a 15:00 h:<\/strong> servei de migdia, en qu\u00e8, a banda de dinar, els infants tamb\u00e9 fan la migdiada. \u00c9s convenient comunicar que l&#8217;infant es queda a dinar abans de les 9:30 h.<\/p>\n<p style=\"text-align: justify;\"><strong>Horari d&#8217;entrada:<\/strong> de 9:00h a 9:30 h \u00a0i de 15:00 h a 15:30 h.<\/p>\n<p style=\"text-align: justify;\"><strong>Horari de sortida:<\/strong> de 11:45 h a 12:00 h \u00a0i de 16:30 h a 17:00 h.<\/p>\n<p style=\"text-align: justify;\"><strong>Horari dels nadons de l&#8217;espai Enxanetes: <\/strong>en<strong>\u00a0<\/strong>aquest grup, donades les caracter\u00edstiques pr\u00f2pies d&#8217;aquests infants, s&#8217;acorda conjuntament entre fam\u00edlia i escola l&#8217;horari d&#8217;assist\u00e8ncia m\u00e9s adequat en funci\u00f3 del moment evolutiu i les necessitats biol\u00f2giques de cada infant (son, gana, etc.). Segons aquesta flexibilitat, a inici de curs, es permet fer l&#8217;horari escolar de forma continuada, tot respectant el ritme de l&#8217;infant. No obstant aix\u00f2, per\u00f2, a partir dels 7 mesos, si l&#8217;infant est\u00e0 fent horari continuat, i es queda a l&#8217;estona del migdia (de 12 h a 15 h), la fam\u00edlia ha d&#8217;abonar la quota corresponent al servei del migdia.<\/p>\n<p style=\"text-align: justify;\"><strong>Horari intensiu:<\/strong> a partir del 16 de juny, l&#8217;horari de l&#8217;escola \u00e9s intensiu de 7:45 h a 12:00 h i fins a les 15:00 h per als infants que es quedin a dinar. L&#8217;horari d&#8217;acollida al mat\u00ed es mant\u00e9.<\/p>\n","protected":false},"excerpt":{"rendered":"<p>La nostra escola est\u00e0 oberta de 7:45h a 17:00h. Les franges hor\u00e0ries que oferim s\u00f3n:<br \/>\nDe 7:45h a 9:00h: servei d&#8217;acollida, en qu\u00e8 els infants poden esmorzar.<br \/>\nDe 9:00h a 12:00h i de 15:00h a 17:00h: horari escolar en qu\u00e8 l&#8217;infant est\u00e0 en companyia de la resta&hellip;  <a href=\"https:\/\/agora.xtec.cat\/ebmgegantdelpi-caldes\/informem\/horaris\/\" title=\"Read Horaris\">Llegeix m\u00e9s\u00bb<\/a><\/p>\n","protected":false},"author":1,"featured_media":0,"parent":104,"menu_order":2,"comment_status":"closed","ping_status":"closed","template":"page-templates\/side-menu.php","meta":{"_bbp_topic_count":0,"_bbp_reply_count":0,"_bbp_total_topic_count":0,"_bbp_total_reply_count":0,"_bbp_voice_count":0,"_bbp_anonymous_reply_count":0,"_bbp_topic_count_hidden":0,"_bbp_reply_count_hidden":0,"_bbp_forum_subforum_count":0,"footnotes":""},"class_list":["post-138","page","type-page","status-publish","hentry"],"post_mailing_queue_ids":[],"_links":{"self":[{"href":"https:\/\/agora.xtec.cat\/ebmgegantdelpi-caldes\/wp-json\/wp\/v2\/pages\/138","targetHints":{"allow":["GET"]}}],"collection":[{"href":"https:\/\/agora.xtec.cat\/ebmgegantdelpi-caldes\/wp-json\/wp\/v2\/pages"}],"about":[{"href":"https:\/\/agora.xtec.cat\/ebmgegantdelpi-caldes\/wp-json\/wp\/v2\/types\/page"}],"author":[{"embeddable":true,"href":"https:\/\/agora.xtec.cat\/ebmgegantdelpi-caldes\/wp-json\/wp\/v2\/users\/1"}],"replies":[{"embeddable":true,"href":"https:\/\/agora.xtec.cat\/ebmgegantdelpi-caldes\/wp-json\/wp\/v2\/comments?post=138"}],"version-history":[{"count":3,"href":"https:\/\/agora.xtec.cat\/ebmgegantdelpi-caldes\/wp-json\/wp\/v2\/pages\/138\/revisions"}],"predecessor-version":[{"id":4449,"href":"https:\/\/agora.xtec.cat\/ebmgegantdelpi-caldes\/wp-json\/wp\/v2\/pages\/138\/revisions\/4449"}],"up":[{"embeddable":true,"href":"https:\/\/agora.xtec.cat\/ebmgegantdelpi-caldes\/wp-json\/wp\/v2\/pages\/104"}],"wp:attachment":[{"href":"https:\/\/agora.xtec.cat\/ebmgegantdelpi-caldes\/wp-json\/wp\/v2\/media?parent=138"}],"curies":[{"name":"wp","href":"https:\/\/api.w.org\/{rel}","templated":true}]}}