{"id":136,"date":"2017-03-28T15:42:15","date_gmt":"2017-03-28T13:42:15","guid":{"rendered":"http:\/\/blocs.xtec.cat\/ebmgegantdelpi\/?page_id=136"},"modified":"2020-10-05T16:16:07","modified_gmt":"2020-10-05T14:16:07","slug":"adaptacio","status":"publish","type":"page","link":"https:\/\/agora.xtec.cat\/ebmgegantdelpi-caldes\/eduquem\/adaptacio\/","title":{"rendered":"Adaptaci\u00f3"},"content":{"rendered":"<p style=\"text-align: justify;\">L\u2019<strong>adaptaci\u00f3<\/strong> a l\u2019escola bressol fa refer\u00e8ncia al per\u00edode de temps en que l\u2019infant comen\u00e7a a venir a l\u2019escola. \u00c9s el proc\u00e9s de vinculaci\u00f3 que fa l\u2019infant amb les noves persones i el nou espai que l\u2019acull. Durant aquest proc\u00e9s es creen uns lligams afectius i de confian\u00e7a entre la fam\u00edlia, les educadores i els infants.<\/p>\n<p style=\"text-align: justify;\">Quan l\u2019infant arriba a l\u2019escola, tant si \u00e9s per primera vegada, com si ja venia el curs anterior, \u00e9s probable que se senti insegur, per aix\u00f2 procurem crear una atmosfera tranquil.la i agradable i un espai acollidor.<\/p>\n<p><a href=\"https:\/\/agora.xtec.cat\/ebmgegantdelpi-caldes\/wp-content\/uploads\/usu1540\/2020\/04\/adaptaci\u00f3-3.jpg\"><img loading=\"lazy\" decoding=\"async\" class=\"wp-image-2155 aligncenter\" src=\"https:\/\/agora.xtec.cat\/ebmgegantdelpi-caldes\/wp-content\/uploads\/usu1540\/2020\/04\/adaptaci\u00f3-3-300x225.jpg\" alt=\"\" width=\"392\" height=\"294\" srcset=\"https:\/\/agora.xtec.cat\/ebmgegantdelpi-caldes\/wp-content\/uploads\/usu1540\/2020\/04\/adaptaci\u00f3-3-300x225.jpg 300w, https:\/\/agora.xtec.cat\/ebmgegantdelpi-caldes\/wp-content\/uploads\/usu1540\/2020\/04\/adaptaci\u00f3-3-200x150.jpg 200w, https:\/\/agora.xtec.cat\/ebmgegantdelpi-caldes\/wp-content\/uploads\/usu1540\/2020\/04\/adaptaci\u00f3-3.jpg 400w\" sizes=\"auto, (max-width: 392px) 100vw, 392px\" \/><\/a><\/p>\n<p style=\"text-align: justify;\"><span style=\"font-weight: 400;\">Durant el proc\u00e9s d&#8217;adaptaci\u00f3 i en funci\u00f3 de les necessitats de cada fam\u00edlia, convidem a que el temps d\u2019estada a l\u2019espai de refer\u00e8ncia sigui el que entre tots es cregui necessari. A vegades no \u00e9s suficient amb nom\u00e9s acompanyar l\u2019infant fins a l&#8217;espai, hi ha infants que necessiten un temps per estar segurs. Per aix\u00f2 convidem a totes les fam\u00edlies que entrin a l\u2019escola, que no es quedin a la porta sin\u00f3 que arribin fins a dins i all\u00e0, poden veure altres fam\u00edlies, altres infants i, les educadores de refer\u00e8ncia amb les que, d\u2019una manera natural, es parla cada dia per explicar-nos m\u00fatuament, canvis, novetats, etc.\u00a0<\/span><\/p>\n<p style=\"text-align: justify;\">Per acompanyar l\u2019infant de la millor manera possible, fem diferents torns d\u2019adaptaci\u00f3 i aix\u00ed podem acollir-lo de forma m\u00e9s individualitzada.<a href=\"https:\/\/agora.xtec.cat\/ebmgegantdelpi-caldes\/wp-content\/uploads\/usu1540\/2020\/04\/adaptaci\u00f3-2.jpg\"><img loading=\"lazy\" decoding=\"async\" class=\" wp-image-2154 alignright\" src=\"https:\/\/agora.xtec.cat\/ebmgegantdelpi-caldes\/wp-content\/uploads\/usu1540\/2020\/04\/adaptaci\u00f3-2-225x300.jpg\" alt=\"\" width=\"293\" height=\"391\" srcset=\"https:\/\/agora.xtec.cat\/ebmgegantdelpi-caldes\/wp-content\/uploads\/usu1540\/2020\/04\/adaptaci\u00f3-2-225x300.jpg 225w, https:\/\/agora.xtec.cat\/ebmgegantdelpi-caldes\/wp-content\/uploads\/usu1540\/2020\/04\/adaptaci\u00f3-2.jpg 400w\" sizes=\"auto, (max-width: 293px) 100vw, 293px\" \/><\/a><\/p>\n<p><a href=\"https:\/\/agora.xtec.cat\/ebmgegantdelpi-caldes\/wp-content\/uploads\/usu1540\/2020\/04\/adaptaci\u00f3-1.jpg\"><img loading=\"lazy\" decoding=\"async\" class=\" wp-image-2153 alignleft\" src=\"https:\/\/agora.xtec.cat\/ebmgegantdelpi-caldes\/wp-content\/uploads\/usu1540\/2020\/04\/adaptaci\u00f3-1-300x225.jpg\" alt=\"\" width=\"381\" height=\"286\" srcset=\"https:\/\/agora.xtec.cat\/ebmgegantdelpi-caldes\/wp-content\/uploads\/usu1540\/2020\/04\/adaptaci\u00f3-1-300x225.jpg 300w, https:\/\/agora.xtec.cat\/ebmgegantdelpi-caldes\/wp-content\/uploads\/usu1540\/2020\/04\/adaptaci\u00f3-1-200x150.jpg 200w, https:\/\/agora.xtec.cat\/ebmgegantdelpi-caldes\/wp-content\/uploads\/usu1540\/2020\/04\/adaptaci\u00f3-1.jpg 400w\" sizes=\"auto, (max-width: 381px) 100vw, 381px\" \/><\/a><\/p>\n<p>&nbsp;<\/p>\n<p>&nbsp;<\/p>\n<p>&nbsp;<\/p>\n<p>&nbsp;<\/p>\n<p>&nbsp;<\/p>\n<p>&nbsp;<\/p>\n<p>&nbsp;<\/p>\n<p style=\"text-align: justify;\">Per facilitar aquest proc\u00e9s es comen\u00e7a a venir a l\u2019escola poca estona i l\u2019horari es va allargant de forma progressiva.<\/p>\n<p style=\"text-align: justify;\"><strong>L\u2019objectiu prioritari \u00e9s el benestar de l\u2019infant , donar-li el temps que necessita.<\/strong><\/p>\n","protected":false},"excerpt":{"rendered":"<p>L\u2019adaptaci\u00f3 a l\u2019escola bressol fa refer\u00e8ncia al per\u00edode de temps en que l\u2019infant comen\u00e7a a venir a l\u2019escola. \u00c9s el proc\u00e9s de vinculaci\u00f3 que fa l\u2019infant amb les noves persones i el nou espai que l\u2019acull. Durant aquest proc\u00e9s es creen uns lligams afectius i&hellip;  <a href=\"https:\/\/agora.xtec.cat\/ebmgegantdelpi-caldes\/eduquem\/adaptacio\/\" title=\"Read Adaptaci\u00f3\">Llegeix m\u00e9s\u00bb<\/a><\/p>\n","protected":false},"author":1,"featured_media":0,"parent":98,"menu_order":4,"comment_status":"closed","ping_status":"closed","template":"page-templates\/side-menu.php","meta":{"_bbp_topic_count":0,"_bbp_reply_count":0,"_bbp_total_topic_count":0,"_bbp_total_reply_count":0,"_bbp_voice_count":0,"_bbp_anonymous_reply_count":0,"_bbp_topic_count_hidden":0,"_bbp_reply_count_hidden":0,"_bbp_forum_subforum_count":0,"footnotes":""},"class_list":["post-136","page","type-page","status-publish","hentry"],"post_mailing_queue_ids":[],"_links":{"self":[{"href":"https:\/\/agora.xtec.cat\/ebmgegantdelpi-caldes\/wp-json\/wp\/v2\/pages\/136","targetHints":{"allow":["GET"]}}],"collection":[{"href":"https:\/\/agora.xtec.cat\/ebmgegantdelpi-caldes\/wp-json\/wp\/v2\/pages"}],"about":[{"href":"https:\/\/agora.xtec.cat\/ebmgegantdelpi-caldes\/wp-json\/wp\/v2\/types\/page"}],"author":[{"embeddable":true,"href":"https:\/\/agora.xtec.cat\/ebmgegantdelpi-caldes\/wp-json\/wp\/v2\/users\/1"}],"replies":[{"embeddable":true,"href":"https:\/\/agora.xtec.cat\/ebmgegantdelpi-caldes\/wp-json\/wp\/v2\/comments?post=136"}],"version-history":[{"count":3,"href":"https:\/\/agora.xtec.cat\/ebmgegantdelpi-caldes\/wp-json\/wp\/v2\/pages\/136\/revisions"}],"predecessor-version":[{"id":2754,"href":"https:\/\/agora.xtec.cat\/ebmgegantdelpi-caldes\/wp-json\/wp\/v2\/pages\/136\/revisions\/2754"}],"up":[{"embeddable":true,"href":"https:\/\/agora.xtec.cat\/ebmgegantdelpi-caldes\/wp-json\/wp\/v2\/pages\/98"}],"wp:attachment":[{"href":"https:\/\/agora.xtec.cat\/ebmgegantdelpi-caldes\/wp-json\/wp\/v2\/media?parent=136"}],"curies":[{"name":"wp","href":"https:\/\/api.w.org\/{rel}","templated":true}]}}