{"id":134,"date":"2017-03-28T15:41:19","date_gmt":"2017-03-28T13:41:19","guid":{"rendered":"http:\/\/blocs.xtec.cat\/ebmgegantdelpi\/?page_id=134"},"modified":"2020-05-05T12:59:30","modified_gmt":"2020-05-05T10:59:30","slug":"habits-i-rutines","status":"publish","type":"page","link":"https:\/\/agora.xtec.cat\/ebmgegantdelpi-caldes\/eduquem\/habits-i-rutines\/","title":{"rendered":"H\u00e0bits i rutines"},"content":{"rendered":"<p><b>L\u2019AUTONOMIA DE L\u2019INFANT <\/b><\/p>\n<p style=\"text-align: justify;\">Des que neix, l\u2019infant es va fent aut\u00f2nom i surt\u00a0d\u2019ell mateix l&#8217;inter\u00e8s per ser-ho.<\/p>\n<p style=\"text-align: justify;\">L\u2019infant \u00e9s actiu i capa\u00e7 de fer coses, per aix\u00f2, a l\u2019escola iniciem una s\u00e8rie d\u2019h\u00e0bits, unes \u201crutines\u201d que l&#8217;ajuden a situar-se i orientar-se a cada moment del dia. Tots aquests h\u00e0bits afavoreixen la seva la autonomia. Les educadores li\u00a0oferim el temps i la calma per anar-los fent seus, sempre amb afecte i respecte, sense cap imposici\u00f3.<\/p>\n<p style=\"text-align: justify;\">A l\u2019escola li proporcionem l\u2019espai per posar en pr\u00e0ctica <b>habilitats <\/b>(menjar, rentar-se les mans, posar-se i treure\u2019s la roba, etc) <b>valors <\/b>(respecte, compartir, esperar, etc) \u00a0<b>l\u00edmits i normes<\/b> (seure per menjar, utilitzar els coberts, etc.).<\/p>\n<p><a href=\"https:\/\/agora.xtec.cat\/ebmgegantdelpi-caldes\/wp-content\/uploads\/usu1540\/2020\/05\/IMG_1058_opt.jpg\">\u00a0\u00a0<img loading=\"lazy\" decoding=\"async\" class=\"alignnone wp-image-2270\" src=\"https:\/\/agora.xtec.cat\/ebmgegantdelpi-caldes\/wp-content\/uploads\/usu1540\/2020\/05\/IMG_1058_opt-300x225.jpg\" alt=\"\" width=\"304\" height=\"228\" srcset=\"https:\/\/agora.xtec.cat\/ebmgegantdelpi-caldes\/wp-content\/uploads\/usu1540\/2020\/05\/IMG_1058_opt-300x225.jpg 300w, https:\/\/agora.xtec.cat\/ebmgegantdelpi-caldes\/wp-content\/uploads\/usu1540\/2020\/05\/IMG_1058_opt-200x150.jpg 200w, https:\/\/agora.xtec.cat\/ebmgegantdelpi-caldes\/wp-content\/uploads\/usu1540\/2020\/05\/IMG_1058_opt.jpg 400w\" sizes=\"auto, (max-width: 304px) 100vw, 304px\" \/><\/a> \u00a0 \u00a0 <a href=\"https:\/\/agora.xtec.cat\/ebmgegantdelpi-caldes\/wp-content\/uploads\/usu1540\/2020\/05\/autonomia4_opt.jpg\"><img loading=\"lazy\" decoding=\"async\" class=\"alignnone size-medium wp-image-2280\" src=\"https:\/\/agora.xtec.cat\/ebmgegantdelpi-caldes\/wp-content\/uploads\/usu1540\/2020\/05\/autonomia4_opt-300x225.jpg\" alt=\"\" width=\"300\" height=\"225\" srcset=\"https:\/\/agora.xtec.cat\/ebmgegantdelpi-caldes\/wp-content\/uploads\/usu1540\/2020\/05\/autonomia4_opt-300x225.jpg 300w, https:\/\/agora.xtec.cat\/ebmgegantdelpi-caldes\/wp-content\/uploads\/usu1540\/2020\/05\/autonomia4_opt-200x150.jpg 200w, https:\/\/agora.xtec.cat\/ebmgegantdelpi-caldes\/wp-content\/uploads\/usu1540\/2020\/05\/autonomia4_opt.jpg 400w\" sizes=\"auto, (max-width: 300px) 100vw, 300px\" \/><\/a>\u00a0 <a href=\"https:\/\/agora.xtec.cat\/ebmgegantdelpi-caldes\/wp-content\/uploads\/usu1540\/2020\/05\/autonomia5_opt.jpg\"><img loading=\"lazy\" decoding=\"async\" class=\"alignnone size-medium wp-image-2279\" src=\"https:\/\/agora.xtec.cat\/ebmgegantdelpi-caldes\/wp-content\/uploads\/usu1540\/2020\/05\/autonomia5_opt-300x225.jpg\" alt=\"\" width=\"300\" height=\"225\" srcset=\"https:\/\/agora.xtec.cat\/ebmgegantdelpi-caldes\/wp-content\/uploads\/usu1540\/2020\/05\/autonomia5_opt-300x225.jpg 300w, https:\/\/agora.xtec.cat\/ebmgegantdelpi-caldes\/wp-content\/uploads\/usu1540\/2020\/05\/autonomia5_opt-200x150.jpg 200w, https:\/\/agora.xtec.cat\/ebmgegantdelpi-caldes\/wp-content\/uploads\/usu1540\/2020\/05\/autonomia5_opt.jpg 400w\" sizes=\"auto, (max-width: 300px) 100vw, 300px\" \/><\/a><\/p>\n<p style=\"text-align: justify;\">D\u2019acord amb la seva edat i maduresa aquesta autonomia va avan\u00e7ant.<\/p>\n<p style=\"text-align: justify;\">Anem ajustant l&#8217;organitzaci\u00f3 de tots aquests moments, per a qu\u00e8 esdevinguin fluids i, aix\u00ed, anem aconseguint un ambient tranquil i un clima de confian\u00e7a. Cada moment quotidi\u00e0 \u00e9s una oportunitat d&#8217;aprenentatge per als infants. Per aix\u00f2 li donem molt valor a aquestes petites experi\u00e8ncies di\u00e0ries, facilitant la participaci\u00f3 i la col\u00b7laboraci\u00f3 de cada infant, respectant el temps perqu\u00e8 cadasc\u00fa ho faci al seu propi ritme, sense presses. <span style=\"font-weight: 400;\">S\u00f3n activitats de cura i d\u2019atenci\u00f3 personal on els infants necessiten de l\u2019adult.\u00a0<\/span><\/p>\n<p style=\"text-align: center;\"><b>Un infant que vol ser aut\u00f2nom \u00e9s un infant lliure i amb una alta autoestima.<\/b><\/p>\n<p style=\"text-align: center;\"><b>\u00c9s un infant feli\u00e7.<\/b><\/p>\n","protected":false},"excerpt":{"rendered":"<p>L\u2019AUTONOMIA DE L\u2019INFANT<br \/>\nDes que neix, l\u2019infant es va fent aut\u00f2nom i surt\u00a0d\u2019ell mateix l&#8217;inter\u00e8s per ser-ho.<br \/>\nL\u2019infant \u00e9s actiu i capa\u00e7 de fer coses, per aix\u00f2, a l\u2019escola iniciem una s\u00e8rie d\u2019h\u00e0bits, unes \u201crutines\u201d que l&#8217;ajuden a situar-se i orientar-se a cada moment del dia.&hellip;  <a href=\"https:\/\/agora.xtec.cat\/ebmgegantdelpi-caldes\/eduquem\/habits-i-rutines\/\" title=\"Read H\u00e0bits i rutines\">Llegeix m\u00e9s\u00bb<\/a><\/p>\n","protected":false},"author":1,"featured_media":0,"parent":98,"menu_order":2,"comment_status":"closed","ping_status":"closed","template":"page-templates\/side-menu.php","meta":{"_bbp_topic_count":0,"_bbp_reply_count":0,"_bbp_total_topic_count":0,"_bbp_total_reply_count":0,"_bbp_voice_count":0,"_bbp_anonymous_reply_count":0,"_bbp_topic_count_hidden":0,"_bbp_reply_count_hidden":0,"_bbp_forum_subforum_count":0,"footnotes":""},"class_list":["post-134","page","type-page","status-publish","hentry"],"post_mailing_queue_ids":[],"_links":{"self":[{"href":"https:\/\/agora.xtec.cat\/ebmgegantdelpi-caldes\/wp-json\/wp\/v2\/pages\/134","targetHints":{"allow":["GET"]}}],"collection":[{"href":"https:\/\/agora.xtec.cat\/ebmgegantdelpi-caldes\/wp-json\/wp\/v2\/pages"}],"about":[{"href":"https:\/\/agora.xtec.cat\/ebmgegantdelpi-caldes\/wp-json\/wp\/v2\/types\/page"}],"author":[{"embeddable":true,"href":"https:\/\/agora.xtec.cat\/ebmgegantdelpi-caldes\/wp-json\/wp\/v2\/users\/1"}],"replies":[{"embeddable":true,"href":"https:\/\/agora.xtec.cat\/ebmgegantdelpi-caldes\/wp-json\/wp\/v2\/comments?post=134"}],"version-history":[{"count":4,"href":"https:\/\/agora.xtec.cat\/ebmgegantdelpi-caldes\/wp-json\/wp\/v2\/pages\/134\/revisions"}],"predecessor-version":[{"id":2290,"href":"https:\/\/agora.xtec.cat\/ebmgegantdelpi-caldes\/wp-json\/wp\/v2\/pages\/134\/revisions\/2290"}],"up":[{"embeddable":true,"href":"https:\/\/agora.xtec.cat\/ebmgegantdelpi-caldes\/wp-json\/wp\/v2\/pages\/98"}],"wp:attachment":[{"href":"https:\/\/agora.xtec.cat\/ebmgegantdelpi-caldes\/wp-json\/wp\/v2\/media?parent=134"}],"curies":[{"name":"wp","href":"https:\/\/api.w.org\/{rel}","templated":true}]}}