{"id":132,"date":"2017-03-28T15:40:14","date_gmt":"2017-03-28T13:40:14","guid":{"rendered":"http:\/\/blocs.xtec.cat\/ebmgegantdelpi\/?page_id=132"},"modified":"2020-10-05T16:13:58","modified_gmt":"2020-10-05T14:13:58","slug":"dia-a-dia-a-lescola","status":"publish","type":"page","link":"https:\/\/agora.xtec.cat\/ebmgegantdelpi-caldes\/eduquem\/dia-a-dia-a-lescola\/","title":{"rendered":"Dia a dia a l&#8217;escola"},"content":{"rendered":"<p style=\"text-align: justify;\"><span style=\"font-weight: 400;\">El nostre principal objectiu \u00e9s que l\u2019<strong>infant tingui benestar i sigui feli\u00e7.<\/strong> <\/span><\/p>\n<p style=\"text-align: justify;\"><span style=\"font-weight: 400;\">Prioritzem el seu benestar, l\u2019acompanyem i li oferim l\u2019espai perqu\u00e8 avanci per si sol, tenint cura de satisfer les seves necessitats biol\u00f2giques.Treballem per donar temps i espai per a qu\u00e8 cada infant pugui trobar el seu ritme, sense presses ni pressions, sempre respectant totes les individualitats.Que es sentin acollits, reconeguts, estimats i segurs f\u00edsica i emocionalment. Per aix\u00f2 confiem en ells, en les seves capacitats d\u2019acci\u00f3 i els encoratgem a expressar-les i sobretot vetllem per a que s&#8217;estableixi un bon vincle amb l\u2019adult, donant-los tranquil\u00b7litat, respecte i confian\u00e7a.<br \/>\n<\/span><\/p>\n<p style=\"text-align: justify;\">Tota l&#8217;organitzaci\u00f3 est\u00e0 en funci\u00f3 de la vida de l&#8217;infant al llarg de tota la jornada. Us volem transmetre que a l\u2019escola no fem fer coses als infants, sin\u00f3 que els acompanyem i deixem que ells facin, mantenint-nos disponibles sota la nostra mirada i escolta atenta en els seus particulars processos de creixement.<\/p>\n<p style=\"text-align: justify;\"><a href=\"https:\/\/agora.xtec.cat\/ebmgegantdelpi-caldes\/wp-content\/uploads\/usu1540\/2020\/04\/dia-a-dia.jpg\"><img loading=\"lazy\" decoding=\"async\" class=\"wp-image-2163 alignright\" src=\"https:\/\/agora.xtec.cat\/ebmgegantdelpi-caldes\/wp-content\/uploads\/usu1540\/2020\/04\/dia-a-dia-300x225.jpg\" alt=\"\" width=\"387\" height=\"290\" srcset=\"https:\/\/agora.xtec.cat\/ebmgegantdelpi-caldes\/wp-content\/uploads\/usu1540\/2020\/04\/dia-a-dia-300x225.jpg 300w, https:\/\/agora.xtec.cat\/ebmgegantdelpi-caldes\/wp-content\/uploads\/usu1540\/2020\/04\/dia-a-dia-200x150.jpg 200w, https:\/\/agora.xtec.cat\/ebmgegantdelpi-caldes\/wp-content\/uploads\/usu1540\/2020\/04\/dia-a-dia.jpg 400w\" sizes=\"auto, (max-width: 387px) 100vw, 387px\" \/><\/a>.<a href=\"https:\/\/agora.xtec.cat\/ebmgegantdelpi-caldes\/wp-content\/uploads\/usu1540\/2020\/04\/Mi1Mat.jpg\"><img loading=\"lazy\" decoding=\"async\" class=\" wp-image-1857 alignleft\" src=\"https:\/\/agora.xtec.cat\/ebmgegantdelpi-caldes\/wp-content\/uploads\/usu1540\/2020\/04\/Mi1Mat-300x225.jpg\" alt=\"\" width=\"399\" height=\"299\" srcset=\"https:\/\/agora.xtec.cat\/ebmgegantdelpi-caldes\/wp-content\/uploads\/usu1540\/2020\/04\/Mi1Mat-300x225.jpg 300w, https:\/\/agora.xtec.cat\/ebmgegantdelpi-caldes\/wp-content\/uploads\/usu1540\/2020\/04\/Mi1Mat-768x576.jpg 768w, https:\/\/agora.xtec.cat\/ebmgegantdelpi-caldes\/wp-content\/uploads\/usu1540\/2020\/04\/Mi1Mat-1024x768.jpg 1024w, https:\/\/agora.xtec.cat\/ebmgegantdelpi-caldes\/wp-content\/uploads\/usu1540\/2020\/04\/Mi1Mat-200x150.jpg 200w\" sizes=\"auto, (max-width: 399px) 100vw, 399px\" \/><\/a><\/p>\n<p>&nbsp;<\/p>\n<p>&nbsp;<\/p>\n<p>&nbsp;<\/p>\n<p>&nbsp;<\/p>\n<p>&nbsp;<\/p>\n<p>&nbsp;<\/p>\n<p>&nbsp;<\/p>\n<p style=\"text-align: justify;\"><span style=\"font-weight: 400;\">L<\/span>\u2019<strong>infan<\/strong><span style=\"font-family: inherit; font-size: 1em;\"><strong>t apr\u00e8n jugant<\/strong>. Mitjan\u00e7ant el joc, s\u2019inicia en el descobriment del propi cos, en la relaci\u00f3 amb l\u2019entorn i amb els altres. A la nostra escola donem molta import\u00e0ncia a l\u2019organitzaci\u00f3 dels espais i a les propostes que oferim, facilitant que es cre\u00efn situacions d\u2019aprenentatge dins de la quotidianitat del dia a dia. <\/span><span style=\"font-family: inherit; font-size: 1em;\">I que aquesta disposici\u00f3 pugui facilitar un ambient de joc lliure per tal que l&#8217;adult pugui donar resposta de manera individualitzada als moments de vida quotidiana entesos com activitats d&#8217;atenci\u00f3 i cura. <\/span><span style=\"font-family: inherit; font-size: 1em;\">Estem atentes d\u2019ajustar l\u2019espai i el material a les capacitats, les necessitats i el moment evolutiu dels infants. Per aix\u00f2 s\u00f3n espais que van canviant durant el curs, sempre tenint en compte les caracter\u00edstiques generals que defineixen cada grup.\u00a0<\/span><\/p>\n<p><a href=\"https:\/\/agora.xtec.cat\/ebmgegantdelpi-caldes\/wp-content\/uploads\/usu1540\/2020\/04\/dia-a-dia-2.jpg\"><img loading=\"lazy\" decoding=\"async\" class=\"wp-image-2165 aligncenter\" src=\"https:\/\/agora.xtec.cat\/ebmgegantdelpi-caldes\/wp-content\/uploads\/usu1540\/2020\/04\/dia-a-dia-2-300x225.jpg\" alt=\"\" width=\"420\" height=\"315\" srcset=\"https:\/\/agora.xtec.cat\/ebmgegantdelpi-caldes\/wp-content\/uploads\/usu1540\/2020\/04\/dia-a-dia-2-300x225.jpg 300w, https:\/\/agora.xtec.cat\/ebmgegantdelpi-caldes\/wp-content\/uploads\/usu1540\/2020\/04\/dia-a-dia-2-200x150.jpg 200w, https:\/\/agora.xtec.cat\/ebmgegantdelpi-caldes\/wp-content\/uploads\/usu1540\/2020\/04\/dia-a-dia-2.jpg 400w\" sizes=\"auto, (max-width: 420px) 100vw, 420px\" \/><\/a><\/p>\n<p style=\"text-align: justify;\"><span style=\"font-weight: 400;\">Amb afecte i respecte, intentem crear un clima que afavoreixi les relacions de l\u2019infant amb les persones properes a ell, amb l\u2019objectiu d\u2018oferir-li seguretat, autoestima, autonomia i satisfacci\u00f3 d\u2019estimar i sentir-se estimat.<\/span><\/p>\n<p style=\"text-align: justify;\"><strong>La fam\u00edlia i l&#8217;escola<\/strong> s\u00f3n els principals contextos on es desenvolupa l&#8217;infant. Sou el m\u00e9s important per als infants i, per tant, des de l&#8217;escola en agrada poder-nos vincular a vosaltres. Per aix\u00f2 valorem molt l&#8217;intercanvi d&#8217;informaci\u00f3 amb vosaltres. A la nostra escola podeu estar-vos el temps necessari per acompanyar el vostre infant durant les entrades i sortides. El di\u00e0leg que cada dia es pot establir entre nosaltres i vosaltres \u00e9s molt important.<\/p>\n<p style=\"text-align: justify;\">\n","protected":false},"excerpt":{"rendered":"<p>El nostre principal objectiu \u00e9s que l\u2019infant tingui benestar i sigui feli\u00e7.<br \/>\nPrioritzem el seu benestar, l\u2019acompanyem i li oferim l\u2019espai perqu\u00e8 avanci per si sol, tenint cura de satisfer les seves necessitats biol\u00f2giques.Treballem per donar temps i espai per a qu\u00e8 cada infant pugui&hellip;  <a href=\"https:\/\/agora.xtec.cat\/ebmgegantdelpi-caldes\/eduquem\/dia-a-dia-a-lescola\/\" title=\"Read Dia a dia a l&#8217;escola\">Llegeix m\u00e9s\u00bb<\/a><\/p>\n","protected":false},"author":1,"featured_media":0,"parent":98,"menu_order":1,"comment_status":"closed","ping_status":"closed","template":"page-templates\/side-menu.php","meta":{"_bbp_topic_count":0,"_bbp_reply_count":0,"_bbp_total_topic_count":0,"_bbp_total_reply_count":0,"_bbp_voice_count":0,"_bbp_anonymous_reply_count":0,"_bbp_topic_count_hidden":0,"_bbp_reply_count_hidden":0,"_bbp_forum_subforum_count":0,"footnotes":""},"class_list":["post-132","page","type-page","status-publish","hentry"],"post_mailing_queue_ids":[],"_links":{"self":[{"href":"https:\/\/agora.xtec.cat\/ebmgegantdelpi-caldes\/wp-json\/wp\/v2\/pages\/132","targetHints":{"allow":["GET"]}}],"collection":[{"href":"https:\/\/agora.xtec.cat\/ebmgegantdelpi-caldes\/wp-json\/wp\/v2\/pages"}],"about":[{"href":"https:\/\/agora.xtec.cat\/ebmgegantdelpi-caldes\/wp-json\/wp\/v2\/types\/page"}],"author":[{"embeddable":true,"href":"https:\/\/agora.xtec.cat\/ebmgegantdelpi-caldes\/wp-json\/wp\/v2\/users\/1"}],"replies":[{"embeddable":true,"href":"https:\/\/agora.xtec.cat\/ebmgegantdelpi-caldes\/wp-json\/wp\/v2\/comments?post=132"}],"version-history":[{"count":4,"href":"https:\/\/agora.xtec.cat\/ebmgegantdelpi-caldes\/wp-json\/wp\/v2\/pages\/132\/revisions"}],"predecessor-version":[{"id":2753,"href":"https:\/\/agora.xtec.cat\/ebmgegantdelpi-caldes\/wp-json\/wp\/v2\/pages\/132\/revisions\/2753"}],"up":[{"embeddable":true,"href":"https:\/\/agora.xtec.cat\/ebmgegantdelpi-caldes\/wp-json\/wp\/v2\/pages\/98"}],"wp:attachment":[{"href":"https:\/\/agora.xtec.cat\/ebmgegantdelpi-caldes\/wp-json\/wp\/v2\/media?parent=132"}],"curies":[{"name":"wp","href":"https:\/\/api.w.org\/{rel}","templated":true}]}}