{"id":123,"date":"2017-03-28T15:34:23","date_gmt":"2017-03-28T13:34:23","guid":{"rendered":"http:\/\/blocs.xtec.cat\/ebmgegantdelpi\/?page_id=123"},"modified":"2024-10-22T14:00:28","modified_gmt":"2024-10-22T12:00:28","slug":"projecte-educatiu","status":"publish","type":"page","link":"https:\/\/agora.xtec.cat\/ebmgegantdelpi-caldes\/eduquem\/projecte-educatiu\/","title":{"rendered":"Projecte Educatiu"},"content":{"rendered":"<p style=\"text-align: justify;\"><span style=\"font-weight: 400;\">El Projecte educatiu de l&#8217;escola el constru\u00efm tenint en compte el nostre <strong>concepte d&#8217;infant<\/strong>. Per a nosaltres \u00e9s una persona competent i capa\u00e7, que pot participar de manera activa dins el seu entorn. <\/span><span style=\"font-weight: 400;\">Amb aquesta premissa li oferim un espai on poder desenvolupar totes les seves capacitats de manera aut\u00f2noma i sense presses, tenint en compte la individualitat, l&#8217;inter\u00e8s i la motivaci\u00f3 de cada infant. <\/span><span style=\"font-weight: 400;\">Partint del joc lliure, ell \u00e9s el protagonista del seu desenvolupament al qual va incorporant tots els coneixements i les experi\u00e8ncies de manera significativa.<\/span><\/p>\n<p style=\"text-align: justify;\"><span style=\"font-weight: 400;\">Les educadores tenim cura del benestar de l\u2019infant satisfent les seves necessitats b\u00e0siques. L\u2019acompanyem perqu\u00e8 pugui gaudir a cada\u00a0moment d\u2019un entorn i d\u2019un material segur i ric, que li proporcioni les experi\u00e8ncies que necessita per \u00a0cr\u00e9ixer. \u00a0<\/span><\/p>\n<p style=\"text-align: justify;\"><span style=\"font-weight: 400;\">Partint que la vida quotidiana \u00e9s l\u2019eix vertebrador del dia a dia a l\u2019escola, l\u2019equip valorem, a m\u00e9s, unes maneres de fer integrades a l\u2019activitat de l\u2019escola, de les que en volem destacar dos projectes que ens identifiquen com a escola: l\u2019Educaci\u00f3 emocional i l\u2019atenci\u00f3 a les fam\u00edlies.<\/span><\/p>\n<p style=\"text-align: justify;\"><span style=\"font-weight: 400;\">El<strong> projecte d\u2019emocions<\/strong> en el que tot l\u2019equip est\u00e0 interessat, significa ajudar els infants, als mateixos professionals i a les fam\u00edlies a poder estar atents, a prendre consci\u00e8ncia, a identificar i acceptar la gesti\u00f3 de les emocions en les diferents situacions educatives. L\u2019acompanyament de les emocions \u00e9s una pr\u00e0ctica de car\u00e0cter transversal i quotidi\u00e0 de l\u2019escola. Aquesta manera de treballar fonamenta el nostre projecte pedag\u00f2gic.<\/span><\/p>\n<p style=\"text-align: justify;\">\u00a0\u00a0\u00a0\u00a0\u00a0\u00a0\u00a0\u00a0\u00a0\u00a0\u00a0\u00a0\u00a0\u00a0\u00a0\u00a0<a href=\"https:\/\/agora.xtec.cat\/ebmgegantdelpi-caldes\/wp-content\/uploads\/usu1540\/2020\/04\/emoci\u00f3-2.jpg\"> <img loading=\"lazy\" decoding=\"async\" class=\"wp-image-2142 alignnone\" src=\"https:\/\/agora.xtec.cat\/ebmgegantdelpi-caldes\/wp-content\/uploads\/usu1540\/2020\/04\/emoci\u00f3-2-300x225.jpg\" alt=\"\" width=\"387\" height=\"290\" srcset=\"https:\/\/agora.xtec.cat\/ebmgegantdelpi-caldes\/wp-content\/uploads\/usu1540\/2020\/04\/emoci\u00f3-2-300x225.jpg 300w, https:\/\/agora.xtec.cat\/ebmgegantdelpi-caldes\/wp-content\/uploads\/usu1540\/2020\/04\/emoci\u00f3-2-200x150.jpg 200w, https:\/\/agora.xtec.cat\/ebmgegantdelpi-caldes\/wp-content\/uploads\/usu1540\/2020\/04\/emoci\u00f3-2.jpg 400w\" sizes=\"auto, (max-width: 387px) 100vw, 387px\" \/><\/a> \u00a0\u00a0 \u00a0\u00a0 \u00a0\u00a0 \u00a0\u00a0<a style=\"font-family: inherit; font-size: 1em;\" href=\"https:\/\/agora.xtec.cat\/ebmgegantdelpi-caldes\/wp-content\/uploads\/usu1540\/2020\/04\/emoci\u00f3-1.png\"><img loading=\"lazy\" decoding=\"async\" class=\"wp-image-2141 alignnone\" src=\"https:\/\/agora.xtec.cat\/ebmgegantdelpi-caldes\/wp-content\/uploads\/usu1540\/2020\/04\/emoci\u00f3-1-300x228.png\" alt=\"\" width=\"381\" height=\"290\" srcset=\"https:\/\/agora.xtec.cat\/ebmgegantdelpi-caldes\/wp-content\/uploads\/usu1540\/2020\/04\/emoci\u00f3-1-300x228.png 300w, https:\/\/agora.xtec.cat\/ebmgegantdelpi-caldes\/wp-content\/uploads\/usu1540\/2020\/04\/emoci\u00f3-1.png 400w\" sizes=\"auto, (max-width: 381px) 100vw, 381px\" \/><\/a><\/p>\n<p style=\"text-align: justify;\"><span style=\"font-weight: 400;\">L&#8217;escola posa especial inter\u00e8s a la <strong>relaci\u00f3 amb les fam\u00edlies<\/strong> i \u00e9s que tenim molt clar que l\u2019infant va acompanyat de la fam\u00edlia. Volem que al llarg de la jornada i del curs tothom se senti acollit.\u00a0<\/span><span style=\"font-weight: 400;\">Cadascuna de les fam\u00edlies sap que, de manera habitual i regular, pot entrar fins a l\u2019espai de refer\u00e8ncia per donar informacions concretes i importants a l\u2019educadora. <\/span><span style=\"font-weight: 400;\">L\u2019escola en el seu paper d\u2019acompanyar els processos de desenvolupament f\u00edsics, afectius i ps\u00edquics dels infants aconseguir\u00e0 arribar m\u00e9s lluny i amb major qualitat si ho fem tots agafats de la m\u00e0 i units per una mateixa idea b\u00e0sica:\u00a0 un millor desplegament hum\u00e0.<\/span><\/p>\n<p style=\"text-align: justify;\"><a href=\"https:\/\/drive.google.com\/file\/d\/1GBiPrpasA73ZVTd8YXC_ggyp7GSJlAyv\/view?usp=drive_link\" target=\"_blank\" rel=\"noopener\">Clicant aqu\u00ed podeu llegir el nostre Projecte Educatiu<\/a><\/p>\n","protected":false},"excerpt":{"rendered":"<p>El Projecte educatiu de l&#8217;escola el constru\u00efm tenint en compte el nostre concepte d&#8217;infant. Per a nosaltres \u00e9s una persona competent i capa\u00e7, que pot participar de manera activa dins el seu entorn. Amb aquesta premissa li oferim un espai on poder desenvolupar totes les&hellip;  <a href=\"https:\/\/agora.xtec.cat\/ebmgegantdelpi-caldes\/eduquem\/projecte-educatiu\/\" title=\"Read Projecte Educatiu\">Llegeix m\u00e9s\u00bb<\/a><\/p>\n","protected":false},"author":1,"featured_media":0,"parent":98,"menu_order":3,"comment_status":"closed","ping_status":"closed","template":"page-templates\/side-menu.php","meta":{"_bbp_topic_count":0,"_bbp_reply_count":0,"_bbp_total_topic_count":0,"_bbp_total_reply_count":0,"_bbp_voice_count":0,"_bbp_anonymous_reply_count":0,"_bbp_topic_count_hidden":0,"_bbp_reply_count_hidden":0,"_bbp_forum_subforum_count":0,"footnotes":""},"class_list":["post-123","page","type-page","status-publish","hentry"],"post_mailing_queue_ids":[],"_links":{"self":[{"href":"https:\/\/agora.xtec.cat\/ebmgegantdelpi-caldes\/wp-json\/wp\/v2\/pages\/123","targetHints":{"allow":["GET"]}}],"collection":[{"href":"https:\/\/agora.xtec.cat\/ebmgegantdelpi-caldes\/wp-json\/wp\/v2\/pages"}],"about":[{"href":"https:\/\/agora.xtec.cat\/ebmgegantdelpi-caldes\/wp-json\/wp\/v2\/types\/page"}],"author":[{"embeddable":true,"href":"https:\/\/agora.xtec.cat\/ebmgegantdelpi-caldes\/wp-json\/wp\/v2\/users\/1"}],"replies":[{"embeddable":true,"href":"https:\/\/agora.xtec.cat\/ebmgegantdelpi-caldes\/wp-json\/wp\/v2\/comments?post=123"}],"version-history":[{"count":4,"href":"https:\/\/agora.xtec.cat\/ebmgegantdelpi-caldes\/wp-json\/wp\/v2\/pages\/123\/revisions"}],"predecessor-version":[{"id":5353,"href":"https:\/\/agora.xtec.cat\/ebmgegantdelpi-caldes\/wp-json\/wp\/v2\/pages\/123\/revisions\/5353"}],"up":[{"embeddable":true,"href":"https:\/\/agora.xtec.cat\/ebmgegantdelpi-caldes\/wp-json\/wp\/v2\/pages\/98"}],"wp:attachment":[{"href":"https:\/\/agora.xtec.cat\/ebmgegantdelpi-caldes\/wp-json\/wp\/v2\/media?parent=123"}],"curies":[{"name":"wp","href":"https:\/\/api.w.org\/{rel}","templated":true}]}}