{"id":1104,"date":"2019-10-09T19:55:15","date_gmt":"2019-10-09T17:55:15","guid":{"rendered":"https:\/\/agora.xtec.cat\/ebmgegantdelpi-caldes\/?page_id=1104"},"modified":"2020-10-05T16:17:14","modified_gmt":"2020-10-05T14:17:14","slug":"assessorament-psicopedagogic","status":"publish","type":"page","link":"https:\/\/agora.xtec.cat\/ebmgegantdelpi-caldes\/eduquem\/assessorament-psicopedagogic\/","title":{"rendered":"Assessorament Psicopedag\u00f2gic"},"content":{"rendered":"<p style=\"text-align: justify;\">A la nostra escola vetllem per l\u2019atenci\u00f3 a la diversitat en l\u2019educaci\u00f3 i per aix\u00f2 fomentem l\u2019atenci\u00f3 individualitzada de cada nen i nena, respectant les proced\u00e8ncies culturals i diversitats familiars, els ritmes evolutius, els interessos i les necessitats de cada infant.<\/p>\n<p style=\"text-align: justify;\">Per aquest motiu oferim assessorament psicopedag\u00f2gic a les fam\u00edlies i a les mestres, sempre que ho necessitin. Peri\u00f2dicament treballem conjuntament amb la psic\u00f2loga municipal i amb professionals del CDIAP (Centre de Desenvolupament i Atenci\u00f3 Preco\u00e7).<\/p>\n<p style=\"text-align: justify;\">La psic\u00f2loga \u00e9s a l\u2019escola un dia a la setmana de 9:00 h a 14:00 h. La seva funci\u00f3 \u00e9s observar els infants de tots els espais, i fer un seguiment m\u00e9s exhaustiu d\u2019aquells infants que es considera oport\u00fa, contrastant les seves observacions amb l&#8217;educadora de refer\u00e8ncia de cada espai. Assessora les mestres i, si cal, es concerta una entrevista personal amb la mestra i\/o la fam\u00edlia. Les fam\u00edlies tamb\u00e9 poden sol\u00b7licitar una entrevista sempre que ho creguin necessari.<\/p>\n<p style=\"text-align: justify;\">La fisioterapeuta del CDIAP ve a l\u2019escola un cop per trimestre per fer observacions i assessorar les mestres en el seguiment del desenvolupament motriu dels infants que ho necessiten.<\/p>\n","protected":false},"excerpt":{"rendered":"<p>A la nostra escola vetllem per l\u2019atenci\u00f3 a la diversitat en l\u2019educaci\u00f3 i per aix\u00f2 fomentem l\u2019atenci\u00f3 individualitzada de cada nen i nena, respectant les proced\u00e8ncies culturals i diversitats familiars, els ritmes evolutius, els interessos i les necessitats de cada infant.<br \/>\nPer aquest motiu oferim assessorament&hellip;  <a href=\"https:\/\/agora.xtec.cat\/ebmgegantdelpi-caldes\/eduquem\/assessorament-psicopedagogic\/\" title=\"Read Assessorament Psicopedag\u00f2gic\">Llegeix m\u00e9s\u00bb<\/a><\/p>\n","protected":false},"author":1,"featured_media":0,"parent":98,"menu_order":5,"comment_status":"closed","ping_status":"closed","template":"page-templates\/side-menu.php","meta":{"_bbp_topic_count":0,"_bbp_reply_count":0,"_bbp_total_topic_count":0,"_bbp_total_reply_count":0,"_bbp_voice_count":0,"_bbp_anonymous_reply_count":0,"_bbp_topic_count_hidden":0,"_bbp_reply_count_hidden":0,"_bbp_forum_subforum_count":0,"footnotes":""},"class_list":["post-1104","page","type-page","status-publish","hentry"],"post_mailing_queue_ids":[],"_links":{"self":[{"href":"https:\/\/agora.xtec.cat\/ebmgegantdelpi-caldes\/wp-json\/wp\/v2\/pages\/1104","targetHints":{"allow":["GET"]}}],"collection":[{"href":"https:\/\/agora.xtec.cat\/ebmgegantdelpi-caldes\/wp-json\/wp\/v2\/pages"}],"about":[{"href":"https:\/\/agora.xtec.cat\/ebmgegantdelpi-caldes\/wp-json\/wp\/v2\/types\/page"}],"author":[{"embeddable":true,"href":"https:\/\/agora.xtec.cat\/ebmgegantdelpi-caldes\/wp-json\/wp\/v2\/users\/1"}],"replies":[{"embeddable":true,"href":"https:\/\/agora.xtec.cat\/ebmgegantdelpi-caldes\/wp-json\/wp\/v2\/comments?post=1104"}],"version-history":[{"count":3,"href":"https:\/\/agora.xtec.cat\/ebmgegantdelpi-caldes\/wp-json\/wp\/v2\/pages\/1104\/revisions"}],"predecessor-version":[{"id":2755,"href":"https:\/\/agora.xtec.cat\/ebmgegantdelpi-caldes\/wp-json\/wp\/v2\/pages\/1104\/revisions\/2755"}],"up":[{"embeddable":true,"href":"https:\/\/agora.xtec.cat\/ebmgegantdelpi-caldes\/wp-json\/wp\/v2\/pages\/98"}],"wp:attachment":[{"href":"https:\/\/agora.xtec.cat\/ebmgegantdelpi-caldes\/wp-json\/wp\/v2\/media?parent=1104"}],"curies":[{"name":"wp","href":"https:\/\/api.w.org\/{rel}","templated":true}]}}