{"id":631,"date":"2024-12-16T16:18:01","date_gmt":"2024-12-16T15:18:01","guid":{"rendered":"https:\/\/agora.xtec.cat\/ebmflix\/?page_id=631"},"modified":"2025-09-26T10:20:31","modified_gmt":"2025-09-26T08:20:31","slug":"families","status":"publish","type":"page","link":"https:\/\/agora.xtec.cat\/ebmflix\/families\/","title":{"rendered":"Fam\u00edlies"},"content":{"rendered":"\n<h3 class=\"wp-block-heading\">Sala de Fam\u00edlies<\/h3>\n\n\n\n<p>A l&#8217;escola, sabem que les fam\u00edlies sou una part fonamental de la comunitat educativa. Per aix\u00f2, hem creat un espai pensat exclusivament per a vosaltres: la <em>Sala de Fam\u00edlies<\/em>. Aquest espai est\u00e0 dissenyat perqu\u00e8 pugueu sentir-vos c\u00f2modes, connectar amb altres fam\u00edlies i accedir a tot el que necessiteu per acompanyar els vostres fills en el seu proc\u00e9s d&#8217;aprenentatge.<\/p>\n\n\n\n<p><strong>Qu\u00e8 hi podreu trobar?<\/strong><\/p>\n\n\n\n<ul class=\"wp-block-list\">\n<li><strong>Informaci\u00f3 educativa<\/strong>: Materials i recursos actualitzats per a fam\u00edlies, orientacions sobre l&#8217;educaci\u00f3 dels fills i novetats de l&#8217;escola.<\/li>\n\n\n\n<li><strong>Espai per compartir<\/strong>: Un lloc tranquil per a parlar amb altres fam\u00edlies, compartir experi\u00e8ncies i inquietuds.<\/li>\n\n\n\n<li><strong>Comoditat<\/strong>: Un ambient acollidor i c\u00e0lid, amb seients, un espai pensat per al vostre benestar.<\/li>\n\n\n\n<li><strong>Articles i recursos educatius<\/strong>: A la <em>Sala de Fam\u00edlies<\/em>, trobareu una selecci\u00f3 de llibres, revistes i articles especialitzats en l&#8217;etapa educativa de 0 a 3 anys. Aquests materials estan pensats per ajudar-vos a con\u00e8ixer millor el desenvolupament dels vostres fills i a trobar recursos \u00fatils per al vostre dia a dia.<\/li>\n\n\n\n<li><strong>Cafetera i infusions<\/strong>: Per fer el vostre temps a la sala encara m\u00e9s agradable, posem a la vostra disposici\u00f3 una cafetera i una selecci\u00f3 d&#8217;infusions perqu\u00e8 pugueu relaxar-vos mentre gaudiu de l&#8217;espai.<\/li>\n<\/ul>\n\n\n\n<p>A m\u00e9s, per facilitar la comunicaci\u00f3 i mantenir-vos sempre informats, a l&#8217;escola <strong>treballem amb l&#8217;aplicaci\u00f3 <em>MIA PLUS<\/em>.<\/strong> Aquesta eina digital us permet estar connectats de manera senzilla i efica\u00e7 amb l&#8217;escola i el dia a dia dels vostres fills.<\/p>\n\n\n\n<p><strong>A trav\u00e9s de <em>MIA PLUS<\/em>, podreu accedir a:<\/strong><\/p>\n\n\n\n<ul class=\"wp-block-list\">\n<li><strong>Informaci\u00f3 <\/strong>sobre les activitats i el progr\u00e9s dels vostres fills, incloent-hi fotografies i v\u00eddeos que documenten moments destacats de la seva jornada.<\/li>\n\n\n\n<li><strong>Comunicats i circulares<\/strong> importants, directament al vostre dispositiu, per mantenir-vos al corrent de totes les novetats de l&#8217;escola.<\/li>\n\n\n\n<li><strong>Documents importants<\/strong> com el calendari escolar, les quotes i els criteris d&#8217;abs\u00e8ncia, per a una consulta r\u00e0pida i senzilla.<\/li>\n\n\n\n<li><strong>Xat directe<\/strong> amb l&#8217;educadora del vostre fill\/a, per poder resoldre qualsevol dubte o q\u00fcesti\u00f3.<\/li>\n<\/ul>\n\n\n\n<p>La <em>Sala de Fam\u00edlies<\/em> \u00e9s un espai per a vosaltres, on podreu sentir-vos acompanyats en la tasca d&#8217;educar i cuidar els nostres petits. La nostra missi\u00f3 \u00e9s fer de l\u2019escola un lloc inclusiu i accessible per a totes les fam\u00edlies, perqu\u00e8 junts puguem contribuir al creixement i benestar dels nostres fills.<\/p>\n\n\n\n<p>Us convidem a gaudir d&#8217;aquest espai pensat per vosaltres. La <em>Sala de Fam\u00edlies<\/em> \u00e9s vostra!<\/p>\n","protected":false},"excerpt":{"rendered":"<p>Sala de Fam\u00edlies A l&#8217;escola, sabem que les fam\u00edlies sou una part fonamental de la comunitat educativa. Per aix\u00f2, hem creat un espai pensat exclusivament per a vosaltres: la Sala de Fam\u00edlies. Aquest espai est\u00e0 dissenyat perqu\u00e8 pugueu sentir-vos c\u00f2modes, connectar amb altres fam\u00edlies i accedir a tot el que necessiteu per acompanyar els vostres [&hellip;]<\/p>\n","protected":false},"author":1,"featured_media":0,"parent":0,"menu_order":0,"comment_status":"closed","ping_status":"close","template":"","meta":{"site-sidebar-layout":"no-sidebar","site-content-layout":"","ast-site-content-layout":"default","site-content-style":"default","site-sidebar-style":"default","ast-global-header-display":"","ast-banner-title-visibility":"","ast-main-header-display":"","ast-hfb-above-header-display":"","ast-hfb-below-header-display":"","ast-hfb-mobile-header-display":"","site-post-title":"","ast-breadcrumbs-content":"","ast-featured-img":"","footer-sml-layout":"","theme-transparent-header-meta":"","adv-header-id-meta":"","stick-header-meta":"","header-above-stick-meta":"","header-main-stick-meta":"","header-below-stick-meta":"","astra-migrate-meta-layouts":"set","ast-page-background-enabled":"default","ast-page-background-meta":{"desktop":{"background-color":"var(--ast-global-color-4)","background-image":"","background-repeat":"repeat","background-position":"center center","background-size":"auto","background-attachment":"scroll","background-type":"","background-media":"","overlay-type":"","overlay-color":"","overlay-opacity":"","overlay-gradient":""},"tablet":{"background-color":"","background-image":"","background-repeat":"repeat","background-position":"center center","background-size":"auto","background-attachment":"scroll","background-type":"","background-media":"","overlay-type":"","overlay-color":"","overlay-opacity":"","overlay-gradient":""},"mobile":{"background-color":"","background-image":"","background-repeat":"repeat","background-position":"center center","background-size":"auto","background-attachment":"scroll","background-type":"","background-media":"","overlay-type":"","overlay-color":"","overlay-opacity":"","overlay-gradient":""}},"ast-content-background-meta":{"desktop":{"background-color":"var(--ast-global-color-5)","background-image":"","background-repeat":"repeat","background-position":"center center","background-size":"auto","background-attachment":"scroll","background-type":"","background-media":"","overlay-type":"","overlay-color":"","overlay-opacity":"","overlay-gradient":""},"tablet":{"background-color":"var(--ast-global-color-5)","background-image":"","background-repeat":"repeat","background-position":"center center","background-size":"auto","background-attachment":"scroll","background-type":"","background-media":"","overlay-type":"","overlay-color":"","overlay-opacity":"","overlay-gradient":""},"mobile":{"background-color":"var(--ast-global-color-5)","background-image":"","background-repeat":"repeat","background-position":"center center","background-size":"auto","background-attachment":"scroll","background-type":"","background-media":"","overlay-type":"","overlay-color":"","overlay-opacity":"","overlay-gradient":""}},"footnotes":""},"class_list":["post-631","page","type-page","status-publish","hentry"],"post_mailing_queue_ids":[],"_links":{"self":[{"href":"https:\/\/agora.xtec.cat\/ebmflix\/wp-json\/wp\/v2\/pages\/631","targetHints":{"allow":["GET"]}}],"collection":[{"href":"https:\/\/agora.xtec.cat\/ebmflix\/wp-json\/wp\/v2\/pages"}],"about":[{"href":"https:\/\/agora.xtec.cat\/ebmflix\/wp-json\/wp\/v2\/types\/page"}],"author":[{"embeddable":true,"href":"https:\/\/agora.xtec.cat\/ebmflix\/wp-json\/wp\/v2\/users\/1"}],"replies":[{"embeddable":true,"href":"https:\/\/agora.xtec.cat\/ebmflix\/wp-json\/wp\/v2\/comments?post=631"}],"version-history":[{"count":6,"href":"https:\/\/agora.xtec.cat\/ebmflix\/wp-json\/wp\/v2\/pages\/631\/revisions"}],"predecessor-version":[{"id":922,"href":"https:\/\/agora.xtec.cat\/ebmflix\/wp-json\/wp\/v2\/pages\/631\/revisions\/922"}],"wp:attachment":[{"href":"https:\/\/agora.xtec.cat\/ebmflix\/wp-json\/wp\/v2\/media?parent=631"}],"curies":[{"name":"wp","href":"https:\/\/api.w.org\/{rel}","templated":true}]}}