{"id":38,"date":"2014-09-18T12:34:08","date_gmt":"2014-09-18T11:34:08","guid":{"rendered":"https:\/\/agora.xtec.cat\/ebmflix\/?page_id=38"},"modified":"2025-04-06T21:19:43","modified_gmt":"2025-04-06T19:19:43","slug":"salut","status":"publish","type":"page","link":"https:\/\/agora.xtec.cat\/ebmflix\/lescola\/salut\/","title":{"rendered":"Salut"},"content":{"rendered":"\n<div class=\"wp-block-getwid-accordion has-icon-left\" data-active-element=\"none\">\n<div class=\"wp-block-getwid-accordion__header-wrapper\"><span class=\"wp-block-getwid-accordion__header\"><a href=\"#\"><span class=\"wp-block-getwid-accordion__header-title\">Medicaments<\/span><span class=\"wp-block-getwid-accordion__icon is-active\"><i class=\"fas fa-chevron-down\"><\/i><\/span><span class=\"wp-block-getwid-accordion__icon is-passive\"><i class=\"fas fa-chevron-up\"><\/i><\/span><\/a><\/span><\/div><div class=\"wp-block-getwid-accordion__content-wrapper\"><div class=\"wp-block-getwid-accordion__content\">\n<p>En cas que sigui imprescindible que els vostres fills prenguin alguna medicaci\u00f3 durant l&#8217;horari escolar, heu de fer arribar al centre una recepta o un document m\u00e8dic on hi consti el seu nom i cognoms, el nom del medicament i la pauta que s&#8217;ha de seguir (moment del dia i quantitat que ha de prendre). Aix\u00ed mateix, tamb\u00e9 cal presentar un escrit on autoritzeu el personal del centre educatiu perqu\u00e8 li administri la medicaci\u00f3 receptada.<\/p>\n\n\n\n<p><a href=\"https:\/\/agora.xtec.cat\/ebmflix\/wp-content\/uploads\/usu3472\/2025\/04\/AUTORITZACIO-SUBMINISTRAMENT-DE-MEDICAMENTS-editable.pdf\">AUTORITZACI\u00d3 SUBMINISTRAMENT DE MEDICAMENTS<\/a><\/p>\n<\/div><\/div>\n\n\n\n<div class=\"wp-block-getwid-accordion__header-wrapper\"><span class=\"wp-block-getwid-accordion__header\"><a href=\"#\"><span class=\"wp-block-getwid-accordion__header-title\">Criteris de no assist\u00e8ncia <\/span><span class=\"wp-block-getwid-accordion__icon is-active\"><i class=\"fas fa-chevron-down\"><\/i><\/span><span class=\"wp-block-getwid-accordion__icon is-passive\"><i class=\"fas fa-chevron-up\"><\/i><\/span><\/a><\/span><\/div><div class=\"wp-block-getwid-accordion__content-wrapper\"><div class=\"wp-block-getwid-accordion__content\">\n<p>Criteris de NO assist\u00e8ncia de l\u2019alumnat a l\u2019escola o llar d\u2019infants durant un per\u00edode de temps determinat a causa de malalties transmissibles<\/p>\n\n\n\n<p><a href=\"https:\/\/agora.xtec.cat\/ebmflix\/wp-content\/uploads\/usu3472\/2025\/04\/AKNmmdxl9lapuOR4PO2Q.pdf\">Criteris de no assist\u00e8ncia<\/a><\/p>\n<\/div><\/div>\n\n\n\n<div class=\"wp-block-getwid-accordion__header-wrapper\"><span class=\"wp-block-getwid-accordion__header\"><a href=\"#\"><span class=\"wp-block-getwid-accordion__header-title\">Par\u00e0sits<\/span><span class=\"wp-block-getwid-accordion__icon is-active\"><i class=\"fas fa-chevron-down\"><\/i><\/span><span class=\"wp-block-getwid-accordion__icon is-passive\"><i class=\"fas fa-chevron-up\"><\/i><\/span><\/a><\/span><\/div><div class=\"wp-block-getwid-accordion__content-wrapper\"><div class=\"wp-block-getwid-accordion__content\">\n<p>Els polls s\u00f3n insectes parasitaris que viuen entre els cabells de les persones i s&#8217;alimenten de la seva sang. S\u00f3n de color grisenc, sense ales, fan uns dos mil\u00b7l\u00edmetres de longitud i sobreviuen fins a trenta dies en una persona. Els ous, o ll\u00e9menes, s\u00f3n blancs i encara m\u00e9s petits, gaireb\u00e9 com una escama de caspa, i romanen m\u00e9s de dues setmanes. S\u00f3n m\u00e9s f\u00e0cils de detectar en la l\u00ednia del coll i darrere de les orelles.<\/p>\n\n\n\n<p>Els polls s\u00f3n molt contagiosos i es reprodueixen r\u00e0pidament: cada femella posa entre cent i tres-cents ous que estan fortament adherits a la base del cabell. L&#8217;ou s&#8217;incuba entre set i deu dies i despr\u00e9s es desenvolupa la larva. De la infestaci\u00f3 produ\u00efda per polls se&#8217;n diu pediculosi.&nbsp;<\/p>\n\n\n\n<p>El contacte proper o l&#8217;\u00fas compartit d&#8217;efectes personals, com ara barrets o raspalls per al cabell, implica un risc de contagi. Els nens d&#8217;onze a tretze anys&nbsp;i les seves fam\u00edlies adquireixen polls amb m\u00e9s freq\u00fc\u00e8ncia (sense que aix\u00f2 indiqui una manca d\u2019higiene personal).<\/p>\n\n\n\n<p><a href=\"https:\/\/medicaments.gencat.cat\/ca\/ciutadania\/tractaments\/polls-consells-per-detectar-los-i-eliminar-los\/\" target=\"_blank\" rel=\"noreferrer noopener\">Polls: consells per detectar-los i eliminar-los.<\/a><\/p>\n<\/div><\/div>\n<\/div>\n\n\n\n<div style=\"height:49px\" aria-hidden=\"true\" class=\"wp-block-spacer\"><\/div>\n","protected":false},"excerpt":{"rendered":"","protected":false},"author":1,"featured_media":0,"parent":22,"menu_order":80,"comment_status":"closed","ping_status":"closed","template":"","meta":{"site-sidebar-layout":"default","site-content-layout":"","ast-site-content-layout":"default","site-content-style":"default","site-sidebar-style":"default","ast-global-header-display":"","ast-banner-title-visibility":"","ast-main-header-display":"","ast-hfb-above-header-display":"","ast-hfb-below-header-display":"","ast-hfb-mobile-header-display":"","site-post-title":"","ast-breadcrumbs-content":"","ast-featured-img":"","footer-sml-layout":"","theme-transparent-header-meta":"","adv-header-id-meta":"","stick-header-meta":"","header-above-stick-meta":"","header-main-stick-meta":"","header-below-stick-meta":"","astra-migrate-meta-layouts":"set","ast-page-background-enabled":"default","ast-page-background-meta":{"desktop":{"background-color":"var(--ast-global-color-4)","background-image":"","background-repeat":"repeat","background-position":"center center","background-size":"auto","background-attachment":"scroll","background-type":"","background-media":"","overlay-type":"","overlay-color":"","overlay-opacity":"","overlay-gradient":""},"tablet":{"background-color":"","background-image":"","background-repeat":"repeat","background-position":"center center","background-size":"auto","background-attachment":"scroll","background-type":"","background-media":"","overlay-type":"","overlay-color":"","overlay-opacity":"","overlay-gradient":""},"mobile":{"background-color":"","background-image":"","background-repeat":"repeat","background-position":"center center","background-size":"auto","background-attachment":"scroll","background-type":"","background-media":"","overlay-type":"","overlay-color":"","overlay-opacity":"","overlay-gradient":""}},"ast-content-background-meta":{"desktop":{"background-color":"var(--ast-global-color-5)","background-image":"","background-repeat":"repeat","background-position":"center center","background-size":"auto","background-attachment":"scroll","background-type":"","background-media":"","overlay-type":"","overlay-color":"","overlay-opacity":"","overlay-gradient":""},"tablet":{"background-color":"var(--ast-global-color-5)","background-image":"","background-repeat":"repeat","background-position":"center center","background-size":"auto","background-attachment":"scroll","background-type":"","background-media":"","overlay-type":"","overlay-color":"","overlay-opacity":"","overlay-gradient":""},"mobile":{"background-color":"var(--ast-global-color-5)","background-image":"","background-repeat":"repeat","background-position":"center center","background-size":"auto","background-attachment":"scroll","background-type":"","background-media":"","overlay-type":"","overlay-color":"","overlay-opacity":"","overlay-gradient":""}},"footnotes":""},"class_list":["post-38","page","type-page","status-publish","hentry"],"post_mailing_queue_ids":[],"_links":{"self":[{"href":"https:\/\/agora.xtec.cat\/ebmflix\/wp-json\/wp\/v2\/pages\/38","targetHints":{"allow":["GET"]}}],"collection":[{"href":"https:\/\/agora.xtec.cat\/ebmflix\/wp-json\/wp\/v2\/pages"}],"about":[{"href":"https:\/\/agora.xtec.cat\/ebmflix\/wp-json\/wp\/v2\/types\/page"}],"author":[{"embeddable":true,"href":"https:\/\/agora.xtec.cat\/ebmflix\/wp-json\/wp\/v2\/users\/1"}],"replies":[{"embeddable":true,"href":"https:\/\/agora.xtec.cat\/ebmflix\/wp-json\/wp\/v2\/comments?post=38"}],"version-history":[{"count":6,"href":"https:\/\/agora.xtec.cat\/ebmflix\/wp-json\/wp\/v2\/pages\/38\/revisions"}],"predecessor-version":[{"id":829,"href":"https:\/\/agora.xtec.cat\/ebmflix\/wp-json\/wp\/v2\/pages\/38\/revisions\/829"}],"up":[{"embeddable":true,"href":"https:\/\/agora.xtec.cat\/ebmflix\/wp-json\/wp\/v2\/pages\/22"}],"wp:attachment":[{"href":"https:\/\/agora.xtec.cat\/ebmflix\/wp-json\/wp\/v2\/media?parent=38"}],"curies":[{"name":"wp","href":"https:\/\/api.w.org\/{rel}","templated":true}]}}