{"id":34,"date":"2014-09-18T12:32:18","date_gmt":"2014-09-18T11:32:18","guid":{"rendered":"https:\/\/agora.xtec.cat\/ebmflix\/?page_id=34"},"modified":"2025-04-02T18:29:23","modified_gmt":"2025-04-02T16:29:23","slug":"oferta-educativa","status":"publish","type":"page","link":"https:\/\/agora.xtec.cat\/ebmflix\/lescola\/oferta-educativa\/","title":{"rendered":"Oferta educativa"},"content":{"rendered":"<p data-pm-slice=\"1 1 []\">L&#8217;Escola Bressol Municipal Pam i Toc de Flix ofereix una proposta educativa de qualitat per als infants en la seva primera etapa educativa, compresa entre els 0 i els 3 anys. El centre est\u00e0 dissenyat per acompanyar els m\u00e9s petits en el seu desenvolupament global, en un ambient segur, acollidor i quotidi\u00e0.<\/p>\n<p>L&#8217;escola disposa de tres unitats educatives adaptades a les diferents etapes d&#8217;edat: una aula per a nadons (0-1 anys), una per a infants de l&#8217;etapa I1 (1-2 anys) i una altra per a infants de l&#8217;etapa I2 (2-3 anys). Cada una d\u2019aquestes aules est\u00e0 equipada amb materials i recursos que faciliten l&#8217;exploraci\u00f3 i el desenvolupament cognitiu, emocional i social dels infants, amb l&#8217;acompanyament d&#8217;un equip docent especialitzat en l&#8217;educaci\u00f3 infantil.<\/p>\n","protected":false},"excerpt":{"rendered":"<p>L&#8217;Escola Bressol Municipal Pam i Toc de Flix ofereix una proposta educativa de qualitat per als infants en la seva primera etapa educativa, compresa entre els 0 i els 3 anys. El centre est\u00e0 dissenyat per acompanyar els m\u00e9s petits en el seu desenvolupament global, en un ambient segur, acollidor i quotidi\u00e0. L&#8217;escola disposa de [&hellip;]<\/p>\n","protected":false},"author":1,"featured_media":0,"parent":22,"menu_order":60,"comment_status":"closed","ping_status":"closed","template":"page-templates\/side-menu.php","meta":{"site-sidebar-layout":"default","site-content-layout":"","ast-site-content-layout":"default","site-content-style":"default","site-sidebar-style":"default","ast-global-header-display":"","ast-banner-title-visibility":"","ast-main-header-display":"","ast-hfb-above-header-display":"","ast-hfb-below-header-display":"","ast-hfb-mobile-header-display":"","site-post-title":"","ast-breadcrumbs-content":"","ast-featured-img":"","footer-sml-layout":"","theme-transparent-header-meta":"","adv-header-id-meta":"","stick-header-meta":"","header-above-stick-meta":"","header-main-stick-meta":"","header-below-stick-meta":"","astra-migrate-meta-layouts":"set","ast-page-background-enabled":"default","ast-page-background-meta":{"desktop":{"background-color":"var(--ast-global-color-4)","background-image":"","background-repeat":"repeat","background-position":"center center","background-size":"auto","background-attachment":"scroll","background-type":"","background-media":"","overlay-type":"","overlay-color":"","overlay-opacity":"","overlay-gradient":""},"tablet":{"background-color":"","background-image":"","background-repeat":"repeat","background-position":"center center","background-size":"auto","background-attachment":"scroll","background-type":"","background-media":"","overlay-type":"","overlay-color":"","overlay-opacity":"","overlay-gradient":""},"mobile":{"background-color":"","background-image":"","background-repeat":"repeat","background-position":"center center","background-size":"auto","background-attachment":"scroll","background-type":"","background-media":"","overlay-type":"","overlay-color":"","overlay-opacity":"","overlay-gradient":""}},"ast-content-background-meta":{"desktop":{"background-color":"var(--ast-global-color-5)","background-image":"","background-repeat":"repeat","background-position":"center center","background-size":"auto","background-attachment":"scroll","background-type":"","background-media":"","overlay-type":"","overlay-color":"","overlay-opacity":"","overlay-gradient":""},"tablet":{"background-color":"var(--ast-global-color-5)","background-image":"","background-repeat":"repeat","background-position":"center center","background-size":"auto","background-attachment":"scroll","background-type":"","background-media":"","overlay-type":"","overlay-color":"","overlay-opacity":"","overlay-gradient":""},"mobile":{"background-color":"var(--ast-global-color-5)","background-image":"","background-repeat":"repeat","background-position":"center center","background-size":"auto","background-attachment":"scroll","background-type":"","background-media":"","overlay-type":"","overlay-color":"","overlay-opacity":"","overlay-gradient":""}},"footnotes":""},"class_list":["post-34","page","type-page","status-publish","hentry"],"post_mailing_queue_ids":[],"_links":{"self":[{"href":"https:\/\/agora.xtec.cat\/ebmflix\/wp-json\/wp\/v2\/pages\/34","targetHints":{"allow":["GET"]}}],"collection":[{"href":"https:\/\/agora.xtec.cat\/ebmflix\/wp-json\/wp\/v2\/pages"}],"about":[{"href":"https:\/\/agora.xtec.cat\/ebmflix\/wp-json\/wp\/v2\/types\/page"}],"author":[{"embeddable":true,"href":"https:\/\/agora.xtec.cat\/ebmflix\/wp-json\/wp\/v2\/users\/1"}],"replies":[{"embeddable":true,"href":"https:\/\/agora.xtec.cat\/ebmflix\/wp-json\/wp\/v2\/comments?post=34"}],"version-history":[{"count":1,"href":"https:\/\/agora.xtec.cat\/ebmflix\/wp-json\/wp\/v2\/pages\/34\/revisions"}],"predecessor-version":[{"id":782,"href":"https:\/\/agora.xtec.cat\/ebmflix\/wp-json\/wp\/v2\/pages\/34\/revisions\/782"}],"up":[{"embeddable":true,"href":"https:\/\/agora.xtec.cat\/ebmflix\/wp-json\/wp\/v2\/pages\/22"}],"wp:attachment":[{"href":"https:\/\/agora.xtec.cat\/ebmflix\/wp-json\/wp\/v2\/media?parent=34"}],"curies":[{"name":"wp","href":"https:\/\/api.w.org\/{rel}","templated":true}]}}