{"id":30,"date":"2014-09-18T12:30:23","date_gmt":"2014-09-18T11:30:23","guid":{"rendered":"https:\/\/agora.xtec.cat\/ebmflix\/?page_id=30"},"modified":"2025-03-26T20:46:09","modified_gmt":"2025-03-26T19:46:09","slug":"instal%c2%b7lacions","status":"publish","type":"page","link":"https:\/\/agora.xtec.cat\/ebmflix\/lescola\/instal%c2%b7lacions\/","title":{"rendered":"Instal\u00b7lacions"},"content":{"rendered":"\n<p><strong>Distribuci\u00f3 dels espais<\/strong><\/p>\n\n\n\n<p>A l\u2019accedir al recinte escolar, es troba primerament una zona enjardinada delimitada per una tanca i una porta de reixes met\u00e0l\u00b7lica. A trav\u00e9s de dues portes es pot accedir a l\u2019edifici principal, que inclou:<\/p>\n\n\n\n<p><strong>Aula d\u2019usos m\u00faltiples:<\/strong>&nbsp;Espai polivalent que tamb\u00e9 compta amb diverses sales petites inicialment destinades a una cuina per preparar dinars.<\/p>\n\n\n\n<p><strong>Despatxos:<\/strong><\/p>\n\n\n\n<ul class=\"wp-block-list\">\n<li>Un despatx que ara s\u2019ha convertit en una sala per a les fam\u00edlies. Aquesta sala est\u00e0 equipada amb revistes, llibres i diferents recursos adre\u00e7ats a l\u2019etapa 0-3. A m\u00e9s, disposa d\u2019un espai amb cafetera i infusions, pensat per a trobades entre fam\u00edlies o per a qualsevol \u00fas que necessitin.<\/li>\n\n\n\n<li>Un despatx de direcci\u00f3 amb ordinador, documentaci\u00f3 administrativa i lavabo propi.<\/li>\n\n\n\n<li>Cuina: Inclou espais per rentar plats i utensilis, una rentadora per a llen\u00e7ols, mantes i pitets, i dues neveres per guardar aliments. Tamb\u00e9 hi ha una sala petita amb armaris i una taula rodona on les educadores preparen materials o es reuneixen.<\/li>\n<\/ul>\n\n\n\n<p><strong>Magatzems:<\/strong><\/p>\n\n\n\n<ul class=\"wp-block-list\">\n<li>Un sala per al material el\u00e8ctric.<\/li>\n\n\n\n<li>Una segona sala per a productes de neteja.<\/li>\n\n\n\n<li>Un tercera sala, m\u00e9s amplia, que inclou prestatgeries amb bolquers, tovalloletes i altres materials. Al final d\u2019aquest espai hi ha dos lavabos, dos rentamans i una dutxa per al personal.<\/li>\n<\/ul>\n\n\n\n<p><strong>Passad\u00eds i Aules:<\/strong><\/p>\n\n\n\n<p>L\u2019edifici compta amb cinc aules, cadascuna amb un bany propi equipat amb dos rentamans, tres v\u00e0ters, una banyera i un canviador. Totes les aules tenen acc\u00e9s directe al pati a trav\u00e9s de tres portes i una finestra, i estan moblades amb taules, cadires, prestatgeries i pissarres. El material did\u00e0ctic i les joguines es van adaptant segons les necessitats dels infants durant el curs.<\/p>\n\n\n\n<p><strong>Pati escolar:<\/strong><\/p>\n\n\n\n<p>En aquest espai hi trobem l\u2019hort escolar, diferents estructures com ara: una caseta, gronxadors, cuineta, una estructura de cotxe\u2026<\/p>\n\n\n\n<figure class=\"wp-block-gallery has-nested-images columns-4 is-cropped wp-block-gallery-1 is-layout-flex wp-block-gallery-is-layout-flex\">\n<figure data-wp-context=\"{&quot;imageId&quot;:&quot;69e79204e58f9&quot;}\" data-wp-interactive=\"core\/image\" class=\"wp-block-image size-full wp-lightbox-container\"><img loading=\"lazy\" decoding=\"async\" width=\"640\" height=\"480\" data-wp-class--hide=\"state.isContentHidden\" data-wp-class--show=\"state.isContentVisible\" data-wp-init=\"callbacks.setButtonStyles\" data-wp-on-async--click=\"actions.showLightbox\" data-wp-on-async--load=\"callbacks.setButtonStyles\" data-wp-on-async-window--resize=\"callbacks.setButtonStyles\" data-id=\"745\" src=\"https:\/\/agora.xtec.cat\/ebmflix\/wp-content\/uploads\/usu3472\/2025\/03\/IMG_4809-en-tamano-mediano.jpeg\" alt=\"\" class=\"wp-image-745\" srcset=\"https:\/\/agora.xtec.cat\/ebmflix\/wp-content\/uploads\/usu3472\/2025\/03\/IMG_4809-en-tamano-mediano.jpeg 640w, https:\/\/agora.xtec.cat\/ebmflix\/wp-content\/uploads\/usu3472\/2025\/03\/IMG_4809-en-tamano-mediano-300x225.jpeg 300w\" sizes=\"auto, (max-width: 640px) 100vw, 640px\" \/><button\n\t\t\tclass=\"lightbox-trigger\"\n\t\t\ttype=\"button\"\n\t\t\taria-haspopup=\"dialog\"\n\t\t\taria-label=\"Amplia la imatge\"\n\t\t\tdata-wp-init=\"callbacks.initTriggerButton\"\n\t\t\tdata-wp-on-async--click=\"actions.showLightbox\"\n\t\t\tdata-wp-style--right=\"state.imageButtonRight\"\n\t\t\tdata-wp-style--top=\"state.imageButtonTop\"\n\t\t>\n\t\t\t<svg xmlns=\"http:\/\/www.w3.org\/2000\/svg\" width=\"12\" height=\"12\" fill=\"none\" viewBox=\"0 0 12 12\">\n\t\t\t\t<path fill=\"#fff\" d=\"M2 0a2 2 0 0 0-2 2v2h1.5V2a.5.5 0 0 1 .5-.5h2V0H2Zm2 10.5H2a.5.5 0 0 1-.5-.5V8H0v2a2 2 0 0 0 2 2h2v-1.5ZM8 12v-1.5h2a.5.5 0 0 0 .5-.5V8H12v2a2 2 0 0 1-2 2H8Zm2-12a2 2 0 0 1 2 2v2h-1.5V2a.5.5 0 0 0-.5-.5H8V0h2Z\" \/>\n\t\t\t<\/svg>\n\t\t<\/button><\/figure>\n\n\n\n<figure data-wp-context=\"{&quot;imageId&quot;:&quot;69e79204e5e9f&quot;}\" data-wp-interactive=\"core\/image\" class=\"wp-block-image size-full wp-lightbox-container\"><img loading=\"lazy\" decoding=\"async\" width=\"888\" height=\"500\" data-wp-class--hide=\"state.isContentHidden\" data-wp-class--show=\"state.isContentVisible\" data-wp-init=\"callbacks.setButtonStyles\" data-wp-on-async--click=\"actions.showLightbox\" data-wp-on-async--load=\"callbacks.setButtonStyles\" data-wp-on-async-window--resize=\"callbacks.setButtonStyles\" data-id=\"744\" src=\"https:\/\/agora.xtec.cat\/ebmflix\/wp-content\/uploads\/usu3472\/2025\/03\/Remodelacio-EBM-002.jpg\" alt=\"\" class=\"wp-image-744\" srcset=\"https:\/\/agora.xtec.cat\/ebmflix\/wp-content\/uploads\/usu3472\/2025\/03\/Remodelacio-EBM-002.jpg 888w, https:\/\/agora.xtec.cat\/ebmflix\/wp-content\/uploads\/usu3472\/2025\/03\/Remodelacio-EBM-002-300x169.jpg 300w, https:\/\/agora.xtec.cat\/ebmflix\/wp-content\/uploads\/usu3472\/2025\/03\/Remodelacio-EBM-002-768x432.jpg 768w\" sizes=\"auto, (max-width: 888px) 100vw, 888px\" \/><button\n\t\t\tclass=\"lightbox-trigger\"\n\t\t\ttype=\"button\"\n\t\t\taria-haspopup=\"dialog\"\n\t\t\taria-label=\"Amplia la imatge\"\n\t\t\tdata-wp-init=\"callbacks.initTriggerButton\"\n\t\t\tdata-wp-on-async--click=\"actions.showLightbox\"\n\t\t\tdata-wp-style--right=\"state.imageButtonRight\"\n\t\t\tdata-wp-style--top=\"state.imageButtonTop\"\n\t\t>\n\t\t\t<svg xmlns=\"http:\/\/www.w3.org\/2000\/svg\" width=\"12\" height=\"12\" fill=\"none\" viewBox=\"0 0 12 12\">\n\t\t\t\t<path fill=\"#fff\" d=\"M2 0a2 2 0 0 0-2 2v2h1.5V2a.5.5 0 0 1 .5-.5h2V0H2Zm2 10.5H2a.5.5 0 0 1-.5-.5V8H0v2a2 2 0 0 0 2 2h2v-1.5ZM8 12v-1.5h2a.5.5 0 0 0 .5-.5V8H12v2a2 2 0 0 1-2 2H8Zm2-12a2 2 0 0 1 2 2v2h-1.5V2a.5.5 0 0 0-.5-.5H8V0h2Z\" \/>\n\t\t\t<\/svg>\n\t\t<\/button><\/figure>\n\n\n\n<figure data-wp-context=\"{&quot;imageId&quot;:&quot;69e79204e630c&quot;}\" data-wp-interactive=\"core\/image\" class=\"wp-block-image size-full wp-lightbox-container\"><img loading=\"lazy\" decoding=\"async\" width=\"640\" height=\"480\" data-wp-class--hide=\"state.isContentHidden\" data-wp-class--show=\"state.isContentVisible\" data-wp-init=\"callbacks.setButtonStyles\" data-wp-on-async--click=\"actions.showLightbox\" data-wp-on-async--load=\"callbacks.setButtonStyles\" data-wp-on-async-window--resize=\"callbacks.setButtonStyles\" data-id=\"727\" src=\"https:\/\/agora.xtec.cat\/ebmflix\/wp-content\/uploads\/usu3472\/2025\/03\/IMG_0323-en-tamano-mediano.jpeg\" alt=\"\" class=\"wp-image-727\" srcset=\"https:\/\/agora.xtec.cat\/ebmflix\/wp-content\/uploads\/usu3472\/2025\/03\/IMG_0323-en-tamano-mediano.jpeg 640w, https:\/\/agora.xtec.cat\/ebmflix\/wp-content\/uploads\/usu3472\/2025\/03\/IMG_0323-en-tamano-mediano-300x225.jpeg 300w\" sizes=\"auto, (max-width: 640px) 100vw, 640px\" \/><button\n\t\t\tclass=\"lightbox-trigger\"\n\t\t\ttype=\"button\"\n\t\t\taria-haspopup=\"dialog\"\n\t\t\taria-label=\"Amplia la imatge\"\n\t\t\tdata-wp-init=\"callbacks.initTriggerButton\"\n\t\t\tdata-wp-on-async--click=\"actions.showLightbox\"\n\t\t\tdata-wp-style--right=\"state.imageButtonRight\"\n\t\t\tdata-wp-style--top=\"state.imageButtonTop\"\n\t\t>\n\t\t\t<svg xmlns=\"http:\/\/www.w3.org\/2000\/svg\" width=\"12\" height=\"12\" fill=\"none\" viewBox=\"0 0 12 12\">\n\t\t\t\t<path fill=\"#fff\" d=\"M2 0a2 2 0 0 0-2 2v2h1.5V2a.5.5 0 0 1 .5-.5h2V0H2Zm2 10.5H2a.5.5 0 0 1-.5-.5V8H0v2a2 2 0 0 0 2 2h2v-1.5ZM8 12v-1.5h2a.5.5 0 0 0 .5-.5V8H12v2a2 2 0 0 1-2 2H8Zm2-12a2 2 0 0 1 2 2v2h-1.5V2a.5.5 0 0 0-.5-.5H8V0h2Z\" \/>\n\t\t\t<\/svg>\n\t\t<\/button><\/figure>\n\n\n\n<figure data-wp-context=\"{&quot;imageId&quot;:&quot;69e79204e6798&quot;}\" data-wp-interactive=\"core\/image\" class=\"wp-block-image size-full wp-lightbox-container\"><img loading=\"lazy\" decoding=\"async\" width=\"640\" height=\"480\" data-wp-class--hide=\"state.isContentHidden\" data-wp-class--show=\"state.isContentVisible\" data-wp-init=\"callbacks.setButtonStyles\" data-wp-on-async--click=\"actions.showLightbox\" data-wp-on-async--load=\"callbacks.setButtonStyles\" data-wp-on-async-window--resize=\"callbacks.setButtonStyles\" data-id=\"746\" src=\"https:\/\/agora.xtec.cat\/ebmflix\/wp-content\/uploads\/usu3472\/2025\/03\/IMG_4813-en-tamano-mediano.jpeg\" alt=\"\" class=\"wp-image-746\" srcset=\"https:\/\/agora.xtec.cat\/ebmflix\/wp-content\/uploads\/usu3472\/2025\/03\/IMG_4813-en-tamano-mediano.jpeg 640w, https:\/\/agora.xtec.cat\/ebmflix\/wp-content\/uploads\/usu3472\/2025\/03\/IMG_4813-en-tamano-mediano-300x225.jpeg 300w\" sizes=\"auto, (max-width: 640px) 100vw, 640px\" \/><button\n\t\t\tclass=\"lightbox-trigger\"\n\t\t\ttype=\"button\"\n\t\t\taria-haspopup=\"dialog\"\n\t\t\taria-label=\"Amplia la imatge\"\n\t\t\tdata-wp-init=\"callbacks.initTriggerButton\"\n\t\t\tdata-wp-on-async--click=\"actions.showLightbox\"\n\t\t\tdata-wp-style--right=\"state.imageButtonRight\"\n\t\t\tdata-wp-style--top=\"state.imageButtonTop\"\n\t\t>\n\t\t\t<svg xmlns=\"http:\/\/www.w3.org\/2000\/svg\" width=\"12\" height=\"12\" fill=\"none\" viewBox=\"0 0 12 12\">\n\t\t\t\t<path fill=\"#fff\" d=\"M2 0a2 2 0 0 0-2 2v2h1.5V2a.5.5 0 0 1 .5-.5h2V0H2Zm2 10.5H2a.5.5 0 0 1-.5-.5V8H0v2a2 2 0 0 0 2 2h2v-1.5ZM8 12v-1.5h2a.5.5 0 0 0 .5-.5V8H12v2a2 2 0 0 1-2 2H8Zm2-12a2 2 0 0 1 2 2v2h-1.5V2a.5.5 0 0 0-.5-.5H8V0h2Z\" \/>\n\t\t\t<\/svg>\n\t\t<\/button><\/figure>\n<\/figure>\n\n\n\n<p><\/p>\n","protected":false},"excerpt":{"rendered":"<p>Distribuci\u00f3 dels espais A l\u2019accedir al recinte escolar, es troba primerament una zona enjardinada delimitada per una tanca i una porta de reixes met\u00e0l\u00b7lica. A trav\u00e9s de dues portes es pot accedir a l\u2019edifici principal, que inclou: Aula d\u2019usos m\u00faltiples:&nbsp;Espai polivalent que tamb\u00e9 compta amb diverses sales petites inicialment destinades a una cuina per preparar [&hellip;]<\/p>\n","protected":false},"author":1,"featured_media":0,"parent":22,"menu_order":40,"comment_status":"closed","ping_status":"closed","template":"","meta":{"site-sidebar-layout":"default","site-content-layout":"","ast-site-content-layout":"default","site-content-style":"default","site-sidebar-style":"default","ast-global-header-display":"","ast-banner-title-visibility":"","ast-main-header-display":"","ast-hfb-above-header-display":"","ast-hfb-below-header-display":"","ast-hfb-mobile-header-display":"","site-post-title":"","ast-breadcrumbs-content":"","ast-featured-img":"","footer-sml-layout":"","theme-transparent-header-meta":"","adv-header-id-meta":"","stick-header-meta":"","header-above-stick-meta":"","header-main-stick-meta":"","header-below-stick-meta":"","astra-migrate-meta-layouts":"set","ast-page-background-enabled":"default","ast-page-background-meta":{"desktop":{"background-color":"var(--ast-global-color-4)","background-image":"","background-repeat":"repeat","background-position":"center center","background-size":"auto","background-attachment":"scroll","background-type":"","background-media":"","overlay-type":"","overlay-color":"","overlay-opacity":"","overlay-gradient":""},"tablet":{"background-color":"","background-image":"","background-repeat":"repeat","background-position":"center center","background-size":"auto","background-attachment":"scroll","background-type":"","background-media":"","overlay-type":"","overlay-color":"","overlay-opacity":"","overlay-gradient":""},"mobile":{"background-color":"","background-image":"","background-repeat":"repeat","background-position":"center center","background-size":"auto","background-attachment":"scroll","background-type":"","background-media":"","overlay-type":"","overlay-color":"","overlay-opacity":"","overlay-gradient":""}},"ast-content-background-meta":{"desktop":{"background-color":"var(--ast-global-color-5)","background-image":"","background-repeat":"repeat","background-position":"center center","background-size":"auto","background-attachment":"scroll","background-type":"","background-media":"","overlay-type":"","overlay-color":"","overlay-opacity":"","overlay-gradient":""},"tablet":{"background-color":"var(--ast-global-color-5)","background-image":"","background-repeat":"repeat","background-position":"center center","background-size":"auto","background-attachment":"scroll","background-type":"","background-media":"","overlay-type":"","overlay-color":"","overlay-opacity":"","overlay-gradient":""},"mobile":{"background-color":"var(--ast-global-color-5)","background-image":"","background-repeat":"repeat","background-position":"center center","background-size":"auto","background-attachment":"scroll","background-type":"","background-media":"","overlay-type":"","overlay-color":"","overlay-opacity":"","overlay-gradient":""}},"footnotes":""},"class_list":["post-30","page","type-page","status-publish","hentry"],"post_mailing_queue_ids":[],"_links":{"self":[{"href":"https:\/\/agora.xtec.cat\/ebmflix\/wp-json\/wp\/v2\/pages\/30","targetHints":{"allow":["GET"]}}],"collection":[{"href":"https:\/\/agora.xtec.cat\/ebmflix\/wp-json\/wp\/v2\/pages"}],"about":[{"href":"https:\/\/agora.xtec.cat\/ebmflix\/wp-json\/wp\/v2\/types\/page"}],"author":[{"embeddable":true,"href":"https:\/\/agora.xtec.cat\/ebmflix\/wp-json\/wp\/v2\/users\/1"}],"replies":[{"embeddable":true,"href":"https:\/\/agora.xtec.cat\/ebmflix\/wp-json\/wp\/v2\/comments?post=30"}],"version-history":[{"count":5,"href":"https:\/\/agora.xtec.cat\/ebmflix\/wp-json\/wp\/v2\/pages\/30\/revisions"}],"predecessor-version":[{"id":747,"href":"https:\/\/agora.xtec.cat\/ebmflix\/wp-json\/wp\/v2\/pages\/30\/revisions\/747"}],"up":[{"embeddable":true,"href":"https:\/\/agora.xtec.cat\/ebmflix\/wp-json\/wp\/v2\/pages\/22"}],"wp:attachment":[{"href":"https:\/\/agora.xtec.cat\/ebmflix\/wp-json\/wp\/v2\/media?parent=30"}],"curies":[{"name":"wp","href":"https:\/\/api.w.org\/{rel}","templated":true}]}}