{"id":36,"date":"2014-09-18T12:33:11","date_gmt":"2014-09-18T11:33:11","guid":{"rendered":"http:\/\/agora.xtec.cat\/ebm-elbressol-seva\/?page_id=36"},"modified":"2026-02-06T14:58:31","modified_gmt":"2026-02-06T13:58:31","slug":"material-escolar","status":"publish","type":"page","link":"https:\/\/agora.xtec.cat\/ebm-elbressol-seva\/lescola\/material-escolar\/","title":{"rendered":"Material escolar"},"content":{"rendered":"<p><strong>MATERIAL NECESSARI QUE CAL PORTAR ELS PRIMERS DIES:<\/strong><\/p>\n<ul>\n<li>DOCUMENTACI\u00d3 FAM\u00cdLIES: carta de comprom\u00eds educatiu, autoritzacions, inscripci\u00f3 del menjador i l\u2019AFA (fam\u00edlies noves tamb\u00e9 fitxa de dades b\u00e0siques). Es donar\u00e0 la documentaci\u00f3 per signar a l\u2019inici de curs.<\/li>\n<li>2 FOTOS MIDA CARNET i 1 FOTO MIDA 10 x 15 (recents)<\/li>\n<li>1 PAQUET DE BOLQUERS<\/li>\n<li>2 PAQUETS DE TOVALLOLETES HUMIDES<\/li>\n<li>MUDA <strong>SENCERA<\/strong> MARCADA AMB EL NOM<\/li>\n<li>XUMET (i\/o objecte de refer\u00e8ncia, en cas de necessitar-lo)<\/li>\n<li>BIBER\u00d3 D\u2019AIGUA o GOT DE PL\u00c0STIC (<strong>sense nansa<\/strong>)<\/li>\n<li>BIBER\u00d3, LLET i CEREALS (en el cas de lactants)<\/li>\n<li>5 PITETS amb goma (en cas que es quedi a dinar)<\/li>\n<li>TOVALLOLA MIDA LAVABO<\/li>\n<li>CREMA PEL CUL<\/li>\n<li>2 CAIXES DE MOCADORS<\/li>\n<li>1 GORRA (si comen\u00e7a durant els mesos d&#8217;estiu)<\/li>\n<li>LLEN\u00c7OL DE SOBRE (mida bressol)<\/li>\n<\/ul>\n<p>Per potenciar el moviment i l\u2019autonomia de l\u2019infant us demanem que li poseu <strong>roba i cal\u00e7at c\u00f2mode<\/strong>.<\/p>\n<p>Per evitar p\u00e8rdues, <strong>cal que tot estigui marcat amb el nom<\/strong>.<\/p>\n","protected":false},"excerpt":{"rendered":"<p>MATERIAL NECESSARI QUE CAL PORTAR ELS PRIMERS DIES:<\/p>\n<ul>\n<li>DOCUMENTACI\u00d3 FAM\u00cdLIES: carta de comprom\u00eds educatiu, autoritzacions, inscripci\u00f3 del menjador i l\u2019AFA (fam\u00edlies noves tamb\u00e9 fitxa de dades b\u00e0siques). Es donar\u00e0 la documentaci\u00f3 per signar a l\u2019inici de curs.<\/li>\n<li>2 FOTOS MIDA CARNET i 1 FOTO MIDA 10 x&hellip;  <a href=\"https:\/\/agora.xtec.cat\/ebm-elbressol-seva\/lescola\/material-escolar\/\" title=\"Read Material escolar\">Llegeix m\u00e9s\u00bb<\/a><br \/>\n","protected":false},"author":1,"featured_media":0,"parent":22,"menu_order":70,"comment_status":"closed","ping_status":"closed","template":"page-templates\/side-menu.php","meta":{"footnotes":""},"class_list":["post-36","page","type-page","status-publish","hentry"],"post_mailing_queue_ids":[],"_links":{"self":[{"href":"https:\/\/agora.xtec.cat\/ebm-elbressol-seva\/wp-json\/wp\/v2\/pages\/36","targetHints":{"allow":["GET"]}}],"collection":[{"href":"https:\/\/agora.xtec.cat\/ebm-elbressol-seva\/wp-json\/wp\/v2\/pages"}],"about":[{"href":"https:\/\/agora.xtec.cat\/ebm-elbressol-seva\/wp-json\/wp\/v2\/types\/page"}],"author":[{"embeddable":true,"href":"https:\/\/agora.xtec.cat\/ebm-elbressol-seva\/wp-json\/wp\/v2\/users\/1"}],"replies":[{"embeddable":true,"href":"https:\/\/agora.xtec.cat\/ebm-elbressol-seva\/wp-json\/wp\/v2\/comments?post=36"}],"version-history":[{"count":2,"href":"https:\/\/agora.xtec.cat\/ebm-elbressol-seva\/wp-json\/wp\/v2\/pages\/36\/revisions"}],"predecessor-version":[{"id":733,"href":"https:\/\/agora.xtec.cat\/ebm-elbressol-seva\/wp-json\/wp\/v2\/pages\/36\/revisions\/733"}],"up":[{"embeddable":true,"href":"https:\/\/agora.xtec.cat\/ebm-elbressol-seva\/wp-json\/wp\/v2\/pages\/22"}],"wp:attachment":[{"href":"https:\/\/agora.xtec.cat\/ebm-elbressol-seva\/wp-json\/wp\/v2\/media?parent=36"}],"curies":[{"name":"wp","href":"https:\/\/api.w.org\/{rel}","templated":true}]}}