{"id":34,"date":"2014-09-18T12:32:18","date_gmt":"2014-09-18T11:32:18","guid":{"rendered":"http:\/\/agora.xtec.cat\/ebm-elbressol-seva\/?page_id=34"},"modified":"2026-04-29T10:52:41","modified_gmt":"2026-04-29T08:52:41","slug":"oferta-educativa","status":"publish","type":"page","link":"https:\/\/agora.xtec.cat\/ebm-elbressol-seva\/lescola\/oferta-educativa\/","title":{"rendered":"Preinscripcions"},"content":{"rendered":"\n<p>Podeu accedir a l&#8217;EBM El Bressol de dues maneres diferents, sempre que hi hagi places disponibles:<\/p>\n\n\n\n<ul class=\"wp-block-list\">\n<li>Fent la preinscripci\u00f3 a l&#8217;Ajuntament <strong>per comen\u00e7ar al setembre<\/strong>. Cap al mes de mar\u00e7 es publiquen els calendaris generals de preinscripci\u00f3 per accedir a les escoles bressol p\u00fabliques (i generalment les sol\u00b7licituds comencen al maig):\n<ul class=\"wp-block-list\">\n<li>Informaci\u00f3 general preinscripcions Gencat: <a href=\"https:\/\/preinscripcio.gencat.cat\/ca\/estudis\/infantil-0-3\/inici\/\">https:\/\/preinscripcio.gencat.cat\/ca\/estudis\/infantil-0-3\/inici\/<\/a><\/li>\n\n\n\n<li>Tr\u00e0mits de preinscripci\u00f3 i matr\u00edcula Ajuntament de Seva: <a href=\"https:\/\/www.seva.cat\/serveis-i-tramits\/tramits-i-gestions\/escola-bressol-preinscripcio-i-o-matricula.html\">https:\/\/www.seva.cat\/serveis-i-tramits\/tramits-i-gestions\/escola-bressol-preinscripcio-i-o-matricula.html<\/a><\/li>\n<\/ul>\n<\/li>\n\n\n\n<li>Si el centre t\u00e9 vacants <strong>al llarg del curs<\/strong>, pot admetre infants a partir del moment que compleixen 16 setmanes. La preinscripci\u00f3 i la matr\u00edcula tamb\u00e9 s&#8217;han de fer a l&#8217;Ajuntament.\n<ul class=\"wp-block-list\">\n<li>Tr\u00e0mits de preinscripci\u00f3 i matr\u00edcula Ajuntament de Seva: <a href=\"https:\/\/www.seva.cat\/serveis-i-tramits\/tramits-i-gestions\/escola-bressol-preinscripcio-i-o-matricula.html\">https:\/\/www.seva.cat\/serveis-i-tramits\/tramits-i-gestions\/escola-bressol-preinscripcio-i-o-matricula.html<\/a><\/li>\n<\/ul>\n<\/li>\n<\/ul>\n\n\n\n<p><\/p>\n\n\n\n<figure class=\"wp-block-image size-large is-resized\"><a href=\"https:\/\/agora.xtec.cat\/ebm-elbressol-seva\/wp-content\/uploads\/usu916\/2026\/04\/OFERTA-DE-PLACES-CURS-2026-2027-1-scaled.jpg\"><img loading=\"lazy\" decoding=\"async\" width=\"724\" height=\"1024\" src=\"https:\/\/agora.xtec.cat\/ebm-elbressol-seva\/wp-content\/uploads\/usu916\/2026\/04\/OFERTA-DE-PLACES-CURS-2026-2027-1-724x1024.jpg\" alt=\"\" class=\"wp-image-754\" style=\"width:838px;height:auto\" srcset=\"https:\/\/agora.xtec.cat\/ebm-elbressol-seva\/wp-content\/uploads\/usu916\/2026\/04\/OFERTA-DE-PLACES-CURS-2026-2027-1-724x1024.jpg 724w, https:\/\/agora.xtec.cat\/ebm-elbressol-seva\/wp-content\/uploads\/usu916\/2026\/04\/OFERTA-DE-PLACES-CURS-2026-2027-1-212x300.jpg 212w, https:\/\/agora.xtec.cat\/ebm-elbressol-seva\/wp-content\/uploads\/usu916\/2026\/04\/OFERTA-DE-PLACES-CURS-2026-2027-1-768x1086.jpg 768w, https:\/\/agora.xtec.cat\/ebm-elbressol-seva\/wp-content\/uploads\/usu916\/2026\/04\/OFERTA-DE-PLACES-CURS-2026-2027-1-1086x1536.jpg 1086w, https:\/\/agora.xtec.cat\/ebm-elbressol-seva\/wp-content\/uploads\/usu916\/2026\/04\/OFERTA-DE-PLACES-CURS-2026-2027-1-1448x2048.jpg 1448w, https:\/\/agora.xtec.cat\/ebm-elbressol-seva\/wp-content\/uploads\/usu916\/2026\/04\/OFERTA-DE-PLACES-CURS-2026-2027-1-scaled.jpg 1810w\" sizes=\"auto, (max-width: 724px) 100vw, 724px\" \/><\/a><\/figure>\n\n\n\n<p><\/p>\n\n\n\n<figure class=\"wp-block-image size-large is-resized\"><a href=\"https:\/\/agora.xtec.cat\/ebm-elbressol-seva\/wp-content\/uploads\/usu916\/2026\/04\/preinscripcions-26-27.jpg\"><img loading=\"lazy\" decoding=\"async\" width=\"724\" height=\"1024\" src=\"https:\/\/agora.xtec.cat\/ebm-elbressol-seva\/wp-content\/uploads\/usu916\/2026\/04\/preinscripcions-26-27-724x1024.jpg\" alt=\"\" class=\"wp-image-746\" style=\"width:840px;height:auto\" srcset=\"https:\/\/agora.xtec.cat\/ebm-elbressol-seva\/wp-content\/uploads\/usu916\/2026\/04\/preinscripcions-26-27-724x1024.jpg 724w, https:\/\/agora.xtec.cat\/ebm-elbressol-seva\/wp-content\/uploads\/usu916\/2026\/04\/preinscripcions-26-27-212x300.jpg 212w, https:\/\/agora.xtec.cat\/ebm-elbressol-seva\/wp-content\/uploads\/usu916\/2026\/04\/preinscripcions-26-27-768x1086.jpg 768w, https:\/\/agora.xtec.cat\/ebm-elbressol-seva\/wp-content\/uploads\/usu916\/2026\/04\/preinscripcions-26-27-1086x1536.jpg 1086w, https:\/\/agora.xtec.cat\/ebm-elbressol-seva\/wp-content\/uploads\/usu916\/2026\/04\/preinscripcions-26-27.jpg 1414w\" sizes=\"auto, (max-width: 724px) 100vw, 724px\" \/><\/a><\/figure>\n\n\n\n<p><\/p>\n\n\n\n<p><\/p>\n\n\n\n<figure class=\"wp-block-gallery has-nested-images columns-default is-cropped wp-block-gallery-1 is-layout-flex wp-block-gallery-is-layout-flex\">\n<figure class=\"wp-block-image size-large\"><a href=\"https:\/\/agora.xtec.cat\/ebm-elbressol-seva\/wp-content\/uploads\/usu916\/2026\/04\/matriculacio-26-27-1.jpg\"><img loading=\"lazy\" decoding=\"async\" width=\"724\" height=\"1024\" data-id=\"750\" src=\"https:\/\/agora.xtec.cat\/ebm-elbressol-seva\/wp-content\/uploads\/usu916\/2026\/04\/matriculacio-26-27-1-724x1024.jpg\" alt=\"\" class=\"wp-image-750\" srcset=\"https:\/\/agora.xtec.cat\/ebm-elbressol-seva\/wp-content\/uploads\/usu916\/2026\/04\/matriculacio-26-27-1-724x1024.jpg 724w, https:\/\/agora.xtec.cat\/ebm-elbressol-seva\/wp-content\/uploads\/usu916\/2026\/04\/matriculacio-26-27-1-212x300.jpg 212w, https:\/\/agora.xtec.cat\/ebm-elbressol-seva\/wp-content\/uploads\/usu916\/2026\/04\/matriculacio-26-27-1-768x1086.jpg 768w, https:\/\/agora.xtec.cat\/ebm-elbressol-seva\/wp-content\/uploads\/usu916\/2026\/04\/matriculacio-26-27-1-1086x1536.jpg 1086w, https:\/\/agora.xtec.cat\/ebm-elbressol-seva\/wp-content\/uploads\/usu916\/2026\/04\/matriculacio-26-27-1.jpg 1414w\" sizes=\"auto, (max-width: 724px) 100vw, 724px\" \/><\/a><\/figure>\n<\/figure>\n\n\n\n<figure class=\"wp-block-gallery has-nested-images columns-default is-cropped wp-block-gallery-2 is-layout-flex wp-block-gallery-is-layout-flex\"><\/figure>\n","protected":false},"excerpt":{"rendered":"<p>Podeu accedir a l&#8217;EBM El Bressol de dues maneres diferents, sempre que hi hagi places disponibles:<\/p>\n<ul class=\"wp-block-list\">\n<li>Fent la preinscripci\u00f3 a l&#8217;Ajuntament per comen\u00e7ar al setembre. Cap al mes de mar\u00e7 es publiquen els calendaris generals de preinscripci\u00f3 per accedir a les escoles bressol p\u00fabliques (i&hellip;  <a href=\"https:\/\/agora.xtec.cat\/ebm-elbressol-seva\/lescola\/oferta-educativa\/\" title=\"Read Preinscripcions\">Llegeix m\u00e9s\u00bb<\/a><br \/>\n","protected":false},"author":1,"featured_media":0,"parent":22,"menu_order":60,"comment_status":"closed","ping_status":"closed","template":"page-templates\/side-menu.php","meta":{"footnotes":""},"class_list":["post-34","page","type-page","status-publish","hentry"],"post_mailing_queue_ids":[],"_links":{"self":[{"href":"https:\/\/agora.xtec.cat\/ebm-elbressol-seva\/wp-json\/wp\/v2\/pages\/34","targetHints":{"allow":["GET"]}}],"collection":[{"href":"https:\/\/agora.xtec.cat\/ebm-elbressol-seva\/wp-json\/wp\/v2\/pages"}],"about":[{"href":"https:\/\/agora.xtec.cat\/ebm-elbressol-seva\/wp-json\/wp\/v2\/types\/page"}],"author":[{"embeddable":true,"href":"https:\/\/agora.xtec.cat\/ebm-elbressol-seva\/wp-json\/wp\/v2\/users\/1"}],"replies":[{"embeddable":true,"href":"https:\/\/agora.xtec.cat\/ebm-elbressol-seva\/wp-json\/wp\/v2\/comments?post=34"}],"version-history":[{"count":6,"href":"https:\/\/agora.xtec.cat\/ebm-elbressol-seva\/wp-json\/wp\/v2\/pages\/34\/revisions"}],"predecessor-version":[{"id":757,"href":"https:\/\/agora.xtec.cat\/ebm-elbressol-seva\/wp-json\/wp\/v2\/pages\/34\/revisions\/757"}],"up":[{"embeddable":true,"href":"https:\/\/agora.xtec.cat\/ebm-elbressol-seva\/wp-json\/wp\/v2\/pages\/22"}],"wp:attachment":[{"href":"https:\/\/agora.xtec.cat\/ebm-elbressol-seva\/wp-json\/wp\/v2\/media?parent=34"}],"curies":[{"name":"wp","href":"https:\/\/api.w.org\/{rel}","templated":true}]}}