{"id":2,"date":"2014-09-12T11:10:47","date_gmt":"2014-09-12T09:10:47","guid":{"rendered":"http:\/\/agora.xtec.cat\/ebm-elbressol-seva\/?page_id=2"},"modified":"2026-02-06T15:27:49","modified_gmt":"2026-02-06T14:27:49","slug":"pagina-exemple","status":"publish","type":"page","link":"https:\/\/agora.xtec.cat\/ebm-elbressol-seva\/pagina-exemple\/","title":{"rendered":"Com treballem"},"content":{"rendered":"\n<p><strong>L&#8217;infant com a persona<\/strong><\/p>\n\n\n\n<p>Els nens i les nenes s\u00f3n els protagonistes actius del seu proc\u00e9s de creixement,\u00a0\u00fanics, capa\u00e7os, competents, aut\u00f2noms, curiosos, sensibles&#8230; oberts al m\u00f3n per aprendre de les experi\u00e8ncies que viuen.<\/p>\n\n\n\n<p class=\"has-text-align-right\">\u200b<em>Sense experi\u00e8ncies no es nodreix el pensament<\/em>&nbsp;(Jean Piaget)<\/p>\n\n\n\n<p><strong>L&#8217;adult com a motor de l&#8217;aprenentatge<\/strong><\/p>\n\n\n\n<p>Donem import\u00e0ncia a la nostra labor d&#8217;acompanyar&nbsp;l&#8217;infant en el proc\u00e9s de construcci\u00f3 com a persona, establint un vincle afectiu profund, respectu\u00f3s i estable, oferint-li seguretat i&nbsp;creant espais i contextos educatius a trav\u00e9s de la pedagogia de l\u2019escolta.<\/p>\n\n\n\n<p class=\"has-text-align-right\"><em>El ser mestre \u00e9s un ofici on no es pot permetre pensar en petit<\/em>&nbsp;(Loris Malaguzzi)<\/p>\n\n\n\n<p><strong>Les fam\u00edlies com a participants actius<\/strong><\/p>\n\n\n\n<p>Un pilar molt important de l\u2019escola, participant i vivint dels infants i de l\u2019escola, entenent la corresponsabilitat educativa.<\/p>\n\n\n\n<p class=\"has-text-align-right\"><em>Per educar a un infant fa falta tota la tribu&nbsp;<\/em>(proverbi afric\u00e0)<\/p>\n\n\n\n<p><strong>La dimensi\u00f3 est\u00e8tica de l&#8217;entorn<\/strong><\/p>\n\n\n\n<p>Creiem que el contacte amb la natura \u00e9s vital per les persones i, especialment, pels infants ja que t\u00e9 una influ\u00e8ncia directa a la seva autoestima, confian\u00e7a, curiositat, exploraci\u00f3 i descoberta&nbsp;&nbsp;i, alhora, a desenvolupar&nbsp;un fort sentiment harm\u00f2nic amb el m\u00f3n, reduint l&#8217;estr\u00e8s i el seu impacte.<\/p>\n\n\n\n<p class=\"has-text-align-right\"><em>El joc necessita varietat d\u2019entorn per fer-lo m\u00e9s ric<\/em>&nbsp;(Francesco Tonucci)<\/p>\n","protected":false},"excerpt":{"rendered":"<p>L&#8217;infant com a persona<\/p>\n<p>Els nens i les nenes s\u00f3n els protagonistes actius del seu proc\u00e9s de creixement,\u00a0\u00fanics, capa\u00e7os, competents, aut\u00f2noms, curiosos, sensibles&#8230; oberts al m\u00f3n per aprendre de les experi\u00e8ncies que viuen.<\/p>\n<p>\u200bSense experi\u00e8ncies no es nodreix el pensament&nbsp;(Jean Piaget)<\/p>\n<p>L&#8217;adult com a motor de l&#8217;aprenentatge<\/p>\n<p>Donem import\u00e0ncia&hellip;  <a href=\"https:\/\/agora.xtec.cat\/ebm-elbressol-seva\/pagina-exemple\/\" title=\"Read Com treballem\">Llegeix m\u00e9s\u00bb<\/a><\/p>\n","protected":false},"author":1,"featured_media":0,"parent":0,"menu_order":0,"comment_status":"closed","ping_status":"closed","template":"","meta":{"footnotes":""},"class_list":["post-2","page","type-page","status-publish","hentry"],"post_mailing_queue_ids":[],"_links":{"self":[{"href":"https:\/\/agora.xtec.cat\/ebm-elbressol-seva\/wp-json\/wp\/v2\/pages\/2","targetHints":{"allow":["GET"]}}],"collection":[{"href":"https:\/\/agora.xtec.cat\/ebm-elbressol-seva\/wp-json\/wp\/v2\/pages"}],"about":[{"href":"https:\/\/agora.xtec.cat\/ebm-elbressol-seva\/wp-json\/wp\/v2\/types\/page"}],"author":[{"embeddable":true,"href":"https:\/\/agora.xtec.cat\/ebm-elbressol-seva\/wp-json\/wp\/v2\/users\/1"}],"replies":[{"embeddable":true,"href":"https:\/\/agora.xtec.cat\/ebm-elbressol-seva\/wp-json\/wp\/v2\/comments?post=2"}],"version-history":[{"count":2,"href":"https:\/\/agora.xtec.cat\/ebm-elbressol-seva\/wp-json\/wp\/v2\/pages\/2\/revisions"}],"predecessor-version":[{"id":739,"href":"https:\/\/agora.xtec.cat\/ebm-elbressol-seva\/wp-json\/wp\/v2\/pages\/2\/revisions\/739"}],"wp:attachment":[{"href":"https:\/\/agora.xtec.cat\/ebm-elbressol-seva\/wp-json\/wp\/v2\/media?parent=2"}],"curies":[{"name":"wp","href":"https:\/\/api.w.org\/{rel}","templated":true}]}}