{"id":795,"date":"2025-02-09T23:07:07","date_gmt":"2025-02-09T22:07:07","guid":{"rendered":"https:\/\/agora.xtec.cat\/ebhortdepau\/?page_id=795"},"modified":"2025-02-25T23:52:36","modified_gmt":"2025-02-25T22:52:36","slug":"inscripcio","status":"publish","type":"page","link":"https:\/\/agora.xtec.cat\/ebhortdepau\/afa\/inscripcio\/","title":{"rendered":"Inscripci\u00f3"},"content":{"rendered":"\n<p>Per formar part de l\u2019<strong>Associaci\u00f3 de Fam\u00edlies d\u2019Alumnes (AFA) de l\u2019Escola Bressol Hort de Pau<\/strong> cal formalitzar la vostra inscripci\u00f3 seguint els seg\u00fcents passos:<\/p>\n\n\n\n<h4 class=\"wp-block-heading\"><strong>1. Ompliu el formulari d\u2019inscripci\u00f3<\/strong><\/h4>\n\n\n\n<p><a href=\"https:\/\/forms.gle\/4f9dtyTML97cTctK8\">[Enlla\u00e7 al formulari]<\/a><em> <\/em><em>(Disponible)<\/em><\/p>\n\n\n\n<h4 class=\"wp-block-heading\"><strong>2. Realitzeu el pagament de la quota anual<\/strong><\/h4>\n\n\n\n<p><strong>Import<\/strong>: 30 \u20ac per unitat familiar i curs<br><strong>Forma de pagament<\/strong>: Transfer\u00e8ncia banc\u00e0ria<br><strong>Compte bancari<\/strong>: La Caixa \u2013 <strong>ES22 2100 4106 4322 0000 7884<\/strong><br><strong>Important<\/strong>: Indiqueu el <strong>nom de l\u2019alumne\/a i el curs<\/strong> en el concepte de la transfer\u00e8ncia.<\/p>\n\n\n\n<h4 class=\"wp-block-heading\"><strong>3. Adjunteu el comprovant de pagament<\/strong><\/h4>\n\n\n\n<p>Un cop feta la transfer\u00e8ncia, <strong>adjunteu el justificant de pagament<\/strong> al formulari o envieu-lo per correu electr\u00f2nic a  <strong><a>afa.hortdepau@gmail.com<\/a><\/strong><\/p>\n\n\n\n<h4 class=\"wp-block-heading\"><strong>Dubtes o preguntes?<\/strong><\/h4>\n\n\n\n<p>Si necessiteu m\u00e9s informaci\u00f3 o teniu qualsevol consulta, podeu contactar-nos a trav\u00e9s del correu electr\u00f2nic.<\/p>\n\n\n\n<p>Moltes gr\u00e0cies per la vostra col\u00b7laboraci\u00f3! <br>Junts, fem una escola millor.<\/p>\n","protected":false},"excerpt":{"rendered":"<p>Per formar part de l\u2019Associaci\u00f3 de Fam\u00edlies d\u2019Alumnes (AFA) de l\u2019Escola Bressol Hort de Pau cal formalitzar la vostra inscripci\u00f3 seguint els seg\u00fcents passos: 1. Ompliu el formulari d\u2019inscripci\u00f3 [Enlla\u00e7 al formulari] (Disponible) 2. Realitzeu el pagament de la quota anual Import: 30 \u20ac per unitat familiar i cursForma de pagament: Transfer\u00e8ncia banc\u00e0riaCompte bancari: La [&hellip;]<\/p>\n","protected":false},"author":1,"featured_media":0,"parent":631,"menu_order":10,"comment_status":"closed","ping_status":"closed","template":"","meta":{"site-sidebar-layout":"default","site-content-layout":"","ast-site-content-layout":"default","site-content-style":"default","site-sidebar-style":"default","ast-global-header-display":"","ast-banner-title-visibility":"","ast-main-header-display":"","ast-hfb-above-header-display":"","ast-hfb-below-header-display":"","ast-hfb-mobile-header-display":"","site-post-title":"","ast-breadcrumbs-content":"","ast-featured-img":"","footer-sml-layout":"","theme-transparent-header-meta":"","adv-header-id-meta":"","stick-header-meta":"","header-above-stick-meta":"","header-main-stick-meta":"","header-below-stick-meta":"","astra-migrate-meta-layouts":"set","ast-page-background-enabled":"default","ast-page-background-meta":{"desktop":{"background-color":"var(--ast-global-color-4)","background-image":"","background-repeat":"repeat","background-position":"center center","background-size":"auto","background-attachment":"scroll","background-type":"","background-media":"","overlay-type":"","overlay-color":"","overlay-opacity":"","overlay-gradient":""},"tablet":{"background-color":"","background-image":"","background-repeat":"repeat","background-position":"center center","background-size":"auto","background-attachment":"scroll","background-type":"","background-media":"","overlay-type":"","overlay-color":"","overlay-opacity":"","overlay-gradient":""},"mobile":{"background-color":"","background-image":"","background-repeat":"repeat","background-position":"center center","background-size":"auto","background-attachment":"scroll","background-type":"","background-media":"","overlay-type":"","overlay-color":"","overlay-opacity":"","overlay-gradient":""}},"ast-content-background-meta":{"desktop":{"background-color":"var(--ast-global-color-5)","background-image":"","background-repeat":"repeat","background-position":"center center","background-size":"auto","background-attachment":"scroll","background-type":"","background-media":"","overlay-type":"","overlay-color":"","overlay-opacity":"","overlay-gradient":""},"tablet":{"background-color":"var(--ast-global-color-5)","background-image":"","background-repeat":"repeat","background-position":"center center","background-size":"auto","background-attachment":"scroll","background-type":"","background-media":"","overlay-type":"","overlay-color":"","overlay-opacity":"","overlay-gradient":""},"mobile":{"background-color":"var(--ast-global-color-5)","background-image":"","background-repeat":"repeat","background-position":"center center","background-size":"auto","background-attachment":"scroll","background-type":"","background-media":"","overlay-type":"","overlay-color":"","overlay-opacity":"","overlay-gradient":""}},"footnotes":""},"class_list":["post-795","page","type-page","status-publish","hentry"],"post_mailing_queue_ids":[],"_links":{"self":[{"href":"https:\/\/agora.xtec.cat\/ebhortdepau\/wp-json\/wp\/v2\/pages\/795","targetHints":{"allow":["GET"]}}],"collection":[{"href":"https:\/\/agora.xtec.cat\/ebhortdepau\/wp-json\/wp\/v2\/pages"}],"about":[{"href":"https:\/\/agora.xtec.cat\/ebhortdepau\/wp-json\/wp\/v2\/types\/page"}],"author":[{"embeddable":true,"href":"https:\/\/agora.xtec.cat\/ebhortdepau\/wp-json\/wp\/v2\/users\/1"}],"replies":[{"embeddable":true,"href":"https:\/\/agora.xtec.cat\/ebhortdepau\/wp-json\/wp\/v2\/comments?post=795"}],"version-history":[{"count":6,"href":"https:\/\/agora.xtec.cat\/ebhortdepau\/wp-json\/wp\/v2\/pages\/795\/revisions"}],"predecessor-version":[{"id":985,"href":"https:\/\/agora.xtec.cat\/ebhortdepau\/wp-json\/wp\/v2\/pages\/795\/revisions\/985"}],"up":[{"embeddable":true,"href":"https:\/\/agora.xtec.cat\/ebhortdepau\/wp-json\/wp\/v2\/pages\/631"}],"wp:attachment":[{"href":"https:\/\/agora.xtec.cat\/ebhortdepau\/wp-json\/wp\/v2\/media?parent=795"}],"curies":[{"name":"wp","href":"https:\/\/api.w.org\/{rel}","templated":true}]}}