{"id":781,"date":"2025-02-09T22:47:16","date_gmt":"2025-02-09T21:47:16","guid":{"rendered":"https:\/\/agora.xtec.cat\/ebhortdepau\/?page_id=781"},"modified":"2025-02-26T00:08:02","modified_gmt":"2025-02-25T23:08:02","slug":"curs-2022-2023","status":"publish","type":"page","link":"https:\/\/agora.xtec.cat\/ebhortdepau\/afa\/projectes\/curs-2022-2023\/","title":{"rendered":"Curs 2022-2023"},"content":{"rendered":"\n<h3 class=\"wp-block-heading\">\ud83c\udf89 <strong>Projecte &#8220;Juguem a construir un m\u00f3n m\u00e0gic!&#8221;<\/strong><\/h3>\n\n\n\n<p><strong>Descripci\u00f3 breu<\/strong><br>Aquest projecte posa en valor la import\u00e0ncia del <strong>joc de construcci\u00f3<\/strong> com a eina pedag\u00f2gica que fomenta la creativitat, la l\u00f2gica i l\u2019autonomia dels infants. M\u00e9s enll\u00e0 de muntar torres o figures, es tracta d\u2019un proc\u00e9s d\u2019aprenentatge on els nens i nenes experimenten amb l\u2019espai, la gravetat i la seva pr\u00f2pia imaginaci\u00f3.<\/p>\n\n\n\n<div style=\"height:30px\" aria-hidden=\"true\" class=\"wp-block-spacer\"><\/div>\n\n\n\n<p><strong>Objectius principals<\/strong><\/p>\n\n\n\n<ul class=\"wp-block-list\">\n<li style=\"padding-top:var(--wp--preset--spacing--20);padding-bottom:var(--wp--preset--spacing--20)\">Desenvolupar la motricitat fina i la coordinaci\u00f3 m\u00e0-ull.<\/li>\n\n\n\n<li style=\"padding-top:var(--wp--preset--spacing--20);padding-bottom:var(--wp--preset--spacing--20)\">Fomentar la creativitat i el pensament abstracte.<\/li>\n\n\n\n<li style=\"padding-top:var(--wp--preset--spacing--20);padding-bottom:var(--wp--preset--spacing--20)\">Treballar la gesti\u00f3 de les emocions davant l\u2019\u00e8xit i la frustraci\u00f3.<\/li>\n\n\n\n<li style=\"padding-top:var(--wp--preset--spacing--20);padding-bottom:var(--wp--preset--spacing--20)\">Afavorir la col\u00b7laboraci\u00f3 entre iguals i la resoluci\u00f3 de conflictes.<\/li>\n<\/ul>\n\n\n\n<div style=\"height:30px\" aria-hidden=\"true\" class=\"wp-block-spacer\"><\/div>\n\n\n\n<p><strong>Metodologia<\/strong><br>A trav\u00e9s del joc lliure amb blocs, peces i materials diversos, els infants exploren, construeixen i creen sense l\u00edmits. L\u2019acompanyament de l\u2019adult \u00e9s clau per afavorir el di\u00e0leg i l\u2019experimentaci\u00f3.<\/p>\n\n\n\n<div style=\"height:30px\" aria-hidden=\"true\" class=\"wp-block-spacer\"><\/div>\n\n\n\n<div class=\"wp-block-file\"><a id=\"wp-block-file--media-feedb379-48e1-4010-824a-8e2b6604d0da\" href=\"https:\/\/agora.xtec.cat\/ebhortdepau\/wp-content\/uploads\/usu3462\/2025\/02\/AFA-HdP_PROJECTE_2022-2023.pdf\" target=\"_blank\" rel=\"noreferrer noopener\">AFA-HdP_PROJECTE_2022-2023<\/a><a href=\"https:\/\/agora.xtec.cat\/ebhortdepau\/wp-content\/uploads\/usu3462\/2025\/02\/AFA-HdP_PROJECTE_2022-2023.pdf\" class=\"wp-block-file__button wp-element-button\" download aria-describedby=\"wp-block-file--media-feedb379-48e1-4010-824a-8e2b6604d0da\">Baixa<\/a><\/div>\n","protected":false},"excerpt":{"rendered":"<p>\ud83c\udf89 Projecte &#8220;Juguem a construir un m\u00f3n m\u00e0gic!&#8221; Descripci\u00f3 breuAquest projecte posa en valor la import\u00e0ncia del joc de construcci\u00f3 com a eina pedag\u00f2gica que fomenta la creativitat, la l\u00f2gica i l\u2019autonomia dels infants. M\u00e9s enll\u00e0 de muntar torres o figures, es tracta d\u2019un proc\u00e9s d\u2019aprenentatge on els nens i nenes experimenten amb l\u2019espai, la [&hellip;]<\/p>\n","protected":false},"author":1,"featured_media":0,"parent":775,"menu_order":0,"comment_status":"closed","ping_status":"close","template":"","meta":{"site-sidebar-layout":"default","site-content-layout":"","ast-site-content-layout":"default","site-content-style":"default","site-sidebar-style":"default","ast-global-header-display":"","ast-banner-title-visibility":"","ast-main-header-display":"","ast-hfb-above-header-display":"","ast-hfb-below-header-display":"","ast-hfb-mobile-header-display":"","site-post-title":"","ast-breadcrumbs-content":"","ast-featured-img":"","footer-sml-layout":"","theme-transparent-header-meta":"","adv-header-id-meta":"","stick-header-meta":"","header-above-stick-meta":"","header-main-stick-meta":"","header-below-stick-meta":"","astra-migrate-meta-layouts":"set","ast-page-background-enabled":"default","ast-page-background-meta":{"desktop":{"background-color":"var(--ast-global-color-4)","background-image":"","background-repeat":"repeat","background-position":"center center","background-size":"auto","background-attachment":"scroll","background-type":"","background-media":"","overlay-type":"","overlay-color":"","overlay-opacity":"","overlay-gradient":""},"tablet":{"background-color":"","background-image":"","background-repeat":"repeat","background-position":"center center","background-size":"auto","background-attachment":"scroll","background-type":"","background-media":"","overlay-type":"","overlay-color":"","overlay-opacity":"","overlay-gradient":""},"mobile":{"background-color":"","background-image":"","background-repeat":"repeat","background-position":"center center","background-size":"auto","background-attachment":"scroll","background-type":"","background-media":"","overlay-type":"","overlay-color":"","overlay-opacity":"","overlay-gradient":""}},"ast-content-background-meta":{"desktop":{"background-color":"var(--ast-global-color-5)","background-image":"","background-repeat":"repeat","background-position":"center center","background-size":"auto","background-attachment":"scroll","background-type":"","background-media":"","overlay-type":"","overlay-color":"","overlay-opacity":"","overlay-gradient":""},"tablet":{"background-color":"var(--ast-global-color-5)","background-image":"","background-repeat":"repeat","background-position":"center center","background-size":"auto","background-attachment":"scroll","background-type":"","background-media":"","overlay-type":"","overlay-color":"","overlay-opacity":"","overlay-gradient":""},"mobile":{"background-color":"var(--ast-global-color-5)","background-image":"","background-repeat":"repeat","background-position":"center center","background-size":"auto","background-attachment":"scroll","background-type":"","background-media":"","overlay-type":"","overlay-color":"","overlay-opacity":"","overlay-gradient":""}},"footnotes":""},"class_list":["post-781","page","type-page","status-publish","hentry"],"post_mailing_queue_ids":[],"_links":{"self":[{"href":"https:\/\/agora.xtec.cat\/ebhortdepau\/wp-json\/wp\/v2\/pages\/781","targetHints":{"allow":["GET"]}}],"collection":[{"href":"https:\/\/agora.xtec.cat\/ebhortdepau\/wp-json\/wp\/v2\/pages"}],"about":[{"href":"https:\/\/agora.xtec.cat\/ebhortdepau\/wp-json\/wp\/v2\/types\/page"}],"author":[{"embeddable":true,"href":"https:\/\/agora.xtec.cat\/ebhortdepau\/wp-json\/wp\/v2\/users\/1"}],"replies":[{"embeddable":true,"href":"https:\/\/agora.xtec.cat\/ebhortdepau\/wp-json\/wp\/v2\/comments?post=781"}],"version-history":[{"count":6,"href":"https:\/\/agora.xtec.cat\/ebhortdepau\/wp-json\/wp\/v2\/pages\/781\/revisions"}],"predecessor-version":[{"id":967,"href":"https:\/\/agora.xtec.cat\/ebhortdepau\/wp-json\/wp\/v2\/pages\/781\/revisions\/967"}],"up":[{"embeddable":true,"href":"https:\/\/agora.xtec.cat\/ebhortdepau\/wp-json\/wp\/v2\/pages\/775"}],"wp:attachment":[{"href":"https:\/\/agora.xtec.cat\/ebhortdepau\/wp-json\/wp\/v2\/media?parent=781"}],"curies":[{"name":"wp","href":"https:\/\/api.w.org\/{rel}","templated":true}]}}