{"id":77,"date":"2014-09-18T14:05:08","date_gmt":"2014-09-18T13:05:08","guid":{"rendered":"https:\/\/agora.xtec.cat\/ebhortdepau\/?page_id=77"},"modified":"2025-02-24T00:25:34","modified_gmt":"2025-02-23T23:25:34","slug":"acollida","status":"publish","type":"page","link":"https:\/\/agora.xtec.cat\/ebhortdepau\/lescola\/serveis\/acollida\/","title":{"rendered":"Acollida"},"content":{"rendered":"\n<p>L\u2019escola ofereix a les fam\u00edlies la possibilitat de fer \u00fas del servei d\u2019acollida al mat\u00ed, de <strong>8 h a 9 h<\/strong>.<\/p>\n\n\n\n<p>Aquest servei est\u00e0 adre\u00e7at a les fam\u00edlies usu\u00e0ries de l\u2019escola que puguin tenir dificultats per atendre els seus fills i filles fora de l\u2019horari habitual de l\u2019escola bressol.<\/p>\n\n\n\n<p>L\u2019acollida proporciona un espai <strong>tranquil i segur<\/strong> per als infants. Aquells que ho desitgin podran esmorzar durant aquest temps. En aquest cas, caldr\u00e0 que l\u2019infant porti l\u2019esmorzar de casa.<\/p>\n\n\n\n<p>Aquest servei permet l\u2019agrupaci\u00f3 d\u2019infants de diferents edats en una mateixa estan\u00e7a, afavorint la conviv\u00e8ncia i la socialitzaci\u00f3 entre ells.<\/p>\n\n\n\n<p>El preu del servei \u00e9s de <strong>26,05 \u20ac mensuals<\/strong>.<\/p>\n","protected":false},"excerpt":{"rendered":"<p>L\u2019escola ofereix a les fam\u00edlies la possibilitat de fer \u00fas del servei d\u2019acollida al mat\u00ed, de 8 h a 9 h. Aquest servei est\u00e0 adre\u00e7at a les fam\u00edlies usu\u00e0ries de l\u2019escola que puguin tenir dificultats per atendre els seus fills i filles fora de l\u2019horari habitual de l\u2019escola bressol. L\u2019acollida proporciona un espai tranquil i [&hellip;]<\/p>\n","protected":false},"author":1,"featured_media":0,"parent":66,"menu_order":10,"comment_status":"closed","ping_status":"closed","template":"","meta":{"site-sidebar-layout":"default","site-content-layout":"","ast-site-content-layout":"default","site-content-style":"default","site-sidebar-style":"default","ast-global-header-display":"","ast-banner-title-visibility":"","ast-main-header-display":"","ast-hfb-above-header-display":"","ast-hfb-below-header-display":"","ast-hfb-mobile-header-display":"","site-post-title":"","ast-breadcrumbs-content":"","ast-featured-img":"","footer-sml-layout":"","theme-transparent-header-meta":"","adv-header-id-meta":"","stick-header-meta":"","header-above-stick-meta":"","header-main-stick-meta":"","header-below-stick-meta":"","astra-migrate-meta-layouts":"set","ast-page-background-enabled":"default","ast-page-background-meta":{"desktop":{"background-color":"var(--ast-global-color-4)","background-image":"","background-repeat":"repeat","background-position":"center center","background-size":"auto","background-attachment":"scroll","background-type":"","background-media":"","overlay-type":"","overlay-color":"","overlay-opacity":"","overlay-gradient":""},"tablet":{"background-color":"","background-image":"","background-repeat":"repeat","background-position":"center center","background-size":"auto","background-attachment":"scroll","background-type":"","background-media":"","overlay-type":"","overlay-color":"","overlay-opacity":"","overlay-gradient":""},"mobile":{"background-color":"","background-image":"","background-repeat":"repeat","background-position":"center center","background-size":"auto","background-attachment":"scroll","background-type":"","background-media":"","overlay-type":"","overlay-color":"","overlay-opacity":"","overlay-gradient":""}},"ast-content-background-meta":{"desktop":{"background-color":"var(--ast-global-color-5)","background-image":"","background-repeat":"repeat","background-position":"center center","background-size":"auto","background-attachment":"scroll","background-type":"","background-media":"","overlay-type":"","overlay-color":"","overlay-opacity":"","overlay-gradient":""},"tablet":{"background-color":"var(--ast-global-color-5)","background-image":"","background-repeat":"repeat","background-position":"center center","background-size":"auto","background-attachment":"scroll","background-type":"","background-media":"","overlay-type":"","overlay-color":"","overlay-opacity":"","overlay-gradient":""},"mobile":{"background-color":"var(--ast-global-color-5)","background-image":"","background-repeat":"repeat","background-position":"center center","background-size":"auto","background-attachment":"scroll","background-type":"","background-media":"","overlay-type":"","overlay-color":"","overlay-opacity":"","overlay-gradient":""}},"footnotes":""},"class_list":["post-77","page","type-page","status-publish","hentry"],"post_mailing_queue_ids":[],"_links":{"self":[{"href":"https:\/\/agora.xtec.cat\/ebhortdepau\/wp-json\/wp\/v2\/pages\/77","targetHints":{"allow":["GET"]}}],"collection":[{"href":"https:\/\/agora.xtec.cat\/ebhortdepau\/wp-json\/wp\/v2\/pages"}],"about":[{"href":"https:\/\/agora.xtec.cat\/ebhortdepau\/wp-json\/wp\/v2\/types\/page"}],"author":[{"embeddable":true,"href":"https:\/\/agora.xtec.cat\/ebhortdepau\/wp-json\/wp\/v2\/users\/1"}],"replies":[{"embeddable":true,"href":"https:\/\/agora.xtec.cat\/ebhortdepau\/wp-json\/wp\/v2\/comments?post=77"}],"version-history":[{"count":2,"href":"https:\/\/agora.xtec.cat\/ebhortdepau\/wp-json\/wp\/v2\/pages\/77\/revisions"}],"predecessor-version":[{"id":908,"href":"https:\/\/agora.xtec.cat\/ebhortdepau\/wp-json\/wp\/v2\/pages\/77\/revisions\/908"}],"up":[{"embeddable":true,"href":"https:\/\/agora.xtec.cat\/ebhortdepau\/wp-json\/wp\/v2\/pages\/66"}],"wp:attachment":[{"href":"https:\/\/agora.xtec.cat\/ebhortdepau\/wp-json\/wp\/v2\/media?parent=77"}],"curies":[{"name":"wp","href":"https:\/\/api.w.org\/{rel}","templated":true}]}}