{"id":754,"date":"2025-02-09T22:30:47","date_gmt":"2025-02-09T21:30:47","guid":{"rendered":"https:\/\/agora.xtec.cat\/ebhortdepau\/?page_id=754"},"modified":"2025-02-10T23:46:47","modified_gmt":"2025-02-10T22:46:47","slug":"principis-pedagogics","status":"publish","type":"page","link":"https:\/\/agora.xtec.cat\/ebhortdepau\/lescola\/principis-pedagogics\/","title":{"rendered":"Principis pedag\u00f2gics"},"content":{"rendered":"\n<p>A l&#8217;Escola Bressol Hort de Pau, la nostra metodologia est\u00e0 inspirada en escoles on els professionals creen vincles afectius segurs, mitjan\u00e7ant la qualitat en la cura i atenci\u00f3 als infants. Ens basem en les aportacions de <strong>Jean Piaget<\/strong>, <strong>Bernard Aucouturier<\/strong> i <strong>Loris Malaguzzi<\/strong>, autors transformadors i de reconeguda aportaci\u00f3 en el m\u00f3n de l&#8217;educaci\u00f3 a tot el m\u00f3n.<\/p>\n\n\n\n<p>Els nostres principis pedag\u00f2gics es fonamenten en:<\/p>\n\n\n\n<ul class=\"wp-block-list\">\n<li style=\"padding-top:var(--wp--preset--spacing--30);padding-bottom:var(--wp--preset--spacing--30)\"><strong>Aprenentatge a trav\u00e9s de l&#8217;experi\u00e8ncia:<\/strong> Creiem que els infants construeixen el seu coneixement mitjan\u00e7ant l&#8217;exploraci\u00f3 i l&#8217;experi\u00e8ncia, sempre en relaci\u00f3 amb els altres, ja siguin adults o iguals.<\/li>\n\n\n\n<li style=\"padding-top:var(--wp--preset--spacing--30);padding-bottom:var(--wp--preset--spacing--30)\"><strong>Rol de l&#8217;educador:<\/strong> El paper de l&#8217;educador \u00e9s el de facilitar i acompanyar, vetllant per la seguretat f\u00edsica i afectiva de l&#8217;infant. \u00c9s un adult observador, motivador, que ofereix propostes estimulants i acompanya l&#8217;infant en el seu viatge d&#8217;aprenentatge.<\/li>\n\n\n\n<li style=\"padding-top:var(--wp--preset--spacing--30);padding-bottom:var(--wp--preset--spacing--30)\"><strong>Joc com a eina fonamental:<\/strong> Considerem el joc com el pilar fonamental del desenvolupament infantil, ja que permet als infants viure el plaer de l&#8217;acci\u00f3 i experimentar el plaer de cr\u00e9ixer.<\/li>\n<\/ul>\n\n\n\n<p>Ens esforcem per crear un ambient coherent i afectiu, on els infants se sentin segurs per explorar, aprendre i desenvolupar-se plenament. Acompanyem les fam\u00edlies en aquest proc\u00e9s, fomentant una relaci\u00f3 de confian\u00e7a i col\u00b7laboraci\u00f3 m\u00fatua.<\/p>\n","protected":false},"excerpt":{"rendered":"<p>A l&#8217;Escola Bressol Hort de Pau, la nostra metodologia est\u00e0 inspirada en escoles on els professionals creen vincles afectius segurs, mitjan\u00e7ant la qualitat en la cura i atenci\u00f3 als infants. Ens basem en les aportacions de Jean Piaget, Bernard Aucouturier i Loris Malaguzzi, autors transformadors i de reconeguda aportaci\u00f3 en el m\u00f3n de l&#8217;educaci\u00f3 a [&hellip;]<\/p>\n","protected":false},"author":1,"featured_media":0,"parent":22,"menu_order":50,"comment_status":"closed","ping_status":"closed","template":"","meta":{"site-sidebar-layout":"default","site-content-layout":"","ast-site-content-layout":"default","site-content-style":"default","site-sidebar-style":"default","ast-global-header-display":"","ast-banner-title-visibility":"","ast-main-header-display":"","ast-hfb-above-header-display":"","ast-hfb-below-header-display":"","ast-hfb-mobile-header-display":"","site-post-title":"","ast-breadcrumbs-content":"","ast-featured-img":"","footer-sml-layout":"","theme-transparent-header-meta":"","adv-header-id-meta":"","stick-header-meta":"","header-above-stick-meta":"","header-main-stick-meta":"","header-below-stick-meta":"","astra-migrate-meta-layouts":"set","ast-page-background-enabled":"default","ast-page-background-meta":{"desktop":{"background-color":"var(--ast-global-color-4)","background-image":"","background-repeat":"repeat","background-position":"center center","background-size":"auto","background-attachment":"scroll","background-type":"","background-media":"","overlay-type":"","overlay-color":"","overlay-opacity":"","overlay-gradient":""},"tablet":{"background-color":"","background-image":"","background-repeat":"repeat","background-position":"center center","background-size":"auto","background-attachment":"scroll","background-type":"","background-media":"","overlay-type":"","overlay-color":"","overlay-opacity":"","overlay-gradient":""},"mobile":{"background-color":"","background-image":"","background-repeat":"repeat","background-position":"center center","background-size":"auto","background-attachment":"scroll","background-type":"","background-media":"","overlay-type":"","overlay-color":"","overlay-opacity":"","overlay-gradient":""}},"ast-content-background-meta":{"desktop":{"background-color":"var(--ast-global-color-5)","background-image":"","background-repeat":"repeat","background-position":"center center","background-size":"auto","background-attachment":"scroll","background-type":"","background-media":"","overlay-type":"","overlay-color":"","overlay-opacity":"","overlay-gradient":""},"tablet":{"background-color":"var(--ast-global-color-5)","background-image":"","background-repeat":"repeat","background-position":"center center","background-size":"auto","background-attachment":"scroll","background-type":"","background-media":"","overlay-type":"","overlay-color":"","overlay-opacity":"","overlay-gradient":""},"mobile":{"background-color":"var(--ast-global-color-5)","background-image":"","background-repeat":"repeat","background-position":"center center","background-size":"auto","background-attachment":"scroll","background-type":"","background-media":"","overlay-type":"","overlay-color":"","overlay-opacity":"","overlay-gradient":""}},"footnotes":""},"class_list":["post-754","page","type-page","status-publish","hentry"],"post_mailing_queue_ids":[],"_links":{"self":[{"href":"https:\/\/agora.xtec.cat\/ebhortdepau\/wp-json\/wp\/v2\/pages\/754","targetHints":{"allow":["GET"]}}],"collection":[{"href":"https:\/\/agora.xtec.cat\/ebhortdepau\/wp-json\/wp\/v2\/pages"}],"about":[{"href":"https:\/\/agora.xtec.cat\/ebhortdepau\/wp-json\/wp\/v2\/types\/page"}],"author":[{"embeddable":true,"href":"https:\/\/agora.xtec.cat\/ebhortdepau\/wp-json\/wp\/v2\/users\/1"}],"replies":[{"embeddable":true,"href":"https:\/\/agora.xtec.cat\/ebhortdepau\/wp-json\/wp\/v2\/comments?post=754"}],"version-history":[{"count":2,"href":"https:\/\/agora.xtec.cat\/ebhortdepau\/wp-json\/wp\/v2\/pages\/754\/revisions"}],"predecessor-version":[{"id":826,"href":"https:\/\/agora.xtec.cat\/ebhortdepau\/wp-json\/wp\/v2\/pages\/754\/revisions\/826"}],"up":[{"embeddable":true,"href":"https:\/\/agora.xtec.cat\/ebhortdepau\/wp-json\/wp\/v2\/pages\/22"}],"wp:attachment":[{"href":"https:\/\/agora.xtec.cat\/ebhortdepau\/wp-json\/wp\/v2\/media?parent=754"}],"curies":[{"name":"wp","href":"https:\/\/api.w.org\/{rel}","templated":true}]}}