{"id":73,"date":"2014-09-18T14:01:51","date_gmt":"2014-09-18T13:01:51","guid":{"rendered":"https:\/\/agora.xtec.cat\/ebhortdepau\/?page_id=73"},"modified":"2025-04-07T23:58:24","modified_gmt":"2025-04-07T21:58:24","slug":"menjador-escolar","status":"publish","type":"page","link":"https:\/\/agora.xtec.cat\/ebhortdepau\/lescola\/serveis\/menjador-escolar\/","title":{"rendered":"Menjador escolar"},"content":{"rendered":"\n<p>Els <strong>\u00e0pats a l\u2019escola bressol<\/strong> s\u00f3n molt m\u00e9s que un moment per satisfer una necessitat b\u00e0sica: s\u00f3n una oportunitat de <strong>relaci\u00f3, aprenentatge i conviv\u00e8ncia<\/strong> que formen part del que anomenem <strong>\u201cla vida quotidiana\u201d<\/strong>.<\/p>\n\n\n\n<p>S\u00f3n espais de trobada i pausa on, a m\u00e9s de menjar, els infants <strong>aprenen a ser m\u00e9s aut\u00f2noms<\/strong> i a establir vincles amb els companys i les educadores. Aquests moments esdevenen situacions privilegiades de relaci\u00f3, on es comparteixen <strong>di\u00e0legs, converses i petits gestos<\/strong> propis de la conviv\u00e8ncia, enriquint el seu proc\u00e9s d\u2019aprenentatge.<\/p>\n\n\n\n<blockquote class=\"wp-block-quote is-layout-flow wp-block-quote-is-layout-flow\">\n<p><em>\u201cEn el dia a dia res no \u00e9s banal, res no \u00e9s rutina, sin\u00f3 que tot dep\u00e8n del valor que s\u2019atribueix a cada moment de la relaci\u00f3 amb l\u2019infant\u201d<\/em> \u2014 <strong>Montserrat Fabr\u00e9s<\/strong><\/p>\n<\/blockquote>\n\n\n\n<div style=\"height:30px\" aria-hidden=\"true\" class=\"wp-block-spacer\"><\/div>\n\n\n\n<h3 class=\"wp-block-heading\"><strong>Un menjador amb cuina pr\u00f2pia<\/strong><\/h3>\n\n\n\n<p>L\u2019escola disposa d\u2019un servei de menjador amb <strong>cuina pr\u00f2pia<\/strong>, un gran avantatge que permet:<\/p>\n\n\n\n<ul class=\"wp-block-list\">\n<li style=\"padding-top:var(--wp--preset--spacing--20);padding-bottom:var(--wp--preset--spacing--20)\"><strong>Con\u00e8ixer de prop la cuinera<\/strong>, que forma part de l\u2019equip i estableix vincles de confian\u00e7a amb infants i fam\u00edlies.<\/li>\n\n\n\n<li style=\"padding-top:var(--wp--preset--spacing--20);padding-bottom:var(--wp--preset--spacing--20)\"><strong>Garantir una alimentaci\u00f3 saludable i de qualitat<\/strong>, basada en la dieta mediterr\u00e0nia i adaptada a les necessitats de cada infant.<\/li>\n\n\n\n<li style=\"padding-top:var(--wp--preset--spacing--20);padding-bottom:var(--wp--preset--spacing--20)\"><strong>Elaborar men\u00fas equilibrats<\/strong> i supervisats, amb productes frescos i variats.<\/li>\n<\/ul>\n\n\n\n<p>Les fam\u00edlies reben els <strong>men\u00fas mensuals programats<\/strong>, i es fa un seguiment acurat per introduir nous aliments de manera gradual, tenint en compte l\u2019edat de l\u2019infant i les indicacions familiars.<\/p>\n\n\n\n<div style=\"height:30px\" aria-hidden=\"true\" class=\"wp-block-spacer\"><\/div>\n\n\n\n<h3 class=\"wp-block-heading\"><strong>Adaptacions i dietes especials<\/strong><\/h3>\n\n\n\n<p>Si algun infant requereix una <strong>dieta especial<\/strong> per motius m\u00e8dics, o t\u00e9 <strong>al\u00b7l\u00e8rgies o intoler\u00e0ncies aliment\u00e0ries<\/strong>, es poden fer les adaptacions necess\u00e0ries. Caldr\u00e0 presentar un <strong>informe m\u00e8dic<\/strong> per ajustar els men\u00fas segons les necessitats de cada infant.<\/p>\n\n\n\n<p><strong>Per raons higi\u00e8nico-sanit\u00e0ries i organitzatives<\/strong>, <strong>no es poden portar aliments de casa<\/strong> com a substituci\u00f3 dels proporcionats per l\u2019escola. Aquesta mesura garanteix el control sanitari i la seguretat aliment\u00e0ria de tots els infants.<\/p>\n\n\n\n<div style=\"height:30px\" aria-hidden=\"true\" class=\"wp-block-spacer\"><\/div>\n\n\n\n<h3 class=\"wp-block-heading\"><strong>Espais i organitzaci\u00f3 dels \u00e0pats<\/strong><\/h3>\n\n\n\n<ul class=\"wp-block-list\">\n<li style=\"padding-top:var(--wp--preset--spacing--20);padding-bottom:var(--wp--preset--spacing--20)\"><strong>Nadons i infants d\u20191 a 2 anys<\/strong><br>Fan els \u00e0pats a la seva pr\u00f2pia estan\u00e7a, un espai de refer\u00e8ncia que els ofereix seguretat i afavoreix un <strong>ambient tranquil i familiar<\/strong>. Aix\u00f2 els permet menjar amb confian\u00e7a i al seu propi ritme.<\/li>\n\n\n\n<li style=\"padding-top:var(--wp--preset--spacing--20);padding-bottom:var(--wp--preset--spacing--20)\"><strong>Infants de 2 a 3 anys<\/strong><br>Realitzen els \u00e0pats al <strong>menjador de l\u2019escola<\/strong>, ubicat a la segona planta, al costat de la cuina. El fet de pujar d\u2019estan\u00e7a genera en ells un sentiment de creixement i autonomia. A m\u00e9s, poden <strong>interactuar directament amb la cuinera<\/strong>, una figura clau en aquest moment del dia.<\/li>\n<\/ul>\n\n\n\n<p>Disposem de <strong>mobiliari i estris adequats<\/strong> per a cada etapa d\u2019edat, assegurant que siguin c\u00f2modes i segurs per als infants.<\/p>\n\n\n\n<div style=\"height:30px\" aria-hidden=\"true\" class=\"wp-block-spacer\"><\/div>\n\n\n\n<h3 class=\"wp-block-heading\"><strong>Un espai de calma i aprenentatge<\/strong><\/h3>\n\n\n\n<p>Els \u00e0pats s\u00f3n moments de <strong>calma i conviv\u00e8ncia<\/strong>, on es treballen h\u00e0bits d\u2019higiene, normes b\u00e0siques i el respecte pel ritme individual de cada infant. Aquestes estones no nom\u00e9s cobreixen una necessitat b\u00e0sica, sin\u00f3 que es converteixen en <strong>experi\u00e8ncies riques en est\u00edmuls i aprenentatges<\/strong>, fomentant valors com l\u2019autonomia, la paci\u00e8ncia i el respecte pels altres.<\/p>\n\n\n\n<p>La gesti\u00f3 del temps durant els \u00e0pats es fa de manera flexible, <strong>adaptant-nos als ritmes i necessitats de cada infant<\/strong>, per garantir un ambient relaxat i afavoridor.<\/p>\n\n\n\n<div style=\"height:30px\" aria-hidden=\"true\" class=\"wp-block-spacer\"><\/div>\n\n\n\n<h3 class=\"wp-block-heading\"><strong>Men\u00fa 3r trimestre<\/strong><\/h3>\n\n\n\n<div data-wp-interactive=\"core\/file\" class=\"wp-block-file\"><object data-wp-bind--hidden=\"!state.hasPdfPreview\" hidden class=\"wp-block-file__embed\" data=\"https:\/\/agora.xtec.cat\/ebhortdepau\/wp-content\/uploads\/usu3462\/2025\/04\/HORT-DE-PAU_-3er-TRIMESTRE.pdf\" type=\"application\/pdf\" style=\"width:100%;height:420px\" aria-label=\"Incrustaci\u00f3 del fitxer HORT-DE-PAU_-3er-TRIMESTRE.\"><\/object><a id=\"wp-block-file--media-a345a412-740d-4346-9c72-a7380ac3c2f7\" href=\"https:\/\/agora.xtec.cat\/ebhortdepau\/wp-content\/uploads\/usu3462\/2025\/04\/HORT-DE-PAU_-3er-TRIMESTRE.pdf\" target=\"_blank\" rel=\"noreferrer noopener\">HORT-DE-PAU_-3er-TRIMESTRE<\/a><a href=\"https:\/\/agora.xtec.cat\/ebhortdepau\/wp-content\/uploads\/usu3462\/2025\/04\/HORT-DE-PAU_-3er-TRIMESTRE.pdf\" class=\"wp-block-file__button wp-element-button\" download aria-describedby=\"wp-block-file--media-a345a412-740d-4346-9c72-a7380ac3c2f7\">Baixa<\/a><\/div>\n\n\n\n<h3 class=\"wp-block-heading\"><strong>Men\u00fa 3r trimestre<\/strong> sense lactosa \/ prote\u00efna llet de vaca <\/h3>\n\n\n\n<div data-wp-interactive=\"core\/file\" class=\"wp-block-file\"><object data-wp-bind--hidden=\"!state.hasPdfPreview\" hidden class=\"wp-block-file__embed\" data=\"https:\/\/agora.xtec.cat\/ebhortdepau\/wp-content\/uploads\/usu3462\/2025\/04\/HORT-DE-PAU_-3er-TRIMESTRE_-SENSE-LACTOSA.pdf\" type=\"application\/pdf\" style=\"width:100%;height:420px\" aria-label=\"Incrustaci\u00f3 del fitxer HORT-DE-PAU_-3er-TRIMESTRE_-SENSE-LACTOSA.\"><\/object><a id=\"wp-block-file--media-188a51b1-859f-4e23-8759-e3e90cb2906e\" href=\"https:\/\/agora.xtec.cat\/ebhortdepau\/wp-content\/uploads\/usu3462\/2025\/04\/HORT-DE-PAU_-3er-TRIMESTRE_-SENSE-LACTOSA.pdf\">HORT-DE-PAU_-3er-TRIMESTRE_-SENSE-LACTOSA<\/a><a href=\"https:\/\/agora.xtec.cat\/ebhortdepau\/wp-content\/uploads\/usu3462\/2025\/04\/HORT-DE-PAU_-3er-TRIMESTRE_-SENSE-LACTOSA.pdf\" class=\"wp-block-file__button wp-element-button\" download aria-describedby=\"wp-block-file--media-188a51b1-859f-4e23-8759-e3e90cb2906e\">Baixa<\/a><\/div>\n\n\n\n<h3 class=\"wp-block-heading\"><strong>Men\u00fa 3r trimestre<\/strong> dieta triturada<\/h3>\n\n\n\n<div data-wp-interactive=\"core\/file\" class=\"wp-block-file\"><object data-wp-bind--hidden=\"!state.hasPdfPreview\" hidden class=\"wp-block-file__embed\" data=\"https:\/\/agora.xtec.cat\/ebhortdepau\/wp-content\/uploads\/usu3462\/2025\/04\/HORT-DE-PAU_-3er-TRIMESTRE_-TRITURAT.pdf\" type=\"application\/pdf\" style=\"width:100%;height:420px\" aria-label=\"Incrustaci\u00f3 del fitxer HORT-DE-PAU_-3er-TRIMESTRE_-TRITURAT.\"><\/object><a id=\"wp-block-file--media-380283a6-4ec1-461a-8e89-f48facdbdc9c\" href=\"https:\/\/agora.xtec.cat\/ebhortdepau\/wp-content\/uploads\/usu3462\/2025\/04\/HORT-DE-PAU_-3er-TRIMESTRE_-TRITURAT.pdf\">HORT-DE-PAU_-3er-TRIMESTRE_-TRITURAT<\/a><a href=\"https:\/\/agora.xtec.cat\/ebhortdepau\/wp-content\/uploads\/usu3462\/2025\/04\/HORT-DE-PAU_-3er-TRIMESTRE_-TRITURAT.pdf\" class=\"wp-block-file__button wp-element-button\" download aria-describedby=\"wp-block-file--media-380283a6-4ec1-461a-8e89-f48facdbdc9c\">Baixa<\/a><\/div>\n\n\n\n<h3 class=\"wp-block-heading\"><strong>Men\u00fa 3r trimestre<\/strong> dieta triturada \/ sense ou<\/h3>\n\n\n\n<div data-wp-interactive=\"core\/file\" class=\"wp-block-file\"><object data-wp-bind--hidden=\"!state.hasPdfPreview\" hidden class=\"wp-block-file__embed\" data=\"https:\/\/agora.xtec.cat\/ebhortdepau\/wp-content\/uploads\/usu3462\/2025\/04\/HORT-DE-PAU_-3er-TRIMESTRE_-TRITURAT_-SENSE-OU.pdf\" type=\"application\/pdf\" style=\"width:100%;height:420px\" aria-label=\"Incrustaci\u00f3 del fitxer HORT-DE-PAU_-3er-TRIMESTRE_-TRITURAT_-SENSE-OU.\"><\/object><a id=\"wp-block-file--media-380283a6-4ec1-461a-8e89-f48facdbdc9c\" href=\"https:\/\/agora.xtec.cat\/ebhortdepau\/wp-content\/uploads\/usu3462\/2025\/04\/HORT-DE-PAU_-3er-TRIMESTRE_-TRITURAT_-SENSE-OU.pdf\">HORT-DE-PAU_-3er-TRIMESTRE_-TRITURAT_-SENSE-OU<\/a><a href=\"https:\/\/agora.xtec.cat\/ebhortdepau\/wp-content\/uploads\/usu3462\/2025\/04\/HORT-DE-PAU_-3er-TRIMESTRE_-TRITURAT_-SENSE-OU.pdf\" class=\"wp-block-file__button wp-element-button\" download aria-describedby=\"wp-block-file--media-380283a6-4ec1-461a-8e89-f48facdbdc9c\">Baixa<\/a><\/div>\n","protected":false},"excerpt":{"rendered":"<p>Els \u00e0pats a l\u2019escola bressol s\u00f3n molt m\u00e9s que un moment per satisfer una necessitat b\u00e0sica: s\u00f3n una oportunitat de relaci\u00f3, aprenentatge i conviv\u00e8ncia que formen part del que anomenem \u201cla vida quotidiana\u201d. S\u00f3n espais de trobada i pausa on, a m\u00e9s de menjar, els infants aprenen a ser m\u00e9s aut\u00f2noms i a establir vincles [&hellip;]<\/p>\n","protected":false},"author":1,"featured_media":0,"parent":66,"menu_order":20,"comment_status":"closed","ping_status":"closed","template":"","meta":{"site-sidebar-layout":"default","site-content-layout":"","ast-site-content-layout":"default","site-content-style":"default","site-sidebar-style":"default","ast-global-header-display":"","ast-banner-title-visibility":"","ast-main-header-display":"","ast-hfb-above-header-display":"","ast-hfb-below-header-display":"","ast-hfb-mobile-header-display":"","site-post-title":"","ast-breadcrumbs-content":"","ast-featured-img":"","footer-sml-layout":"","theme-transparent-header-meta":"","adv-header-id-meta":"","stick-header-meta":"","header-above-stick-meta":"","header-main-stick-meta":"","header-below-stick-meta":"","astra-migrate-meta-layouts":"set","ast-page-background-enabled":"default","ast-page-background-meta":{"desktop":{"background-color":"var(--ast-global-color-4)","background-image":"","background-repeat":"repeat","background-position":"center center","background-size":"auto","background-attachment":"scroll","background-type":"","background-media":"","overlay-type":"","overlay-color":"","overlay-opacity":"","overlay-gradient":""},"tablet":{"background-color":"","background-image":"","background-repeat":"repeat","background-position":"center center","background-size":"auto","background-attachment":"scroll","background-type":"","background-media":"","overlay-type":"","overlay-color":"","overlay-opacity":"","overlay-gradient":""},"mobile":{"background-color":"","background-image":"","background-repeat":"repeat","background-position":"center center","background-size":"auto","background-attachment":"scroll","background-type":"","background-media":"","overlay-type":"","overlay-color":"","overlay-opacity":"","overlay-gradient":""}},"ast-content-background-meta":{"desktop":{"background-color":"var(--ast-global-color-5)","background-image":"","background-repeat":"repeat","background-position":"center center","background-size":"auto","background-attachment":"scroll","background-type":"","background-media":"","overlay-type":"","overlay-color":"","overlay-opacity":"","overlay-gradient":""},"tablet":{"background-color":"var(--ast-global-color-5)","background-image":"","background-repeat":"repeat","background-position":"center center","background-size":"auto","background-attachment":"scroll","background-type":"","background-media":"","overlay-type":"","overlay-color":"","overlay-opacity":"","overlay-gradient":""},"mobile":{"background-color":"var(--ast-global-color-5)","background-image":"","background-repeat":"repeat","background-position":"center center","background-size":"auto","background-attachment":"scroll","background-type":"","background-media":"","overlay-type":"","overlay-color":"","overlay-opacity":"","overlay-gradient":""}},"footnotes":""},"class_list":["post-73","page","type-page","status-publish","hentry"],"post_mailing_queue_ids":[],"_links":{"self":[{"href":"https:\/\/agora.xtec.cat\/ebhortdepau\/wp-json\/wp\/v2\/pages\/73","targetHints":{"allow":["GET"]}}],"collection":[{"href":"https:\/\/agora.xtec.cat\/ebhortdepau\/wp-json\/wp\/v2\/pages"}],"about":[{"href":"https:\/\/agora.xtec.cat\/ebhortdepau\/wp-json\/wp\/v2\/types\/page"}],"author":[{"embeddable":true,"href":"https:\/\/agora.xtec.cat\/ebhortdepau\/wp-json\/wp\/v2\/users\/1"}],"replies":[{"embeddable":true,"href":"https:\/\/agora.xtec.cat\/ebhortdepau\/wp-json\/wp\/v2\/comments?post=73"}],"version-history":[{"count":6,"href":"https:\/\/agora.xtec.cat\/ebhortdepau\/wp-json\/wp\/v2\/pages\/73\/revisions"}],"predecessor-version":[{"id":1126,"href":"https:\/\/agora.xtec.cat\/ebhortdepau\/wp-json\/wp\/v2\/pages\/73\/revisions\/1126"}],"up":[{"embeddable":true,"href":"https:\/\/agora.xtec.cat\/ebhortdepau\/wp-json\/wp\/v2\/pages\/66"}],"wp:attachment":[{"href":"https:\/\/agora.xtec.cat\/ebhortdepau\/wp-json\/wp\/v2\/media?parent=73"}],"curies":[{"name":"wp","href":"https:\/\/api.w.org\/{rel}","templated":true}]}}