{"id":36,"date":"2014-09-18T12:33:11","date_gmt":"2014-09-18T11:33:11","guid":{"rendered":"https:\/\/agora.xtec.cat\/ebhortdepau\/?page_id=36"},"modified":"2025-02-12T10:59:35","modified_gmt":"2025-02-12T09:59:35","slug":"material-escolar","status":"publish","type":"page","link":"https:\/\/agora.xtec.cat\/ebhortdepau\/curs-2024-2025\/material-escolar\/","title":{"rendered":"Material escolar"},"content":{"rendered":"\n<p>A continuaci\u00f3, et presentem la llista de <strong>material necessari<\/strong> per al curs escolar <strong>2024-2025<\/strong> a l&#8217;Escola Bressol Hort de Pau. <\/p>\n\n\n\n<p>\u00c9s important que <strong>tot el material estigui marcat amb el nom del nen o nena<\/strong> per evitar p\u00e8rdues o confusions.<\/p>\n\n\n\n<div class=\"wp-block-getwid-accordion has-icon-left\" data-active-element=\"none\">\n<div class=\"wp-block-getwid-accordion__header-wrapper\"><span class=\"wp-block-getwid-accordion__header\"><a href=\"#\"><span class=\"wp-block-getwid-accordion__header-title\">Classe de nadons de 0 a 1 any (I0)<\/span><span class=\"wp-block-getwid-accordion__icon is-active\"><i class=\"fas fa-plus\"><\/i><\/span><span class=\"wp-block-getwid-accordion__icon is-passive\"><i class=\"fas fa-minus\"><\/i><\/span><\/a><\/span><\/div><div class=\"wp-block-getwid-accordion__content-wrapper\"><div class=\"wp-block-getwid-accordion__content\">\n<h5 class=\"wp-block-heading\"><strong>Alimentaci\u00f3<\/strong><\/h5>\n\n\n\n<ul class=\"wp-block-list\">\n<li>Biber\u00f3 de pl\u00e0stic.<\/li>\n\n\n\n<li>Aigua embotellada.<\/li>\n<\/ul>\n\n\n\n<h5 class=\"wp-block-heading\"><strong>Higiene<\/strong><\/h5>\n\n\n\n<ul class=\"wp-block-list\">\n<li>Xumet amb cadena (si s&#8217;utilitza) i caixa per al xumet.<\/li>\n\n\n\n<li>Una caixa de mocadors de paper.<\/li>\n\n\n\n<li>Dos paquets de tovalloletes humides.<\/li>\n\n\n\n<li>Bolquers.<\/li>\n\n\n\n<li>Crema per al culet.<\/li>\n\n\n\n<li>Tovallola per al canviador i tovallola per a mans i cara (amb cinta per penjar).<\/li>\n<\/ul>\n\n\n\n<h5 class=\"wp-block-heading\"><strong>Descans<\/strong><\/h5>\n\n\n\n<ul class=\"wp-block-list\">\n<li>Llen\u00e7ols i protector per al matal\u00e0s.<\/li>\n\n\n\n<li>Nino per dormir (si es queda a dormir a l&#8217;escola).<\/li>\n<\/ul>\n\n\n\n<h5 class=\"wp-block-heading\"><strong>Altres<\/strong><\/h5>\n\n\n\n<ul class=\"wp-block-list\">\n<li>Una foto gran (10 x 15 cm).<\/li>\n\n\n\n<li>Cinc fotos de carnet.<\/li>\n\n\n\n<li>Cinc pitets amb goma (per portar els dilluns, un per cada dia si es queda a menjador).<\/li>\n\n\n\n<li>Bossa amb roba de recanvi completa.<\/li>\n<\/ul>\n<\/div><\/div>\n\n\n\n<div class=\"wp-block-getwid-accordion__header-wrapper\"><span class=\"wp-block-getwid-accordion__header\"><a href=\"#\"><span class=\"wp-block-getwid-accordion__header-title\">Classes de nenes i nens d&#8217;1 a 2 anys (I1) i de 2 a 3 anys (I2)<\/span><span class=\"wp-block-getwid-accordion__icon is-active\"><i class=\"fas fa-plus\"><\/i><\/span><span class=\"wp-block-getwid-accordion__icon is-passive\"><i class=\"fas fa-minus\"><\/i><\/span><\/a><\/span><\/div><div class=\"wp-block-getwid-accordion__content-wrapper\"><div class=\"wp-block-getwid-accordion__content\">\n<h5 class=\"wp-block-heading\"><strong>Alimentaci\u00f3<\/strong><\/h5>\n\n\n\n<ul class=\"wp-block-list\">\n<li>Got de pl\u00e0stic.<\/li>\n<\/ul>\n\n\n\n<h5 class=\"wp-block-heading\"><strong>Higiene<\/strong><\/h5>\n\n\n\n<ul class=\"wp-block-list\">\n<li>Xumet amb cadena (si s&#8217;utilitza) i caixa per al xumet.<\/li>\n\n\n\n<li>Una caixa de mocadors de paper.<\/li>\n\n\n\n<li>Dos paquets de tovalloletes humides.<\/li>\n\n\n\n<li>Bolquers.<\/li>\n\n\n\n<li>Crema per al culet.<\/li>\n\n\n\n<li>Tovallola per al canviador i tovallola per a mans i cara (amb cinta per penjar).<\/li>\n<\/ul>\n\n\n\n<h5 class=\"wp-block-heading\"><strong>Descans<\/strong><\/h5>\n\n\n\n<ul class=\"wp-block-list\">\n<li>Llen\u00e7ol amb gomes i sac, i una manteta (si es queda a dormir a l&#8217;escola).<\/li>\n\n\n\n<li>Nino per dormir (si es queda a dormir a l&#8217;escola).<\/li>\n<\/ul>\n\n\n\n<h5 class=\"wp-block-heading\"><strong>Bates<\/strong><\/h5>\n\n\n\n<ul class=\"wp-block-list\">\n<li>Una amb goma sense botons per dinar.<\/li>\n\n\n\n<li>Una de pl\u00e0stic per a les activitats de pl\u00e0stica.<\/li>\n<\/ul>\n\n\n\n<h5 class=\"wp-block-heading\"><strong>Altres<\/strong><\/h5>\n\n\n\n<ul class=\"wp-block-list\">\n<li>Un coix\u00ed quadrat i pla (tipus cadira exterior) per a activitats de joc i lectura.<\/li>\n\n\n\n<li>Mitjons antilliscants per a les sessions de psicomotricitat.<\/li>\n\n\n\n<li>Una foto gran (10 x 15 cm).<\/li>\n\n\n\n<li>Cinc fotos de carnet.<\/li>\n\n\n\n<li>Cinc pitets amb goma (per portar els dilluns, un per cada dia si es queda a menjador).<\/li>\n\n\n\n<li>Bossa amb roba de recanvi completa.<\/li>\n<\/ul>\n<\/div><\/div>\n<\/div>\n\n\n\n<div style=\"height:50px\" aria-hidden=\"true\" class=\"wp-block-spacer\"><\/div>\n\n\n\n<p>Per a qualsevol dubte o aclariment, podeu contactar amb nosaltres a trav\u00e9s del correu electr\u00f2nic <strong><a>hortdepau@hotmail.com<\/a><\/strong> o trucant al <strong>977 652 120<\/strong>.<\/p>\n\n\n\n<p>Gr\u00e0cies per la vostra col\u00b7laboraci\u00f3.<\/p>\n","protected":false},"excerpt":{"rendered":"<p>A continuaci\u00f3, et presentem la llista de material necessari per al curs escolar 2024-2025 a l&#8217;Escola Bressol Hort de Pau. \u00c9s important que tot el material estigui marcat amb el nom del nen o nena per evitar p\u00e8rdues o confusions. Per a qualsevol dubte o aclariment, podeu contactar amb nosaltres a trav\u00e9s del correu electr\u00f2nic [&hellip;]<\/p>\n","protected":false},"author":1,"featured_media":0,"parent":87,"menu_order":20,"comment_status":"closed","ping_status":"closed","template":"","meta":{"site-sidebar-layout":"default","site-content-layout":"","ast-site-content-layout":"default","site-content-style":"default","site-sidebar-style":"default","ast-global-header-display":"","ast-banner-title-visibility":"","ast-main-header-display":"","ast-hfb-above-header-display":"","ast-hfb-below-header-display":"","ast-hfb-mobile-header-display":"","site-post-title":"","ast-breadcrumbs-content":"","ast-featured-img":"","footer-sml-layout":"","theme-transparent-header-meta":"","adv-header-id-meta":"","stick-header-meta":"","header-above-stick-meta":"","header-main-stick-meta":"","header-below-stick-meta":"","astra-migrate-meta-layouts":"set","ast-page-background-enabled":"default","ast-page-background-meta":{"desktop":{"background-color":"var(--ast-global-color-4)","background-image":"","background-repeat":"repeat","background-position":"center center","background-size":"auto","background-attachment":"scroll","background-type":"","background-media":"","overlay-type":"","overlay-color":"","overlay-opacity":"","overlay-gradient":""},"tablet":{"background-color":"","background-image":"","background-repeat":"repeat","background-position":"center center","background-size":"auto","background-attachment":"scroll","background-type":"","background-media":"","overlay-type":"","overlay-color":"","overlay-opacity":"","overlay-gradient":""},"mobile":{"background-color":"","background-image":"","background-repeat":"repeat","background-position":"center center","background-size":"auto","background-attachment":"scroll","background-type":"","background-media":"","overlay-type":"","overlay-color":"","overlay-opacity":"","overlay-gradient":""}},"ast-content-background-meta":{"desktop":{"background-color":"var(--ast-global-color-5)","background-image":"","background-repeat":"repeat","background-position":"center center","background-size":"auto","background-attachment":"scroll","background-type":"","background-media":"","overlay-type":"","overlay-color":"","overlay-opacity":"","overlay-gradient":""},"tablet":{"background-color":"var(--ast-global-color-5)","background-image":"","background-repeat":"repeat","background-position":"center center","background-size":"auto","background-attachment":"scroll","background-type":"","background-media":"","overlay-type":"","overlay-color":"","overlay-opacity":"","overlay-gradient":""},"mobile":{"background-color":"var(--ast-global-color-5)","background-image":"","background-repeat":"repeat","background-position":"center center","background-size":"auto","background-attachment":"scroll","background-type":"","background-media":"","overlay-type":"","overlay-color":"","overlay-opacity":"","overlay-gradient":""}},"footnotes":""},"class_list":["post-36","page","type-page","status-publish","hentry"],"post_mailing_queue_ids":[],"_links":{"self":[{"href":"https:\/\/agora.xtec.cat\/ebhortdepau\/wp-json\/wp\/v2\/pages\/36","targetHints":{"allow":["GET"]}}],"collection":[{"href":"https:\/\/agora.xtec.cat\/ebhortdepau\/wp-json\/wp\/v2\/pages"}],"about":[{"href":"https:\/\/agora.xtec.cat\/ebhortdepau\/wp-json\/wp\/v2\/types\/page"}],"author":[{"embeddable":true,"href":"https:\/\/agora.xtec.cat\/ebhortdepau\/wp-json\/wp\/v2\/users\/1"}],"replies":[{"embeddable":true,"href":"https:\/\/agora.xtec.cat\/ebhortdepau\/wp-json\/wp\/v2\/comments?post=36"}],"version-history":[{"count":5,"href":"https:\/\/agora.xtec.cat\/ebhortdepau\/wp-json\/wp\/v2\/pages\/36\/revisions"}],"predecessor-version":[{"id":860,"href":"https:\/\/agora.xtec.cat\/ebhortdepau\/wp-json\/wp\/v2\/pages\/36\/revisions\/860"}],"up":[{"embeddable":true,"href":"https:\/\/agora.xtec.cat\/ebhortdepau\/wp-json\/wp\/v2\/pages\/87"}],"wp:attachment":[{"href":"https:\/\/agora.xtec.cat\/ebhortdepau\/wp-json\/wp\/v2\/media?parent=36"}],"curies":[{"name":"wp","href":"https:\/\/api.w.org\/{rel}","templated":true}]}}