{"id":34,"date":"2014-09-18T12:32:18","date_gmt":"2014-09-18T11:32:18","guid":{"rendered":"https:\/\/agora.xtec.cat\/ebhortdepau\/?page_id=34"},"modified":"2025-02-10T23:20:01","modified_gmt":"2025-02-10T22:20:01","slug":"oferta-educativa","status":"publish","type":"page","link":"https:\/\/agora.xtec.cat\/ebhortdepau\/lescola\/oferta-educativa\/","title":{"rendered":"Oferta educativa"},"content":{"rendered":"\n<p>L&#8217;Escola Bressol Hort de Pau oferim una educaci\u00f3 de qualitat per a infants de <strong>0 a 3 anys<\/strong>.<\/p>\n\n\n\n<p>Sabem que els <strong>primers anys de vida<\/strong> s\u00f3n fonamentals per al desenvolupament dels infants. Per aix\u00f2, oferim un entorn c\u00e0lid i acollidor on poden explorar, descobrir i cr\u00e9ixer a trav\u00e9s del joc, l\u2019experimentaci\u00f3 i la interacci\u00f3 amb els altres nens i nenes.<\/p>\n\n\n\n<p>Acompanyem els infants en el seu aprenentatge, respectant-ne el ritme i fomentant la seva autonomia. Creiem en una educaci\u00f3 basada en <strong>l\u2019afecte, el respecte i la confian\u00e7a<\/strong>, on cada nen i nena es senti segur per expressar-se i desenvolupar-se plenament.<\/p>\n\n\n\n<p>La nostra oferta educativa est\u00e0 dissenyada perqu\u00e8 cada infant pugui <strong>cr\u00e9ixer feli\u00e7, en un espai adaptat a les seves necessitats i ple d&#8217;est\u00edmuls per afavorir el seu desenvolupament integral.<\/strong><\/p>\n","protected":false},"excerpt":{"rendered":"<p>L&#8217;Escola Bressol Hort de Pau oferim una educaci\u00f3 de qualitat per a infants de 0 a 3 anys. Sabem que els primers anys de vida s\u00f3n fonamentals per al desenvolupament dels infants. Per aix\u00f2, oferim un entorn c\u00e0lid i acollidor on poden explorar, descobrir i cr\u00e9ixer a trav\u00e9s del joc, l\u2019experimentaci\u00f3 i la interacci\u00f3 amb [&hellip;]<\/p>\n","protected":false},"author":1,"featured_media":0,"parent":22,"menu_order":20,"comment_status":"closed","ping_status":"closed","template":"","meta":{"site-sidebar-layout":"default","site-content-layout":"","ast-site-content-layout":"default","site-content-style":"default","site-sidebar-style":"default","ast-global-header-display":"","ast-banner-title-visibility":"","ast-main-header-display":"","ast-hfb-above-header-display":"","ast-hfb-below-header-display":"","ast-hfb-mobile-header-display":"","site-post-title":"","ast-breadcrumbs-content":"","ast-featured-img":"","footer-sml-layout":"","theme-transparent-header-meta":"","adv-header-id-meta":"","stick-header-meta":"","header-above-stick-meta":"","header-main-stick-meta":"","header-below-stick-meta":"","astra-migrate-meta-layouts":"set","ast-page-background-enabled":"default","ast-page-background-meta":{"desktop":{"background-color":"var(--ast-global-color-4)","background-image":"","background-repeat":"repeat","background-position":"center center","background-size":"auto","background-attachment":"scroll","background-type":"","background-media":"","overlay-type":"","overlay-color":"","overlay-opacity":"","overlay-gradient":""},"tablet":{"background-color":"","background-image":"","background-repeat":"repeat","background-position":"center center","background-size":"auto","background-attachment":"scroll","background-type":"","background-media":"","overlay-type":"","overlay-color":"","overlay-opacity":"","overlay-gradient":""},"mobile":{"background-color":"","background-image":"","background-repeat":"repeat","background-position":"center center","background-size":"auto","background-attachment":"scroll","background-type":"","background-media":"","overlay-type":"","overlay-color":"","overlay-opacity":"","overlay-gradient":""}},"ast-content-background-meta":{"desktop":{"background-color":"var(--ast-global-color-5)","background-image":"","background-repeat":"repeat","background-position":"center center","background-size":"auto","background-attachment":"scroll","background-type":"","background-media":"","overlay-type":"","overlay-color":"","overlay-opacity":"","overlay-gradient":""},"tablet":{"background-color":"var(--ast-global-color-5)","background-image":"","background-repeat":"repeat","background-position":"center center","background-size":"auto","background-attachment":"scroll","background-type":"","background-media":"","overlay-type":"","overlay-color":"","overlay-opacity":"","overlay-gradient":""},"mobile":{"background-color":"var(--ast-global-color-5)","background-image":"","background-repeat":"repeat","background-position":"center center","background-size":"auto","background-attachment":"scroll","background-type":"","background-media":"","overlay-type":"","overlay-color":"","overlay-opacity":"","overlay-gradient":""}},"footnotes":""},"class_list":["post-34","page","type-page","status-publish","hentry"],"post_mailing_queue_ids":[],"_links":{"self":[{"href":"https:\/\/agora.xtec.cat\/ebhortdepau\/wp-json\/wp\/v2\/pages\/34","targetHints":{"allow":["GET"]}}],"collection":[{"href":"https:\/\/agora.xtec.cat\/ebhortdepau\/wp-json\/wp\/v2\/pages"}],"about":[{"href":"https:\/\/agora.xtec.cat\/ebhortdepau\/wp-json\/wp\/v2\/types\/page"}],"author":[{"embeddable":true,"href":"https:\/\/agora.xtec.cat\/ebhortdepau\/wp-json\/wp\/v2\/users\/1"}],"replies":[{"embeddable":true,"href":"https:\/\/agora.xtec.cat\/ebhortdepau\/wp-json\/wp\/v2\/comments?post=34"}],"version-history":[{"count":4,"href":"https:\/\/agora.xtec.cat\/ebhortdepau\/wp-json\/wp\/v2\/pages\/34\/revisions"}],"predecessor-version":[{"id":816,"href":"https:\/\/agora.xtec.cat\/ebhortdepau\/wp-json\/wp\/v2\/pages\/34\/revisions\/816"}],"up":[{"embeddable":true,"href":"https:\/\/agora.xtec.cat\/ebhortdepau\/wp-json\/wp\/v2\/pages\/22"}],"wp:attachment":[{"href":"https:\/\/agora.xtec.cat\/ebhortdepau\/wp-json\/wp\/v2\/media?parent=34"}],"curies":[{"name":"wp","href":"https:\/\/api.w.org\/{rel}","templated":true}]}}