{"id":22,"date":"2014-09-18T12:19:57","date_gmt":"2014-09-18T11:19:57","guid":{"rendered":"https:\/\/agora.xtec.cat\/ebhortdepau\/?page_id=22"},"modified":"2025-02-24T22:26:45","modified_gmt":"2025-02-24T21:26:45","slug":"lescola","status":"publish","type":"page","link":"https:\/\/agora.xtec.cat\/ebhortdepau\/lescola\/","title":{"rendered":"L&#8217;escola"},"content":{"rendered":"\n<figure class=\"wp-block-image size-full\"><a href=\"https:\/\/agora.xtec.cat\/ebhortdepau\/wp-content\/uploads\/usu3462\/2025\/02\/exerior_escola.webp\"><img loading=\"lazy\" decoding=\"async\" width=\"1920\" height=\"1440\" src=\"https:\/\/agora.xtec.cat\/ebhortdepau\/wp-content\/uploads\/usu3462\/2025\/02\/exerior_escola.webp\" alt=\"\" class=\"wp-image-810\" srcset=\"https:\/\/agora.xtec.cat\/ebhortdepau\/wp-content\/uploads\/usu3462\/2025\/02\/exerior_escola.webp 1920w, https:\/\/agora.xtec.cat\/ebhortdepau\/wp-content\/uploads\/usu3462\/2025\/02\/exerior_escola-300x225.webp 300w, https:\/\/agora.xtec.cat\/ebhortdepau\/wp-content\/uploads\/usu3462\/2025\/02\/exerior_escola-1024x768.webp 1024w, https:\/\/agora.xtec.cat\/ebhortdepau\/wp-content\/uploads\/usu3462\/2025\/02\/exerior_escola-768x576.webp 768w, https:\/\/agora.xtec.cat\/ebhortdepau\/wp-content\/uploads\/usu3462\/2025\/02\/exerior_escola-1536x1152.webp 1536w\" sizes=\"auto, (max-width: 1920px) 100vw, 1920px\" \/><\/a><\/figure>\n\n\n\n<p>A l\u2019Escola Bressol Hort de Pau, cada dia \u00e9s una nova oportunitat per descobrir, cr\u00e9ixer i compartir. Som un espai educatiu on els infants s\u00f3n els protagonistes del seu aprenentatge, en un ambient de confian\u00e7a i seguretat.<\/p>\n\n\n\n<p>Treballem amb una mirada respectuosa, afavorint l\u2019autonomia i l\u2019autoestima dels nens i nenes des del primer moment. Creiem que cada infant t\u00e9 el seu propi ritme i forma d\u2019explorar el m\u00f3n, i per aix\u00f2 els acompanyem amb afecte i comprensi\u00f3, oferint-los materials i experi\u00e8ncies que fomentin la seva curiositat natural.<\/p>\n\n\n\n<p>Les nostres aules i patis estan pensats perqu\u00e8 els petits es moguin amb llibertat, experimentin i interactu\u00efn amb l\u2019entorn. A m\u00e9s, la relaci\u00f3 amb les fam\u00edlies \u00e9s un pilar fonamental del nostre projecte: junts constru\u00efm un espai de confian\u00e7a i col\u00b7laboraci\u00f3 per acompanyar els infants en els seus primers anys de vida.<\/p>\n\n\n\n<div style=\"height:30px\" aria-hidden=\"true\" class=\"wp-block-spacer\"><\/div>\n\n\n\n<h3 class=\"wp-block-heading\">L\u2019adaptaci\u00f3: un nou inici per a infants i fam\u00edlies<\/h3>\n\n\n\n<p>Comen\u00e7a un nou curs i, amb ell, arriben les primeres experi\u00e8ncies dels infants fora de l\u2019entorn familiar.<\/p>\n\n\n\n<p>L\u2019entrada a l\u2019escola bressol sol ser, per a molts infants, la <strong>primera separaci\u00f3 del nucli familiar<\/strong>. Aquest moment implica adaptar-se a un nou espai, a noves persones i a una separaci\u00f3 f\u00edsica, afectiva i temporal de la seva fam\u00edlia.<\/p>\n\n\n\n<p>Per a moltes fam\u00edlies, deixar el seu fill o filla a l\u2019escola bressol per primera vegada pot ser un repte emocional. Sorgeixen sentiments, emocions i angoixes provocades per la incertesa: <em>Plorar\u00e0? S\u2019adaptar\u00e0 a l\u2019escola? S\u2019enyorar\u00e0?<\/em> A m\u00e9s, l\u2019entrada de noves figures adultes en el cercle <strong>fam\u00edlia-infant<\/strong> pot generar dubtes i inquietuds.<\/p>\n\n\n\n<p>\u00c9s important tenir present que <strong>l\u2019adaptaci\u00f3 \u00e9s un proc\u00e9s \u00fanic<\/strong> per a cada infant i fam\u00edlia. Cadasc\u00fa viu aquest moment de manera diferent, i \u00e9s essencial respectar-ne els ritmes i les emocions.<\/p>\n\n\n\n<div style=\"height:30px\" aria-hidden=\"true\" class=\"wp-block-spacer\"><\/div>\n\n\n\n<h3 class=\"wp-block-heading\"><strong>Un proc\u00e9s progressiu i respectu\u00f3s<\/strong><\/h3>\n\n\n\n<p>El <strong>per\u00edode d\u2019adaptaci\u00f3<\/strong> \u00e9s un dels moments m\u00e9s delicats del curs escolar. Per afavorir-ne una transici\u00f3 suau i segura, es recomana (sempre que la conciliaci\u00f3 familiar i laboral ho permeti) fer una <strong>entrada progressiva<\/strong> a l\u2019escola.<\/p>\n\n\n\n<p>Els primers dies, les estades poden ser m\u00e9s curtes i s\u2019allargaran gradualment fins a completar la jornada escollida. Aquesta adaptaci\u00f3 progressiva ajuda els infants a familiaritzar-se amb el nou entorn i a crear vincles amb les educadores de manera natural.<\/p>\n\n\n\n<div style=\"height:30px\" aria-hidden=\"true\" class=\"wp-block-spacer\"><\/div>\n\n\n\n<h3 class=\"wp-block-heading\"><strong>Consells per a una bona adaptaci\u00f3<\/strong><\/h3>\n\n\n\n<p>Per facilitar aquest proc\u00e9s i reduir possibles situacions d\u2019estr\u00e8s o angoixa, \u00e9s important seguir algunes recomanacions:<\/p>\n\n\n\n<ul class=\"wp-block-list\">\n<li style=\"padding-top:var(--wp--preset--spacing--20);padding-bottom:var(--wp--preset--spacing--20)\"><strong>Anar amb temps i sense presses<\/strong> <br>Entrar a l\u2019escola de manera relaxada ajuda a comen\u00e7ar el dia amb calma.<\/li>\n\n\n\n<li style=\"padding-top:var(--wp--preset--spacing--20);padding-bottom:var(--wp--preset--spacing--20)\"><strong>Anticipar all\u00f2 que es far\u00e0 a l\u2019escola<\/strong> <br>Explicar a l\u2019infant qu\u00e8 passar\u00e0 li dona seguretat.<\/li>\n\n\n\n<li style=\"padding-top:var(--wp--preset--spacing--20);padding-bottom:var(--wp--preset--spacing--20)\"><strong>Fer un comiat breu i tranquil<\/strong> <br>Mai marxar d\u2019amagat; cal dir ad\u00e9u amb naturalitat i confian\u00e7a.<\/li>\n\n\n\n<li style=\"padding-top:var(--wp--preset--spacing--20);padding-bottom:var(--wp--preset--spacing--20)\"><strong>Mantenir la calma si l\u2019infant plora<\/strong> <br>\u00c9s habitual que apareguin plors durant els primers dies. <br>Mostra\u2019t ser\u00e8\/na per transmetre-li seguretat.<\/li>\n\n\n\n<li style=\"padding-top:var(--wp--preset--spacing--20);padding-bottom:var(--wp--preset--spacing--20)\"><strong>Refor\u00e7ar el missatge de tornada<\/strong> <br>Digueu-li clarament que ara us acomiadeu, per\u00f2 que <strong>tornareu a buscar-lo<\/strong> despr\u00e9s.<\/li>\n<\/ul>\n\n\n\n<div style=\"height:30px\" aria-hidden=\"true\" class=\"wp-block-spacer\"><\/div>\n\n\n\n<h3 class=\"wp-block-heading\"><strong>Fam\u00edlies, escola i educadores: una xarxa de suport<\/strong><\/h3>\n\n\n\n<p>L\u2019adaptaci\u00f3 \u00e9s un <strong>cam\u00ed compartit<\/strong> entre infants, fam\u00edlies i escola. Les educadores estaran al costat de les fam\u00edlies per oferir acompanyament, resoldre dubtes i alleujar possibles pors o incerteses durant aquest per\u00edode.<\/p>\n\n\n\n<p>El primer contacte formal amb l\u2019escola \u00e9s l\u2019<strong>entrevista inicial<\/strong>, que es realitza a l\u2019aula. Aquest espai \u00edntim i personalitzat permet establir un primer lligam entre fam\u00edlia i educadora, creant una relaci\u00f3 de confian\u00e7a m\u00fatua.<\/p>\n\n\n\n<p>Despr\u00e9s d\u2019aquesta primera trobada, es pacten unes pautes per garantir que l\u2019inici d\u2019escolaritzaci\u00f3 sigui <strong>el m\u00e0xim de flexible i respectu\u00f3s<\/strong> amb les necessitats de cada infant.<\/p>\n\n\n\n<div style=\"height:30px\" aria-hidden=\"true\" class=\"wp-block-spacer\"><\/div>\n\n\n\n<h3 class=\"wp-block-heading\"><strong>L\u2019objectiu principal: seguretat i benestar emocional<\/strong><\/h3>\n\n\n\n<p>El nostre principal objectiu \u00e9s que l\u2019infant visqui aquest proc\u00e9s d\u2019adaptaci\u00f3 amb <strong>normalitat i confian\u00e7a<\/strong>. Volem ajudar-lo a superar l\u2019angoixa inicial de la separaci\u00f3 i, mica en mica, afavorir que se senti <strong>segur i c\u00f2mode<\/strong> en el seu nou entorn.<\/p>\n\n\n\n<p>A trav\u00e9s d\u2019aquest proc\u00e9s respectu\u00f3s i acollidor, l\u2019infant anir\u00e0 descobrint l\u2019escola bressol com un espai on pot cr\u00e9ixer, explorar i establir nous vincles afectius.<\/p>\n\n\n\n<div style=\"height:30px\" aria-hidden=\"true\" class=\"wp-block-spacer\"><\/div>\n\n\n\n<p><strong>L\u2019adaptaci\u00f3 \u00e9s un pas significatiu tant per als infants com per a les fam\u00edlies. <\/strong><br><strong>No hi ha pressa. <\/strong><br><strong>Cada pas endavant \u00e9s una petita gran vict\u00f2ria.<\/strong><\/p>\n","protected":false},"excerpt":{"rendered":"<p>A l\u2019Escola Bressol Hort de Pau, cada dia \u00e9s una nova oportunitat per descobrir, cr\u00e9ixer i compartir. Som un espai educatiu on els infants s\u00f3n els protagonistes del seu aprenentatge, en un ambient de confian\u00e7a i seguretat. Treballem amb una mirada respectuosa, afavorint l\u2019autonomia i l\u2019autoestima dels nens i nenes des del primer moment. Creiem [&hellip;]<\/p>\n","protected":false},"author":1,"featured_media":0,"parent":0,"menu_order":0,"comment_status":"closed","ping_status":"closed","template":"","meta":{"site-sidebar-layout":"default","site-content-layout":"","ast-site-content-layout":"default","site-content-style":"default","site-sidebar-style":"default","ast-global-header-display":"","ast-banner-title-visibility":"","ast-main-header-display":"","ast-hfb-above-header-display":"","ast-hfb-below-header-display":"","ast-hfb-mobile-header-display":"","site-post-title":"","ast-breadcrumbs-content":"","ast-featured-img":"","footer-sml-layout":"","theme-transparent-header-meta":"","adv-header-id-meta":"","stick-header-meta":"","header-above-stick-meta":"","header-main-stick-meta":"","header-below-stick-meta":"","astra-migrate-meta-layouts":"set","ast-page-background-enabled":"default","ast-page-background-meta":{"desktop":{"background-color":"var(--ast-global-color-4)","background-image":"","background-repeat":"repeat","background-position":"center center","background-size":"auto","background-attachment":"scroll","background-type":"","background-media":"","overlay-type":"","overlay-color":"","overlay-opacity":"","overlay-gradient":""},"tablet":{"background-color":"","background-image":"","background-repeat":"repeat","background-position":"center center","background-size":"auto","background-attachment":"scroll","background-type":"","background-media":"","overlay-type":"","overlay-color":"","overlay-opacity":"","overlay-gradient":""},"mobile":{"background-color":"","background-image":"","background-repeat":"repeat","background-position":"center center","background-size":"auto","background-attachment":"scroll","background-type":"","background-media":"","overlay-type":"","overlay-color":"","overlay-opacity":"","overlay-gradient":""}},"ast-content-background-meta":{"desktop":{"background-color":"var(--ast-global-color-5)","background-image":"","background-repeat":"repeat","background-position":"center center","background-size":"auto","background-attachment":"scroll","background-type":"","background-media":"","overlay-type":"","overlay-color":"","overlay-opacity":"","overlay-gradient":""},"tablet":{"background-color":"var(--ast-global-color-5)","background-image":"","background-repeat":"repeat","background-position":"center center","background-size":"auto","background-attachment":"scroll","background-type":"","background-media":"","overlay-type":"","overlay-color":"","overlay-opacity":"","overlay-gradient":""},"mobile":{"background-color":"var(--ast-global-color-5)","background-image":"","background-repeat":"repeat","background-position":"center center","background-size":"auto","background-attachment":"scroll","background-type":"","background-media":"","overlay-type":"","overlay-color":"","overlay-opacity":"","overlay-gradient":""}},"footnotes":""},"class_list":["post-22","page","type-page","status-publish","hentry"],"post_mailing_queue_ids":[],"_links":{"self":[{"href":"https:\/\/agora.xtec.cat\/ebhortdepau\/wp-json\/wp\/v2\/pages\/22","targetHints":{"allow":["GET"]}}],"collection":[{"href":"https:\/\/agora.xtec.cat\/ebhortdepau\/wp-json\/wp\/v2\/pages"}],"about":[{"href":"https:\/\/agora.xtec.cat\/ebhortdepau\/wp-json\/wp\/v2\/types\/page"}],"author":[{"embeddable":true,"href":"https:\/\/agora.xtec.cat\/ebhortdepau\/wp-json\/wp\/v2\/users\/1"}],"replies":[{"embeddable":true,"href":"https:\/\/agora.xtec.cat\/ebhortdepau\/wp-json\/wp\/v2\/comments?post=22"}],"version-history":[{"count":6,"href":"https:\/\/agora.xtec.cat\/ebhortdepau\/wp-json\/wp\/v2\/pages\/22\/revisions"}],"predecessor-version":[{"id":938,"href":"https:\/\/agora.xtec.cat\/ebhortdepau\/wp-json\/wp\/v2\/pages\/22\/revisions\/938"}],"wp:attachment":[{"href":"https:\/\/agora.xtec.cat\/ebhortdepau\/wp-json\/wp\/v2\/media?parent=22"}],"curies":[{"name":"wp","href":"https:\/\/api.w.org\/{rel}","templated":true}]}}