{"id":9,"date":"2021-03-16T15:08:18","date_gmt":"2021-03-16T14:08:18","guid":{"rendered":"http:\/\/agora.xtec.cat\/ebcabrils-germanarosaaymerich\/?page_id=9"},"modified":"2026-02-19T11:09:20","modified_gmt":"2026-02-19T10:09:20","slug":"pagina-dinici-buida","status":"publish","type":"page","link":"https:\/\/agora.xtec.cat\/ebcabrils-germanarosaaymerich\/","title":{"rendered":"Benvinguts al curs 2023-2024!"},"content":{"rendered":"<p>LA JORNADA DE<strong> PORTES OBERTES D&#8217;ENGUANY<\/strong> SER\u00c0 <strong>DISSABTE 11 D&#8217;ABRIL.<\/strong> HI HAUR\u00c0 DOS PASSES: UN A LES<strong> 9.30h<\/strong> I L&#8217;ALTRE A LES <strong>11h<\/strong>. CALDR\u00c0 TRUCAR A L&#8217;ESCOLA PER CONCERTAR L&#8217;HORARI QUE US VAGI MILLOR.<\/p>\n<p>&nbsp;<\/p>\n<p>LES<strong> DATES DE PREINSCRIPCIO DEL CURS VINENT 2026-2027<\/strong> seran del <strong>8 al 22 de maig<\/strong> de 2026. S&#8217;haur\u00e0 de fer la tramitaci\u00f3 online i a partir del 4 de maig tindreu aqu\u00ed penjat el full de preinscripci\u00f3 que haureu d&#8217;emplenar i la documentaci\u00f3 que us caldr\u00e0 adjuntar m\u00e9s la informaci\u00f3 sobre el barem de puntuaci\u00f3 i l&#8217;oferta de places per a cada curs.<\/p>\n<p>&nbsp;<\/p>\n<p>&nbsp;<\/p>\n<p>&nbsp;<\/p>\n<h2><span style=\"text-decoration: underline;\"><strong>MATRICULACI\u00d3 CURS 2025-2026<\/strong><\/span><\/h2>\n<h2>Del 16 al 25 de juny online (si es fa abans ser\u00e0 nul.la)<\/h2>\n<p>Per tramitar la matricula cal que entreu a la pagina web de Cabrils clicant aqu\u00ed:<strong> <a href=\"http:\/\/www.cabrils.cat\">www.cabrils.cat<\/a><\/strong><\/p>\n<ul>\n<li>a la pestanya que posa SEU ELECTRONICA<\/li>\n<li>a la l\u00ednia posa INSTANCIA GENERAL A L\u2019AJUNTAMENT DE CABRILS.<\/li>\n<li>Cliqueu\u00a0 on posa \u201cTRAMITACI\u00d3 ELECTR\u00d2NICA\u201d i anireu directament a la p\u00e0gina \u2018IDCATMOBIL on us demanen una s\u00e8rie de dades que haureu d\u2019omplir<em>(aqu\u00ed es necessita DNI i targeta sanit\u00e0ria, enviaran un SMS al m\u00f2bil cada cop que s&#8217;hagi de fer servir)<\/em> .<\/li>\n<li>Un cop fet aix\u00f2 haureu d\u2019introduir un codi que us enviaran al m\u00f2bil i ja entreu directament al full d\u2019inst\u00e0ncia i haureu d\u2019anar omplint les dades pertinents, dient que sol\u00b7liciteu fer la <strong>preinscripci\u00f3 <\/strong>o la<strong> matr\u00edcula<\/strong> pel curs 2025-2026. <strong>Vosaltres sou<\/strong> els <strong>interessats <\/strong>i no els representants.<\/li>\n<li>Un cop emplenada la sol\u00b7licitud de matriculaci\u00f3 i escanejada tota la documentaci\u00f3, caldr\u00e0 adjuntar-la a la inst\u00e0ncia quan us demani ADJUNTAR DOCUMENTACI\u00d3.<\/li>\n<li>Al finalitzar la inst\u00e0ncia, rebreu un rebut justificant amb el comprovant de la presentaci\u00f3 telem\u00e0tica i all\u00e0 figurar\u00e0 un n\u00famero que comen\u00e7a per <strong>2025-E-RE- xxxx<\/strong> (i 4 xifres m\u00e9s), que ser\u00e0 el <strong>vostre n\u00famero identificatiu<\/strong> conforme heu fet la matr\u00edcula<\/li>\n<li>Si hi hagu\u00e9s alguna incid\u00e8ncia amb algun document presentat,\u00a0 la direcci\u00f3 de l&#8217;escola es posaria en contacte amb vosaltres per a solventar-ho. Si no fos aix\u00ed, vol dir que tot est\u00e0 correcte.<\/li>\n<\/ul>\n<p><strong>La <u>matriculaci\u00f3<\/u> i presentaci\u00f3 de sol\u00b7licituds <\/strong>es tramitar\u00e0 via electr\u00f2nica per Registre d\u2019entrada a l\u2019Ajuntament de Cabrils entre el dia <strong>16 i el 25 de juny de 2025<\/strong>. Les entrades d\u2019abans d\u2019aquestes dates no seran v\u00e0lides, les de despr\u00e9s s\u00ed sempre que hi hagi pla\u00e7a lliure.<\/p>\n<p>&nbsp;<\/p>\n<ul>\n<li><strong><span style=\"text-decoration: underline;\">DOCUMENTACI\u00d3 REQUERIDA PER A FER LA MATRICULACI\u00d3<\/span>:<\/strong><\/li>\n<\/ul>\n<ul>\n<li style=\"list-style-type: none;\">\n<ul>\n<li>Full de <a href=\"https:\/\/drive.google.com\/file\/d\/1CQ4lLS9jadO4cNevxS1YXEQXNQRnSeMB\/view?usp=sharing\"><strong>sol\u00b7licitud de matriculaci\u00f3<\/strong><\/a> (cliqueu sobre la paraula so\u00b7licitud de matriculaci\u00f3 i se us obrir\u00e0 el document, cal descarregar-lo per poder-lo omplir). <strong>OBLIGATORI SIGNAR-LO!<\/strong><\/li>\n<li>DNI del tutor (davant i darrera) que no el va presentar al fer la preinscripci\u00f3<\/li>\n<li>Full de vacunes de l\u2019infant amb el nom posat del nen o nena<\/li>\n<li>Targeta sanit\u00e0ria de l\u2019infant.<\/li>\n<\/ul>\n<ul>\n<li>En el cas que no s\u2019hagi fet preinscripci\u00f3 a l&#8217;escola anteriorment, caldr\u00e0 portar a m\u00e9s a m\u00e9s del que us acabem d&#8217;anomenar :\n<ul>\n<li>el DNI dels dos progenitors i,\u00a0si la persona sol\u00b7licitant <strong>\u00e9s estrangera<\/strong>, necessitar\u00e0 la <strong>targeta de resid\u00e8ncia on consta el NIE o del passaport<\/strong><strong>.<\/strong> Si es tracta d&#8217;estrangers comunitaris, document d&#8217;identitat del pa\u00eds membre de la Uni\u00f3 Europea.<\/li>\n<li>el llibre de fam\u00edlia o certificat de naixement<\/li>\n<\/ul>\n<\/li>\n<\/ul>\n<\/li>\n<\/ul>\n<ul>\n<li style=\"list-style-type: none;\"><\/li>\n<\/ul>\n<p><span style=\"font-family: inherit; font-size: 1em;\">Un cop enviada rebreu un correu amb el comprovant de la presentaci\u00f3 telem\u00e0tica. <\/span><\/p>\n<p>Si hi hagu\u00e9s alguna incid\u00e8ncia amb algun document presentat,\u00a0 la direcci\u00f3 de l&#8217;escola es posaria en contacte amb vosaltres per a solventar-ho. Si no fos aix\u00ed, vol dir que tot est\u00e0 correcte.<\/p>\n<p>Per qualsevol dubte o aclariment podeu posar-vos en contacte al tel\u00e8fon 93.753.18.56 o b\u00e9 al 667.18.28 de dilluns a divendres de 9:00 a 17:00h.<\/p>\n<p>&nbsp;<\/p>\n<p>&nbsp;<\/p>\n<p><strong><u>LLISTAT DEFINITIU PREINSCRIPCIONS CURS 2025-2026 ordre per puntuaci\u00f3<\/u><\/strong><\/p>\n<p><strong><u>NASCUTS L\u2019ANY 2025 (infantil 0) <\/u><\/strong><\/p>\n<p>Hi ha <strong>14 places <\/strong>ofertades<\/p>\n<table width=\"347\">\n<tbody>\n<tr>\n<td width=\"234\">N\u00ba REGISTRE ENTRADA<\/td>\n<td width=\"113\">TOTAL<\/td>\n<\/tr>\n<tr>\n<td width=\"234\">2025-E-RE-1432<\/td>\n<td width=\"113\"><strong>85<\/strong><\/td>\n<\/tr>\n<tr>\n<td width=\"234\">2025-E-RE-1430<\/td>\n<td width=\"113\"><strong>85<\/strong><\/td>\n<\/tr>\n<tr>\n<td width=\"234\">2025-E-RE-1426<\/td>\n<td width=\"113\"><strong>35<\/strong><\/td>\n<\/tr>\n<tr>\n<td width=\"234\">2025-E-RE-1363<\/td>\n<td width=\"113\"><strong>35<\/strong><\/td>\n<\/tr>\n<tr>\n<td width=\"234\">2025-E-RE-1471<\/td>\n<td width=\"113\"><strong>35<\/strong><\/td>\n<\/tr>\n<tr>\n<td width=\"234\">2025-E-RE-1460<\/td>\n<td width=\"113\"><strong>35<\/strong><\/td>\n<\/tr>\n<tr>\n<td width=\"234\">2025-E-RE-1400<\/td>\n<td width=\"113\"><strong>35<\/strong><\/td>\n<\/tr>\n<tr>\n<td width=\"234\">2025-E-RE-1374<\/td>\n<td width=\"113\"><strong>30<\/strong><\/td>\n<\/tr>\n<tr>\n<td width=\"234\">2025-E-RE-1562<\/td>\n<td width=\"113\"><strong>30<\/strong><\/td>\n<\/tr>\n<tr>\n<td width=\"234\">2025-E-RE-1396<\/td>\n<td width=\"113\"><strong>30<\/strong><\/td>\n<\/tr>\n<tr>\n<td width=\"234\">2025-E-RE-1421<\/td>\n<td width=\"113\"><strong>30<\/strong><\/td>\n<\/tr>\n<tr>\n<td width=\"234\">2025-E-RE-1376<\/td>\n<td width=\"113\"><strong>30<\/strong><\/td>\n<\/tr>\n<tr>\n<td width=\"234\"><\/td>\n<td width=\"113\"><strong>\u00a0<\/strong><\/td>\n<\/tr>\n<tr>\n<td width=\"234\"><\/td>\n<td width=\"113\"><strong>\u00a0<\/strong><\/td>\n<\/tr>\n<\/tbody>\n<\/table>\n<p>L\u2019oferta per a l\u2019aula <strong>d\u2019infantil 0, donada la demanda de places <\/strong>\u00a0augmenta a <strong>14 places<\/strong> i s\u2019obriran dues aules d\u2019i0 al setembre, \u00a0amb la qual cosa no s\u2019obrir\u00e0 cap aula al gener.<\/p>\n<p>Les dues places restants es reserven per a ciutadans del \u00a0municipi.<\/p>\n<p>&nbsp;<\/p>\n<p><strong><u>NASCUTS L\u2019ANY 2024 (infantil 1)<\/u><\/strong><\/p>\n<p>Hi ha <strong>25 places<\/strong> ofertades<\/p>\n<table width=\"347\">\n<tbody>\n<tr>\n<td width=\"206\">N\u00aa REGISTRE ENTRADA<\/td>\n<td width=\"142\">TOTAL<\/td>\n<\/tr>\n<tr>\n<td width=\"206\">2025-E-RE-1533<\/td>\n<td width=\"142\"><strong>85<\/strong><\/td>\n<\/tr>\n<tr>\n<td width=\"206\">2025-E-RE-1365<\/td>\n<td width=\"142\"><strong>80<\/strong><\/td>\n<\/tr>\n<tr>\n<td width=\"206\">2025-E-RE-1379<\/td>\n<td width=\"142\"><strong>50<\/strong><\/td>\n<\/tr>\n<tr>\n<td width=\"206\">2025-E-RE-1364<\/td>\n<td width=\"142\"><strong>50<\/strong><\/td>\n<\/tr>\n<tr>\n<td width=\"206\">2025-E-RE-1445<\/td>\n<td width=\"142\"><strong>50<\/strong><\/td>\n<\/tr>\n<tr>\n<td width=\"206\">2025-E-RE-1527<\/td>\n<td width=\"142\"><strong>45<\/strong><\/td>\n<\/tr>\n<tr>\n<td width=\"206\">2025-E-RE-1490<\/td>\n<td width=\"142\"><strong>45<\/strong><\/td>\n<\/tr>\n<tr>\n<td width=\"206\">2025-E-RE-1488<\/td>\n<td width=\"142\"><strong>45<\/strong><\/td>\n<\/tr>\n<tr>\n<td width=\"206\">2025-E-RE-1439<\/td>\n<td width=\"142\"><strong>45<\/strong><\/td>\n<\/tr>\n<tr>\n<td width=\"206\">2025-E-RE-1409<\/td>\n<td width=\"142\"><strong>40<\/strong><\/td>\n<\/tr>\n<tr>\n<td width=\"206\">2025-E-RE-1489<\/td>\n<td width=\"142\"><strong>40<\/strong><\/td>\n<\/tr>\n<tr>\n<td width=\"206\">2025-E-RE-1380<\/td>\n<td width=\"142\"><strong>35<\/strong><\/td>\n<\/tr>\n<tr>\n<td width=\"206\">2025-E-RE-1441<\/td>\n<td width=\"142\"><strong>35<\/strong><\/td>\n<\/tr>\n<tr>\n<td width=\"206\">2025-E-RE-1525<\/td>\n<td width=\"142\"><strong>35<\/strong><\/td>\n<\/tr>\n<tr>\n<td width=\"206\">2025-E-RE-1377<\/td>\n<td width=\"142\"><strong>35<\/strong><\/td>\n<\/tr>\n<tr>\n<td width=\"206\">2025-E-RE-1446<\/td>\n<td width=\"142\"><strong>35<\/strong><\/td>\n<\/tr>\n<tr>\n<td width=\"206\">2025-E-RE-1388<\/td>\n<td width=\"142\"><strong>35<\/strong><\/td>\n<\/tr>\n<tr>\n<td width=\"206\">2025-E-RE-1405<\/td>\n<td width=\"142\"><strong>35<\/strong><\/td>\n<\/tr>\n<tr>\n<td width=\"206\">2025-E-RE-1469<\/td>\n<td width=\"142\"><strong>35<\/strong><\/td>\n<\/tr>\n<tr>\n<td width=\"206\">2025-E-RE-1375<\/td>\n<td width=\"142\"><strong>35<\/strong><\/td>\n<\/tr>\n<tr>\n<td width=\"206\">2025-E-RE-1579<\/td>\n<td width=\"142\"><strong>35<\/strong><\/td>\n<\/tr>\n<tr>\n<td width=\"206\">2025-E-RE-1623<\/td>\n<td width=\"142\"><strong>35<\/strong><\/td>\n<\/tr>\n<tr>\n<td width=\"206\">2025-E-RE-1503<\/td>\n<td width=\"142\"><strong>30<\/strong><\/td>\n<\/tr>\n<tr>\n<td width=\"206\">2025-E-RE-1385<\/td>\n<td width=\"142\"><strong>30<\/strong><\/td>\n<\/tr>\n<tr>\n<td width=\"206\">2025-E-RE-1401<\/td>\n<td width=\"142\"><strong>30<\/strong><\/td>\n<\/tr>\n<\/tbody>\n<\/table>\n<p>Aquest 25 infants entren a l\u2019escola bressol de Cabrils per al curs 2025-2026.<\/p>\n<p>&nbsp;<\/p>\n<table width=\"347\">\n<tbody>\n<tr>\n<td width=\"206\"><strong>FAM\u00cdLIES EN LLISTA D\u2019ESPERA PER ORDRE DEL SORTEIG CELEBRAT L\u201911 DE JUNY 2025<\/strong><\/td>\n<td width=\"142\"><\/td>\n<\/tr>\n<tr>\n<td width=\"206\">N\u00aa REGISTRE ENTRADA<\/td>\n<td width=\"142\">Total<\/td>\n<\/tr>\n<tr>\n<td width=\"206\">2025-E-RE-1403<\/td>\n<td width=\"142\"><strong>30<\/strong><\/td>\n<\/tr>\n<tr>\n<td width=\"206\">2025-E-RE-1609<\/td>\n<td width=\"142\"><strong>30<\/strong><\/td>\n<\/tr>\n<tr>\n<td width=\"206\">2025-E-RE-1399<\/td>\n<td width=\"142\"><strong>30<\/strong><\/td>\n<\/tr>\n<tr>\n<td width=\"206\">2025-E-RE-1404<\/td>\n<td width=\"142\"><strong>30<\/strong><\/td>\n<\/tr>\n<tr>\n<td width=\"206\">2025-E-RE-1423<\/td>\n<td width=\"142\"><strong>30<\/strong><\/td>\n<\/tr>\n<tr>\n<td width=\"206\">2025-E-RE-1468<\/td>\n<td width=\"142\"><strong>30<\/strong><\/td>\n<\/tr>\n<\/tbody>\n<\/table>\n<p><strong>En el cas que no es formalitzi matr\u00edcula d\u2019algunes de les 25 fam\u00edlies anteriors o es doni alguna baixa, es trucar\u00e0 per aquest mateix ordre a les fam\u00edlies que esteu en llista d\u2019espera.<\/strong><\/p>\n<p>&nbsp;<\/p>\n<p><strong><u>NASCUTS L\u2019ANY 2023 (infantil 2)<\/u><\/strong><\/p>\n<p>Hi ha <strong>20 places<\/strong> ofertades<\/p>\n<table width=\"319\">\n<tbody>\n<tr>\n<td width=\"206\">N\u00aa REGISTRE ENTRADA<\/td>\n<td width=\"113\">TOTAL<\/td>\n<\/tr>\n<tr>\n<td width=\"206\">2025-E-RE-1444<\/td>\n<td width=\"113\"><strong>50<\/strong><\/td>\n<\/tr>\n<tr>\n<td width=\"206\">2025-E-RE-1555<\/td>\n<td width=\"113\"><strong>45<\/strong><\/td>\n<\/tr>\n<tr>\n<td width=\"206\">2025-E-RE-1394<\/td>\n<td width=\"113\"><strong>40<\/strong><\/td>\n<\/tr>\n<tr>\n<td width=\"206\">2025-E-RE-1573<\/td>\n<td width=\"113\"><strong>35<\/strong><\/td>\n<\/tr>\n<tr>\n<td width=\"206\">2025-E-RE-1429<\/td>\n<td width=\"113\"><strong>30<\/strong><\/td>\n<\/tr>\n<tr>\n<td width=\"206\">2025-E-RE-1619<\/td>\n<td width=\"113\"><strong>10<\/strong><\/td>\n<\/tr>\n<tr>\n<td width=\"206\">2025-E-RE-1539<\/td>\n<td width=\"113\"><strong>0<\/strong><\/td>\n<\/tr>\n<tr>\n<td width=\"206\">2025-E-RE-1560<\/td>\n<td width=\"113\"><strong>0<\/strong><\/td>\n<\/tr>\n<\/tbody>\n<\/table>\n<p>Totes les preinscripicions d\u2019i2 tenen pla\u00e7a sense problema.<\/p>\n<p>&nbsp;<\/p>\n<ul>\n<li><span style=\"text-decoration: underline;\"><strong>PLACES OFERTADES PEL CURS 2025-2026<\/strong><\/span><\/li>\n<\/ul>\n<p><strong>\u00a0<\/strong><strong>Infantil 0<\/strong> (nascuts al 2025) _______<strong>14\u00a0places<\/strong>: 12 ordin\u00e0ries+2 NESE (2 aules)<\/p>\n<p><strong>Infantil 1<\/strong> (nascuts al 2024) _______ <strong>25 places<\/strong>: 22 ordin\u00e0ries+3 NESE (3 aules)<\/p>\n<p><strong>Infantil 2<\/strong> (nascuts al 2023) _______<strong>20 places<\/strong>:17 ordin\u00e0ries+3 NESE(3 aules)<\/p>\n<p>Les places reservades per infants amb NESE(necessitats espec\u00edfiques de suport educatiu) s\u00f3n temporals fins el 15 de juny. Passat aquest dia, si no hi ha hagut cap pla\u00e7a NESE sol\u00b7licitada, el 16 de juny passen a ser places ordin\u00e0ries, \u00e9s a dir, que la pla\u00e7a la pot ocupar qualsevol persona amb o sense NESE.<\/p>\n<p>&nbsp;<\/p>\n<p>&nbsp;<\/p>\n<p><a href=\"https:\/\/agora.xtec.cat\/ebcabrils-germanarosaaymerich\/wp-content\/uploads\/usu2492\/2024\/09\/Screenshot_20240906_103430_PowerPoint.jpg\"><img loading=\"lazy\" decoding=\"async\" class=\"alignnone wp-image-1203\" src=\"https:\/\/agora.xtec.cat\/ebcabrils-germanarosaaymerich\/wp-content\/uploads\/usu2492\/2024\/09\/Screenshot_20240906_103430_PowerPoint-1024x667.jpg\" alt=\"\" width=\"1032\" height=\"672\" srcset=\"https:\/\/agora.xtec.cat\/ebcabrils-germanarosaaymerich\/wp-content\/uploads\/usu2492\/2024\/09\/Screenshot_20240906_103430_PowerPoint-1024x667.jpg 1024w, https:\/\/agora.xtec.cat\/ebcabrils-germanarosaaymerich\/wp-content\/uploads\/usu2492\/2024\/09\/Screenshot_20240906_103430_PowerPoint-300x195.jpg 300w, https:\/\/agora.xtec.cat\/ebcabrils-germanarosaaymerich\/wp-content\/uploads\/usu2492\/2024\/09\/Screenshot_20240906_103430_PowerPoint-768x500.jpg 768w, https:\/\/agora.xtec.cat\/ebcabrils-germanarosaaymerich\/wp-content\/uploads\/usu2492\/2024\/09\/Screenshot_20240906_103430_PowerPoint.jpg 1073w\" sizes=\"auto, (max-width: 1032px) 100vw, 1032px\" \/><\/a><\/p>\n<h2><\/h2>\n<p><span style=\"color: #008080;\"><strong><span style=\"text-decoration: underline;\">DIA INTERNACIONAL DELS DRETS DELS INFANTS 2023<\/span><\/strong><\/span><\/p>\n<p><a href=\"https:\/\/agora.xtec.cat\/ebcabrils-germanarosaaymerich\/wp-content\/uploads\/usu2492\/2024\/01\/Screenshot_20240126_182524.jpg\"><img loading=\"lazy\" decoding=\"async\" class=\"alignnone size-large wp-image-1141\" src=\"https:\/\/agora.xtec.cat\/ebcabrils-germanarosaaymerich\/wp-content\/uploads\/usu2492\/2024\/01\/Screenshot_20240126_182524-1024x569.jpg\" alt=\"\" width=\"1024\" height=\"569\" srcset=\"https:\/\/agora.xtec.cat\/ebcabrils-germanarosaaymerich\/wp-content\/uploads\/usu2492\/2024\/01\/Screenshot_20240126_182524-1024x569.jpg 1024w, https:\/\/agora.xtec.cat\/ebcabrils-germanarosaaymerich\/wp-content\/uploads\/usu2492\/2024\/01\/Screenshot_20240126_182524-300x167.jpg 300w, https:\/\/agora.xtec.cat\/ebcabrils-germanarosaaymerich\/wp-content\/uploads\/usu2492\/2024\/01\/Screenshot_20240126_182524-768x427.jpg 768w, https:\/\/agora.xtec.cat\/ebcabrils-germanarosaaymerich\/wp-content\/uploads\/usu2492\/2024\/01\/Screenshot_20240126_182524.jpg 1079w\" sizes=\"auto, (max-width: 1024px) 100vw, 1024px\" \/><\/a><\/p>\n<p>El Dia Internacional dels Drets dels Infants ens recorda que cal vetllar dia a dia perqu\u00e8 els nens i nenes tinguin un present i un futur millor. \u00c9s per aix\u00f2 que des de l&#8217;escola volem donar la import\u00e0ncia que t\u00e9 l&#8217;etapa d&#8217;Educaci\u00f3 Infantil 0-3, exposant alguns dels projectes que viuen els infants a diari a l&#8217;escola.<\/p>\n<p><a href=\"https:\/\/agora.xtec.cat\/ebcabrils-germanarosaaymerich\/wp-content\/uploads\/usu2492\/2024\/01\/Screenshot_20240126_182549.jpg\"><img loading=\"lazy\" decoding=\"async\" class=\"alignnone size-full wp-image-1140\" src=\"https:\/\/agora.xtec.cat\/ebcabrils-germanarosaaymerich\/wp-content\/uploads\/usu2492\/2024\/01\/Screenshot_20240126_182549.jpg\" alt=\"\" width=\"910\" height=\"604\" srcset=\"https:\/\/agora.xtec.cat\/ebcabrils-germanarosaaymerich\/wp-content\/uploads\/usu2492\/2024\/01\/Screenshot_20240126_182549.jpg 910w, https:\/\/agora.xtec.cat\/ebcabrils-germanarosaaymerich\/wp-content\/uploads\/usu2492\/2024\/01\/Screenshot_20240126_182549-300x199.jpg 300w, https:\/\/agora.xtec.cat\/ebcabrils-germanarosaaymerich\/wp-content\/uploads\/usu2492\/2024\/01\/Screenshot_20240126_182549-768x510.jpg 768w\" sizes=\"auto, (max-width: 910px) 100vw, 910px\" \/><\/a><\/p>\n<p style=\"text-align: center;\"><a href=\"https:\/\/agora.xtec.cat\/ebcabrils-germanarosaaymerich\/wp-content\/uploads\/usu2492\/2024\/01\/Screenshot_20240126_182600.jpg\"><img loading=\"lazy\" decoding=\"async\" class=\"alignnone size-large wp-image-1139\" src=\"https:\/\/agora.xtec.cat\/ebcabrils-germanarosaaymerich\/wp-content\/uploads\/usu2492\/2024\/01\/Screenshot_20240126_182600-1024x573.jpg\" alt=\"\" width=\"1024\" height=\"573\" srcset=\"https:\/\/agora.xtec.cat\/ebcabrils-germanarosaaymerich\/wp-content\/uploads\/usu2492\/2024\/01\/Screenshot_20240126_182600-1024x573.jpg 1024w, https:\/\/agora.xtec.cat\/ebcabrils-germanarosaaymerich\/wp-content\/uploads\/usu2492\/2024\/01\/Screenshot_20240126_182600-300x168.jpg 300w, https:\/\/agora.xtec.cat\/ebcabrils-germanarosaaymerich\/wp-content\/uploads\/usu2492\/2024\/01\/Screenshot_20240126_182600-768x430.jpg 768w, https:\/\/agora.xtec.cat\/ebcabrils-germanarosaaymerich\/wp-content\/uploads\/usu2492\/2024\/01\/Screenshot_20240126_182600.jpg 1079w\" sizes=\"auto, (max-width: 1024px) 100vw, 1024px\" \/><\/a><\/p>\n<p style=\"text-align: center;\">\u00a0 &#8220;Tot el temps que l&#8217;infant roman a l&#8217;escola es considera una oportunitat educativa&#8221;, Curr\u00edculum de 1r cicle d&#8217;Educaci\u00f3 Infantil.<\/p>\n<p><a href=\"https:\/\/agora.xtec.cat\/ebcabrils-germanarosaaymerich\/wp-content\/uploads\/usu2492\/2024\/01\/Screenshot_20240126_182609.jpg\"><img loading=\"lazy\" decoding=\"async\" class=\"alignnone size-large wp-image-1138\" src=\"https:\/\/agora.xtec.cat\/ebcabrils-germanarosaaymerich\/wp-content\/uploads\/usu2492\/2024\/01\/Screenshot_20240126_182609-577x1024.jpg\" alt=\"\" width=\"577\" height=\"1024\" srcset=\"https:\/\/agora.xtec.cat\/ebcabrils-germanarosaaymerich\/wp-content\/uploads\/usu2492\/2024\/01\/Screenshot_20240126_182609-577x1024.jpg 577w, https:\/\/agora.xtec.cat\/ebcabrils-germanarosaaymerich\/wp-content\/uploads\/usu2492\/2024\/01\/Screenshot_20240126_182609-169x300.jpg 169w, https:\/\/agora.xtec.cat\/ebcabrils-germanarosaaymerich\/wp-content\/uploads\/usu2492\/2024\/01\/Screenshot_20240126_182609-768x1364.jpg 768w, https:\/\/agora.xtec.cat\/ebcabrils-germanarosaaymerich\/wp-content\/uploads\/usu2492\/2024\/01\/Screenshot_20240126_182609-865x1536.jpg 865w, https:\/\/agora.xtec.cat\/ebcabrils-germanarosaaymerich\/wp-content\/uploads\/usu2492\/2024\/01\/Screenshot_20240126_182609.jpg 1079w\" sizes=\"auto, (max-width: 577px) 100vw, 577px\" \/><\/a><\/p>\n<p><a href=\"https:\/\/agora.xtec.cat\/ebcabrils-germanarosaaymerich\/wp-content\/uploads\/usu2492\/2024\/01\/Screenshot_20240126_182630.jpg\"><img loading=\"lazy\" decoding=\"async\" class=\"alignnone size-large wp-image-1137\" src=\"https:\/\/agora.xtec.cat\/ebcabrils-germanarosaaymerich\/wp-content\/uploads\/usu2492\/2024\/01\/Screenshot_20240126_182630-1024x573.jpg\" alt=\"\" width=\"1024\" height=\"573\" srcset=\"https:\/\/agora.xtec.cat\/ebcabrils-germanarosaaymerich\/wp-content\/uploads\/usu2492\/2024\/01\/Screenshot_20240126_182630-1024x573.jpg 1024w, https:\/\/agora.xtec.cat\/ebcabrils-germanarosaaymerich\/wp-content\/uploads\/usu2492\/2024\/01\/Screenshot_20240126_182630-300x168.jpg 300w, https:\/\/agora.xtec.cat\/ebcabrils-germanarosaaymerich\/wp-content\/uploads\/usu2492\/2024\/01\/Screenshot_20240126_182630-768x430.jpg 768w, https:\/\/agora.xtec.cat\/ebcabrils-germanarosaaymerich\/wp-content\/uploads\/usu2492\/2024\/01\/Screenshot_20240126_182630.jpg 1079w\" sizes=\"auto, (max-width: 1024px) 100vw, 1024px\" \/><\/a><\/p>\n<p>L&#8217;escola la fem entre tots!<br \/>\nQue visquin els Drets dels Infants!!!<\/p>\n<p>&nbsp;<\/p>\n<p>&nbsp;<\/p>\n<p>&nbsp;<\/p>\n<p>&nbsp;<\/p>\n<p>&nbsp;<\/p>\n<p>&nbsp;<\/p>\n","protected":false},"excerpt":{"rendered":"<p>LA JORNADA DE PORTES OBERTES D&#8217;ENGUANY SER\u00c0 DISSABTE 11 D&#8217;ABRIL. HI HAUR\u00c0 DOS PASSES: UN A LES 9.30h I L&#8217;ALTRE A LES 11h. CALDR\u00c0 TRUCAR A L&#8217;ESCOLA PER CONCERTAR L&#8217;HORARI QUE US VAGI MILLOR.<br \/>\n&nbsp;<br \/>\nLES DATES DE PREINSCRIPCIO DEL CURS VINENT 2026-2027 seran del 8 al&hellip;  <a href=\"https:\/\/agora.xtec.cat\/ebcabrils-germanarosaaymerich\/\" title=\"Read Benvinguts al curs 2023-2024!\">Llegeix m\u00e9s\u00bb<\/a><\/p>\n","protected":false},"author":1,"featured_media":0,"parent":7,"menu_order":0,"comment_status":"closed","ping_status":"closed","template":"page-templates\/front-page.php","meta":{"_bbp_topic_count":0,"_bbp_reply_count":0,"_bbp_total_topic_count":0,"_bbp_total_reply_count":0,"_bbp_voice_count":0,"_bbp_anonymous_reply_count":0,"_bbp_topic_count_hidden":0,"_bbp_reply_count_hidden":0,"_bbp_forum_subforum_count":0,"footnotes":""},"class_list":["post-9","page","type-page","status-publish","hentry"],"post_mailing_queue_ids":[],"_links":{"self":[{"href":"https:\/\/agora.xtec.cat\/ebcabrils-germanarosaaymerich\/wp-json\/wp\/v2\/pages\/9","targetHints":{"allow":["GET"]}}],"collection":[{"href":"https:\/\/agora.xtec.cat\/ebcabrils-germanarosaaymerich\/wp-json\/wp\/v2\/pages"}],"about":[{"href":"https:\/\/agora.xtec.cat\/ebcabrils-germanarosaaymerich\/wp-json\/wp\/v2\/types\/page"}],"author":[{"embeddable":true,"href":"https:\/\/agora.xtec.cat\/ebcabrils-germanarosaaymerich\/wp-json\/wp\/v2\/users\/1"}],"replies":[{"embeddable":true,"href":"https:\/\/agora.xtec.cat\/ebcabrils-germanarosaaymerich\/wp-json\/wp\/v2\/comments?post=9"}],"version-history":[{"count":6,"href":"https:\/\/agora.xtec.cat\/ebcabrils-germanarosaaymerich\/wp-json\/wp\/v2\/pages\/9\/revisions"}],"predecessor-version":[{"id":1247,"href":"https:\/\/agora.xtec.cat\/ebcabrils-germanarosaaymerich\/wp-json\/wp\/v2\/pages\/9\/revisions\/1247"}],"up":[{"embeddable":true,"href":"https:\/\/agora.xtec.cat\/ebcabrils-germanarosaaymerich\/wp-json\/wp\/v2\/pages\/7"}],"wp:attachment":[{"href":"https:\/\/agora.xtec.cat\/ebcabrils-germanarosaaymerich\/wp-json\/wp\/v2\/media?parent=9"}],"curies":[{"name":"wp","href":"https:\/\/api.w.org\/{rel}","templated":true}]}}