{"id":73,"date":"2014-09-18T14:01:51","date_gmt":"2014-09-18T13:01:51","guid":{"rendered":"http:\/\/agora.xtec.cat\/ebcabrils-germanarosaaymerich\/?page_id=73"},"modified":"2026-04-27T15:06:51","modified_gmt":"2026-04-27T13:06:51","slug":"menjador-escolar","status":"publish","type":"page","link":"https:\/\/agora.xtec.cat\/ebcabrils-germanarosaaymerich\/menjador-escolar\/","title":{"rendered":"Menjador escolar"},"content":{"rendered":"<p style=\"padding-left: 40px; text-align: left;\">Els infants que facin \u00fas d\u2019aquest servei tenen dret a 2 \u00e0pats (dinar i berenar).<\/p>\n<p>L\u2019horari del menjador compr\u00e8n de 12 a 15h.<\/p>\n<p style=\"text-align: left;\">Disposem de cuina pr\u00f2pia on la Merc\u00e8, la cuinera, prepara cada dia el dinar i el berenar dels infants amb\u00a0 aliments ecol\u00f2gics i de proximitat tenint en compte les intoler\u00e0ncies i al\u00b7lergies que hi puguin haver.<\/p>\n<p>&nbsp;<\/p>\n<p>Men\u00fa MAIG de 2026: (clica a sobre de la paraula de color blau i s&#8217;obrir\u00e0 l&#8217;enlla\u00e7 del men\u00fa)<\/p>\n<p><a href=\"https:\/\/drive.google.com\/file\/d\/1vWMJ3cPClkKoMZyXoTop8aBhbLpGbexv\/view?usp=sharing\">SENCER<\/a><\/p>\n<p><a href=\"https:\/\/drive.google.com\/file\/d\/13goGW97riyzK2t1tkJn1hVhdSG3A7gdd\/view?usp=sharing\">TRITURAT<\/a><\/p>\n","protected":false},"excerpt":{"rendered":"<p>Els infants que facin \u00fas d\u2019aquest servei tenen dret a 2 \u00e0pats (dinar i berenar).<br \/>\nL\u2019horari del menjador compr\u00e8n de 12 a 15h.<br \/>\nDisposem de cuina pr\u00f2pia on la Merc\u00e8, la cuinera, prepara cada dia el dinar i el berenar dels infants amb\u00a0 aliments ecol\u00f2gics i de&hellip;  <a href=\"https:\/\/agora.xtec.cat\/ebcabrils-germanarosaaymerich\/menjador-escolar\/\" title=\"Read Menjador escolar\">Llegeix m\u00e9s\u00bb<\/a><\/p>\n","protected":false},"author":1,"featured_media":0,"parent":0,"menu_order":30,"comment_status":"closed","ping_status":"closed","template":"page-templates\/side-menu.php","meta":{"_bbp_topic_count":0,"_bbp_reply_count":0,"_bbp_total_topic_count":0,"_bbp_total_reply_count":0,"_bbp_voice_count":0,"_bbp_anonymous_reply_count":0,"_bbp_topic_count_hidden":0,"_bbp_reply_count_hidden":0,"_bbp_forum_subforum_count":0,"footnotes":""},"class_list":["post-73","page","type-page","status-publish","hentry"],"post_mailing_queue_ids":[],"_links":{"self":[{"href":"https:\/\/agora.xtec.cat\/ebcabrils-germanarosaaymerich\/wp-json\/wp\/v2\/pages\/73","targetHints":{"allow":["GET"]}}],"collection":[{"href":"https:\/\/agora.xtec.cat\/ebcabrils-germanarosaaymerich\/wp-json\/wp\/v2\/pages"}],"about":[{"href":"https:\/\/agora.xtec.cat\/ebcabrils-germanarosaaymerich\/wp-json\/wp\/v2\/types\/page"}],"author":[{"embeddable":true,"href":"https:\/\/agora.xtec.cat\/ebcabrils-germanarosaaymerich\/wp-json\/wp\/v2\/users\/1"}],"replies":[{"embeddable":true,"href":"https:\/\/agora.xtec.cat\/ebcabrils-germanarosaaymerich\/wp-json\/wp\/v2\/comments?post=73"}],"version-history":[{"count":6,"href":"https:\/\/agora.xtec.cat\/ebcabrils-germanarosaaymerich\/wp-json\/wp\/v2\/pages\/73\/revisions"}],"predecessor-version":[{"id":1251,"href":"https:\/\/agora.xtec.cat\/ebcabrils-germanarosaaymerich\/wp-json\/wp\/v2\/pages\/73\/revisions\/1251"}],"wp:attachment":[{"href":"https:\/\/agora.xtec.cat\/ebcabrils-germanarosaaymerich\/wp-json\/wp\/v2\/media?parent=73"}],"curies":[{"name":"wp","href":"https:\/\/api.w.org\/{rel}","templated":true}]}}