{"id":529,"date":"2021-03-11T16:29:00","date_gmt":"2021-03-11T15:29:00","guid":{"rendered":"https:\/\/agora.xtec.cat\/ebcabrils-germanarosaaymerich\/?page_id=529"},"modified":"2024-05-14T10:51:40","modified_gmt":"2024-05-14T08:51:40","slug":"acollida-matinal","status":"publish","type":"page","link":"https:\/\/agora.xtec.cat\/ebcabrils-germanarosaaymerich\/acollida-matinal\/","title":{"rendered":"Acollida matinal"},"content":{"rendered":"<p>L&#8217;acollida matinal \u00e9s un servei que ofereix l&#8217;escola per aquelles fam\u00edlies que necessitin deixar als infants a l&#8217;escola abans de les 9. De 8 a 8:45 l&#8217;escola romandr\u00e0 oberta per a qui ho necessiti.<\/p>\n<p>El cost mensual \u00e9s de 40\u20ac i els dies espor\u00e0dics de 5,10\u20ac per dia.<\/p>\n<p><strong>A partir del curs vinent 2024-2025 el cost del servei d&#8217;acollida, d&#8217;escolaritzaci\u00f3 i de menjador tindr\u00e0 un augment. Aix\u00ed que el sabem, el penjarem.<\/strong><\/p>\n","protected":false},"excerpt":{"rendered":"<p>L&#8217;acollida matinal \u00e9s un servei que ofereix l&#8217;escola per aquelles fam\u00edlies que necessitin deixar als infants a l&#8217;escola abans de les 9. De 8 a 8:45 l&#8217;escola romandr\u00e0 oberta per a qui ho necessiti.<br \/>\nEl cost mensual \u00e9s de 40\u20ac i els dies espor\u00e0dics de 5,10\u20ac&hellip;  <a href=\"https:\/\/agora.xtec.cat\/ebcabrils-germanarosaaymerich\/acollida-matinal\/\" title=\"Read Acollida matinal\">Llegeix m\u00e9s\u00bb<\/a><\/p>\n","protected":false},"author":1,"featured_media":0,"parent":0,"menu_order":0,"comment_status":"closed","ping_status":"closed","template":"page-templates\/side-menu.php","meta":{"_bbp_topic_count":0,"_bbp_reply_count":0,"_bbp_total_topic_count":0,"_bbp_total_reply_count":0,"_bbp_voice_count":0,"_bbp_anonymous_reply_count":0,"_bbp_topic_count_hidden":0,"_bbp_reply_count_hidden":0,"_bbp_forum_subforum_count":0,"footnotes":""},"class_list":["post-529","page","type-page","status-publish","hentry"],"post_mailing_queue_ids":[],"_links":{"self":[{"href":"https:\/\/agora.xtec.cat\/ebcabrils-germanarosaaymerich\/wp-json\/wp\/v2\/pages\/529","targetHints":{"allow":["GET"]}}],"collection":[{"href":"https:\/\/agora.xtec.cat\/ebcabrils-germanarosaaymerich\/wp-json\/wp\/v2\/pages"}],"about":[{"href":"https:\/\/agora.xtec.cat\/ebcabrils-germanarosaaymerich\/wp-json\/wp\/v2\/types\/page"}],"author":[{"embeddable":true,"href":"https:\/\/agora.xtec.cat\/ebcabrils-germanarosaaymerich\/wp-json\/wp\/v2\/users\/1"}],"replies":[{"embeddable":true,"href":"https:\/\/agora.xtec.cat\/ebcabrils-germanarosaaymerich\/wp-json\/wp\/v2\/comments?post=529"}],"version-history":[{"count":4,"href":"https:\/\/agora.xtec.cat\/ebcabrils-germanarosaaymerich\/wp-json\/wp\/v2\/pages\/529\/revisions"}],"predecessor-version":[{"id":1176,"href":"https:\/\/agora.xtec.cat\/ebcabrils-germanarosaaymerich\/wp-json\/wp\/v2\/pages\/529\/revisions\/1176"}],"wp:attachment":[{"href":"https:\/\/agora.xtec.cat\/ebcabrils-germanarosaaymerich\/wp-json\/wp\/v2\/media?parent=529"}],"curies":[{"name":"wp","href":"https:\/\/api.w.org\/{rel}","templated":true}]}}