{"id":526,"date":"2021-03-11T16:22:28","date_gmt":"2021-03-11T15:22:28","guid":{"rendered":"https:\/\/agora.xtec.cat\/ebcabrils-germanarosaaymerich\/?page_id=526"},"modified":"2024-09-06T13:47:19","modified_gmt":"2024-09-06T11:47:19","slug":"quotes","status":"publish","type":"page","link":"https:\/\/agora.xtec.cat\/ebcabrils-germanarosaaymerich\/quotes\/","title":{"rendered":"Quotes mensuals"},"content":{"rendered":"<p>Les tarifes es divideixen per trams regulats pel diferent nivell de renda familiar i varien depenent de l&#8217;horari que la fam\u00edlia escull per a cada infant.<\/p>\n<p><strong>Quotes escolaritzaci\u00f3 2024-2025<\/strong><\/p>\n<table style=\"width: 89.7739%;\" width=\"472\">\n<tbody>\n<tr>\n<td style=\"width: 11.2766%;\" width=\"53\"><strong>Tram<\/strong><\/td>\n<td style=\"width: 19.1489%;\" width=\"83\"><strong>Nivell de renda familiar<\/strong><\/td>\n<td style=\"width: 35.1064%;\" width=\"175\"><strong>Tarifa escolar sense el preu del menjador<\/strong><\/td>\n<td style=\"width: 90.2128%;\" width=\"161\"><strong>Horaris<\/strong><\/td>\n<\/tr>\n<tr>\n<td style=\"width: 11.2766%;\" rowspan=\"4\" width=\"53\">\u00a0\u00a0 1<\/td>\n<td style=\"width: 19.1489%;\" rowspan=\"4\" width=\"83\">\u00a0Inferior a \u00a0\u00a0\u00a0\u00a019.000\u20ac<\/td>\n<td style=\"width: 35.1064%;\" width=\"175\">Opci\u00f3 1:<strong> 252\u20ac<\/strong> +3h menjador**<\/td>\n<td style=\"width: 90.2128%;\" width=\"161\">9:00-17:00h<\/td>\n<\/tr>\n<tr>\n<td style=\"width: 35.1064%;\" width=\"175\">Opci\u00f3 2: <strong>175\u20ac<\/strong><\/td>\n<td style=\"width: 90.2128%;\" width=\"161\">9:00-12:00h<\/td>\n<\/tr>\n<tr>\n<td style=\"width: 35.1064%;\" width=\"175\">Opci\u00f3 3: <strong>175\u20ac<\/strong> +3h menjador**<\/td>\n<td style=\"width: 90.2128%;\" width=\"161\">9:00-15:00h<\/td>\n<\/tr>\n<tr>\n<td style=\"width: 35.1064%;\" width=\"175\"><\/td>\n<td style=\"width: 90.2128%;\" width=\"161\"><\/td>\n<\/tr>\n<tr>\n<td style=\"width: 11.2766%;\" rowspan=\"4\" width=\"53\">\u00a0\u00a0\u00a0 2<\/td>\n<td style=\"width: 19.1489%;\" rowspan=\"4\" width=\"83\">\u00a0\u00a0\u00a0\u00a0 Entre 19.000,01\u20ac i<\/p>\n<p>50.000,00\u20ac<\/td>\n<td style=\"width: 35.1064%;\" width=\"175\">Opci\u00f3 1: <strong>273\u20ac<\/strong> +3h menjador**<\/td>\n<td style=\"width: 90.2128%;\" width=\"161\">9:00-17:00h<\/td>\n<\/tr>\n<tr>\n<td style=\"width: 35.1064%;\" width=\"175\">Opci\u00f3 2: <strong>196\u20ac<\/strong><\/td>\n<td style=\"width: 90.2128%;\" width=\"161\">9:00-12:00h<\/td>\n<\/tr>\n<tr>\n<td style=\"width: 35.1064%;\" width=\"175\">Opci\u00f3 3: <strong>196\u20ac<\/strong> +3h menjador**<\/td>\n<td style=\"width: 90.2128%;\" width=\"161\">9:00-15:00h<\/td>\n<\/tr>\n<tr>\n<td style=\"width: 35.1064%;\" width=\"175\"><\/td>\n<td style=\"width: 90.2128%;\" width=\"161\"><\/td>\n<\/tr>\n<tr>\n<td style=\"width: 11.2766%;\" rowspan=\"4\" width=\"53\">\u00a0\u00a0 3<\/td>\n<td style=\"width: 19.1489%;\" rowspan=\"4\" width=\"83\">Superior a<\/p>\n<p>50.000,01\u20ac<\/td>\n<td style=\"width: 35.1064%;\" width=\"175\">Opci\u00f3 1: <strong>315\u20ac<\/strong> +3h menjador**<\/td>\n<td style=\"width: 90.2128%;\" width=\"161\">9:00-17:00h<\/td>\n<\/tr>\n<tr>\n<td style=\"width: 35.1064%;\" width=\"175\">Opci\u00f3 2: <strong>238\u20ac<\/strong><\/td>\n<td style=\"width: 90.2128%;\" width=\"161\">9:00-12:00h<\/td>\n<\/tr>\n<tr>\n<td style=\"width: 35.1064%;\" width=\"175\">Opci\u00f3 3: <strong>238\u20ac<\/strong> +3h menjador**<\/td>\n<td style=\"width: 90.2128%;\" width=\"161\">9:00-15:00h<\/td>\n<\/tr>\n<tr>\n<td style=\"width: 35.1064%;\" width=\"175\"><\/td>\n<td style=\"width: 90.2128%;\" width=\"161\"><\/td>\n<\/tr>\n<\/tbody>\n<\/table>\n<p><strong>QUOTES MENJADOR<\/strong> de 12:00 a 15:00h:<\/p>\n<ul>\n<li>**Fix 5 dies per setmana: <strong>162\u20ac<\/strong> mensuals<\/li>\n<li>**Fix 4 dies per setmana:<strong> 132\u20ac <\/strong>mensuals<\/li>\n<li>**Fix 3 dies per setmana: <strong>108\u20ac <\/strong>mensuals<\/li>\n<li>Dies espor\u00e0dics: <strong>10,68\u20ac<\/strong> diari<\/li>\n<\/ul>\n<p><strong>QUOTES ACOLLIDA:<\/strong><\/p>\n<ul>\n<li>Acollida mensual fix: <strong>56\u20ac<\/strong><\/li>\n<li>Acollida dia espor\u00e0dic: <strong>7,14\u20ac<\/strong><\/li>\n<\/ul>\n<p><strong>QUOTES TARDES:<\/strong><\/p>\n<ul>\n<li>Tarda espor\u00e0dica de 15:00 a 17:00 (per les opcions hor\u00e0ries 2 i 3): <strong>14\u20ac<\/strong><\/li>\n<li>1 tarda fixa a la setmana de 15:00 a 17:00 (per les opcions hor\u00e0ries 2 i 3):<strong> 35\u20ac<\/strong><\/li>\n<\/ul>\n<p><strong>ALTRES QUOTES ANUALS <\/strong>(els tres primers conceptes es cobren al mes de juliol)<strong>:<\/strong><\/p>\n<ul>\n<li>Manteniment del matal\u00e0s de dormir per i1 i i2: <strong>7\u20ac\u00a0<\/strong><\/li>\n<li>Sortida a l&#8217;Arbor\u00e8tum amb autocar per i1: <strong>8\u20ac<\/strong><\/li>\n<li>Document de Valoraci\u00f3 per i0, i1 i i2: <strong>12\u20ac<\/strong><\/li>\n<li>Material escolar (nom\u00e9s pels que tenen l&#8217;escolaritzaci\u00f3 gratu\u00efta &#8211; i2): <strong>100\u20ac<\/strong> (repartits en dues quotes de 50\u20ac, una al novembre i l&#8217;altra al mar\u00e7)<\/li>\n<\/ul>\n","protected":false},"excerpt":{"rendered":"<p>Les tarifes es divideixen per trams regulats pel diferent nivell de renda familiar i varien depenent de l&#8217;horari que la fam\u00edlia escull per a cada infant.<br \/>\nQuotes escolaritzaci\u00f3 2024-2025<\/p>\n<p>Tram<br \/>\nNivell de renda familiar<br \/>\nTarifa escolar sense el preu del menjador<br \/>\nHoraris<\/p>\n<p>\u00a0\u00a0 1<br \/>\n\u00a0Inferior a \u00a0\u00a0\u00a0\u00a019.000\u20ac<br \/>\nOpci\u00f3 1: 252\u20ac +3h menjador**<br \/>\n9:00-17:00h<\/p>\n<p>Opci\u00f3 2:&hellip;  <a href=\"https:\/\/agora.xtec.cat\/ebcabrils-germanarosaaymerich\/quotes\/\" title=\"Read Quotes mensuals\">Llegeix m\u00e9s\u00bb<\/a><\/p>\n","protected":false},"author":1,"featured_media":0,"parent":0,"menu_order":0,"comment_status":"closed","ping_status":"closed","template":"page-templates\/side-menu.php","meta":{"_bbp_topic_count":0,"_bbp_reply_count":0,"_bbp_total_topic_count":0,"_bbp_total_reply_count":0,"_bbp_voice_count":0,"_bbp_anonymous_reply_count":0,"_bbp_topic_count_hidden":0,"_bbp_reply_count_hidden":0,"_bbp_forum_subforum_count":0,"footnotes":""},"class_list":["post-526","page","type-page","status-publish","hentry"],"post_mailing_queue_ids":[],"_links":{"self":[{"href":"https:\/\/agora.xtec.cat\/ebcabrils-germanarosaaymerich\/wp-json\/wp\/v2\/pages\/526","targetHints":{"allow":["GET"]}}],"collection":[{"href":"https:\/\/agora.xtec.cat\/ebcabrils-germanarosaaymerich\/wp-json\/wp\/v2\/pages"}],"about":[{"href":"https:\/\/agora.xtec.cat\/ebcabrils-germanarosaaymerich\/wp-json\/wp\/v2\/types\/page"}],"author":[{"embeddable":true,"href":"https:\/\/agora.xtec.cat\/ebcabrils-germanarosaaymerich\/wp-json\/wp\/v2\/users\/1"}],"replies":[{"embeddable":true,"href":"https:\/\/agora.xtec.cat\/ebcabrils-germanarosaaymerich\/wp-json\/wp\/v2\/comments?post=526"}],"version-history":[{"count":6,"href":"https:\/\/agora.xtec.cat\/ebcabrils-germanarosaaymerich\/wp-json\/wp\/v2\/pages\/526\/revisions"}],"predecessor-version":[{"id":1205,"href":"https:\/\/agora.xtec.cat\/ebcabrils-germanarosaaymerich\/wp-json\/wp\/v2\/pages\/526\/revisions\/1205"}],"wp:attachment":[{"href":"https:\/\/agora.xtec.cat\/ebcabrils-germanarosaaymerich\/wp-json\/wp\/v2\/media?parent=526"}],"curies":[{"name":"wp","href":"https:\/\/api.w.org\/{rel}","templated":true}]}}