{"id":569,"date":"2022-01-12T10:23:22","date_gmt":"2022-01-12T09:23:22","guid":{"rendered":"https:\/\/agora.xtec.cat\/eatarrega\/?page_id=569"},"modified":"2026-02-06T12:53:42","modified_gmt":"2026-02-06T11:53:42","slug":"formacio-incorporacio-empresa-agraria","status":"publish","type":"page","link":"https:\/\/agora.xtec.cat\/eatarrega\/iniciatives-i-altres-serveis\/formacio-incorporacio-empresa-agraria\/","title":{"rendered":"Formaci\u00f3 incorporaci\u00f3 empresa agr\u00e0ria"},"content":{"rendered":"<p><span style=\"color: #000000; font-family: 'Open Sans', Helvetica, Arial, sans-serif;\">Des de les quinze <strong>Escoles Agr\u00e0ries<\/strong> del <strong>Servei de Formaci\u00f3 Agroaliment\u00e0ria<\/strong>\u00a0del Departament d&#8217;Agricultura, Ramaderia, Pesca i Alimentaci\u00f3, proporcionem la <strong>formaci\u00f3<\/strong> espec\u00edfica a la <strong>Nova Pagesia<\/strong>, \u00e9s a dir, a tots aquells joves d&#8217;entre 18 i 40 anys que <\/span><span style=\"color: #000000; font-family: 'Open Sans', Helvetica, Arial, sans-serif;\">sol\u00b7liciten<\/span><span style=\"color: #000000; font-family: 'Open Sans', Helvetica, Arial, sans-serif;\">\u00a0la <strong>incorporaci\u00f3 a l&#8217;empresa agr\u00e0ria<\/strong> i l&#8217;<strong>ajut de primera\u00a0<\/strong><\/span><strong><span style=\"color: #000000; font-family: 'Open Sans', Helvetica, Arial, sans-serif;\">instal\u00b7laci\u00f3<\/span><\/strong><span style=\"color: #000000; font-family: 'Open Sans', Helvetica, Arial, sans-serif;\">\u00a0que atorga el\u00a0<\/span><span style=\"color: #000000; font-family: 'Open Sans', Helvetica, Arial, sans-serif;\">mateix<\/span><span style=\"color: #000000; font-family: 'Open Sans', Helvetica, Arial, sans-serif;\">\u00a0Departament.<\/span><\/p>\n<p>&nbsp;<\/p>\n<p><img loading=\"lazy\" decoding=\"async\" class=\"wp-image-787 size-full aligncenter\" src=\"https:\/\/agora.xtec.cat\/eatarrega\/wp-content\/uploads\/usu2155\/2022\/05\/95833897_1660750840745320_5265134467533504512_n-scaled.jpg\" alt=\"\" width=\"2560\" height=\"640\" srcset=\"https:\/\/agora.xtec.cat\/eatarrega\/wp-content\/uploads\/usu2155\/2022\/05\/95833897_1660750840745320_5265134467533504512_n-scaled.jpg 2560w, https:\/\/agora.xtec.cat\/eatarrega\/wp-content\/uploads\/usu2155\/2022\/05\/95833897_1660750840745320_5265134467533504512_n-300x75.jpg 300w, https:\/\/agora.xtec.cat\/eatarrega\/wp-content\/uploads\/usu2155\/2022\/05\/95833897_1660750840745320_5265134467533504512_n-1024x256.jpg 1024w, https:\/\/agora.xtec.cat\/eatarrega\/wp-content\/uploads\/usu2155\/2022\/05\/95833897_1660750840745320_5265134467533504512_n-768x192.jpg 768w, https:\/\/agora.xtec.cat\/eatarrega\/wp-content\/uploads\/usu2155\/2022\/05\/95833897_1660750840745320_5265134467533504512_n-1536x384.jpg 1536w, https:\/\/agora.xtec.cat\/eatarrega\/wp-content\/uploads\/usu2155\/2022\/05\/95833897_1660750840745320_5265134467533504512_n-2048x512.jpg 2048w\" sizes=\"auto, (max-width: 2560px) 100vw, 2560px\" \/><\/p>\n<p>&nbsp;<\/p>\n<p><span style=\"color: #000000; font-family: 'Open Sans', Helvetica, Arial, sans-serif;\">Si tens entre <strong>18 i 40 anys<\/strong> i vols dedicar-te al <strong>sector primari<\/strong>, pots demanar la <a href=\"http:\/\/agricultura.gencat.cat\/ca\/ambits\/formacio-innovacio\/formacio-agraria\/incorporacio-empresa-agraria\/\" target=\"_blank\" rel=\"noopener\">incorporaci\u00f3 a l&#8217;empresa agr\u00e0ria<\/a> i l&#8217;<a href=\"http:\/\/agricultura.gencat.cat\/ca\/ambits\/desenvolupament-rural\/contracte-global-explotacio\/ajuts-competitivitat\/primera-installacio-joves-agricultors\/\" target=\"_blank\" rel=\"noopener\">ajut de primera\u00a0<\/a><\/span><span style=\"color: #000000; font-family: 'Open Sans', Helvetica, Arial, sans-serif;\">instal\u00b7laci\u00f3<\/span><span style=\"color: #000000; font-family: 'Open Sans', Helvetica, Arial, sans-serif;\"> que atorga cada any el <strong>Departament d&#8217;Agricultura, Ramaderia, Pesca i Alimentaci\u00f3.<\/strong> El seu objectiu \u00e9s potenciar la creaci\u00f3 d&#8217;empreses agr\u00e0ries per part de persones joves, sempre que accedeixin per primer cop a la titularitat d&#8217;una explotaci\u00f3 del <strong>sector agroalimentari<\/strong>. Per tal que els joves puguin incorporar-se al sector, \u00e9s necessari que adquireixin les compet\u00e8ncies professionals que els permetran dur a terme els seus projectes amb garanties d&#8217;\u00e8xit.<\/span><\/p>\n<p><br style=\"color: #000000; font-family: 'Open Sans', Helvetica, Arial, sans-serif;\" \/><span style=\"color: #000000; font-family: 'Open Sans', Helvetica, Arial, sans-serif;\">La <strong>capacitaci\u00f3 professional<\/strong> agr\u00e0ria per a la incorporaci\u00f3 a l&#8217;empresa agr\u00e0ria es pot acreditar mitjan\u00e7ant diverses formacions:<\/span><\/p>\n<ul>\n<li><span style=\"color: #000000; font-family: 'Open Sans', Helvetica, Arial, sans-serif;\">Titulaci\u00f3 universit\u00e0ria: enginyer agr\u00f2nom, enginyer t\u00e8cnic agr\u00edcola, enginyer t\u00e8cnic forestal, enginyer de forests o veterinari.<\/span><\/li>\n<li><span style=\"color: #000000; font-family: 'Open Sans', Helvetica, Arial, sans-serif;\">T\u00e8cnic\/a superior: gesti\u00f3 i organitzaci\u00f3 d&#8217;empreses agropecu\u00e0ries o en paisatgisme i medi rural amb orientaci\u00f3 en gesti\u00f3 d&#8217;empresa agropecu\u00e0ria.<\/span><\/li>\n<li><span style=\"color: #000000; font-family: 'Open Sans', Helvetica, Arial, sans-serif;\">Certificats de professionalitat de gesti\u00f3 de la producci\u00f3 agr\u00edcola o de gesti\u00f3 de la producci\u00f3 ramadera.<\/span><\/li>\n<\/ul>\n","protected":false},"excerpt":{"rendered":"<p>Des de les quinze Escoles Agr\u00e0ries del Servei de Formaci\u00f3 Agroaliment\u00e0ria\u00a0del Departament d&#8217;Agricultura, Ramaderia, Pesca i Alimentaci\u00f3, proporcionem la formaci\u00f3 espec\u00edfica a la Nova Pagesia, \u00e9s a dir, a tots aquells joves d&#8217;entre 18 i 40 anys que sol\u00b7liciten\u00a0la incorporaci\u00f3 a l&#8217;empresa agr\u00e0ria i l&#8217;ajut de primera\u00a0instal\u00b7laci\u00f3\u00a0que atorga el\u00a0mateix\u00a0Departament. &nbsp; &nbsp; Si tens entre 18 [&hellip;]<\/p>\n","protected":false},"author":4,"featured_media":0,"parent":549,"menu_order":30,"comment_status":"closed","ping_status":"closed","template":"","meta":{"_bbp_topic_count":0,"_bbp_reply_count":0,"_bbp_total_topic_count":0,"_bbp_total_reply_count":0,"_bbp_voice_count":0,"_bbp_anonymous_reply_count":0,"_bbp_topic_count_hidden":0,"_bbp_reply_count_hidden":0,"_bbp_forum_subforum_count":0,"site-sidebar-layout":"default","site-content-layout":"","ast-site-content-layout":"default","site-content-style":"default","site-sidebar-style":"default","ast-global-header-display":"","ast-banner-title-visibility":"","ast-main-header-display":"","ast-hfb-above-header-display":"","ast-hfb-below-header-display":"","ast-hfb-mobile-header-display":"","site-post-title":"","ast-breadcrumbs-content":"","ast-featured-img":"","footer-sml-layout":"","theme-transparent-header-meta":"default","adv-header-id-meta":"","stick-header-meta":"","header-above-stick-meta":"","header-main-stick-meta":"","header-below-stick-meta":"","astra-migrate-meta-layouts":"set","ast-page-background-enabled":"default","ast-page-background-meta":{"desktop":{"background-color":"var(--ast-global-color-4)","background-image":"","background-repeat":"repeat","background-position":"center center","background-size":"auto","background-attachment":"scroll","background-type":"","background-media":"","overlay-type":"","overlay-color":"","overlay-opacity":"","overlay-gradient":""},"tablet":{"background-color":"","background-image":"","background-repeat":"repeat","background-position":"center center","background-size":"auto","background-attachment":"scroll","background-type":"","background-media":"","overlay-type":"","overlay-color":"","overlay-opacity":"","overlay-gradient":""},"mobile":{"background-color":"","background-image":"","background-repeat":"repeat","background-position":"center center","background-size":"auto","background-attachment":"scroll","background-type":"","background-media":"","overlay-type":"","overlay-color":"","overlay-opacity":"","overlay-gradient":""}},"ast-content-background-meta":{"desktop":{"background-color":"var(--ast-global-color-5)","background-image":"","background-repeat":"repeat","background-position":"center center","background-size":"auto","background-attachment":"scroll","background-type":"","background-media":"","overlay-type":"","overlay-color":"","overlay-opacity":"","overlay-gradient":""},"tablet":{"background-color":"var(--ast-global-color-5)","background-image":"","background-repeat":"repeat","background-position":"center center","background-size":"auto","background-attachment":"scroll","background-type":"","background-media":"","overlay-type":"","overlay-color":"","overlay-opacity":"","overlay-gradient":""},"mobile":{"background-color":"var(--ast-global-color-5)","background-image":"","background-repeat":"repeat","background-position":"center center","background-size":"auto","background-attachment":"scroll","background-type":"","background-media":"","overlay-type":"","overlay-color":"","overlay-opacity":"","overlay-gradient":""}},"footnotes":""},"class_list":["post-569","page","type-page","status-publish","hentry"],"post_mailing_queue_ids":[],"_links":{"self":[{"href":"https:\/\/agora.xtec.cat\/eatarrega\/wp-json\/wp\/v2\/pages\/569","targetHints":{"allow":["GET"]}}],"collection":[{"href":"https:\/\/agora.xtec.cat\/eatarrega\/wp-json\/wp\/v2\/pages"}],"about":[{"href":"https:\/\/agora.xtec.cat\/eatarrega\/wp-json\/wp\/v2\/types\/page"}],"author":[{"embeddable":true,"href":"https:\/\/agora.xtec.cat\/eatarrega\/wp-json\/wp\/v2\/users\/4"}],"replies":[{"embeddable":true,"href":"https:\/\/agora.xtec.cat\/eatarrega\/wp-json\/wp\/v2\/comments?post=569"}],"version-history":[{"count":7,"href":"https:\/\/agora.xtec.cat\/eatarrega\/wp-json\/wp\/v2\/pages\/569\/revisions"}],"predecessor-version":[{"id":1537,"href":"https:\/\/agora.xtec.cat\/eatarrega\/wp-json\/wp\/v2\/pages\/569\/revisions\/1537"}],"up":[{"embeddable":true,"href":"https:\/\/agora.xtec.cat\/eatarrega\/wp-json\/wp\/v2\/pages\/549"}],"wp:attachment":[{"href":"https:\/\/agora.xtec.cat\/eatarrega\/wp-json\/wp\/v2\/media?parent=569"}],"curies":[{"name":"wp","href":"https:\/\/api.w.org\/{rel}","templated":true}]}}