{"id":553,"date":"2022-01-12T10:18:41","date_gmt":"2022-01-12T09:18:41","guid":{"rendered":"https:\/\/agora.xtec.cat\/eatarrega\/?page_id=553"},"modified":"2025-12-15T13:52:08","modified_gmt":"2025-12-15T12:52:08","slug":"cfgm-produccio-agropecuaria-a-distancia","status":"publish","type":"page","link":"https:\/\/agora.xtec.cat\/eatarrega\/cicles-formatius\/cfgm-produccio-agropecuaria-a-distancia\/","title":{"rendered":"CFGM Producci\u00f3 Agropecu\u00e0ria a dist\u00e0ncia"},"content":{"rendered":"<p style=\"text-align: left;\">A l&#8217;Escola Agr\u00e0ria de T\u00e0rrega oferim el <a href=\"https:\/\/agora.xtec.cat\/eatarrega\/wp-content\/uploads\/usu2155\/2025\/11\/250915-EAt-CFGM_AgroDistancia_Setembre.pdf\" target=\"_blank\" rel=\"noopener\"><strong>Cicle Formatiu de Grau Mitj\u00e0 en Producci\u00f3 Agropecu\u00e0ria<\/strong> a dist\u00e0ncia<\/a> en col\u00b7laboraci\u00f3 amb l&#8217;<a href=\"https:\/\/ioc.xtec.cat\/educacio\/\" target=\"_blank\" rel=\"noopener\"><strong>Institut Obert de Catalunya.<\/strong><\/a><\/p>\n<p><a href=\"https:\/\/agora.xtec.cat\/eatarrega\/wp-content\/uploads\/usu2155\/2025\/11\/250915-EAt-CFGM_AgroDistancia_Setembre.pdf\" target=\"_blank\" rel=\"noopener\"><img loading=\"lazy\" decoding=\"async\" class=\"alignnone wp-image-1456 size-full\" src=\"https:\/\/agora.xtec.cat\/eatarrega\/wp-content\/uploads\/usu2155\/2025\/12\/EA-TARREGA-Cartells-web_DEF-8.png\" alt=\"\" width=\"2000\" height=\"1414\" srcset=\"https:\/\/agora.xtec.cat\/eatarrega\/wp-content\/uploads\/usu2155\/2025\/12\/EA-TARREGA-Cartells-web_DEF-8.png 2000w, https:\/\/agora.xtec.cat\/eatarrega\/wp-content\/uploads\/usu2155\/2025\/12\/EA-TARREGA-Cartells-web_DEF-8-300x212.png 300w, https:\/\/agora.xtec.cat\/eatarrega\/wp-content\/uploads\/usu2155\/2025\/12\/EA-TARREGA-Cartells-web_DEF-8-1024x724.png 1024w, https:\/\/agora.xtec.cat\/eatarrega\/wp-content\/uploads\/usu2155\/2025\/12\/EA-TARREGA-Cartells-web_DEF-8-768x543.png 768w, https:\/\/agora.xtec.cat\/eatarrega\/wp-content\/uploads\/usu2155\/2025\/12\/EA-TARREGA-Cartells-web_DEF-8-1536x1086.png 1536w\" sizes=\"auto, (max-width: 2000px) 100vw, 2000px\" \/><\/a><\/p>\n<p>&nbsp;<\/p>\n<p><strong>A QUI S&#8217;ADRE\u00c7A?<\/strong><\/p>\n<p>El <strong>CFGM de Producci\u00f3 Agropecu\u00e0ria a dist\u00e0ncia<\/strong> s&#8217;adre\u00e7a a persones que volen iniciar una activitat professional relacionada amb l&#8217;<strong>agricultura<\/strong> i la <strong>ramaderia<\/strong>, per\u00f2 que, per incompatibilitats personals o professionals, no poden cursar un cicle formatiu presencial. La modalitat a dist\u00e0ncia permet trencar la barrera de la llunyania entre la resid\u00e8ncia habitual i el centre d&#8217;estudis i tamb\u00e9, arribar a persones sense una tradici\u00f3 agr\u00e0ria al seu entorn. A m\u00e9s a m\u00e9s, la formaci\u00f3 es dirigeix a treballadors en actiu del sector que vulguin completar estudis reglats.<\/p>\n<p><strong>COMPET\u00c8NCIA GENERAL DEL CICLE<\/strong><\/p>\n<p>La compet\u00e8ncia general d&#8217;aquest t\u00edtol consisteix a obtenir <strong>productes i subproductes agropecuaris<\/strong> que atenguin criteris de <strong>qualitat<\/strong> i <strong>rendibilitat<\/strong>, dur a terme operacions de producci\u00f3 i de manteniment d&#8217;instal\u00b7lacions\u00a0i equips, i aplicar la legislaci\u00f3 de protecci\u00f3 ambiental, de prevenci\u00f3 de riscos laborals, de benestar animal i de seguretat aliment\u00e0ria.<\/p>\n<p><strong>M\u00d2DULS PROFESSIONALS<\/strong><\/p>\n<ul>\n<li>Fonaments Agron\u00f2mics<\/li>\n<li>Fonaments Zoot\u00e8cnics<\/li>\n<li>Taller i Equips de Tracci\u00f3*<\/li>\n<li>Infraestructures i Instal\u00b7lacions Agr\u00edcoles*<\/li>\n<li>Principis de Sanitat Vegetal<\/li>\n<li>Implantaci\u00f3 de Cultius*<\/li>\n<li>Producci\u00f3 Agr\u00edcola*<\/li>\n<li>Producci\u00f3 de Llet, Ous i Animals per a Vida*<\/li>\n<li>Producci\u00f3 de Carn i Altres Produccions Ramaderes*<\/li>\n<li>Control Fitosanitari*<\/li>\n<li>Angl\u00e8s Professional (GM)<\/li>\n<li>Digitalitzaci\u00f3 Aplicada als Sectors Productius (GM)<\/li>\n<li>Sostenibilitat Aplicada al Sistema Productiu<\/li>\n<li>Itinerari Personal per a l&#8217;Ocupabilitat I<\/li>\n<li>Itinerari Personal per a l&#8217;Ocupabilitat II<\/li>\n<li>Projecte Intermodular de Producci\u00f3 Agropecu\u00e0ria<\/li>\n<li>Optatiu<\/li>\n<\/ul>\n<p>*Aquest m\u00f2dul professional compta amb hores presencials<\/p>\n<p><strong>FORMACI\u00d3 A DIST\u00c0NCIA<\/strong><\/p>\n<p>La formaci\u00f3 es far\u00e0 a trav\u00e9s del campus <strong>IOC<\/strong> i es distribuir\u00e0:<\/p>\n<ul>\n<li>1350 <strong>hores de formaci\u00f3 online as\u00edncrona<\/strong><\/li>\n<li>135 <strong>hores presencials<\/strong><\/li>\n<li>515 <strong>hores d&#8217;estada en empreses<\/strong><\/li>\n<\/ul>\n<p><strong>SORTIDES PROFESSIONALS<\/strong><\/p>\n<ul>\n<li><strong>Treballador\/<span class=\"hiddenGrammarError\">a<\/span>\u00a0qualificat\/<span class=\"hiddenSpellError\">ada<\/span><\/strong>\u00a0per compte d&#8217;altri\u00a0<span class=\"hiddenGreenError\" style=\"padding-bottom: 2px; background-image: url('..\/..\/..\/..\/..\/images\/squiggle_green.png'); background-repeat: repeat-x; background-position: left bottom; cursor: default; color: #000000; font-family: 'Open Sans', Helvetica, Arial, sans-serif; font-size: 16px; font-style: normal; font-variant-ligatures: normal; font-variant-caps: normal; font-weight: 300; letter-spacing: normal; orphans: 2; text-align: start; text-indent: 0px; text-transform: none; white-space: normal; widows: 2; word-spacing: 0px; -webkit-text-stroke-width: 0px; text-decoration-thickness: initial; text-decoration-style: initial; text-decoration-color: initial;\">i\/o<\/span> per compte propi en <strong>agricultura i ramaderia<\/strong><\/li>\n<li>Personal <strong>agricultor, horticultor, fructicultor i floricultor<\/strong><\/li>\n<li><strong>Operador de maquin\u00e0ria<\/strong> agr\u00edcola i ramadera<\/li>\n<li>Criador de bestiar per a la <strong>producci\u00f3 de carn, llet i ous<\/strong><\/li>\n<\/ul>\n<p><strong>REQUISITS D&#8217;ACC\u00c9S<\/strong><\/p>\n<p>Complir algun d&#8217;aquests requisits:<\/p>\n<ul>\n<li>ESO<\/li>\n<li>FP B\u00e0sica<\/li>\n<li>CFGM o FP1<\/li>\n<li><span class=\"hiddenSpellError\">CAM<\/span><\/li>\n<li>2n BUP<\/li>\n<li>M\u00f2duls obligatoris d&#8217;un\u00a0<span class=\"hiddenSpellError\">PQPI<\/span><\/li>\n<li>Prova d&#8217;acc\u00e9s a la universitat per majors de\u00a0<span class=\"hiddenGreenError\">25<\/span>\u00a0anys o la prova d&#8217;acc\u00e9s a cicles formatius<\/li>\n<\/ul>\n<p><strong>DURADA<\/strong><\/p>\n<p>Cicle complet: <strong>2.000 hores.<\/strong><br \/>\nL&#8217;itinerari formatiu recomanat t\u00e9 una durada de 6 semestres.<\/p>\n<p><strong>MATR\u00cdCULA<\/strong><\/p>\n<ul>\n<li>Per\u00edode de matr\u00edcula: <strong>gener i juny<\/strong><\/li>\n<li>Tipologia: matr\u00edcula <strong>completa o flexible<\/strong><\/li>\n<li>Cost*:<br \/>\nM\u00f2dul Professional complet: 50 \u20ac\/semestre<\/li>\n<\/ul>\n<p>*D&#8217;acord amb l&#8217;Ordre de preus p\u00fablics que regula l&#8217;ensenyament a dist\u00e0ncia de\u00a0<span class=\"hiddenGrammarError\">l&#8217;IOC<\/span><\/p>\n<p><iframe loading=\"lazy\" title=\"YouTube video player\" src=\"https:\/\/www.youtube.com\/embed\/_9MDmYy9dAU?si=M5MGzBa5Gbtv0nKj\" width=\"560\" height=\"315\" frameborder=\"0\" allowfullscreen=\"allowfullscreen\"><\/iframe><\/p>\n","protected":false},"excerpt":{"rendered":"<p>A l&#8217;Escola Agr\u00e0ria de T\u00e0rrega oferim el Cicle Formatiu de Grau Mitj\u00e0 en Producci\u00f3 Agropecu\u00e0ria a dist\u00e0ncia en col\u00b7laboraci\u00f3 amb l&#8217;Institut Obert de Catalunya. &nbsp; A QUI S&#8217;ADRE\u00c7A? El CFGM de Producci\u00f3 Agropecu\u00e0ria a dist\u00e0ncia s&#8217;adre\u00e7a a persones que volen iniciar una activitat professional relacionada amb l&#8217;agricultura i la ramaderia, per\u00f2 que, per incompatibilitats personals [&hellip;]<\/p>\n","protected":false},"author":4,"featured_media":0,"parent":545,"menu_order":20,"comment_status":"closed","ping_status":"closed","template":"page-templates\/side-menu.php","meta":{"_bbp_topic_count":0,"_bbp_reply_count":0,"_bbp_total_topic_count":0,"_bbp_total_reply_count":0,"_bbp_voice_count":0,"_bbp_anonymous_reply_count":0,"_bbp_topic_count_hidden":0,"_bbp_reply_count_hidden":0,"_bbp_forum_subforum_count":0,"site-sidebar-layout":"default","site-content-layout":"","ast-site-content-layout":"","site-content-style":"default","site-sidebar-style":"default","ast-global-header-display":"","ast-banner-title-visibility":"","ast-main-header-display":"","ast-hfb-above-header-display":"","ast-hfb-below-header-display":"","ast-hfb-mobile-header-display":"","site-post-title":"","ast-breadcrumbs-content":"","ast-featured-img":"","footer-sml-layout":"","theme-transparent-header-meta":"","adv-header-id-meta":"","stick-header-meta":"","header-above-stick-meta":"","header-main-stick-meta":"","header-below-stick-meta":"","astra-migrate-meta-layouts":"default","ast-page-background-enabled":"default","ast-page-background-meta":{"desktop":{"background-color":"var(--ast-global-color-4)","background-image":"","background-repeat":"repeat","background-position":"center center","background-size":"auto","background-attachment":"scroll","background-type":"","background-media":"","overlay-type":"","overlay-color":"","overlay-opacity":"","overlay-gradient":""},"tablet":{"background-color":"","background-image":"","background-repeat":"repeat","background-position":"center center","background-size":"auto","background-attachment":"scroll","background-type":"","background-media":"","overlay-type":"","overlay-color":"","overlay-opacity":"","overlay-gradient":""},"mobile":{"background-color":"","background-image":"","background-repeat":"repeat","background-position":"center center","background-size":"auto","background-attachment":"scroll","background-type":"","background-media":"","overlay-type":"","overlay-color":"","overlay-opacity":"","overlay-gradient":""}},"ast-content-background-meta":{"desktop":{"background-color":"var(--ast-global-color-5)","background-image":"","background-repeat":"repeat","background-position":"center center","background-size":"auto","background-attachment":"scroll","background-type":"","background-media":"","overlay-type":"","overlay-color":"","overlay-opacity":"","overlay-gradient":""},"tablet":{"background-color":"var(--ast-global-color-5)","background-image":"","background-repeat":"repeat","background-position":"center center","background-size":"auto","background-attachment":"scroll","background-type":"","background-media":"","overlay-type":"","overlay-color":"","overlay-opacity":"","overlay-gradient":""},"mobile":{"background-color":"var(--ast-global-color-5)","background-image":"","background-repeat":"repeat","background-position":"center center","background-size":"auto","background-attachment":"scroll","background-type":"","background-media":"","overlay-type":"","overlay-color":"","overlay-opacity":"","overlay-gradient":""}},"footnotes":""},"class_list":["post-553","page","type-page","status-publish","hentry"],"post_mailing_queue_ids":[],"_links":{"self":[{"href":"https:\/\/agora.xtec.cat\/eatarrega\/wp-json\/wp\/v2\/pages\/553","targetHints":{"allow":["GET"]}}],"collection":[{"href":"https:\/\/agora.xtec.cat\/eatarrega\/wp-json\/wp\/v2\/pages"}],"about":[{"href":"https:\/\/agora.xtec.cat\/eatarrega\/wp-json\/wp\/v2\/types\/page"}],"author":[{"embeddable":true,"href":"https:\/\/agora.xtec.cat\/eatarrega\/wp-json\/wp\/v2\/users\/4"}],"replies":[{"embeddable":true,"href":"https:\/\/agora.xtec.cat\/eatarrega\/wp-json\/wp\/v2\/comments?post=553"}],"version-history":[{"count":6,"href":"https:\/\/agora.xtec.cat\/eatarrega\/wp-json\/wp\/v2\/pages\/553\/revisions"}],"predecessor-version":[{"id":1457,"href":"https:\/\/agora.xtec.cat\/eatarrega\/wp-json\/wp\/v2\/pages\/553\/revisions\/1457"}],"up":[{"embeddable":true,"href":"https:\/\/agora.xtec.cat\/eatarrega\/wp-json\/wp\/v2\/pages\/545"}],"wp:attachment":[{"href":"https:\/\/agora.xtec.cat\/eatarrega\/wp-json\/wp\/v2\/media?parent=553"}],"curies":[{"name":"wp","href":"https:\/\/api.w.org\/{rel}","templated":true}]}}