{"id":547,"date":"2022-01-12T10:16:14","date_gmt":"2022-01-12T09:16:14","guid":{"rendered":"https:\/\/agora.xtec.cat\/eatarrega\/?page_id=547"},"modified":"2026-02-06T12:50:47","modified_gmt":"2026-02-06T11:50:47","slug":"formacio-continua-i-transferencia","status":"publish","type":"page","link":"https:\/\/agora.xtec.cat\/eatarrega\/formacio-continua-i-transferencia\/","title":{"rendered":"Formaci\u00f3 cont\u00ednua i transfer\u00e8ncia"},"content":{"rendered":"<p>Des de l&#8217;Escola Agr\u00e0ria de T\u00e0rrega tamb\u00e9 oferim <strong>formaci\u00f3\u00a0cont\u00ednua<\/strong>, \u00e9s a dir, <strong>cursos i jornades t\u00e8cniques presencials, semipresencials i a dist\u00e0ncia<\/strong> de durada variable, amb la finalitat de completar la formaci\u00f3 dels professionals del <strong>m\u00f3n rural<\/strong>, dins de l&#8217;<strong>\u00e0mbit agropecuari<\/strong> i del <strong>sector agroalimentari.<\/strong><\/p>\n<p>Si esteu interessats en algun <strong>curs<\/strong> o <strong>jornada t\u00e8cnica<\/strong> que ja s&#8217;ha celebrat i, voleu que us considerem en pr\u00f2ximes edicions, podeu contactar amb nosaltres per correu electr\u00f2nic a ea_tarrega.agricultura@gencat.cat o trucar al 973 31 07 15 per tal de mantenir-vos informats.<\/p>\n<p><a href=\"https:\/\/agora.xtec.cat\/eatarrega\/wp-content\/uploads\/usu2155\/2025\/01\/EA-TARREGA-Banners-web-xtec_DEF-5.png\"><img loading=\"lazy\" decoding=\"async\" class=\"alignnone wp-image-1319 \" src=\"https:\/\/agora.xtec.cat\/eatarrega\/wp-content\/uploads\/usu2155\/2025\/01\/EA-TARREGA-Banners-web-xtec_DEF-5.png\" alt=\"\" width=\"1089\" height=\"319\" srcset=\"https:\/\/agora.xtec.cat\/eatarrega\/wp-content\/uploads\/usu2155\/2025\/01\/EA-TARREGA-Banners-web-xtec_DEF-5.png 1024w, https:\/\/agora.xtec.cat\/eatarrega\/wp-content\/uploads\/usu2155\/2025\/01\/EA-TARREGA-Banners-web-xtec_DEF-5-300x88.png 300w, https:\/\/agora.xtec.cat\/eatarrega\/wp-content\/uploads\/usu2155\/2025\/01\/EA-TARREGA-Banners-web-xtec_DEF-5-768x225.png 768w\" sizes=\"auto, (max-width: 1089px) 100vw, 1089px\" \/><\/a><\/p>\n<p><a href=\"https:\/\/agora.xtec.cat\/eatarrega\/formacio-continua-i-transferencia\/jornades-de-transferencia-tecnologica\/\" rel=\"noopener\"><img loading=\"lazy\" decoding=\"async\" class=\"aligncenter wp-image-791 size-full\" src=\"https:\/\/agora.xtec.cat\/eatarrega\/wp-content\/uploads\/usu2155\/2022\/05\/EA-TARREGA-Banners-web-xtec-4-1.png\" alt=\"\" width=\"1024\" height=\"300\" srcset=\"https:\/\/agora.xtec.cat\/eatarrega\/wp-content\/uploads\/usu2155\/2022\/05\/EA-TARREGA-Banners-web-xtec-4-1.png 1024w, https:\/\/agora.xtec.cat\/eatarrega\/wp-content\/uploads\/usu2155\/2022\/05\/EA-TARREGA-Banners-web-xtec-4-1-300x88.png 300w, https:\/\/agora.xtec.cat\/eatarrega\/wp-content\/uploads\/usu2155\/2022\/05\/EA-TARREGA-Banners-web-xtec-4-1-768x225.png 768w\" sizes=\"auto, (max-width: 1024px) 100vw, 1024px\" \/><\/a><\/p>\n","protected":false},"excerpt":{"rendered":"<p>Des de l&#8217;Escola Agr\u00e0ria de T\u00e0rrega tamb\u00e9 oferim formaci\u00f3\u00a0cont\u00ednua, \u00e9s a dir, cursos i jornades t\u00e8cniques presencials, semipresencials i a dist\u00e0ncia de durada variable, amb la finalitat de completar la formaci\u00f3 dels professionals del m\u00f3n rural, dins de l&#8217;\u00e0mbit agropecuari i del sector agroalimentari. Si esteu interessats en algun curs o jornada t\u00e8cnica que ja [&hellip;]<\/p>\n","protected":false},"author":4,"featured_media":0,"parent":0,"menu_order":0,"comment_status":"closed","ping_status":"closed","template":"","meta":{"_bbp_topic_count":0,"_bbp_reply_count":0,"_bbp_total_topic_count":0,"_bbp_total_reply_count":0,"_bbp_voice_count":0,"_bbp_anonymous_reply_count":0,"_bbp_topic_count_hidden":0,"_bbp_reply_count_hidden":0,"_bbp_forum_subforum_count":0,"site-sidebar-layout":"default","site-content-layout":"","ast-site-content-layout":"default","site-content-style":"default","site-sidebar-style":"default","ast-global-header-display":"","ast-banner-title-visibility":"","ast-main-header-display":"","ast-hfb-above-header-display":"","ast-hfb-below-header-display":"","ast-hfb-mobile-header-display":"","site-post-title":"","ast-breadcrumbs-content":"","ast-featured-img":"","footer-sml-layout":"","theme-transparent-header-meta":"default","adv-header-id-meta":"","stick-header-meta":"","header-above-stick-meta":"","header-main-stick-meta":"","header-below-stick-meta":"","astra-migrate-meta-layouts":"set","ast-page-background-enabled":"default","ast-page-background-meta":{"desktop":{"background-color":"var(--ast-global-color-4)","background-image":"","background-repeat":"repeat","background-position":"center center","background-size":"auto","background-attachment":"scroll","background-type":"","background-media":"","overlay-type":"","overlay-color":"","overlay-opacity":"","overlay-gradient":""},"tablet":{"background-color":"","background-image":"","background-repeat":"repeat","background-position":"center center","background-size":"auto","background-attachment":"scroll","background-type":"","background-media":"","overlay-type":"","overlay-color":"","overlay-opacity":"","overlay-gradient":""},"mobile":{"background-color":"","background-image":"","background-repeat":"repeat","background-position":"center center","background-size":"auto","background-attachment":"scroll","background-type":"","background-media":"","overlay-type":"","overlay-color":"","overlay-opacity":"","overlay-gradient":""}},"ast-content-background-meta":{"desktop":{"background-color":"var(--ast-global-color-5)","background-image":"","background-repeat":"repeat","background-position":"center center","background-size":"auto","background-attachment":"scroll","background-type":"","background-media":"","overlay-type":"","overlay-color":"","overlay-opacity":"","overlay-gradient":""},"tablet":{"background-color":"var(--ast-global-color-5)","background-image":"","background-repeat":"repeat","background-position":"center center","background-size":"auto","background-attachment":"scroll","background-type":"","background-media":"","overlay-type":"","overlay-color":"","overlay-opacity":"","overlay-gradient":""},"mobile":{"background-color":"var(--ast-global-color-5)","background-image":"","background-repeat":"repeat","background-position":"center center","background-size":"auto","background-attachment":"scroll","background-type":"","background-media":"","overlay-type":"","overlay-color":"","overlay-opacity":"","overlay-gradient":""}},"footnotes":""},"class_list":["post-547","page","type-page","status-publish","hentry"],"post_mailing_queue_ids":[],"_links":{"self":[{"href":"https:\/\/agora.xtec.cat\/eatarrega\/wp-json\/wp\/v2\/pages\/547","targetHints":{"allow":["GET"]}}],"collection":[{"href":"https:\/\/agora.xtec.cat\/eatarrega\/wp-json\/wp\/v2\/pages"}],"about":[{"href":"https:\/\/agora.xtec.cat\/eatarrega\/wp-json\/wp\/v2\/types\/page"}],"author":[{"embeddable":true,"href":"https:\/\/agora.xtec.cat\/eatarrega\/wp-json\/wp\/v2\/users\/4"}],"replies":[{"embeddable":true,"href":"https:\/\/agora.xtec.cat\/eatarrega\/wp-json\/wp\/v2\/comments?post=547"}],"version-history":[{"count":6,"href":"https:\/\/agora.xtec.cat\/eatarrega\/wp-json\/wp\/v2\/pages\/547\/revisions"}],"predecessor-version":[{"id":1533,"href":"https:\/\/agora.xtec.cat\/eatarrega\/wp-json\/wp\/v2\/pages\/547\/revisions\/1533"}],"wp:attachment":[{"href":"https:\/\/agora.xtec.cat\/eatarrega\/wp-json\/wp\/v2\/media?parent=547"}],"curies":[{"name":"wp","href":"https:\/\/api.w.org\/{rel}","templated":true}]}}