{"id":545,"date":"2022-01-12T10:15:42","date_gmt":"2022-01-12T09:15:42","guid":{"rendered":"https:\/\/agora.xtec.cat\/eatarrega\/?page_id=545"},"modified":"2025-12-15T13:43:08","modified_gmt":"2025-12-15T12:43:08","slug":"cicles-formatius","status":"publish","type":"page","link":"https:\/\/agora.xtec.cat\/eatarrega\/cicles-formatius\/","title":{"rendered":"Cicles formatius"},"content":{"rendered":"<p><span style=\"color: #000000; font-family: 'Open Sans', Helvetica, Arial, sans-serif;\">Des de l&#8217;<strong>Escola Agr\u00e0ria de T\u00e0rrega<\/strong>, oferim formaci\u00f3 professional centrada en la <strong>producci\u00f3 agropecu\u00e0ria.<\/strong><\/span><\/p>\n<p><span style=\"color: #000000; font-family: 'Open Sans', Helvetica, Arial, sans-serif;\">Impartim el <a href=\"https:\/\/agora.xtec.cat\/eatarrega\/cicles-formatius\/cfgm-produccio-agropecuaria-a-distancia\/\"><strong>Cicle Formatiu de Grau Mitj\u00e0 en Producci\u00f3 Agropecu\u00e0ria a dist\u00e0ncia<\/strong><\/a> en\u00a0<\/span><span style=\"color: #000000; font-family: 'Open Sans', Helvetica, Arial, sans-serif;\">col\u00b7laboraci\u00f3<\/span><span style=\"color: #000000; font-family: 'Open Sans', Helvetica, Arial, sans-serif;\">\u00a0de l&#8217;<strong>Institut Obert de Catalunya<\/strong>, i el <a href=\"https:\/\/agora.xtec.cat\/eatarrega\/cicles-formatius\/programa-nova-pagesia-cfgm-produccio-agropecuaria-semipresencial\/\"><strong>Cicle Formatiu de Grau Mitj\u00e0 en Producci\u00f3 Agropecu\u00e0ria en format semipresencial<\/strong><\/a>, adre\u00e7at al\u00a0<\/span><span style=\"color: #000000; font-family: 'Open Sans', Helvetica, Arial, sans-serif;\">col\u00b7lectiu<\/span><span style=\"color: #000000; font-family: 'Open Sans', Helvetica, Arial, sans-serif;\">\u00a0<strong>NOVA PAGESIA<\/strong>, \u00e9s a dir, a persones majors de\u00a0<\/span><span class=\"hiddenGreenError\" style=\"padding-bottom: 2px; background-image: url('..\/..\/..\/..\/..\/images\/squiggle_green.png'); background-repeat: repeat-x; background-position: left bottom; cursor: default; color: #000000; font-family: 'Open Sans', Helvetica, Arial, sans-serif;\">18<\/span><span style=\"color: #000000; font-family: 'Open Sans', Helvetica, Arial, sans-serif;\">\u00a0anys, motivades pel camp, l&#8217;agricultura o la ramaderia, i que vulguin <strong>incorporar-se<\/strong> i treballar en el <strong>sector.<\/strong><\/span><\/p>\n<p>&nbsp;<\/p>\n<p><a href=\"https:\/\/agora.xtec.cat\/eatarrega\/wp-content\/uploads\/usu2155\/2025\/11\/250915-EAt-CFGM_AgroDistancia_Setembre.pdf\" target=\"_blank\" rel=\"noopener\"><img loading=\"lazy\" decoding=\"async\" class=\"wp-image-752 size-full aligncenter\" src=\"https:\/\/agora.xtec.cat\/eatarrega\/wp-content\/uploads\/usu2155\/2022\/05\/1.png\" alt=\"\" width=\"1024\" height=\"300\" srcset=\"https:\/\/agora.xtec.cat\/eatarrega\/wp-content\/uploads\/usu2155\/2022\/05\/1.png 1024w, https:\/\/agora.xtec.cat\/eatarrega\/wp-content\/uploads\/usu2155\/2022\/05\/1-300x88.png 300w, https:\/\/agora.xtec.cat\/eatarrega\/wp-content\/uploads\/usu2155\/2022\/05\/1-768x225.png 768w\" sizes=\"auto, (max-width: 1024px) 100vw, 1024px\" \/><\/a><\/p>\n<p><a href=\"https:\/\/agora.xtec.cat\/eatarrega\/cicles-formatius\/programa-nova-pagesia-cfgm-produccio-agropecuaria-semipresencial\/\" rel=\"noopener\"><img loading=\"lazy\" decoding=\"async\" class=\"wp-image-753 size-full aligncenter\" src=\"https:\/\/agora.xtec.cat\/eatarrega\/wp-content\/uploads\/usu2155\/2022\/05\/2.png\" alt=\"\" width=\"1024\" height=\"300\" srcset=\"https:\/\/agora.xtec.cat\/eatarrega\/wp-content\/uploads\/usu2155\/2022\/05\/2.png 1024w, https:\/\/agora.xtec.cat\/eatarrega\/wp-content\/uploads\/usu2155\/2022\/05\/2-300x88.png 300w, https:\/\/agora.xtec.cat\/eatarrega\/wp-content\/uploads\/usu2155\/2022\/05\/2-768x225.png 768w\" sizes=\"auto, (max-width: 1024px) 100vw, 1024px\" \/><\/a><\/p>\n","protected":false},"excerpt":{"rendered":"<p>Des de l&#8217;Escola Agr\u00e0ria de T\u00e0rrega, oferim formaci\u00f3 professional centrada en la producci\u00f3 agropecu\u00e0ria. Impartim el Cicle Formatiu de Grau Mitj\u00e0 en Producci\u00f3 Agropecu\u00e0ria a dist\u00e0ncia en\u00a0col\u00b7laboraci\u00f3\u00a0de l&#8217;Institut Obert de Catalunya, i el Cicle Formatiu de Grau Mitj\u00e0 en Producci\u00f3 Agropecu\u00e0ria en format semipresencial, adre\u00e7at al\u00a0col\u00b7lectiu\u00a0NOVA PAGESIA, \u00e9s a dir, a persones majors de\u00a018\u00a0anys, motivades [&hellip;]<\/p>\n","protected":false},"author":4,"featured_media":0,"parent":0,"menu_order":0,"comment_status":"closed","ping_status":"closed","template":"page-templates\/side-menu.php","meta":{"_bbp_topic_count":0,"_bbp_reply_count":0,"_bbp_total_topic_count":0,"_bbp_total_reply_count":0,"_bbp_voice_count":0,"_bbp_anonymous_reply_count":0,"_bbp_topic_count_hidden":0,"_bbp_reply_count_hidden":0,"_bbp_forum_subforum_count":0,"site-sidebar-layout":"default","site-content-layout":"","ast-site-content-layout":"","site-content-style":"default","site-sidebar-style":"default","ast-global-header-display":"","ast-banner-title-visibility":"","ast-main-header-display":"","ast-hfb-above-header-display":"","ast-hfb-below-header-display":"","ast-hfb-mobile-header-display":"","site-post-title":"","ast-breadcrumbs-content":"","ast-featured-img":"","footer-sml-layout":"","theme-transparent-header-meta":"","adv-header-id-meta":"","stick-header-meta":"","header-above-stick-meta":"","header-main-stick-meta":"","header-below-stick-meta":"","astra-migrate-meta-layouts":"default","ast-page-background-enabled":"default","ast-page-background-meta":{"desktop":{"background-color":"var(--ast-global-color-4)","background-image":"","background-repeat":"repeat","background-position":"center center","background-size":"auto","background-attachment":"scroll","background-type":"","background-media":"","overlay-type":"","overlay-color":"","overlay-opacity":"","overlay-gradient":""},"tablet":{"background-color":"","background-image":"","background-repeat":"repeat","background-position":"center center","background-size":"auto","background-attachment":"scroll","background-type":"","background-media":"","overlay-type":"","overlay-color":"","overlay-opacity":"","overlay-gradient":""},"mobile":{"background-color":"","background-image":"","background-repeat":"repeat","background-position":"center center","background-size":"auto","background-attachment":"scroll","background-type":"","background-media":"","overlay-type":"","overlay-color":"","overlay-opacity":"","overlay-gradient":""}},"ast-content-background-meta":{"desktop":{"background-color":"var(--ast-global-color-5)","background-image":"","background-repeat":"repeat","background-position":"center center","background-size":"auto","background-attachment":"scroll","background-type":"","background-media":"","overlay-type":"","overlay-color":"","overlay-opacity":"","overlay-gradient":""},"tablet":{"background-color":"var(--ast-global-color-5)","background-image":"","background-repeat":"repeat","background-position":"center center","background-size":"auto","background-attachment":"scroll","background-type":"","background-media":"","overlay-type":"","overlay-color":"","overlay-opacity":"","overlay-gradient":""},"mobile":{"background-color":"var(--ast-global-color-5)","background-image":"","background-repeat":"repeat","background-position":"center center","background-size":"auto","background-attachment":"scroll","background-type":"","background-media":"","overlay-type":"","overlay-color":"","overlay-opacity":"","overlay-gradient":""}},"footnotes":""},"class_list":["post-545","page","type-page","status-publish","hentry"],"post_mailing_queue_ids":[],"_links":{"self":[{"href":"https:\/\/agora.xtec.cat\/eatarrega\/wp-json\/wp\/v2\/pages\/545","targetHints":{"allow":["GET"]}}],"collection":[{"href":"https:\/\/agora.xtec.cat\/eatarrega\/wp-json\/wp\/v2\/pages"}],"about":[{"href":"https:\/\/agora.xtec.cat\/eatarrega\/wp-json\/wp\/v2\/types\/page"}],"author":[{"embeddable":true,"href":"https:\/\/agora.xtec.cat\/eatarrega\/wp-json\/wp\/v2\/users\/4"}],"replies":[{"embeddable":true,"href":"https:\/\/agora.xtec.cat\/eatarrega\/wp-json\/wp\/v2\/comments?post=545"}],"version-history":[{"count":7,"href":"https:\/\/agora.xtec.cat\/eatarrega\/wp-json\/wp\/v2\/pages\/545\/revisions"}],"predecessor-version":[{"id":1452,"href":"https:\/\/agora.xtec.cat\/eatarrega\/wp-json\/wp\/v2\/pages\/545\/revisions\/1452"}],"wp:attachment":[{"href":"https:\/\/agora.xtec.cat\/eatarrega\/wp-json\/wp\/v2\/media?parent=545"}],"curies":[{"name":"wp","href":"https:\/\/api.w.org\/{rel}","templated":true}]}}