{"id":523,"date":"2022-01-12T10:02:34","date_gmt":"2022-01-12T09:02:34","guid":{"rendered":"https:\/\/agora.xtec.cat\/eatarrega\/?page_id=523"},"modified":"2025-12-15T13:56:55","modified_gmt":"2025-12-15T12:56:55","slug":"borsa-de-treball","status":"publish","type":"page","link":"https:\/\/agora.xtec.cat\/eatarrega\/iniciatives-i-altres-serveis\/borsa-de-treball\/","title":{"rendered":"Borsa de treball"},"content":{"rendered":"<p><span style=\"color: #000000; font-family: 'Open Sans', Helvetica, Arial, sans-serif;\">Des de l&#8217;<strong>Escola Agr\u00e0ria de T\u00e0rrega<\/strong> donem l&#8217;oportunitat al nostre alumnat i\u00a0<\/span><span class=\"hiddenSpellError\" style=\"padding-bottom: 2px; background-image: url('..\/..\/..\/..\/..\/images\/squiggle_red.png'); background-repeat: repeat-x; background-position: left bottom; cursor: default; color: #000000; font-family: 'Open Sans', Helvetica, Arial, sans-serif;\">exalumnat<\/span><span style=\"color: #000000; font-family: 'Open Sans', Helvetica, Arial, sans-serif;\">\u00a0d&#8217;<\/span><span style=\"color: #000000; font-family: 'Open Sans', Helvetica, Arial, sans-serif;\">inserir<\/span><span class=\"hiddenGrammarError\" style=\"padding-bottom: 2px; background-image: url('..\/..\/..\/..\/..\/images\/squiggle.png'); background-repeat: repeat-x; background-position: left bottom; cursor: default; color: #000000; font-family: 'Open Sans', Helvetica, Arial, sans-serif;\">-se<\/span><span style=\"color: #000000; font-family: 'Open Sans', Helvetica, Arial, sans-serif;\">\u00a0al <strong>m\u00f3n laboral<\/strong> a trav\u00e9s d&#8217;una <strong>borsa de treball<\/strong>. Nosaltres ens encarreguem d&#8217;<\/span><span style=\"color: #000000; font-family: 'Open Sans', Helvetica, Arial, sans-serif;\">informar els<\/span><span style=\"color: #000000; font-family: 'Open Sans', Helvetica, Arial, sans-serif;\">\u00a0alumnes i exalumnes de les ofertes i, els orientem i acompanyem durant el proc\u00e9s.<\/span><\/p>\n<p><span style=\"color: #000000; font-family: 'Open Sans', Helvetica, Arial, sans-serif;\">Aquesta borsa de treball gestiona totes les ofertes laborals rebudes a totes les <a href=\"http:\/\/agricultura.gencat.cat\/ca\/ambits\/formacio-innovacio\/escoles-agraries\/\" target=\"_blank\" rel=\"noopener\"><strong>Escoles Agr\u00e0ries<\/strong><\/a> del <strong>Servei de Formaci\u00f3 Agroaliment\u00e0ria<\/strong>\u00a0del <a href=\"http:\/\/agricultura.gencat.cat\/ca\/inici\/\" target=\"_blank\" rel=\"noopener\"><strong>Departament d&#8217;Agricultura, Ramaderia, Pesca i Alimentaci\u00f3.<\/strong><\/a><\/span><\/p>\n<p>&nbsp;<\/p>\n<table style=\"border-collapse: collapse; width: 100%;\">\n<tbody>\n<tr>\n<td style=\"width: 50%;\">\n<p style=\"font-family: 'Helvetica Neue', Helvetica, Helvetica, Arial, sans-serif; font-size: 16px; text-align: center;\"><strong>Ets aut\u00f2nom o professional d&#8217;alguna empresa o entitat i t&#8217;agradaria fer-nos arribar una oferta de feina?<\/strong><\/p>\n<p style=\"font-family: 'Helvetica Neue', Helvetica, Helvetica, Arial, sans-serif; font-size: 16px; text-align: center;\">Omple el seg\u00fcent formulari amb la informaci\u00f3 sobre l&#8217;oferta de feina i fes-lo arribar al nostre correu electr\u00f2nic: ea_tarrega.agricultura@gencat.cat<\/p>\n<p style=\"text-align: center;\"><strong>Acc\u00e9s al formulari:<\/strong><\/p>\n<p><a href=\"https:\/\/agora.xtec.cat\/eatarrega\/wp-content\/uploads\/usu2155\/2022\/06\/Oferta-laboral.doc\" target=\"_blank\" rel=\"noopener\"><img loading=\"lazy\" decoding=\"async\" class=\"wp-image-972 size-thumbnail aligncenter\" src=\"https:\/\/agora.xtec.cat\/eatarrega\/wp-content\/uploads\/usu2155\/2022\/05\/Formulari-ofertes-feina-150x150.png\" alt=\"\" width=\"150\" height=\"150\" srcset=\"https:\/\/agora.xtec.cat\/eatarrega\/wp-content\/uploads\/usu2155\/2022\/05\/Formulari-ofertes-feina-150x150.png 150w, https:\/\/agora.xtec.cat\/eatarrega\/wp-content\/uploads\/usu2155\/2022\/05\/Formulari-ofertes-feina-300x300.png 300w, https:\/\/agora.xtec.cat\/eatarrega\/wp-content\/uploads\/usu2155\/2022\/05\/Formulari-ofertes-feina.png 512w\" sizes=\"auto, (max-width: 150px) 100vw, 150px\" \/><\/a><\/td>\n<td style=\"width: 50%;\">\n<p style=\"text-align: center;\"><strong><span style=\"font-size: 16px;\">Est\u00e0s buscant feina i t&#8217;agradaria consultar les nostres ofertes laborals?<\/span><\/strong><\/p>\n<p style=\"text-align: center;\"><span style=\"font-size: 16px;\">Clica al seg\u00fcent enlla\u00e7 i descobreix les ofertes laborals actives de l&#8217;Escola Agr\u00e0ria de T\u00e0rrega. Ens encantaria poder-te ajudar!<\/span><\/p>\n<p style=\"text-align: center;\"><strong>Acc\u00e9s a les ofertes (clica a la casella &#8220;Entrar com a convidat&#8221;):<\/strong><\/p>\n<p><a href=\"https:\/\/educaciodigital.cat\/eatarrega\/moodle\/course\/view.php?id=2492\" target=\"_blank\" rel=\"noopener\"><img loading=\"lazy\" decoding=\"async\" class=\"alignnone wp-image-973 size-thumbnail aligncenter\" src=\"https:\/\/agora.xtec.cat\/eatarrega\/wp-content\/uploads\/usu2155\/2022\/05\/Ofertes-feina-actives-150x150.png\" alt=\"\" width=\"150\" height=\"150\" srcset=\"https:\/\/agora.xtec.cat\/eatarrega\/wp-content\/uploads\/usu2155\/2022\/05\/Ofertes-feina-actives-150x150.png 150w, https:\/\/agora.xtec.cat\/eatarrega\/wp-content\/uploads\/usu2155\/2022\/05\/Ofertes-feina-actives-300x300.png 300w, https:\/\/agora.xtec.cat\/eatarrega\/wp-content\/uploads\/usu2155\/2022\/05\/Ofertes-feina-actives.png 512w\" sizes=\"auto, (max-width: 150px) 100vw, 150px\" \/><\/a><\/td>\n<\/tr>\n<\/tbody>\n<\/table>\n<p style=\"text-align: center;\"><br style=\"color: #000000; font-family: 'Open Sans', Helvetica, Arial, sans-serif;\" \/><strong><span style=\"color: #000000; font-family: 'Open Sans', Helvetica, Arial, sans-serif;\">Per a m\u00e9s informaci\u00f3:<\/span><\/strong><br style=\"color: #000000; font-family: 'Open Sans', Helvetica, Arial, sans-serif;\" \/><span style=\"color: #000000; font-family: 'Open Sans', Helvetica, Arial, sans-serif;\">\ud83d\udcdeTel\u00e8fon: 973 31 07 15<\/span><br style=\"color: #000000; font-family: 'Open Sans', Helvetica, Arial, sans-serif;\" \/><span style=\"color: #000000; font-family: 'Open Sans', Helvetica, Arial, sans-serif;\">\u2709\ufe0fCorreu electr\u00f2nic: ea_tarrega.agricultura@gencat.cat<\/span><\/p>\n<p>&nbsp;<\/p>\n","protected":false},"excerpt":{"rendered":"<p>Des de l&#8217;Escola Agr\u00e0ria de T\u00e0rrega donem l&#8217;oportunitat al nostre alumnat i\u00a0exalumnat\u00a0d&#8217;inserir-se\u00a0al m\u00f3n laboral a trav\u00e9s d&#8217;una borsa de treball. Nosaltres ens encarreguem d&#8217;informar els\u00a0alumnes i exalumnes de les ofertes i, els orientem i acompanyem durant el proc\u00e9s. Aquesta borsa de treball gestiona totes les ofertes laborals rebudes a totes les Escoles Agr\u00e0ries del Servei [&hellip;]<\/p>\n","protected":false},"author":4,"featured_media":0,"parent":549,"menu_order":50,"comment_status":"closed","ping_status":"closed","template":"page-templates\/side-menu.php","meta":{"_bbp_topic_count":0,"_bbp_reply_count":0,"_bbp_total_topic_count":0,"_bbp_total_reply_count":0,"_bbp_voice_count":0,"_bbp_anonymous_reply_count":0,"_bbp_topic_count_hidden":0,"_bbp_reply_count_hidden":0,"_bbp_forum_subforum_count":0,"site-sidebar-layout":"default","site-content-layout":"","ast-site-content-layout":"","site-content-style":"default","site-sidebar-style":"default","ast-global-header-display":"","ast-banner-title-visibility":"","ast-main-header-display":"","ast-hfb-above-header-display":"","ast-hfb-below-header-display":"","ast-hfb-mobile-header-display":"","site-post-title":"","ast-breadcrumbs-content":"","ast-featured-img":"","footer-sml-layout":"","theme-transparent-header-meta":"","adv-header-id-meta":"","stick-header-meta":"","header-above-stick-meta":"","header-main-stick-meta":"","header-below-stick-meta":"","astra-migrate-meta-layouts":"default","ast-page-background-enabled":"default","ast-page-background-meta":{"desktop":{"background-color":"var(--ast-global-color-4)","background-image":"","background-repeat":"repeat","background-position":"center center","background-size":"auto","background-attachment":"scroll","background-type":"","background-media":"","overlay-type":"","overlay-color":"","overlay-opacity":"","overlay-gradient":""},"tablet":{"background-color":"","background-image":"","background-repeat":"repeat","background-position":"center center","background-size":"auto","background-attachment":"scroll","background-type":"","background-media":"","overlay-type":"","overlay-color":"","overlay-opacity":"","overlay-gradient":""},"mobile":{"background-color":"","background-image":"","background-repeat":"repeat","background-position":"center center","background-size":"auto","background-attachment":"scroll","background-type":"","background-media":"","overlay-type":"","overlay-color":"","overlay-opacity":"","overlay-gradient":""}},"ast-content-background-meta":{"desktop":{"background-color":"var(--ast-global-color-5)","background-image":"","background-repeat":"repeat","background-position":"center center","background-size":"auto","background-attachment":"scroll","background-type":"","background-media":"","overlay-type":"","overlay-color":"","overlay-opacity":"","overlay-gradient":""},"tablet":{"background-color":"var(--ast-global-color-5)","background-image":"","background-repeat":"repeat","background-position":"center center","background-size":"auto","background-attachment":"scroll","background-type":"","background-media":"","overlay-type":"","overlay-color":"","overlay-opacity":"","overlay-gradient":""},"mobile":{"background-color":"var(--ast-global-color-5)","background-image":"","background-repeat":"repeat","background-position":"center center","background-size":"auto","background-attachment":"scroll","background-type":"","background-media":"","overlay-type":"","overlay-color":"","overlay-opacity":"","overlay-gradient":""}},"footnotes":""},"class_list":["post-523","page","type-page","status-publish","hentry"],"post_mailing_queue_ids":[],"_links":{"self":[{"href":"https:\/\/agora.xtec.cat\/eatarrega\/wp-json\/wp\/v2\/pages\/523","targetHints":{"allow":["GET"]}}],"collection":[{"href":"https:\/\/agora.xtec.cat\/eatarrega\/wp-json\/wp\/v2\/pages"}],"about":[{"href":"https:\/\/agora.xtec.cat\/eatarrega\/wp-json\/wp\/v2\/types\/page"}],"author":[{"embeddable":true,"href":"https:\/\/agora.xtec.cat\/eatarrega\/wp-json\/wp\/v2\/users\/4"}],"replies":[{"embeddable":true,"href":"https:\/\/agora.xtec.cat\/eatarrega\/wp-json\/wp\/v2\/comments?post=523"}],"version-history":[{"count":5,"href":"https:\/\/agora.xtec.cat\/eatarrega\/wp-json\/wp\/v2\/pages\/523\/revisions"}],"predecessor-version":[{"id":1463,"href":"https:\/\/agora.xtec.cat\/eatarrega\/wp-json\/wp\/v2\/pages\/523\/revisions\/1463"}],"up":[{"embeddable":true,"href":"https:\/\/agora.xtec.cat\/eatarrega\/wp-json\/wp\/v2\/pages\/549"}],"wp:attachment":[{"href":"https:\/\/agora.xtec.cat\/eatarrega\/wp-json\/wp\/v2\/media?parent=523"}],"curies":[{"name":"wp","href":"https:\/\/api.w.org\/{rel}","templated":true}]}}