{"id":43,"date":"2014-09-17T16:45:07","date_gmt":"2014-09-17T14:45:07","guid":{"rendered":"http:\/\/agora.xtec.cat\/eatarrega\/?page_id=43"},"modified":"2022-05-23T12:34:55","modified_gmt":"2022-05-23T10:34:55","slug":"projecte-educatiu-centre","status":"publish","type":"page","link":"https:\/\/agora.xtec.cat\/eatarrega\/lescola\/projecte-educatiu-centre\/","title":{"rendered":"Projecte educatiu de centre"},"content":{"rendered":"<p class=\"MsoNormal\"><span lang=\"CA\" style=\"mso-bidi-font-family: Calibri; mso-bidi-theme-font: minor-latin; mso-ansi-language: CA;\">El <b style=\"mso-bidi-font-weight: normal;\">Projecte Educatiu de Centre (PEC)<\/b> defineix les <b style=\"mso-bidi-font-weight: normal;\">l\u00ednies d\u2019actuaci\u00f3<\/b> per a tots els membres de la nostra comunitat educativa i estableix el nostre <b style=\"mso-bidi-font-weight: normal;\">comprom\u00eds<\/b> amb la societat rural de l\u2019entorn.<\/span><\/p>\n<p class=\"MsoNormal\"><b style=\"mso-bidi-font-weight: normal;\"><span style=\"mso-bidi-font-family: Calibri; mso-bidi-theme-font: minor-latin;\">LA NOSTRA MISSI\u00d3<\/span><\/b><\/p>\n<p>Som una escola orientada cap a les empreses i explotacions del <strong>sector agroalimentari<\/strong> per formar, orientar i acreditar les persones que en formen part per tal de capacitar-les per a la seva gesti\u00f3 de manera \u00f2ptima i adaptada a les necessitats canviants del sector.<\/p>\n<p class=\"MsoNormal\"><b style=\"mso-bidi-font-weight: normal;\"><span style=\"mso-bidi-font-family: Calibri; mso-bidi-theme-font: minor-latin;\">LA NOSTRA VISI\u00d3<\/span><\/b><\/p>\n<p>Treballem perqu\u00e8 la nostra Escola sigui una refer\u00e8ncia en <strong>formaci\u00f3 agroaliment\u00e0ria<\/strong> en el nostre \u00e0mbit d&#8217;influ\u00e8ncia, especialment pel que fa a la <strong>nova pagesia<\/strong>, en l\u2019<strong>explotaci\u00f3 agr\u00e0ria extensiva<\/strong>,\u00a0 la <strong>ind\u00fastria aliment\u00e0ria<\/strong> i el <strong>regadiu.<\/strong><\/p>\n<p>Volem que els nostres alumnes siguin persones <strong>responsables<\/strong>, <strong>competents<\/strong> i d\u2019<strong>esperit cr\u00edtic<\/strong> que contribueixin al progr\u00e9s i desenvolupament de la nostra <strong>societat<\/strong>, dins d\u2019uns valors de <strong>llibertat<\/strong>, <strong>toler\u00e0ncia<\/strong>, <strong>solidaritat<\/strong> i <strong>respecte<\/strong> al <strong>medi ambient.<\/strong><\/p>\n<p>Volem tamb\u00e9 que els nostres alumnes obtinguin un nivell de <strong>formaci\u00f3 t\u00e8cnica<\/strong> de primer ordre de manera que estiguin capacitats per desenvolupar els seus <strong>projectes laborals<\/strong> o<strong> formatius<\/strong> amb garanties d&#8217;<strong>\u00e8xit<\/strong>, majorment en els \u00e0mbits de la formaci\u00f3 en <strong>reg<\/strong>, de la formaci\u00f3 t\u00e8cnica dels <strong>joves<\/strong> que s&#8217;incorporen a les noves <strong>explotacions<\/strong>, de la formaci\u00f3 en el respecte al<strong> medi ambient<\/strong> i la <strong>gesti\u00f3 de residus.<\/strong><\/p>\n<p>&nbsp;<\/p>\n<p><a href=\"https:\/\/agora.xtec.cat\/eatarrega\/wp-content\/uploads\/usu2155\/2022\/05\/EA-Tarrega-Projecte-educatiu-de-centre.pdf\" target=\"_blank\" rel=\"noopener\"><img loading=\"lazy\" decoding=\"async\" class=\"wp-image-919 size-full aligncenter\" src=\"https:\/\/agora.xtec.cat\/eatarrega\/wp-content\/uploads\/usu2155\/2022\/05\/3-2.png\" alt=\"\" width=\"1024\" height=\"300\" srcset=\"https:\/\/agora.xtec.cat\/eatarrega\/wp-content\/uploads\/usu2155\/2022\/05\/3-2.png 1024w, https:\/\/agora.xtec.cat\/eatarrega\/wp-content\/uploads\/usu2155\/2022\/05\/3-2-300x88.png 300w, https:\/\/agora.xtec.cat\/eatarrega\/wp-content\/uploads\/usu2155\/2022\/05\/3-2-768x225.png 768w\" sizes=\"auto, (max-width: 1024px) 100vw, 1024px\" \/><\/a><\/p>\n","protected":false},"excerpt":{"rendered":"<p>El Projecte Educatiu de Centre (PEC) defineix les l\u00ednies d\u2019actuaci\u00f3 per a tots els membres de la nostra comunitat educativa i estableix el nostre comprom\u00eds amb la societat rural de l\u2019entorn. LA NOSTRA MISSI\u00d3 Som una escola orientada cap a les empreses i explotacions del sector agroalimentari per formar, orientar i acreditar les persones que [&hellip;]<\/p>\n","protected":false},"author":1,"featured_media":0,"parent":19,"menu_order":40,"comment_status":"closed","ping_status":"closed","template":"page-templates\/side-menu.php","meta":{"_bbp_topic_count":0,"_bbp_reply_count":0,"_bbp_total_topic_count":0,"_bbp_total_reply_count":0,"_bbp_voice_count":0,"_bbp_anonymous_reply_count":0,"_bbp_topic_count_hidden":0,"_bbp_reply_count_hidden":0,"_bbp_forum_subforum_count":0,"site-sidebar-layout":"default","site-content-layout":"","ast-site-content-layout":"","site-content-style":"default","site-sidebar-style":"default","ast-global-header-display":"","ast-banner-title-visibility":"","ast-main-header-display":"","ast-hfb-above-header-display":"","ast-hfb-below-header-display":"","ast-hfb-mobile-header-display":"","site-post-title":"","ast-breadcrumbs-content":"","ast-featured-img":"","footer-sml-layout":"","theme-transparent-header-meta":"","adv-header-id-meta":"","stick-header-meta":"","header-above-stick-meta":"","header-main-stick-meta":"","header-below-stick-meta":"","astra-migrate-meta-layouts":"default","ast-page-background-enabled":"default","ast-page-background-meta":{"desktop":{"background-color":"var(--ast-global-color-4)","background-image":"","background-repeat":"repeat","background-position":"center center","background-size":"auto","background-attachment":"scroll","background-type":"","background-media":"","overlay-type":"","overlay-color":"","overlay-opacity":"","overlay-gradient":""},"tablet":{"background-color":"","background-image":"","background-repeat":"repeat","background-position":"center center","background-size":"auto","background-attachment":"scroll","background-type":"","background-media":"","overlay-type":"","overlay-color":"","overlay-opacity":"","overlay-gradient":""},"mobile":{"background-color":"","background-image":"","background-repeat":"repeat","background-position":"center center","background-size":"auto","background-attachment":"scroll","background-type":"","background-media":"","overlay-type":"","overlay-color":"","overlay-opacity":"","overlay-gradient":""}},"ast-content-background-meta":{"desktop":{"background-color":"var(--ast-global-color-5)","background-image":"","background-repeat":"repeat","background-position":"center center","background-size":"auto","background-attachment":"scroll","background-type":"","background-media":"","overlay-type":"","overlay-color":"","overlay-opacity":"","overlay-gradient":""},"tablet":{"background-color":"var(--ast-global-color-5)","background-image":"","background-repeat":"repeat","background-position":"center center","background-size":"auto","background-attachment":"scroll","background-type":"","background-media":"","overlay-type":"","overlay-color":"","overlay-opacity":"","overlay-gradient":""},"mobile":{"background-color":"var(--ast-global-color-5)","background-image":"","background-repeat":"repeat","background-position":"center center","background-size":"auto","background-attachment":"scroll","background-type":"","background-media":"","overlay-type":"","overlay-color":"","overlay-opacity":"","overlay-gradient":""}},"footnotes":""},"class_list":["post-43","page","type-page","status-publish","hentry"],"post_mailing_queue_ids":[],"_links":{"self":[{"href":"https:\/\/agora.xtec.cat\/eatarrega\/wp-json\/wp\/v2\/pages\/43","targetHints":{"allow":["GET"]}}],"collection":[{"href":"https:\/\/agora.xtec.cat\/eatarrega\/wp-json\/wp\/v2\/pages"}],"about":[{"href":"https:\/\/agora.xtec.cat\/eatarrega\/wp-json\/wp\/v2\/types\/page"}],"author":[{"embeddable":true,"href":"https:\/\/agora.xtec.cat\/eatarrega\/wp-json\/wp\/v2\/users\/1"}],"replies":[{"embeddable":true,"href":"https:\/\/agora.xtec.cat\/eatarrega\/wp-json\/wp\/v2\/comments?post=43"}],"version-history":[{"count":4,"href":"https:\/\/agora.xtec.cat\/eatarrega\/wp-json\/wp\/v2\/pages\/43\/revisions"}],"predecessor-version":[{"id":922,"href":"https:\/\/agora.xtec.cat\/eatarrega\/wp-json\/wp\/v2\/pages\/43\/revisions\/922"}],"up":[{"embeddable":true,"href":"https:\/\/agora.xtec.cat\/eatarrega\/wp-json\/wp\/v2\/pages\/19"}],"wp:attachment":[{"href":"https:\/\/agora.xtec.cat\/eatarrega\/wp-json\/wp\/v2\/media?parent=43"}],"curies":[{"name":"wp","href":"https:\/\/api.w.org\/{rel}","templated":true}]}}