{"id":21,"date":"2014-09-17T16:14:14","date_gmt":"2014-09-17T14:14:14","guid":{"rendered":"http:\/\/agora.xtec.cat\/eatarrega\/?page_id=21"},"modified":"2022-05-12T16:00:25","modified_gmt":"2022-05-12T14:00:25","slug":"qui-som","status":"publish","type":"page","link":"https:\/\/agora.xtec.cat\/eatarrega\/lescola\/qui-som\/","title":{"rendered":"Qui som?"},"content":{"rendered":"<p>La nostra <strong>Escola<\/strong> vol oferir una formaci\u00f3\u00a0la m\u00e9s \u00e0mplia\u00a0i variada possible, dirigida al <strong>sector\u00a0<span class=\"hiddenSpellError\">agrorural<\/span><\/strong>\u00a0de les nostres comarques, comen\u00e7ant per la formaci\u00f3 inicial dels cicles formatius i seguint amb la formaci\u00f3 cont\u00ednua per als professionals del nostre sector. Tamb\u00e9 vol\u00a0col\u00b7laborar\u00a0amb el <strong>sector empresarial<\/strong><span class=\"hiddenGrammarError\">,<\/span>\u00a0per mitj\u00e0 de la formaci\u00f3 i la difusi\u00f3, en el desenvolupament de les <strong>activitats agropecu\u00e0ries<\/strong>, <strong>agroindustrials<\/strong>, <strong>mediambientals<\/strong> i referents a la <strong>pluriactivitat rural.<\/strong><\/p>\n<p>Som una escola orientada cap a les empreses i explotacions del <strong>sector agroalimentari<\/strong> per formar, orientar i acreditar les persones que en formen part per tal de capacitar-les per a la seva gesti\u00f3 de manera \u00f2ptima i adaptada a les necessitats canviants del sector.<\/p>\n<p>Treballem perqu\u00e8 la nostra <strong>Escola<\/strong> sigui una refer\u00e8ncia en <strong>formaci\u00f3 agroaliment\u00e0ria<\/strong> en el nostre \u00e0mbit d&#8217;influ\u00e8ncia, especialment pel que fa a la <strong>nova pagesia<\/strong>, en l&#8217;<strong>explotaci\u00f3 agr\u00e0ria<\/strong> extensiva, la i<strong>nd\u00fastria aliment\u00e0ria<\/strong> i el <strong>regadiu.<\/strong><\/p>\n<p>Volem que els nostres alumnes siguin persones responsables, competents i d&#8217;esperit cr\u00edtic que contribueixin al progr\u00e9s i desenvolupament de la nostra <strong>societat<\/strong>, dins d&#8217;uns valors de llibertat, toler\u00e0ncia, solidaritat i respecte al medi ambient. Volem tamb\u00e9 que els nostres alumnes obtinguin un nivell de formaci\u00f3 t\u00e8cnica de primer ordre de manera que estiguin capacitats per desenvolupar els seus projectes laborals o formatius amb garanties\u00a0d&#8217;\u00e8xit, majorment en els \u00e0mbits de la formaci\u00f3 en <strong>reg<\/strong>, de la formaci\u00f3 t\u00e8cnica dels joves que s&#8217;incorporen a les noves <strong>explotacions<\/strong>, de la formaci\u00f3 en el respecte al <strong>medi ambient<\/strong> i la <strong>gesti\u00f3 de residus.<\/strong><\/p>\n<p>Els nostres <strong>valors<\/strong> s\u00f3n:<\/p>\n<p>&#8211; <strong>Innovaci\u00f3<\/strong> en l&#8217;ensenyament<br \/>\n&#8211; <strong>Adaptaci\u00f3<\/strong> al canvi<br \/>\n&#8211; <strong>Qualitat<\/strong> en el servei<br \/>\n&#8211;\u00a0<strong>Enfocament\u00a0cap al\u00a0<span class=\"hiddenGrammarError\" style=\"padding-bottom: 2px; background-image: url('..\/..\/..\/..\/..\/images\/squiggle.png'); background-repeat: repeat-x; background-position: left bottom; cursor: default; color: #000000; font-family: 'Open Sans', Helvetica, Arial, sans-serif; font-size: 16px; font-style: normal; font-variant-ligatures: normal; font-variant-caps: normal; letter-spacing: normal; orphans: 2; text-align: start; text-indent: 0px; text-transform: none; white-space: normal; widows: 2; word-spacing: 0px; -webkit-text-stroke-width: 0px; text-decoration-thickness: initial; text-decoration-style: initial; text-decoration-color: initial;\">sector<\/span><\/strong><\/p>\n<p><img loading=\"lazy\" decoding=\"async\" class=\"wp-image-811 size-large aligncenter\" src=\"https:\/\/agora.xtec.cat\/eatarrega\/wp-content\/uploads\/usu2155\/2022\/05\/Hivernacle1-1024x609.png\" alt=\"\" width=\"1024\" height=\"609\" srcset=\"https:\/\/agora.xtec.cat\/eatarrega\/wp-content\/uploads\/usu2155\/2022\/05\/Hivernacle1-1024x609.png 1024w, https:\/\/agora.xtec.cat\/eatarrega\/wp-content\/uploads\/usu2155\/2022\/05\/Hivernacle1-300x178.png 300w, https:\/\/agora.xtec.cat\/eatarrega\/wp-content\/uploads\/usu2155\/2022\/05\/Hivernacle1-768x457.png 768w, https:\/\/agora.xtec.cat\/eatarrega\/wp-content\/uploads\/usu2155\/2022\/05\/Hivernacle1.png 1274w\" sizes=\"auto, (max-width: 1024px) 100vw, 1024px\" \/><\/p>\n","protected":false},"excerpt":{"rendered":"<p>La nostra Escola vol oferir una formaci\u00f3\u00a0la m\u00e9s \u00e0mplia\u00a0i variada possible, dirigida al sector\u00a0agrorural\u00a0de les nostres comarques, comen\u00e7ant per la formaci\u00f3 inicial dels cicles formatius i seguint amb la formaci\u00f3 cont\u00ednua per als professionals del nostre sector. Tamb\u00e9 vol\u00a0col\u00b7laborar\u00a0amb el sector empresarial,\u00a0per mitj\u00e0 de la formaci\u00f3 i la difusi\u00f3, en el desenvolupament de les activitats [&hellip;]<\/p>\n","protected":false},"author":1,"featured_media":0,"parent":19,"menu_order":10,"comment_status":"closed","ping_status":"closed","template":"page-templates\/side-menu.php","meta":{"_bbp_topic_count":0,"_bbp_reply_count":0,"_bbp_total_topic_count":0,"_bbp_total_reply_count":0,"_bbp_voice_count":0,"_bbp_anonymous_reply_count":0,"_bbp_topic_count_hidden":0,"_bbp_reply_count_hidden":0,"_bbp_forum_subforum_count":0,"site-sidebar-layout":"default","site-content-layout":"","ast-site-content-layout":"","site-content-style":"default","site-sidebar-style":"default","ast-global-header-display":"","ast-banner-title-visibility":"","ast-main-header-display":"","ast-hfb-above-header-display":"","ast-hfb-below-header-display":"","ast-hfb-mobile-header-display":"","site-post-title":"","ast-breadcrumbs-content":"","ast-featured-img":"","footer-sml-layout":"","theme-transparent-header-meta":"","adv-header-id-meta":"","stick-header-meta":"","header-above-stick-meta":"","header-main-stick-meta":"","header-below-stick-meta":"","astra-migrate-meta-layouts":"default","ast-page-background-enabled":"default","ast-page-background-meta":{"desktop":{"background-color":"var(--ast-global-color-4)","background-image":"","background-repeat":"repeat","background-position":"center center","background-size":"auto","background-attachment":"scroll","background-type":"","background-media":"","overlay-type":"","overlay-color":"","overlay-opacity":"","overlay-gradient":""},"tablet":{"background-color":"","background-image":"","background-repeat":"repeat","background-position":"center center","background-size":"auto","background-attachment":"scroll","background-type":"","background-media":"","overlay-type":"","overlay-color":"","overlay-opacity":"","overlay-gradient":""},"mobile":{"background-color":"","background-image":"","background-repeat":"repeat","background-position":"center center","background-size":"auto","background-attachment":"scroll","background-type":"","background-media":"","overlay-type":"","overlay-color":"","overlay-opacity":"","overlay-gradient":""}},"ast-content-background-meta":{"desktop":{"background-color":"var(--ast-global-color-5)","background-image":"","background-repeat":"repeat","background-position":"center center","background-size":"auto","background-attachment":"scroll","background-type":"","background-media":"","overlay-type":"","overlay-color":"","overlay-opacity":"","overlay-gradient":""},"tablet":{"background-color":"var(--ast-global-color-5)","background-image":"","background-repeat":"repeat","background-position":"center center","background-size":"auto","background-attachment":"scroll","background-type":"","background-media":"","overlay-type":"","overlay-color":"","overlay-opacity":"","overlay-gradient":""},"mobile":{"background-color":"var(--ast-global-color-5)","background-image":"","background-repeat":"repeat","background-position":"center center","background-size":"auto","background-attachment":"scroll","background-type":"","background-media":"","overlay-type":"","overlay-color":"","overlay-opacity":"","overlay-gradient":""}},"footnotes":""},"class_list":["post-21","page","type-page","status-publish","hentry"],"post_mailing_queue_ids":[],"_links":{"self":[{"href":"https:\/\/agora.xtec.cat\/eatarrega\/wp-json\/wp\/v2\/pages\/21","targetHints":{"allow":["GET"]}}],"collection":[{"href":"https:\/\/agora.xtec.cat\/eatarrega\/wp-json\/wp\/v2\/pages"}],"about":[{"href":"https:\/\/agora.xtec.cat\/eatarrega\/wp-json\/wp\/v2\/types\/page"}],"author":[{"embeddable":true,"href":"https:\/\/agora.xtec.cat\/eatarrega\/wp-json\/wp\/v2\/users\/1"}],"replies":[{"embeddable":true,"href":"https:\/\/agora.xtec.cat\/eatarrega\/wp-json\/wp\/v2\/comments?post=21"}],"version-history":[{"count":3,"href":"https:\/\/agora.xtec.cat\/eatarrega\/wp-json\/wp\/v2\/pages\/21\/revisions"}],"predecessor-version":[{"id":812,"href":"https:\/\/agora.xtec.cat\/eatarrega\/wp-json\/wp\/v2\/pages\/21\/revisions\/812"}],"up":[{"embeddable":true,"href":"https:\/\/agora.xtec.cat\/eatarrega\/wp-json\/wp\/v2\/pages\/19"}],"wp:attachment":[{"href":"https:\/\/agora.xtec.cat\/eatarrega\/wp-json\/wp\/v2\/media?parent=21"}],"curies":[{"name":"wp","href":"https:\/\/api.w.org\/{rel}","templated":true}]}}