{"id":19,"date":"2014-09-17T14:56:56","date_gmt":"2014-09-17T12:56:56","guid":{"rendered":"http:\/\/agora.xtec.cat\/eatarrega\/?page_id=19"},"modified":"2026-02-06T13:44:22","modified_gmt":"2026-02-06T12:44:22","slug":"lescola","status":"publish","type":"page","link":"https:\/\/agora.xtec.cat\/eatarrega\/lescola\/","title":{"rendered":"L&#8217;Escola"},"content":{"rendered":"<p>L\u2019<strong>Escola Agr\u00e0ria de T\u00e0rrega <\/strong>es localitza a la capital de l\u2019Urgell, situada enmig d\u2019un entorn rural, tranquil i ben comunicat. \u00c9s un centre escolar p\u00fablic del <strong>Servei de Formaci\u00f3 Agr\u00e0ria<\/strong> del <a href=\"http:\/\/agricultura.gencat.cat\/ca\/inici\" target=\"_blank\" rel=\"noopener\"><strong>Departament d\u2019Agricultura, Ramaderia, Pesca i Alimentaci\u00f3 (DARPA)<\/strong><\/a>\u00a0de la <strong>Generalitat de Catalunya.<\/strong> Des de fa m\u00e9s de 35 anys, ofereix ensenyaments de <strong>formaci\u00f3 professional reglada<\/strong> i, tamb\u00e9, de <strong>formaci\u00f3 continua<\/strong>, adre\u00e7ats al <strong>sector agropecuari.<\/strong><\/p>\n<p>El centre treballa fermament per millorar el <strong>relleu generacional<\/strong> del <strong>sector primari<\/strong> i focalitza la seva activitat cap als professionals del <strong>m\u00f3n agrari i ramader<\/strong> i cap a la <strong>nova pagesia.<\/strong> El centre ofereix el <a href=\"https:\/\/agora.xtec.cat\/eatarrega\/cicles-formatius\/cfgm-produccio-agropecuaria-a-distancia\/\"><strong>Cicle Formatiu de Grau Mitj\u00e0 de Producci\u00f3 Agropecu\u00e0ria a dist\u00e0ncia<\/strong><\/a>, el primer de tot Catalunya. Amb aquests estudis queden acreditats els cursos t\u00e8cnics i de gesti\u00f3 empresarial necessaris que han de cursar els joves que vulguin sol\u00b7licitar la incorporaci\u00f3 a l\u2019empresa agr\u00e0ria i l\u2019ajut de primera instal\u00b7laci\u00f3 del DARPA.<\/p>\n<p>Quant a la <a href=\"https:\/\/agora.xtec.cat\/eatarrega\/formacio-continua-i-transferencia\/\"><strong>formaci\u00f3 cont\u00ednua<\/strong><\/a>, ofereix jornades i cursos presencials i semipresencials, amb la finalitat de completar la formaci\u00f3 dels professionals del sector, i acompanya a joves que sol\u00b7liciten la <a href=\"https:\/\/agora.xtec.cat\/eatarrega\/iniciatives-i-altres-serveis\/formacio-incorporacio-empresa-agraria\/\"><strong>incorporaci\u00f3 a l\u2019empresa agr\u00e0ria<\/strong><\/a> i l\u2019ajut de primera instal\u00b7laci\u00f3. Tamb\u00e9 ofereix el programa <a href=\"https:\/\/agora.xtec.cat\/eatarrega\/cicles-formatius\/programa-nova-pagesia-cfgm-produccio-agropecuaria-semipresencial\/\"><strong>Nova pagesia<\/strong><\/a> adre\u00e7at als joves que sol\u00b7liciten la incorporaci\u00f3.<\/p>\n<p>L&#8217;escola tamb\u00e9 \u00e9s la seu de l&#8217;<a href=\"https:\/\/agora.xtec.cat\/eatarrega\/iniciatives-i-altres-serveis\/oficina-del-regant\/\"><strong>Oficina del Regant <\/strong><\/a>del DARPA, que ofereix formaci\u00f3 en reg i gestiona l&#8217;eina de recomanaci\u00f3 de reg allotjada al portal RuralCat.<\/p>\n<p>Des de l\u2019Escola tamb\u00e9 es coordina el <a href=\"https:\/\/agora.xtec.cat\/eatarrega\/campus-empresarial-agrari\/\" target=\"_blank\" rel=\"noopener\"><strong>Campus Empresarial Agrari<\/strong><\/a> estrat\u00e8gia de treball en xarxa entre les Escoles Agr\u00e0ries per a promoure la formaci\u00f3 en gesti\u00f3 empresarial al sector agr\u00edcola i ramader.<\/p>\n<p><img loading=\"lazy\" decoding=\"async\" class=\"alignnone wp-image-711 size-large\" src=\"https:\/\/agora.xtec.cat\/eatarrega\/wp-content\/uploads\/usu2155\/2022\/05\/904115_178741242279628_1827396940_o-1024x552.jpg\" alt=\"\" width=\"1024\" height=\"552\" srcset=\"https:\/\/agora.xtec.cat\/eatarrega\/wp-content\/uploads\/usu2155\/2022\/05\/904115_178741242279628_1827396940_o-1024x552.jpg 1024w, https:\/\/agora.xtec.cat\/eatarrega\/wp-content\/uploads\/usu2155\/2022\/05\/904115_178741242279628_1827396940_o-300x162.jpg 300w, https:\/\/agora.xtec.cat\/eatarrega\/wp-content\/uploads\/usu2155\/2022\/05\/904115_178741242279628_1827396940_o-768x414.jpg 768w, https:\/\/agora.xtec.cat\/eatarrega\/wp-content\/uploads\/usu2155\/2022\/05\/904115_178741242279628_1827396940_o-1536x827.jpg 1536w, https:\/\/agora.xtec.cat\/eatarrega\/wp-content\/uploads\/usu2155\/2022\/05\/904115_178741242279628_1827396940_o.jpg 2048w\" sizes=\"auto, (max-width: 1024px) 100vw, 1024px\" \/><\/p>\n<p>&nbsp;<\/p>\n","protected":false},"excerpt":{"rendered":"<p>L\u2019Escola Agr\u00e0ria de T\u00e0rrega es localitza a la capital de l\u2019Urgell, situada enmig d\u2019un entorn rural, tranquil i ben comunicat. \u00c9s un centre escolar p\u00fablic del Servei de Formaci\u00f3 Agr\u00e0ria del Departament d\u2019Agricultura, Ramaderia, Pesca i Alimentaci\u00f3 (DARPA)\u00a0de la Generalitat de Catalunya. Des de fa m\u00e9s de 35 anys, ofereix ensenyaments de formaci\u00f3 professional reglada [&hellip;]<\/p>\n","protected":false},"author":1,"featured_media":0,"parent":0,"menu_order":0,"comment_status":"closed","ping_status":"closed","template":"","meta":{"_bbp_topic_count":0,"_bbp_reply_count":0,"_bbp_total_topic_count":0,"_bbp_total_reply_count":0,"_bbp_voice_count":0,"_bbp_anonymous_reply_count":0,"_bbp_topic_count_hidden":0,"_bbp_reply_count_hidden":0,"_bbp_forum_subforum_count":0,"site-sidebar-layout":"default","site-content-layout":"","ast-site-content-layout":"default","site-content-style":"default","site-sidebar-style":"default","ast-global-header-display":"","ast-banner-title-visibility":"","ast-main-header-display":"","ast-hfb-above-header-display":"","ast-hfb-below-header-display":"","ast-hfb-mobile-header-display":"","site-post-title":"","ast-breadcrumbs-content":"","ast-featured-img":"","footer-sml-layout":"","theme-transparent-header-meta":"default","adv-header-id-meta":"","stick-header-meta":"","header-above-stick-meta":"","header-main-stick-meta":"","header-below-stick-meta":"","astra-migrate-meta-layouts":"set","ast-page-background-enabled":"default","ast-page-background-meta":{"desktop":{"background-color":"var(--ast-global-color-4)","background-image":"","background-repeat":"repeat","background-position":"center center","background-size":"auto","background-attachment":"scroll","background-type":"","background-media":"","overlay-type":"","overlay-color":"","overlay-opacity":"","overlay-gradient":""},"tablet":{"background-color":"","background-image":"","background-repeat":"repeat","background-position":"center center","background-size":"auto","background-attachment":"scroll","background-type":"","background-media":"","overlay-type":"","overlay-color":"","overlay-opacity":"","overlay-gradient":""},"mobile":{"background-color":"","background-image":"","background-repeat":"repeat","background-position":"center center","background-size":"auto","background-attachment":"scroll","background-type":"","background-media":"","overlay-type":"","overlay-color":"","overlay-opacity":"","overlay-gradient":""}},"ast-content-background-meta":{"desktop":{"background-color":"var(--ast-global-color-5)","background-image":"","background-repeat":"repeat","background-position":"center center","background-size":"auto","background-attachment":"scroll","background-type":"","background-media":"","overlay-type":"","overlay-color":"","overlay-opacity":"","overlay-gradient":""},"tablet":{"background-color":"var(--ast-global-color-5)","background-image":"","background-repeat":"repeat","background-position":"center center","background-size":"auto","background-attachment":"scroll","background-type":"","background-media":"","overlay-type":"","overlay-color":"","overlay-opacity":"","overlay-gradient":""},"mobile":{"background-color":"var(--ast-global-color-5)","background-image":"","background-repeat":"repeat","background-position":"center center","background-size":"auto","background-attachment":"scroll","background-type":"","background-media":"","overlay-type":"","overlay-color":"","overlay-opacity":"","overlay-gradient":""}},"footnotes":""},"class_list":["post-19","page","type-page","status-publish","hentry"],"post_mailing_queue_ids":[],"_links":{"self":[{"href":"https:\/\/agora.xtec.cat\/eatarrega\/wp-json\/wp\/v2\/pages\/19","targetHints":{"allow":["GET"]}}],"collection":[{"href":"https:\/\/agora.xtec.cat\/eatarrega\/wp-json\/wp\/v2\/pages"}],"about":[{"href":"https:\/\/agora.xtec.cat\/eatarrega\/wp-json\/wp\/v2\/types\/page"}],"author":[{"embeddable":true,"href":"https:\/\/agora.xtec.cat\/eatarrega\/wp-json\/wp\/v2\/users\/1"}],"replies":[{"embeddable":true,"href":"https:\/\/agora.xtec.cat\/eatarrega\/wp-json\/wp\/v2\/comments?post=19"}],"version-history":[{"count":7,"href":"https:\/\/agora.xtec.cat\/eatarrega\/wp-json\/wp\/v2\/pages\/19\/revisions"}],"predecessor-version":[{"id":1559,"href":"https:\/\/agora.xtec.cat\/eatarrega\/wp-json\/wp\/v2\/pages\/19\/revisions\/1559"}],"wp:attachment":[{"href":"https:\/\/agora.xtec.cat\/eatarrega\/wp-json\/wp\/v2\/media?parent=19"}],"curies":[{"name":"wp","href":"https:\/\/api.w.org\/{rel}","templated":true}]}}