{"id":1553,"date":"2026-02-06T13:29:09","date_gmt":"2026-02-06T12:29:09","guid":{"rendered":"https:\/\/agora.xtec.cat\/eatarrega\/?page_id=1553"},"modified":"2026-02-06T13:43:56","modified_gmt":"2026-02-06T12:43:56","slug":"campus-empresarial-agrari","status":"publish","type":"page","link":"https:\/\/agora.xtec.cat\/eatarrega\/campus-empresarial-agrari\/","title":{"rendered":"Campus Empresarial Agrari"},"content":{"rendered":"<p data-pm-slice=\"1 1 []\">Des de l\u2019Escola tamb\u00e9 es coordina el <a href=\"https:\/\/ruralcat.gencat.cat\/campus-empresarial\" target=\"_blank\" rel=\"noopener\"><strong>Campus Empresarial Agrari<\/strong><\/a> seguint l&#8217;estrat\u00e8gia de treball en xarxa entre les Escoles Agr\u00e0ries per a promoure la formaci\u00f3 en gesti\u00f3 empresarial al sector agr\u00edcola i ramader.<\/p>\n<p data-pm-slice=\"1 1 []\">A trav\u00e9s del Campus Empresarial Agrari, participem en la tutoritzaci\u00f3 de l\u2019oferta formativa en <strong>gesti\u00f3 empresarial<\/strong>, amb l\u2019objectiu de contribuir a la millora de les compet\u00e8ncies.<\/p>\n<p data-pm-slice=\"1 1 []\"><a href=\"https:\/\/ruralcat.gencat.cat\/campus-empresarial\" target=\"_blank\" rel=\"noopener\"><img loading=\"lazy\" decoding=\"async\" class=\"wp-image-1557 aligncenter\" src=\"https:\/\/agora.xtec.cat\/eatarrega\/wp-content\/uploads\/usu2155\/2026\/02\/EA-Tarrega-Twitter-41.png\" alt=\"\" width=\"1069\" height=\"601\" srcset=\"https:\/\/agora.xtec.cat\/eatarrega\/wp-content\/uploads\/usu2155\/2026\/02\/EA-Tarrega-Twitter-41.png 1600w, https:\/\/agora.xtec.cat\/eatarrega\/wp-content\/uploads\/usu2155\/2026\/02\/EA-Tarrega-Twitter-41-300x169.png 300w, https:\/\/agora.xtec.cat\/eatarrega\/wp-content\/uploads\/usu2155\/2026\/02\/EA-Tarrega-Twitter-41-1024x576.png 1024w, https:\/\/agora.xtec.cat\/eatarrega\/wp-content\/uploads\/usu2155\/2026\/02\/EA-Tarrega-Twitter-41-768x432.png 768w, https:\/\/agora.xtec.cat\/eatarrega\/wp-content\/uploads\/usu2155\/2026\/02\/EA-Tarrega-Twitter-41-1536x864.png 1536w\" sizes=\"auto, (max-width: 1069px) 100vw, 1069px\" \/><\/a><\/p>\n<p data-pm-slice=\"1 1 []\">\n","protected":false},"excerpt":{"rendered":"<p>Des de l\u2019Escola tamb\u00e9 es coordina el Campus Empresarial Agrari seguint l&#8217;estrat\u00e8gia de treball en xarxa entre les Escoles Agr\u00e0ries per a promoure la formaci\u00f3 en gesti\u00f3 empresarial al sector agr\u00edcola i ramader. A trav\u00e9s del Campus Empresarial Agrari, participem en la tutoritzaci\u00f3 de l\u2019oferta formativa en gesti\u00f3 empresarial, amb l\u2019objectiu de contribuir a la [&hellip;]<\/p>\n","protected":false},"author":4,"featured_media":0,"parent":0,"menu_order":0,"comment_status":"closed","ping_status":"closed","template":"","meta":{"_bbp_topic_count":0,"_bbp_reply_count":0,"_bbp_total_topic_count":0,"_bbp_total_reply_count":0,"_bbp_voice_count":0,"_bbp_anonymous_reply_count":0,"_bbp_topic_count_hidden":0,"_bbp_reply_count_hidden":0,"_bbp_forum_subforum_count":0,"site-sidebar-layout":"default","site-content-layout":"","ast-site-content-layout":"default","site-content-style":"default","site-sidebar-style":"default","ast-global-header-display":"","ast-banner-title-visibility":"","ast-main-header-display":"","ast-hfb-above-header-display":"","ast-hfb-below-header-display":"","ast-hfb-mobile-header-display":"","site-post-title":"","ast-breadcrumbs-content":"","ast-featured-img":"","footer-sml-layout":"","theme-transparent-header-meta":"default","adv-header-id-meta":"","stick-header-meta":"","header-above-stick-meta":"","header-main-stick-meta":"","header-below-stick-meta":"","astra-migrate-meta-layouts":"set","ast-page-background-enabled":"default","ast-page-background-meta":{"desktop":{"background-color":"var(--ast-global-color-4)","background-image":"","background-repeat":"repeat","background-position":"center center","background-size":"auto","background-attachment":"scroll","background-type":"","background-media":"","overlay-type":"","overlay-color":"","overlay-opacity":"","overlay-gradient":""},"tablet":{"background-color":"","background-image":"","background-repeat":"repeat","background-position":"center center","background-size":"auto","background-attachment":"scroll","background-type":"","background-media":"","overlay-type":"","overlay-color":"","overlay-opacity":"","overlay-gradient":""},"mobile":{"background-color":"","background-image":"","background-repeat":"repeat","background-position":"center center","background-size":"auto","background-attachment":"scroll","background-type":"","background-media":"","overlay-type":"","overlay-color":"","overlay-opacity":"","overlay-gradient":""}},"ast-content-background-meta":{"desktop":{"background-color":"var(--ast-global-color-5)","background-image":"","background-repeat":"repeat","background-position":"center center","background-size":"auto","background-attachment":"scroll","background-type":"","background-media":"","overlay-type":"","overlay-color":"","overlay-opacity":"","overlay-gradient":""},"tablet":{"background-color":"var(--ast-global-color-5)","background-image":"","background-repeat":"repeat","background-position":"center center","background-size":"auto","background-attachment":"scroll","background-type":"","background-media":"","overlay-type":"","overlay-color":"","overlay-opacity":"","overlay-gradient":""},"mobile":{"background-color":"var(--ast-global-color-5)","background-image":"","background-repeat":"repeat","background-position":"center center","background-size":"auto","background-attachment":"scroll","background-type":"","background-media":"","overlay-type":"","overlay-color":"","overlay-opacity":"","overlay-gradient":""}},"footnotes":""},"class_list":["post-1553","page","type-page","status-publish","hentry"],"post_mailing_queue_ids":[],"_links":{"self":[{"href":"https:\/\/agora.xtec.cat\/eatarrega\/wp-json\/wp\/v2\/pages\/1553","targetHints":{"allow":["GET"]}}],"collection":[{"href":"https:\/\/agora.xtec.cat\/eatarrega\/wp-json\/wp\/v2\/pages"}],"about":[{"href":"https:\/\/agora.xtec.cat\/eatarrega\/wp-json\/wp\/v2\/types\/page"}],"author":[{"embeddable":true,"href":"https:\/\/agora.xtec.cat\/eatarrega\/wp-json\/wp\/v2\/users\/4"}],"replies":[{"embeddable":true,"href":"https:\/\/agora.xtec.cat\/eatarrega\/wp-json\/wp\/v2\/comments?post=1553"}],"version-history":[{"count":3,"href":"https:\/\/agora.xtec.cat\/eatarrega\/wp-json\/wp\/v2\/pages\/1553\/revisions"}],"predecessor-version":[{"id":1558,"href":"https:\/\/agora.xtec.cat\/eatarrega\/wp-json\/wp\/v2\/pages\/1553\/revisions\/1558"}],"wp:attachment":[{"href":"https:\/\/agora.xtec.cat\/eatarrega\/wp-json\/wp\/v2\/media?parent=1553"}],"curies":[{"name":"wp","href":"https:\/\/api.w.org\/{rel}","templated":true}]}}