{"id":1292,"date":"2024-11-22T10:48:43","date_gmt":"2024-11-22T09:48:43","guid":{"rendered":"https:\/\/agora.xtec.cat\/eatarrega\/?page_id=1292"},"modified":"2024-11-22T10:54:01","modified_gmt":"2024-11-22T09:54:01","slug":"criteris-davaluacio-de-proveidors","status":"publish","type":"page","link":"https:\/\/agora.xtec.cat\/eatarrega\/criteris-davaluacio-de-proveidors\/","title":{"rendered":"Criteris d&#8217;avaluaci\u00f3 de prove\u00efdors"},"content":{"rendered":"<p>Tots els prove\u00efdors de l&#8217;<strong>Escola Agr\u00e0ria de T\u00e0rrega<\/strong> s\u00f3n avaluats seguint els seg\u00fcents criteris:<\/p>\n<p>1. Professionalitat, serietat i formalitat per part del prove\u00efdor<\/p>\n<p>2. Cost dels productes en el moment del subministrament<\/p>\n<p>3. Solv\u00e8ncia econ\u00f2mica per assumir pagament diferit fins a sis mesos<\/p>\n<p>4. Disposa dels coneixements adients<\/p>\n<p>5. Proximitat a l&#8217;Escola<\/p>\n<p>6. L&#8217;activitat \/servei \u00e9s respectu\u00f3s sobre el medi ambient<\/p>\n<p>L&#8217;Escola avalua aquests aspectes relacionats amb la <strong>Qualitat<\/strong> (punts 1 al 4) i el <strong>Medi Ambient<\/strong> (5 i 6) respecte als productes proporcionats i\/o els serveis encomanats; aix\u00ed com la seva contribuci\u00f3 aplicada a:<\/p>\n<ul>\n<li>Complir amb els requisits ambientals generals<\/li>\n<li>Garantir la correcta gesti\u00f3 i control dels residus<\/li>\n<li>Seguir les indicacions i la cartellera i senyals del centre<\/li>\n<li>Aplicar les mesures preventives necess\u00e0ries durant la realitzaci\u00f3 del treball encomanat<\/li>\n<li>Mantenir informats al seu personal<\/li>\n<\/ul>\n<p>D&#8217;acord amb aquests aspectes es realitza l&#8217;avaluaci\u00f3 espec\u00edfica de cada prove\u00efdor per a considerar-lo apte o no per a les tasques encomanades.<\/p>\n<p>En cas de dubte poseu-vos en contacte amb nosaltres.<\/p>\n<p><strong>Gr\u00e0cies per la vostra col\u00b7laboraci\u00f3 i participaci\u00f3 en la qualitat i la protecci\u00f3 del medi ambient.<\/strong><\/p>\n","protected":false},"excerpt":{"rendered":"<p>Tots els prove\u00efdors de l&#8217;Escola Agr\u00e0ria de T\u00e0rrega s\u00f3n avaluats seguint els seg\u00fcents criteris: 1. Professionalitat, serietat i formalitat per part del prove\u00efdor 2. Cost dels productes en el moment del subministrament 3. Solv\u00e8ncia econ\u00f2mica per assumir pagament diferit fins a sis mesos 4. Disposa dels coneixements adients 5. Proximitat a l&#8217;Escola 6. L&#8217;activitat \/servei [&hellip;]<\/p>\n","protected":false},"author":4,"featured_media":0,"parent":0,"menu_order":0,"comment_status":"closed","ping_status":"closed","template":"","meta":{"_bbp_topic_count":0,"_bbp_reply_count":0,"_bbp_total_topic_count":0,"_bbp_total_reply_count":0,"_bbp_voice_count":0,"_bbp_anonymous_reply_count":0,"_bbp_topic_count_hidden":0,"_bbp_reply_count_hidden":0,"_bbp_forum_subforum_count":0,"site-sidebar-layout":"default","site-content-layout":"","ast-site-content-layout":"","site-content-style":"default","site-sidebar-style":"default","ast-global-header-display":"","ast-banner-title-visibility":"","ast-main-header-display":"","ast-hfb-above-header-display":"","ast-hfb-below-header-display":"","ast-hfb-mobile-header-display":"","site-post-title":"","ast-breadcrumbs-content":"","ast-featured-img":"","footer-sml-layout":"","theme-transparent-header-meta":"","adv-header-id-meta":"","stick-header-meta":"","header-above-stick-meta":"","header-main-stick-meta":"","header-below-stick-meta":"","astra-migrate-meta-layouts":"default","ast-page-background-enabled":"default","ast-page-background-meta":{"desktop":{"background-color":"var(--ast-global-color-4)","background-image":"","background-repeat":"repeat","background-position":"center center","background-size":"auto","background-attachment":"scroll","background-type":"","background-media":"","overlay-type":"","overlay-color":"","overlay-opacity":"","overlay-gradient":""},"tablet":{"background-color":"","background-image":"","background-repeat":"repeat","background-position":"center center","background-size":"auto","background-attachment":"scroll","background-type":"","background-media":"","overlay-type":"","overlay-color":"","overlay-opacity":"","overlay-gradient":""},"mobile":{"background-color":"","background-image":"","background-repeat":"repeat","background-position":"center center","background-size":"auto","background-attachment":"scroll","background-type":"","background-media":"","overlay-type":"","overlay-color":"","overlay-opacity":"","overlay-gradient":""}},"ast-content-background-meta":{"desktop":{"background-color":"var(--ast-global-color-5)","background-image":"","background-repeat":"repeat","background-position":"center center","background-size":"auto","background-attachment":"scroll","background-type":"","background-media":"","overlay-type":"","overlay-color":"","overlay-opacity":"","overlay-gradient":""},"tablet":{"background-color":"var(--ast-global-color-5)","background-image":"","background-repeat":"repeat","background-position":"center center","background-size":"auto","background-attachment":"scroll","background-type":"","background-media":"","overlay-type":"","overlay-color":"","overlay-opacity":"","overlay-gradient":""},"mobile":{"background-color":"var(--ast-global-color-5)","background-image":"","background-repeat":"repeat","background-position":"center center","background-size":"auto","background-attachment":"scroll","background-type":"","background-media":"","overlay-type":"","overlay-color":"","overlay-opacity":"","overlay-gradient":""}},"footnotes":""},"class_list":["post-1292","page","type-page","status-publish","hentry"],"post_mailing_queue_ids":[],"_links":{"self":[{"href":"https:\/\/agora.xtec.cat\/eatarrega\/wp-json\/wp\/v2\/pages\/1292","targetHints":{"allow":["GET"]}}],"collection":[{"href":"https:\/\/agora.xtec.cat\/eatarrega\/wp-json\/wp\/v2\/pages"}],"about":[{"href":"https:\/\/agora.xtec.cat\/eatarrega\/wp-json\/wp\/v2\/types\/page"}],"author":[{"embeddable":true,"href":"https:\/\/agora.xtec.cat\/eatarrega\/wp-json\/wp\/v2\/users\/4"}],"replies":[{"embeddable":true,"href":"https:\/\/agora.xtec.cat\/eatarrega\/wp-json\/wp\/v2\/comments?post=1292"}],"version-history":[{"count":2,"href":"https:\/\/agora.xtec.cat\/eatarrega\/wp-json\/wp\/v2\/pages\/1292\/revisions"}],"predecessor-version":[{"id":1296,"href":"https:\/\/agora.xtec.cat\/eatarrega\/wp-json\/wp\/v2\/pages\/1292\/revisions\/1296"}],"wp:attachment":[{"href":"https:\/\/agora.xtec.cat\/eatarrega\/wp-json\/wp\/v2\/media?parent=1292"}],"curies":[{"name":"wp","href":"https:\/\/api.w.org\/{rel}","templated":true}]}}