{"id":1264,"date":"2024-10-08T12:28:42","date_gmt":"2024-10-08T10:28:42","guid":{"rendered":"https:\/\/agora.xtec.cat\/eatarrega\/?page_id=1264"},"modified":"2025-12-15T13:57:39","modified_gmt":"2025-12-15T12:57:39","slug":"bustia-de-queixes-i-suggeriments","status":"publish","type":"page","link":"https:\/\/agora.xtec.cat\/eatarrega\/bustia-de-queixes-i-suggeriments\/","title":{"rendered":"B\u00fastia de queixes i suggeriments"},"content":{"rendered":"<p>A l&#8217;<strong>Escola Agr\u00e0ria de T\u00e0rrega<\/strong> ens interessa la vostra opini\u00f3, \u00e9s per aix\u00f2, que posem a la vostra disposici\u00f3 una b\u00fastia on podeu aportar les vostres queixes o suggeriments per tal de poder millorar amb les vostres aportacions.<\/p>\n<table style=\"border-collapse: collapse; width: 100%;\">\n<tbody>\n<tr>\n<td style=\"width: 100%; text-align: center;\"><strong>La vostra opini\u00f3 ens ajuda\u00a0a millorar!<\/strong><\/p>\n<p>Omple el seg\u00fcent formulari i fes-lo arribar al nostre correu electr\u00f2nic: ea_tarrega.agricultura@gencat.cat<\/p>\n<p><a href=\"https:\/\/agora.xtec.cat\/eatarrega\/wp-content\/uploads\/usu2155\/2024\/10\/Formulari_Queixes-i-suggertiments.docx\" target=\"_blank\" rel=\"noopener\"><img loading=\"lazy\" decoding=\"async\" class=\"alignnone wp-image-1265\" src=\"https:\/\/agora.xtec.cat\/eatarrega\/wp-content\/uploads\/usu2155\/2024\/10\/online-survey-1-300x300.png\" alt=\"\" width=\"161\" height=\"161\" srcset=\"https:\/\/agora.xtec.cat\/eatarrega\/wp-content\/uploads\/usu2155\/2024\/10\/online-survey-1-300x300.png 300w, https:\/\/agora.xtec.cat\/eatarrega\/wp-content\/uploads\/usu2155\/2024\/10\/online-survey-1-150x150.png 150w, https:\/\/agora.xtec.cat\/eatarrega\/wp-content\/uploads\/usu2155\/2024\/10\/online-survey-1.png 512w\" sizes=\"auto, (max-width: 161px) 100vw, 161px\" \/><\/a><\/td>\n<\/tr>\n<\/tbody>\n<\/table>\n<p style=\"text-align: center;\"><strong>Per a m\u00e9s informaci\u00f3:<\/strong><br \/>\n\ud83d\udcdeTel\u00e8fon: 973 31 07 15<br \/>\n\u2709\ufe0fCorreu electr\u00f2nic: ea_tarrega.agricultura@gencat.cat<\/p>\n<p>&nbsp;<\/p>\n","protected":false},"excerpt":{"rendered":"<p>A l&#8217;Escola Agr\u00e0ria de T\u00e0rrega ens interessa la vostra opini\u00f3, \u00e9s per aix\u00f2, que posem a la vostra disposici\u00f3 una b\u00fastia on podeu aportar les vostres queixes o suggeriments per tal de poder millorar amb les vostres aportacions. La vostra opini\u00f3 ens ajuda\u00a0a millorar! Omple el seg\u00fcent formulari i fes-lo arribar al nostre correu electr\u00f2nic: [&hellip;]<\/p>\n","protected":false},"author":4,"featured_media":0,"parent":0,"menu_order":0,"comment_status":"closed","ping_status":"closed","template":"","meta":{"_bbp_topic_count":0,"_bbp_reply_count":0,"_bbp_total_topic_count":0,"_bbp_total_reply_count":0,"_bbp_voice_count":0,"_bbp_anonymous_reply_count":0,"_bbp_topic_count_hidden":0,"_bbp_reply_count_hidden":0,"_bbp_forum_subforum_count":0,"site-sidebar-layout":"default","site-content-layout":"","ast-site-content-layout":"","site-content-style":"default","site-sidebar-style":"default","ast-global-header-display":"","ast-banner-title-visibility":"","ast-main-header-display":"","ast-hfb-above-header-display":"","ast-hfb-below-header-display":"","ast-hfb-mobile-header-display":"","site-post-title":"","ast-breadcrumbs-content":"","ast-featured-img":"","footer-sml-layout":"","theme-transparent-header-meta":"","adv-header-id-meta":"","stick-header-meta":"","header-above-stick-meta":"","header-main-stick-meta":"","header-below-stick-meta":"","astra-migrate-meta-layouts":"default","ast-page-background-enabled":"default","ast-page-background-meta":{"desktop":{"background-color":"var(--ast-global-color-4)","background-image":"","background-repeat":"repeat","background-position":"center center","background-size":"auto","background-attachment":"scroll","background-type":"","background-media":"","overlay-type":"","overlay-color":"","overlay-opacity":"","overlay-gradient":""},"tablet":{"background-color":"","background-image":"","background-repeat":"repeat","background-position":"center center","background-size":"auto","background-attachment":"scroll","background-type":"","background-media":"","overlay-type":"","overlay-color":"","overlay-opacity":"","overlay-gradient":""},"mobile":{"background-color":"","background-image":"","background-repeat":"repeat","background-position":"center center","background-size":"auto","background-attachment":"scroll","background-type":"","background-media":"","overlay-type":"","overlay-color":"","overlay-opacity":"","overlay-gradient":""}},"ast-content-background-meta":{"desktop":{"background-color":"var(--ast-global-color-5)","background-image":"","background-repeat":"repeat","background-position":"center center","background-size":"auto","background-attachment":"scroll","background-type":"","background-media":"","overlay-type":"","overlay-color":"","overlay-opacity":"","overlay-gradient":""},"tablet":{"background-color":"var(--ast-global-color-5)","background-image":"","background-repeat":"repeat","background-position":"center center","background-size":"auto","background-attachment":"scroll","background-type":"","background-media":"","overlay-type":"","overlay-color":"","overlay-opacity":"","overlay-gradient":""},"mobile":{"background-color":"var(--ast-global-color-5)","background-image":"","background-repeat":"repeat","background-position":"center center","background-size":"auto","background-attachment":"scroll","background-type":"","background-media":"","overlay-type":"","overlay-color":"","overlay-opacity":"","overlay-gradient":""}},"footnotes":""},"class_list":["post-1264","page","type-page","status-publish","hentry"],"post_mailing_queue_ids":[],"_links":{"self":[{"href":"https:\/\/agora.xtec.cat\/eatarrega\/wp-json\/wp\/v2\/pages\/1264","targetHints":{"allow":["GET"]}}],"collection":[{"href":"https:\/\/agora.xtec.cat\/eatarrega\/wp-json\/wp\/v2\/pages"}],"about":[{"href":"https:\/\/agora.xtec.cat\/eatarrega\/wp-json\/wp\/v2\/types\/page"}],"author":[{"embeddable":true,"href":"https:\/\/agora.xtec.cat\/eatarrega\/wp-json\/wp\/v2\/users\/4"}],"replies":[{"embeddable":true,"href":"https:\/\/agora.xtec.cat\/eatarrega\/wp-json\/wp\/v2\/comments?post=1264"}],"version-history":[{"count":2,"href":"https:\/\/agora.xtec.cat\/eatarrega\/wp-json\/wp\/v2\/pages\/1264\/revisions"}],"predecessor-version":[{"id":1464,"href":"https:\/\/agora.xtec.cat\/eatarrega\/wp-json\/wp\/v2\/pages\/1264\/revisions\/1464"}],"wp:attachment":[{"href":"https:\/\/agora.xtec.cat\/eatarrega\/wp-json\/wp\/v2\/media?parent=1264"}],"curies":[{"name":"wp","href":"https:\/\/api.w.org\/{rel}","templated":true}]}}