{"id":1085,"date":"2023-02-14T10:11:14","date_gmt":"2023-02-14T09:11:14","guid":{"rendered":"https:\/\/agora.xtec.cat\/eatarrega\/?page_id=1085"},"modified":"2023-02-14T10:13:07","modified_gmt":"2023-02-14T09:13:07","slug":"projecte-linguistic-de-centre","status":"publish","type":"page","link":"https:\/\/agora.xtec.cat\/eatarrega\/lescola\/projecte-linguistic-de-centre\/","title":{"rendered":"Projecte ling\u00fc\u00edstic de centre"},"content":{"rendered":"<p>El <strong>Projecte Ling\u00fc\u00edstic<\/strong> de l&#8217;<strong>Escola Agr\u00e0ria de T\u00e0rrega<\/strong>, com a projecte pluriling\u00fce i intercultural de centre, s&#8217;estructura en els \u00e0mbits pedag\u00f2gics seg\u00fcents, d&#8217;acord amb la doc\u00e8ncia\u00a0postobligat\u00f2ria\u00a0impartida al centre:<\/p>\n<p>1. El <strong>tractament de la<\/strong> <strong>llengua catalana<\/strong> com a llengua vehicular i d&#8217;aprenentatge<br \/>\n2. Les diferents <strong>opcions en refer\u00e8ncia a les<\/strong> <strong>lleng\u00fces estrangeres<\/strong>, com a lleng\u00fces curriculars i d&#8217;itinerari vital, especialment centrat en la llengua anglesa<br \/>\n3. Els criteris generals per a les <strong>adequacions del proc\u00e9s d&#8217;ensenyament de les lleng\u00fces a la realitat socioling\u00fc\u00edstica de l&#8217;escola<\/strong> globalment i individual, d&#8217;acord amb la realitat socioecon\u00f2mica i de mobilitat professional, sociocultural, socioling\u00fc\u00edstica i curricular, i el projecte social pluriling\u00fce i multicultural de la Uni\u00f3\u00a0<span class=\"hiddenGrammarError\" style=\"padding-bottom: 2px; background-image: url('..\/..\/..\/..\/..\/images\/squiggle.png'); background-repeat: repeat-x; background-position: left bottom; cursor: default; color: #000000; font-family: 'Open Sans', Helvetica, Arial, sans-serif; font-size: 16px; font-style: normal; font-variant-ligatures: normal; font-variant-caps: normal; font-weight: 300; letter-spacing: normal; orphans: 2; text-align: start; text-indent: 0px; text-transform: none; white-space: normal; widows: 2; word-spacing: 0px; -webkit-text-stroke-width: 0px; text-decoration-thickness: initial; text-decoration-style: initial; text-decoration-color: initial;\">Europea<\/span><\/p>\n<p><a href=\"https:\/\/agora.xtec.cat\/eatarrega\/wp-content\/uploads\/usu2155\/2023\/02\/PROJECTE_LINGUISTIC_DEL_CENTRE_2022_2023.pdf\" target=\"_blank\" rel=\"noopener\"><img loading=\"lazy\" decoding=\"async\" class=\"aligncenter wp-image-1086 size-full\" src=\"https:\/\/agora.xtec.cat\/eatarrega\/wp-content\/uploads\/usu2155\/2023\/02\/EA-TARREGA-Banners-web-xtec_DEF-1.png\" alt=\"\" width=\"1024\" height=\"300\" srcset=\"https:\/\/agora.xtec.cat\/eatarrega\/wp-content\/uploads\/usu2155\/2023\/02\/EA-TARREGA-Banners-web-xtec_DEF-1.png 1024w, https:\/\/agora.xtec.cat\/eatarrega\/wp-content\/uploads\/usu2155\/2023\/02\/EA-TARREGA-Banners-web-xtec_DEF-1-300x88.png 300w, https:\/\/agora.xtec.cat\/eatarrega\/wp-content\/uploads\/usu2155\/2023\/02\/EA-TARREGA-Banners-web-xtec_DEF-1-768x225.png 768w\" sizes=\"auto, (max-width: 1024px) 100vw, 1024px\" \/><\/a><\/p>\n<p>&nbsp;<\/p>\n","protected":false},"excerpt":{"rendered":"<p>El Projecte Ling\u00fc\u00edstic de l&#8217;Escola Agr\u00e0ria de T\u00e0rrega, com a projecte pluriling\u00fce i intercultural de centre, s&#8217;estructura en els \u00e0mbits pedag\u00f2gics seg\u00fcents, d&#8217;acord amb la doc\u00e8ncia\u00a0postobligat\u00f2ria\u00a0impartida al centre: 1. El tractament de la llengua catalana com a llengua vehicular i d&#8217;aprenentatge 2. Les diferents opcions en refer\u00e8ncia a les lleng\u00fces estrangeres, com a lleng\u00fces curriculars [&hellip;]<\/p>\n","protected":false},"author":4,"featured_media":0,"parent":19,"menu_order":0,"comment_status":"closed","ping_status":"closed","template":"page-templates\/side-menu.php","meta":{"_bbp_topic_count":0,"_bbp_reply_count":0,"_bbp_total_topic_count":0,"_bbp_total_reply_count":0,"_bbp_voice_count":0,"_bbp_anonymous_reply_count":0,"_bbp_topic_count_hidden":0,"_bbp_reply_count_hidden":0,"_bbp_forum_subforum_count":0,"site-sidebar-layout":"default","site-content-layout":"","ast-site-content-layout":"","site-content-style":"default","site-sidebar-style":"default","ast-global-header-display":"","ast-banner-title-visibility":"","ast-main-header-display":"","ast-hfb-above-header-display":"","ast-hfb-below-header-display":"","ast-hfb-mobile-header-display":"","site-post-title":"","ast-breadcrumbs-content":"","ast-featured-img":"","footer-sml-layout":"","theme-transparent-header-meta":"","adv-header-id-meta":"","stick-header-meta":"","header-above-stick-meta":"","header-main-stick-meta":"","header-below-stick-meta":"","astra-migrate-meta-layouts":"default","ast-page-background-enabled":"default","ast-page-background-meta":{"desktop":{"background-color":"var(--ast-global-color-4)","background-image":"","background-repeat":"repeat","background-position":"center center","background-size":"auto","background-attachment":"scroll","background-type":"","background-media":"","overlay-type":"","overlay-color":"","overlay-opacity":"","overlay-gradient":""},"tablet":{"background-color":"","background-image":"","background-repeat":"repeat","background-position":"center center","background-size":"auto","background-attachment":"scroll","background-type":"","background-media":"","overlay-type":"","overlay-color":"","overlay-opacity":"","overlay-gradient":""},"mobile":{"background-color":"","background-image":"","background-repeat":"repeat","background-position":"center center","background-size":"auto","background-attachment":"scroll","background-type":"","background-media":"","overlay-type":"","overlay-color":"","overlay-opacity":"","overlay-gradient":""}},"ast-content-background-meta":{"desktop":{"background-color":"var(--ast-global-color-5)","background-image":"","background-repeat":"repeat","background-position":"center center","background-size":"auto","background-attachment":"scroll","background-type":"","background-media":"","overlay-type":"","overlay-color":"","overlay-opacity":"","overlay-gradient":""},"tablet":{"background-color":"var(--ast-global-color-5)","background-image":"","background-repeat":"repeat","background-position":"center center","background-size":"auto","background-attachment":"scroll","background-type":"","background-media":"","overlay-type":"","overlay-color":"","overlay-opacity":"","overlay-gradient":""},"mobile":{"background-color":"var(--ast-global-color-5)","background-image":"","background-repeat":"repeat","background-position":"center center","background-size":"auto","background-attachment":"scroll","background-type":"","background-media":"","overlay-type":"","overlay-color":"","overlay-opacity":"","overlay-gradient":""}},"footnotes":""},"class_list":["post-1085","page","type-page","status-publish","hentry"],"post_mailing_queue_ids":[],"_links":{"self":[{"href":"https:\/\/agora.xtec.cat\/eatarrega\/wp-json\/wp\/v2\/pages\/1085","targetHints":{"allow":["GET"]}}],"collection":[{"href":"https:\/\/agora.xtec.cat\/eatarrega\/wp-json\/wp\/v2\/pages"}],"about":[{"href":"https:\/\/agora.xtec.cat\/eatarrega\/wp-json\/wp\/v2\/types\/page"}],"author":[{"embeddable":true,"href":"https:\/\/agora.xtec.cat\/eatarrega\/wp-json\/wp\/v2\/users\/4"}],"replies":[{"embeddable":true,"href":"https:\/\/agora.xtec.cat\/eatarrega\/wp-json\/wp\/v2\/comments?post=1085"}],"version-history":[{"count":2,"href":"https:\/\/agora.xtec.cat\/eatarrega\/wp-json\/wp\/v2\/pages\/1085\/revisions"}],"predecessor-version":[{"id":1089,"href":"https:\/\/agora.xtec.cat\/eatarrega\/wp-json\/wp\/v2\/pages\/1085\/revisions\/1089"}],"up":[{"embeddable":true,"href":"https:\/\/agora.xtec.cat\/eatarrega\/wp-json\/wp\/v2\/pages\/19"}],"wp:attachment":[{"href":"https:\/\/agora.xtec.cat\/eatarrega\/wp-json\/wp\/v2\/media?parent=1085"}],"curies":[{"name":"wp","href":"https:\/\/api.w.org\/{rel}","templated":true}]}}